{"id":100283,"date":"2024-07-23T19:41:46","date_gmt":"2024-07-23T17:41:46","guid":{"rendered":"https:\/\/www.linseis.com\/variabili-misurate\/modulo-di-elasticita\/"},"modified":"2026-01-13T09:17:25","modified_gmt":"2026-01-13T08:17:25","slug":"modulo-di-elasticita","status":"publish","type":"page","link":"https:\/\/www.linseis.com\/it\/variabili-misurate\/modulo-di-elasticita\/","title":{"rendered":"Modulo di elasticit\u00e0"},"content":{"rendered":"\t\t<div data-elementor-type=\"wp-post\" data-elementor-id=\"100283\" class=\"elementor elementor-100283 elementor-18718\" data-elementor-post-type=\"page\">\n\t\t\t\t<div class=\"elementor-element elementor-element-a3549cf e-flex e-con-boxed e-con e-parent\" data-id=\"a3549cf\" data-element_type=\"container\" data-e-type=\"container\" data-settings=\"{&quot;background_background&quot;:&quot;classic&quot;}\">\n\t\t\t\t\t<div class=\"e-con-inner\">\n\t\t\t\t<div class=\"elementor-element elementor-element-ac41c94 elementor-widget elementor-widget-image\" data-id=\"ac41c94\" data-element_type=\"widget\" data-e-type=\"widget\" data-widget_type=\"image.default\">\n\t\t\t\t<div class=\"elementor-widget-container\">\n\t\t\t\t\t\t\t\t\t\t\t\t\t\t\t<img decoding=\"async\" src=\"https:\/\/www.linseis.com\/wp-content\/uploads\/\/linseis_scale-top-1.svg\" title=\"\" alt=\"\" loading=\"lazy\" \/>\t\t\t\t\t\t\t\t\t\t\t\t\t\t\t<\/div>\n\t\t\t\t<\/div>\n\t\t<div class=\"elementor-element elementor-element-a7b7feb e-con-full e-flex e-con e-child\" data-id=\"a7b7feb\" data-element_type=\"container\" data-e-type=\"container\">\n\t\t<div class=\"elementor-element elementor-element-6100945 e-con-full e-flex e-con e-child\" data-id=\"6100945\" data-element_type=\"container\" data-e-type=\"container\">\n\t\t\t\t<div class=\"elementor-element elementor-element-cc1182c elementor-invisible elementor-widget elementor-widget-heading\" data-id=\"cc1182c\" data-element_type=\"widget\" data-e-type=\"widget\" data-settings=\"{&quot;_animation&quot;:&quot;fadeInUp&quot;,&quot;_animation_delay&quot;:250}\" data-widget_type=\"heading.default\">\n\t\t\t\t<div class=\"elementor-widget-container\">\n\t\t\t\t\t<h1 class=\"elementor-heading-title elementor-size-default\"><b>\nModulo di elasticit\u00e0\n<\/b><\/h1>\t\t\t\t<\/div>\n\t\t\t\t<\/div>\n\t\t\t\t<\/div>\n\t\t<div class=\"elementor-element elementor-element-6d91a43 e-con-full e-flex e-con e-child\" data-id=\"6d91a43\" data-element_type=\"container\" data-e-type=\"container\">\n\t\t\t\t<div class=\"elementor-element elementor-element-d7d34fa elementor-widget__width-initial elementor-invisible elementor-widget elementor-widget-image\" data-id=\"d7d34fa\" data-element_type=\"widget\" data-e-type=\"widget\" data-settings=\"{&quot;_animation&quot;:&quot;fadeInUp&quot;}\" data-widget_type=\"image.default\">\n\t\t\t\t<div class=\"elementor-widget-container\">\n\t\t\t\t\t\t\t\t\t\t\t\t\t\t\t<img fetchpriority=\"high\" decoding=\"async\" width=\"800\" height=\"800\" src=\"https:\/\/www.linseis.com\/wp-content\/uploads\/2024\/07\/Linseis-Icons_Linien-weiss_Elastizitaetsmodul-1024x1024.png\" class=\"attachment-large size-large wp-image-35452\" alt=\"\" srcset=\"https:\/\/www.linseis.com\/wp-content\/uploads\/2024\/07\/Linseis-Icons_Linien-weiss_Elastizitaetsmodul-1024x1024.png 1024w, https:\/\/www.linseis.com\/wp-content\/uploads\/2024\/07\/Linseis-Icons_Linien-weiss_Elastizitaetsmodul-300x300.png 300w, https:\/\/www.linseis.com\/wp-content\/uploads\/2024\/07\/Linseis-Icons_Linien-weiss_Elastizitaetsmodul-150x150.png 150w, https:\/\/www.linseis.com\/wp-content\/uploads\/2024\/07\/Linseis-Icons_Linien-weiss_Elastizitaetsmodul-768x768.png 768w, https:\/\/www.linseis.com\/wp-content\/uploads\/2024\/07\/Linseis-Icons_Linien-weiss_Elastizitaetsmodul-1536x1536.png 1536w, https:\/\/www.linseis.com\/wp-content\/uploads\/2024\/07\/Linseis-Icons_Linien-weiss_Elastizitaetsmodul-2048x2048.png 2048w\" sizes=\"(max-width: 800px) 100vw, 800px\" \/>\t\t\t\t\t\t\t\t\t\t\t\t\t\t\t<\/div>\n\t\t\t\t<\/div>\n\t\t\t\t<\/div>\n\t\t\t\t<\/div>\n\t\t\t\t<div class=\"elementor-element elementor-element-b4a6800 elementor-widget elementor-widget-image\" data-id=\"b4a6800\" data-element_type=\"widget\" data-e-type=\"widget\" data-widget_type=\"image.default\">\n\t\t\t\t<div class=\"elementor-widget-container\">\n\t\t\t\t\t\t\t\t\t\t\t\t\t\t\t<img decoding=\"async\" src=\"https:\/\/www.linseis.com\/wp-content\/uploads\/\/linseis_scale-bottom-1.svg\" title=\"\" alt=\"\" loading=\"lazy\" \/>\t\t\t\t\t\t\t\t\t\t\t\t\t\t\t<\/div>\n\t\t\t\t<\/div>\n\t\t\t\t\t<\/div>\n\t\t\t\t<\/div>\n\t\t<div class=\"elementor-element elementor-element-7c8d6cc e-flex e-con-boxed e-con e-parent\" data-id=\"7c8d6cc\" data-element_type=\"container\" data-e-type=\"container\" data-settings=\"{&quot;background_background&quot;:&quot;classic&quot;}\">\n\t\t\t\t\t<div class=\"e-con-inner\">\n\t\t\t\t\t<\/div>\n\t\t\t\t<\/div>\n\t\t<div class=\"elementor-element elementor-element-d7b7522 e-flex e-con-boxed e-con e-parent\" data-id=\"d7b7522\" data-element_type=\"container\" data-e-type=\"container\" data-settings=\"{&quot;background_background&quot;:&quot;classic&quot;}\">\n\t\t\t\t\t<div class=\"e-con-inner\">\n\t\t<div class=\"elementor-element elementor-element-449b6fd e-con-full e-flex e-con e-child\" data-id=\"449b6fd\" data-element_type=\"container\" data-e-type=\"container\">\n\t\t\t\t<div class=\"elementor-element elementor-element-031217d elementor-invisible elementor-widget elementor-widget-wp-widget-bcn_widget\" data-id=\"031217d\" data-element_type=\"widget\" data-e-type=\"widget\" data-settings=\"{&quot;_animation&quot;:&quot;fadeInUp&quot;}\" data-widget_type=\"wp-widget-bcn_widget.default\">\n\t\t\t\t<div class=\"elementor-widget-container\">\n\t\t\t\t\t<div class=\"breadcrumbs\" vocab=\"https:\/\/schema.org\/\" typeof=\"BreadcrumbList\"><span property=\"itemListElement\" typeof=\"ListItem\"><a property=\"item\" typeof=\"WebPage\" title=\"Vai a Linseis.\" href=\"https:\/\/www.linseis.com\/it\/\" class=\"home\" aria-current=\"page\"><span property=\"name\">Linseis<\/span><\/a><meta property=\"position\" content=\"1\"><\/span><\/div>\t\t\t\t<\/div>\n\t\t\t\t<\/div>\n\t\t\t\t<\/div>\n\t\t\t\t\t<\/div>\n\t\t\t\t<\/div>\n\t\t<div class=\"elementor-element elementor-element-ed98f58 e-flex e-con-boxed e-con e-parent\" data-id=\"ed98f58\" data-element_type=\"container\" data-e-type=\"container\" data-settings=\"{&quot;background_background&quot;:&quot;classic&quot;}\">\n\t\t\t\t\t<div class=\"e-con-inner\">\n\t\t<div class=\"elementor-element elementor-element-bbc47b3 e-con-full e-flex e-con e-child\" data-id=\"bbc47b3\" data-element_type=\"container\" data-e-type=\"container\">\n\t\t\t\t<div class=\"elementor-element elementor-element-71a1ec4 elementor-invisible elementor-widget elementor-widget-text-editor\" data-id=\"71a1ec4\" data-element_type=\"widget\" data-e-type=\"widget\" data-settings=\"{&quot;_animation&quot;:&quot;fadeInUp&quot;,&quot;_animation_delay&quot;:500}\" data-widget_type=\"text-editor.default\">\n\t\t\t\t<div class=\"elementor-widget-container\">\n\t\t\t\t\t\t\t\t\t<h2>Il modulo di elasticit\u00e0 &#8211; un parametro dell&#8217;analisi termomeccanica<\/h2><p>Al centro della scienza dei materiali, della chimica e della fisica c&#8217;\u00e8 la comprensione delle propriet\u00e0 dei materiali, di cui il modulo di elasticit\u00e0 \u00e8 una delle principali. Per gli scienziati \u00e8 fondamentale comprendere questo parametro per interpretare il comportamento dei materiali sotto carico.<\/p>\t\t\t\t\t\t\t\t<\/div>\n\t\t\t\t<\/div>\n\t\t\t\t<div class=\"elementor-element elementor-element-32d9053 elementor-widget elementor-widget-text-editor\" data-id=\"32d9053\" data-element_type=\"widget\" data-e-type=\"widget\" data-widget_type=\"text-editor.default\">\n\t\t\t\t<div class=\"elementor-widget-container\">\n\t\t\t\t\t\t\t\t\t<h3>Che cos&#8217;\u00e8 il modulo di elasticit\u00e0?<\/h3><p>Il modulo di elasticit\u00e0 \u00e8 un parametro che descrive la rigidit\u00e0 di un materiale. Indica come un materiale reagisce a una forza di trazione esterna con una <a href=\"https:\/\/www.linseis.com\/it\/variabili-misurate\/coefficiente-di-espansione-lineare\/\" data-auto-event-observed=\"true\"><strong>variazione di lunghezza<\/strong><\/a>.<\/p><p><strong>Legge di Hooke: la legge di Hooke afferma che l&#8217;allungamento di un materiale \u00e8 proporzionale alla sollecitazione applicata, purch\u00e9 non venga superato il limite di elasticit\u00e0.<\/strong><\/p><h3>Misurazione della tensione di trazione<\/h3><p>Nella scienza e nella pratica ingegneristica, la tensione di trazione \u00e8 un parametro critico che descrive il comportamento di un materiale sotto carico. \u00c8 una misura del modo in cui la forza applicata esternamente influisce sulla struttura molecolare del materiale.<\/p><h3>Calcolo della tensione:<\/h3><p>La determinazione precisa dello sforzo di trazione \u00e8 fondamentale per valutare la resistenza e l&#8217;elasticit\u00e0 di un materiale.<\/p><p><strong>Formula<\/strong>: Sforzo (\u03c3) = forza (F) \/ area della sezione trasversale (A)<\/p><p><strong>Unit\u00e0<\/strong>: L&#8217;unit\u00e0 di misura della tensione \u00e8 il Pascal (Pa), dove 1 Pa = 1 N\/m\u00b2.<\/p><h3>Concetto di sforzo di trazione:<\/h3><p><strong>Proporzionalit\u00e0 diretta<\/strong>: all&#8217;interno dell&#8217;intervallo elastico di un materiale, lo sforzo di trazione \u00e8 direttamente proporzionale alla deformazione, come illustrato dalla legge di Hooke.<\/p><p><strong>Carico critico<\/strong>: lo sforzo di trazione non deve superare un certo limite, noto come limite elastico, per evitare danni irreversibili al materiale.<\/p><h3>Applicazione della misurazione della tensione:<\/h3><p><strong>Progettazione e sicurezza<\/strong>: gli ingegneri utilizzano la conoscenza delle sollecitazioni di trazione per garantire che le strutture e i materiali siano dimensionati correttamente e soddisfino i requisiti di sicurezza.<\/p><p><strong>Controllo qualit\u00e0<\/strong>: nella produzione, la misurazione dello sforzo di trazione viene utilizzata per verificare la conformit\u00e0 alle specifiche dei materiali e per garantire la consistenza dei prodotti.<\/p>\t\t\t\t\t\t\t\t<\/div>\n\t\t\t\t<\/div>\n\t\t\t\t<div class=\"elementor-element elementor-element-6dcfcf4 elementor-widget elementor-widget-text-editor\" data-id=\"6dcfcf4\" data-element_type=\"widget\" data-e-type=\"widget\" data-widget_type=\"text-editor.default\">\n\t\t\t\t<div class=\"elementor-widget-container\">\n\t\t\t\t\t\t\t\t\t<p>Per riassumere:<\/p><ul><li>La tensione di trazione \u00e8 una misura del carico esercitato su un materiale da una forza esterna.<\/li><li>Si misura in Pascal (Pa) e fornisce informazioni sulla sollecitazione del materiale.<\/li><li>Il calcolo viene effettuato dividendo la forza per l&#8217;area della sezione trasversale.<\/li><li>La conoscenza delle sollecitazioni di trazione \u00e8 fondamentale per la progettazione, la sicurezza e la qualit\u00e0 dei materiali.<\/li><\/ul>\t\t\t\t\t\t\t\t<\/div>\n\t\t\t\t<\/div>\n\t\t\t\t<\/div>\n\t\t\t\t\t<\/div>\n\t\t\t\t<\/div>\n\t\t<div class=\"elementor-element elementor-element-8801439 e-flex e-con-boxed e-con e-parent\" data-id=\"8801439\" data-element_type=\"container\" data-e-type=\"container\" data-settings=\"{&quot;background_background&quot;:&quot;classic&quot;}\">\n\t\t\t\t\t<div class=\"e-con-inner\">\n\t\t<div class=\"elementor-element elementor-element-4fda86f e-con-full e-flex e-con e-child\" data-id=\"4fda86f\" data-element_type=\"container\" data-e-type=\"container\">\n\t\t\t\t<div class=\"elementor-element elementor-element-fe6d621 elementor-invisible elementor-widget elementor-widget-text-editor\" data-id=\"fe6d621\" data-element_type=\"widget\" data-e-type=\"widget\" data-settings=\"{&quot;_animation&quot;:&quot;fadeInUp&quot;,&quot;_animation_delay&quot;:500}\" data-widget_type=\"text-editor.default\">\n\t\t\t\t<div class=\"elementor-widget-container\">\n\t\t\t\t\t\t\t\t\t<h2>Misurazione della deformazione<\/h2><p>La deformazione \u00e8 una misura della deformazione di un materiale quando \u00e8 sottoposto a un carico. \u00c8 una grandezza fondamentale nella scienza dei materiali che aiuta a comprendere il comportamento dei materiali in diverse condizioni di carico. <\/p>\t\t\t\t\t\t\t\t<\/div>\n\t\t\t\t<\/div>\n\t\t\t\t<div class=\"elementor-element elementor-element-34d74a1 elementor-invisible elementor-widget elementor-widget-text-editor\" data-id=\"34d74a1\" data-element_type=\"widget\" data-e-type=\"widget\" data-settings=\"{&quot;_animation&quot;:&quot;fadeInUp&quot;,&quot;_animation_delay&quot;:500}\" data-widget_type=\"text-editor.default\">\n\t\t\t\t<div class=\"elementor-widget-container\">\n\t\t\t\t\t\t\t\t\t<h3>Calcolo dell&#8217;allungamento:<\/h3><p>Il calcolo preciso dell&#8217;allungamento \u00e8 fondamentale per comprendere l&#8217;elasticit\u00e0 e la plasticit\u00e0 di un materiale.<\/p><p>Formula: Allungamento (\u03b5) = \u0394L \/ L\u2080<br>Dove:<br>\u0394L = variazione di lunghezza<br>L\u2080 = lunghezza originale<br>Unit\u00e0: L&#8217;allungamento \u00e8 una grandezza adimensionale e viene spesso indicato come percentuale (%) o come numero decimale puro.<\/p><p> <\/p><h3>Comprendere il tratto:<\/h3><p><strong>Deformazione elastica vs. plastica: la<\/strong> deformazione pu\u00f2 essere suddivisa in una gamma elastica (deformazione reversibile) e una gamma plastica (deformazione irreversibile).<\/p><p><br><strong>Limiti di deformazione:<\/strong> I materiali hanno limiti di deformazione specifici, come il limite proporzionale, il limite elastico e l&#8217;allungamento a rottura.<\/p><h3>Metodi di misurazione della deformazione:<\/h3><p><strong>Estensimetri meccanici:<\/strong> Questi dispositivi misurano fisicamente la variazione di lunghezza e vengono fissati al provino durante la prova di trazione.<\/p><p><br><strong>Metodi ottici:<\/strong> I metodi moderni, come la correlazione digitale delle immagini (DIC), consentono di registrare la deformazione in modo preciso e senza contatto.<\/p><h3>Aree di applicazione:<\/h3><p><strong>Prove sui materiali:<\/strong> le misurazioni della deformazione sono una parte essenziale delle prove sui materiali per caratterizzare le propriet\u00e0 meccaniche di un materiale.<\/p><p><br><strong>Monitoraggio strutturale:<\/strong> le misure di deformazione sono utilizzate nell&#8217;industria edilizia e aerospaziale per monitorare l&#8217;integrit\u00e0 delle strutture.<\/p>\t\t\t\t\t\t\t\t<\/div>\n\t\t\t\t<\/div>\n\t\t\t\t<div class=\"elementor-element elementor-element-986aae9 elementor-widget elementor-widget-text-editor\" data-id=\"986aae9\" data-element_type=\"widget\" data-e-type=\"widget\" data-widget_type=\"text-editor.default\">\n\t\t\t\t<div class=\"elementor-widget-container\">\n\t\t\t\t\t\t\t\t\t<p>Per riassumere:<\/p><ul><li>La deformazione quantifica la variazione relativa della lunghezza di un materiale sotto carico.<\/li><li>Si calcola dividendo la variazione di lunghezza per la lunghezza originale.<\/li><li>La deformazione \u00e8 un parametro fondamentale per comprendere e analizzare il comportamento dei materiali.<\/li><li>La misurazione della deformazione \u00e8 essenziale per lo sviluppo dei materiali e la valutazione della sicurezza delle strutture.<\/li><\/ul>\t\t\t\t\t\t\t\t<\/div>\n\t\t\t\t<\/div>\n\t\t\t\t<\/div>\n\t\t\t\t\t<\/div>\n\t\t\t\t<\/div>\n\t\t<div class=\"elementor-element elementor-element-aed7062 e-flex e-con-boxed elementor-invisible e-con e-parent\" data-id=\"aed7062\" data-element_type=\"container\" data-e-type=\"container\" data-settings=\"{&quot;animation&quot;:&quot;fadeInUp&quot;}\">\n\t\t\t\t\t<div class=\"e-con-inner\">\n\t\t\t\t<div class=\"elementor-element elementor-element-aae54ad elementor-widget elementor-widget-image\" data-id=\"aae54ad\" data-element_type=\"widget\" data-e-type=\"widget\" data-widget_type=\"image.default\">\n\t\t\t\t<div class=\"elementor-widget-container\">\n\t\t\t\t\t\t\t\t\t\t\t\t\t\t\t<img decoding=\"async\" width=\"800\" height=\"382\" src=\"https:\/\/www.linseis.com\/wp-content\/uploads\/2024\/07\/Dehnung-von-Kabeln-1024x489.png\" class=\"attachment-large size-large wp-image-34669\" alt=\"\" srcset=\"https:\/\/www.linseis.com\/wp-content\/uploads\/2024\/07\/Dehnung-von-Kabeln-1024x489.png 1024w, https:\/\/www.linseis.com\/wp-content\/uploads\/2024\/07\/Dehnung-von-Kabeln-300x143.png 300w, https:\/\/www.linseis.com\/wp-content\/uploads\/2024\/07\/Dehnung-von-Kabeln-768x366.png 768w, https:\/\/www.linseis.com\/wp-content\/uploads\/2024\/07\/Dehnung-von-Kabeln-1536x733.png 1536w, https:\/\/www.linseis.com\/wp-content\/uploads\/2024\/07\/Dehnung-von-Kabeln.png 1920w\" sizes=\"(max-width: 800px) 100vw, 800px\" \/>\t\t\t\t\t\t\t\t\t\t\t\t\t\t\t<\/div>\n\t\t\t\t<\/div>\n\t\t\t\t\t<\/div>\n\t\t\t\t<\/div>\n\t\t<div class=\"elementor-element elementor-element-50adb82 e-flex e-con-boxed e-con e-parent\" data-id=\"50adb82\" data-element_type=\"container\" data-e-type=\"container\" data-settings=\"{&quot;background_background&quot;:&quot;classic&quot;}\">\n\t\t\t\t\t<div class=\"e-con-inner\">\n\t\t<div class=\"elementor-element elementor-element-cad4e8f e-con-full e-flex e-con e-child\" data-id=\"cad4e8f\" data-element_type=\"container\" data-e-type=\"container\">\n\t\t\t\t<div class=\"elementor-element elementor-element-91cf7c6 elementor-invisible elementor-widget elementor-widget-text-editor\" data-id=\"91cf7c6\" data-element_type=\"widget\" data-e-type=\"widget\" data-settings=\"{&quot;_animation&quot;:&quot;fadeInUp&quot;,&quot;_animation_delay&quot;:500}\" data-widget_type=\"text-editor.default\">\n\t\t\t\t<div class=\"elementor-widget-container\">\n\t\t\t\t\t\t\t\t\t<h2>Il modulo di elasticit\u00e0 in dettaglio<\/h2>\n<p>Il modulo di elasticit\u00e0 o modulo di Young \u00e8 un parametro chiave nella scienza dei materiali. Descrive la risposta elastica di un materiale ai carichi esterni ed \u00e8 quindi una misura diretta della rigidit\u00e0 di un materiale. <\/p>\t\t\t\t\t\t\t\t<\/div>\n\t\t\t\t<\/div>\n\t\t\t\t<div class=\"elementor-element elementor-element-4c217b5 elementor-invisible elementor-widget elementor-widget-text-editor\" data-id=\"4c217b5\" data-element_type=\"widget\" data-e-type=\"widget\" data-settings=\"{&quot;_animation&quot;:&quot;fadeInUp&quot;,&quot;_animation_delay&quot;:500}\" data-widget_type=\"text-editor.default\">\n\t\t\t\t<div class=\"elementor-widget-container\">\n\t\t\t\t\t\t\t\t\t<h3>Rapporto sforzo-deformazione:<\/h3><p>Il rapporto tra sollecitazione e deformazione nell&#8217;intervallo elastico di un materiale \u00e8 fondamentale per comprenderne le propriet\u00e0 meccaniche.<\/p><p>Formula: Modulo E (E) = \u03c3 \/ \u03b5<br>Dove:<br>\u03c3 = sollecitazione<br>\u03b5 = deformazione<br>Unit\u00e0: Il modulo E \u00e8 espresso in Newton per metro quadro (N\/m\u00b2) o Pascal (Pa), che \u00e8 coerente con l&#8217;unit\u00e0 di misura della pressione.<\/p><p> <\/p><h3>Interpretazione del modulo E:<\/h3><p><strong>Rigidit\u00e0 del materiale<\/strong>: un modulo di elasticit\u00e0 pi\u00f9 alto significa una maggiore rigidit\u00e0 del materiale, il che significa che si deforma meno facilmente sotto carico.<\/p><p><br><strong>Comportamento elastico:<\/strong> Il modulo di elasticit\u00e0 si applica solo all&#8217;interno dell&#8217;intervallo elastico del materiale, ovvero tutte le deformazioni sono reversibili e il materiale torna alla sua forma originale dopo essere stato alleggerito.<\/p><p> <\/p><h3>Determinazione del modulo di elasticit\u00e0:<\/h3><p><strong>Test di trazione:<\/strong> il modulo di elasticit\u00e0 viene solitamente determinato tramite un test di trazione standardizzato in cui un materiale viene caricato fino al suo punto di rottura.<\/p><p><br><strong>Diagramma sforzo-deformazione:<\/strong> il modulo di elasticit\u00e0 viene letto dalla parte lineare del diagramma sforzo-deformazione, che rappresenta la legge di Hooke.<\/p><p> <\/p><h3>Importanza per la selezione dei materiali:<\/h3><p><strong>Progettazione e selezione:<\/strong> Il modulo di elasticit\u00e0 gioca un ruolo importante nella selezione dei materiali per applicazioni specifiche, soprattutto quando la rigidit\u00e0 e la stabilit\u00e0 dimensionale sono fondamentali.<\/p><p><br><strong>Confronto tra materiali diversi:<\/strong> permette di confrontare le propriet\u00e0 meccaniche di diversi materiali in condizioni standardizzate.<\/p>\t\t\t\t\t\t\t\t<\/div>\n\t\t\t\t<\/div>\n\t\t\t\t<div class=\"elementor-element elementor-element-e1f00b9 elementor-widget elementor-widget-text-editor\" data-id=\"e1f00b9\" data-element_type=\"widget\" data-e-type=\"widget\" data-widget_type=\"text-editor.default\">\n\t\t\t\t<div class=\"elementor-widget-container\">\n\t\t\t\t\t\t\t\t\t<p>Per riassumere:<\/p><ul><li>Il modulo di elasticit\u00e0 \u00e8 una misura della rigidit\u00e0 di un materiale e viene determinato nell&#8217;intervallo elastico.<\/li><li>Si calcola come rapporto tra sollecitazione e deformazione e si esprime in pascal (Pa).<\/li><li>Un modulo di elasticit\u00e0 elevato indica un&#8217;alta resistenza alla deformazione elastica.<\/li><li>La determinazione del modulo di elasticit\u00e0 \u00e8 essenziale per la selezione dei materiali e la progettazione dei componenti.<\/li><\/ul>\t\t\t\t\t\t\t\t<\/div>\n\t\t\t\t<\/div>\n\t\t\t\t<div class=\"elementor-element elementor-element-b17a273 elementor-widget elementor-widget-shortcode\" data-id=\"b17a273\" data-element_type=\"widget\" data-e-type=\"widget\" data-widget_type=\"shortcode.default\">\n\t\t\t\t<div class=\"elementor-widget-container\">\n\t\t\t\t\t\t\t<div class=\"elementor-shortcode\"><script type=\"application\/ld+json\">{\n  \"@context\": \"https:\/\/schema.org\",\n  \"@type\": \"FAQPage\",\n  \"mainEntity\": [{\n    \"@type\": \"Question\",\n    \"name\": \"Was ist der Elastizit\u00e4tsmodul?\",\n    \"acceptedAnswer\": {\n      \"@type\": \"Answer\",\n      \"text\": \"Der Elastizit\u00e4tsmodul (E-Modul) ist eine Kenngr\u00f6\u00dfe, die die Steifigkeit eines Materials beschreibt. Er gibt an, wie ein Material auf eine \u00e4u\u00dfere Zugkraft mit einer L\u00e4ngen\u00e4nderung reagiert.\n\nHookesches Gesetz: Das Hookesche Gesetz bildet die Grundlage und besagt, dass die Dehnung in einem Material proportional zur angelegten Spannung ist, solange der Elastizit\u00e4tsgrenzwert nicht \u00fcberschritten wird.\"\n    }\n  },{\n    \"@type\": \"Question\",\n    \"name\": \"Was ist das Spannungs-Dehnungs Verh\u00e4ltnis?\",\n    \"acceptedAnswer\": {\n      \"@type\": \"Answer\",\n      \"text\": \"Spannung-Dehnung-Verh\u00e4ltnis:\n\nDas Verh\u00e4ltnis von Spannung zu Dehnung im elastischen Bereich eines Materials ist entscheidend f\u00fcr das Verst\u00e4ndnis seiner mechanischen Eigenschaften.\n\nFormel: E-Modul (E) = \u03c3 \/ \u03b5\nDabei ist:\n\u03c3 = Spannung\n\u03b5 = Dehnung\nEinheit: Der E-Modul wird in Newton pro Quadratmeter (N\/m\u00b2) oder Pascal (Pa) ausgedr\u00fcckt, was konsistent mit der Einheit f\u00fcr Druck ist.\"\n    }\n  },{\n    \"@type\": \"Question\",\n    \"name\": \"Wie wird E-Modul bestimmt?\",\n    \"acceptedAnswer\": {\n      \"@type\": \"Answer\",\n      \"text\": \"Zugversuch: Der E-Modul wird typischerweise durch einen standardisierten Zugversuch bestimmt, bei dem ein Material bis zu seinem Bruchpunkt belastet wird.\nSpannungs-Dehnungs-Diagramm: Aus dem linearen Teil des Spannungs-Dehnungs-Diagramms, der das Hookesche Gesetz darstellt, wird der E-Modul abgelesen.\"\n    }\n  }]\n}\n<\/script><\/div>\n\t\t\t\t\t\t<\/div>\n\t\t\t\t<\/div>\n\t\t\t\t<\/div>\n\t\t\t\t\t<\/div>\n\t\t\t\t<\/div>\n\t\t\t\t<\/div>\n\t\t","protected":false},"excerpt":{"rendered":"<p>Modulo di elasticit\u00e0 Il modulo di elasticit\u00e0 &#8211; un parametro dell&#8217;analisi termomeccanica Al centro della scienza dei materiali, della chimica e della fisica c&#8217;\u00e8 la comprensione delle propriet\u00e0 dei materiali, di cui il modulo di elasticit\u00e0 \u00e8 una delle principali. Per gli scienziati \u00e8 fondamentale comprendere questo parametro per interpretare il comportamento dei materiali sotto [&hellip;]<\/p>\n","protected":false},"author":5,"featured_media":0,"parent":100279,"menu_order":0,"comment_status":"closed","ping_status":"closed","template":"","meta":{"_acf_changed":false,"inline_featured_image":false,"footnotes":""},"class_list":["post-100283","page","type-page","status-publish","hentry"],"acf":[],"_links":{"self":[{"href":"https:\/\/www.linseis.com\/it\/wp-json\/wp\/v2\/pages\/100283","targetHints":{"allow":["GET"]}}],"collection":[{"href":"https:\/\/www.linseis.com\/it\/wp-json\/wp\/v2\/pages"}],"about":[{"href":"https:\/\/www.linseis.com\/it\/wp-json\/wp\/v2\/types\/page"}],"author":[{"embeddable":true,"href":"https:\/\/www.linseis.com\/it\/wp-json\/wp\/v2\/users\/5"}],"replies":[{"embeddable":true,"href":"https:\/\/www.linseis.com\/it\/wp-json\/wp\/v2\/comments?post=100283"}],"version-history":[{"count":0,"href":"https:\/\/www.linseis.com\/it\/wp-json\/wp\/v2\/pages\/100283\/revisions"}],"up":[{"embeddable":true,"href":"https:\/\/www.linseis.com\/it\/wp-json\/wp\/v2\/pages\/100279"}],"wp:attachment":[{"href":"https:\/\/www.linseis.com\/it\/wp-json\/wp\/v2\/media?parent=100283"}],"curies":[{"name":"wp","href":"https:\/\/api.w.org\/{rel}","templated":true}]}}