{"id":100257,"date":"2025-08-04T11:47:37","date_gmt":"2025-08-04T09:47:37","guid":{"rendered":"https:\/\/www.linseis.com\/sistema-di-ticket-di-feedback\/grazie-per-il-tuo-feedback\/"},"modified":"2026-01-13T08:54:58","modified_gmt":"2026-01-13T07:54:58","slug":"grazie-per-il-tuo-feedback","status":"publish","type":"page","link":"https:\/\/www.linseis.com\/it\/sistema-di-ticket-di-feedback\/grazie-per-il-tuo-feedback\/","title":{"rendered":"Grazie per il tuo feedback!"},"content":{"rendered":"\t\t<div data-elementor-type=\"wp-page\" data-elementor-id=\"100257\" class=\"elementor elementor-100257 elementor-92446\" data-elementor-post-type=\"page\">\n\t\t\t\t<div class=\"elementor-element elementor-element-ea15552 e-flex e-con-boxed e-con e-parent\" data-id=\"ea15552\" data-element_type=\"container\" data-e-type=\"container\">\n\t\t\t\t\t<div class=\"e-con-inner\">\n\t\t<div class=\"elementor-element elementor-element-4035e9c e-con-full e-flex e-con e-child\" data-id=\"4035e9c\" data-element_type=\"container\" data-e-type=\"container\">\n\t\t\t\t<div class=\"elementor-element elementor-element-eb7636a elementor-widget elementor-widget-text-editor\" data-id=\"eb7636a\" data-element_type=\"widget\" data-e-type=\"widget\" data-widget_type=\"text-editor.default\">\n\t\t\t\t<div class=\"elementor-widget-container\">\n\t\t\t\t\t\t\t\t\t<p>Grazie per aver compilato il nostro modulo di feedback.<br data-start=\"459\" data-end=\"462\">Il tuo feedback \u00e8 estremamente prezioso per noi, perch\u00e9 solo cos\u00ec possiamo migliorare i nostri servizi in modo mirato e soddisfare le tue aspettative in futuro.<\/p>\t\t\t\t\t\t\t\t<\/div>\n\t\t\t\t<\/div>\n\t\t\t\t<\/div>\n\t\t\t\t\t<\/div>\n\t\t\t\t<\/div>\n\t\t\t\t<\/div>\n\t\t","protected":false},"excerpt":{"rendered":"<p>Grazie per aver compilato il nostro modulo di feedback.Il tuo feedback \u00e8 estremamente prezioso per noi, perch\u00e9 solo cos\u00ec possiamo migliorare i nostri servizi in modo mirato e soddisfare le tue aspettative in futuro.<\/p>\n","protected":false},"author":3,"featured_media":0,"parent":100255,"menu_order":0,"comment_status":"closed","ping_status":"closed","template":"","meta":{"_acf_changed":false,"inline_featured_image":false,"footnotes":""},"class_list":["post-100257","page","type-page","status-publish","hentry"],"acf":[],"_links":{"self":[{"href":"https:\/\/www.linseis.com\/it\/wp-json\/wp\/v2\/pages\/100257","targetHints":{"allow":["GET"]}}],"collection":[{"href":"https:\/\/www.linseis.com\/it\/wp-json\/wp\/v2\/pages"}],"about":[{"href":"https:\/\/www.linseis.com\/it\/wp-json\/wp\/v2\/types\/page"}],"author":[{"embeddable":true,"href":"https:\/\/www.linseis.com\/it\/wp-json\/wp\/v2\/users\/3"}],"replies":[{"embeddable":true,"href":"https:\/\/www.linseis.com\/it\/wp-json\/wp\/v2\/comments?post=100257"}],"version-history":[{"count":0,"href":"https:\/\/www.linseis.com\/it\/wp-json\/wp\/v2\/pages\/100257\/revisions"}],"up":[{"embeddable":true,"href":"https:\/\/www.linseis.com\/it\/wp-json\/wp\/v2\/pages\/100255"}],"wp:attachment":[{"href":"https:\/\/www.linseis.com\/it\/wp-json\/wp\/v2\/media?parent=100257"}],"curies":[{"name":"wp","href":"https:\/\/api.w.org\/{rel}","templated":true}]}}