{"id":41053,"date":"2024-07-26T11:13:31","date_gmt":"2024-07-26T09:13:31","guid":{"rendered":"https:\/\/www.linseis.com\/service-et-assistance\/methodes-danalyse-thermique\/thermoreflectance-dans-le-domaine-temporel-tdtr\/"},"modified":"2024-12-12T16:12:10","modified_gmt":"2024-12-12T15:12:10","slug":"thermoreflectance-dans-le-domaine-temporel-tdtr","status":"publish","type":"page","link":"https:\/\/www.linseis.com\/fr\/methodes-danalyse-thermique\/thermoreflectance-dans-le-domaine-temporel-tdtr\/","title":{"rendered":"Thermor\u00e9flectance dans le domaine temporel (TDTR)"},"content":{"rendered":"\t\t<div data-elementor-type=\"wp-post\" data-elementor-id=\"41053\" class=\"elementor elementor-41053 elementor-22541\" data-elementor-post-type=\"page\">\n\t\t\t\t<div class=\"elementor-element elementor-element-a3549cf e-flex e-con-boxed e-con e-parent\" data-id=\"a3549cf\" data-element_type=\"container\" data-e-type=\"container\" data-settings=\"{&quot;background_background&quot;:&quot;classic&quot;}\">\n\t\t\t\t\t<div class=\"e-con-inner\">\n\t\t\t\t<div class=\"elementor-element elementor-element-ac41c94 elementor-widget elementor-widget-image\" data-id=\"ac41c94\" data-element_type=\"widget\" data-e-type=\"widget\" data-widget_type=\"image.default\">\n\t\t\t\t<div class=\"elementor-widget-container\">\n\t\t\t\t\t\t\t\t\t\t\t\t\t\t\t<img decoding=\"async\" src=\"https:\/\/www.linseis.com\/wp-content\/uploads\/\/linseis_scale-top-1.svg\" title=\"\" alt=\"\" loading=\"lazy\" \/>\t\t\t\t\t\t\t\t\t\t\t\t\t\t\t<\/div>\n\t\t\t\t<\/div>\n\t\t<div class=\"elementor-element elementor-element-a7b7feb e-con-full e-flex e-con e-child\" data-id=\"a7b7feb\" data-element_type=\"container\" data-e-type=\"container\">\n\t\t<div class=\"elementor-element elementor-element-6100945 e-con-full e-flex e-con e-child\" data-id=\"6100945\" data-element_type=\"container\" data-e-type=\"container\">\n\t\t\t\t<div class=\"elementor-element elementor-element-cc1182c elementor-invisible elementor-widget elementor-widget-heading\" data-id=\"cc1182c\" data-element_type=\"widget\" data-e-type=\"widget\" data-settings=\"{&quot;_animation&quot;:&quot;fadeInUp&quot;,&quot;_animation_delay&quot;:250}\" data-widget_type=\"heading.default\">\n\t\t\t\t<div class=\"elementor-widget-container\">\n\t\t\t\t\t<h1 class=\"elementor-heading-title elementor-size-default\"><b>Thermor\u00e9flectance dans le domaine temporel (TDTR)<\/b><\/h1>\t\t\t\t<\/div>\n\t\t\t\t<\/div>\n\t\t\t\t<\/div>\n\t\t<div class=\"elementor-element elementor-element-6d91a43 e-con-full e-flex e-con e-child\" data-id=\"6d91a43\" data-element_type=\"container\" data-e-type=\"container\">\n\t\t\t\t<div class=\"elementor-element elementor-element-9413374 elementor-widget elementor-widget-n-carousel\" data-id=\"9413374\" data-element_type=\"widget\" data-e-type=\"widget\" data-settings=\"{&quot;carousel_items&quot;:[{&quot;slide_title&quot;:&quot;Produkt 1&quot;,&quot;_id&quot;:&quot;d6fbcdb&quot;}],&quot;slides_to_show&quot;:&quot;1&quot;,&quot;slides_to_scroll&quot;:&quot;2&quot;,&quot;autoplay_speed&quot;:2000,&quot;slides_to_show_tablet&quot;:&quot;1&quot;,&quot;slides_to_show_mobile&quot;:&quot;1&quot;,&quot;autoplay&quot;:&quot;yes&quot;,&quot;pause_on_hover&quot;:&quot;yes&quot;,&quot;pause_on_interaction&quot;:&quot;yes&quot;,&quot;infinite&quot;:&quot;yes&quot;,&quot;speed&quot;:500,&quot;offset_sides&quot;:&quot;none&quot;,&quot;image_spacing_custom&quot;:{&quot;unit&quot;:&quot;px&quot;,&quot;size&quot;:10,&quot;sizes&quot;:[]},&quot;image_spacing_custom_tablet&quot;:{&quot;unit&quot;:&quot;px&quot;,&quot;size&quot;:&quot;&quot;,&quot;sizes&quot;:[]},&quot;image_spacing_custom_mobile&quot;:{&quot;unit&quot;:&quot;px&quot;,&quot;size&quot;:&quot;&quot;,&quot;sizes&quot;:[]}}\" data-widget_type=\"nested-carousel.default\">\n\t\t\t\t<div class=\"elementor-widget-container\">\n\t\t\t\t\t\t\t<div class=\"e-n-carousel swiper\" role=\"region\" aria-roledescription=\"carousel\" aria-label=\"Carousel\" dir=\"ltr\">\n\t\t\t<div class=\"swiper-wrapper\" aria-live=\"off\">\n\t\t\t\t\t\t\t\t\t\t<div class=\"swiper-slide\" data-slide=\"1\" role=\"group\" aria-roledescription=\"slide\" aria-label=\"1 sur 1\">\n\t\t\t\t\t\t\t<div class=\"elementor-element elementor-element-44441f5 e-flex e-con-boxed e-con e-child\" data-id=\"44441f5\" data-element_type=\"container\" data-e-type=\"container\">\n\t\t\t\t\t<div class=\"e-con-inner\">\n\t\t\t\t<div class=\"elementor-element elementor-element-4103051 elementor-widget__width-initial elementor-invisible elementor-widget elementor-widget-image\" data-id=\"4103051\" data-element_type=\"widget\" data-e-type=\"widget\" data-settings=\"{&quot;_animation&quot;:&quot;fadeInUp&quot;}\" data-widget_type=\"image.default\">\n\t\t\t\t<div class=\"elementor-widget-container\">\n\t\t\t\t\t\t\t\t\t\t\t\t\t\t\t<img fetchpriority=\"high\" decoding=\"async\" width=\"800\" height=\"800\" src=\"https:\/\/www.linseis.com\/wp-content\/uploads\/2024\/07\/Linseis-Icons_Linien-weiss_Zeichenflaeche-1-Kopie-87-1024x1024.png\" class=\"attachment-large size-large wp-image-23732\" alt=\"\" srcset=\"https:\/\/www.linseis.com\/wp-content\/uploads\/2024\/07\/Linseis-Icons_Linien-weiss_Zeichenflaeche-1-Kopie-87-1024x1024.png 1024w, https:\/\/www.linseis.com\/wp-content\/uploads\/2024\/07\/Linseis-Icons_Linien-weiss_Zeichenflaeche-1-Kopie-87-300x300.png 300w, https:\/\/www.linseis.com\/wp-content\/uploads\/2024\/07\/Linseis-Icons_Linien-weiss_Zeichenflaeche-1-Kopie-87-150x150.png 150w, https:\/\/www.linseis.com\/wp-content\/uploads\/2024\/07\/Linseis-Icons_Linien-weiss_Zeichenflaeche-1-Kopie-87-768x768.png 768w, https:\/\/www.linseis.com\/wp-content\/uploads\/2024\/07\/Linseis-Icons_Linien-weiss_Zeichenflaeche-1-Kopie-87-1536x1536.png 1536w, https:\/\/www.linseis.com\/wp-content\/uploads\/2024\/07\/Linseis-Icons_Linien-weiss_Zeichenflaeche-1-Kopie-87-2048x2048.png 2048w\" sizes=\"(max-width: 800px) 100vw, 800px\" \/>\t\t\t\t\t\t\t\t\t\t\t\t\t\t\t<\/div>\n\t\t\t\t<\/div>\n\t\t\t\t\t<\/div>\n\t\t\t\t<\/div>\n\t\t\t\t\t\t\t\t<\/div>\n\t\t\t\t\t\t\t\t<\/div>\n\t\t<\/div>\n\t\t\t\t\t\t<\/div>\n\t\t\t\t<\/div>\n\t\t\t\t<\/div>\n\t\t\t\t<\/div>\n\t\t\t\t<div class=\"elementor-element elementor-element-b4a6800 elementor-widget elementor-widget-image\" data-id=\"b4a6800\" data-element_type=\"widget\" data-e-type=\"widget\" data-widget_type=\"image.default\">\n\t\t\t\t<div class=\"elementor-widget-container\">\n\t\t\t\t\t\t\t\t\t\t\t\t\t\t\t<img decoding=\"async\" src=\"https:\/\/www.linseis.com\/wp-content\/uploads\/\/linseis_scale-bottom-1.svg\" title=\"\" alt=\"\" loading=\"lazy\" \/>\t\t\t\t\t\t\t\t\t\t\t\t\t\t\t<\/div>\n\t\t\t\t<\/div>\n\t\t\t\t\t<\/div>\n\t\t\t\t<\/div>\n\t\t<div class=\"elementor-element elementor-element-7c8d6cc e-flex e-con-boxed e-con e-parent\" data-id=\"7c8d6cc\" data-element_type=\"container\" data-e-type=\"container\" data-settings=\"{&quot;background_background&quot;:&quot;classic&quot;}\">\n\t\t\t\t\t<div class=\"e-con-inner\">\n\t\t\t\t\t<\/div>\n\t\t\t\t<\/div>\n\t\t<div class=\"elementor-element elementor-element-d7b7522 e-flex e-con-boxed e-con e-parent\" data-id=\"d7b7522\" data-element_type=\"container\" data-e-type=\"container\" data-settings=\"{&quot;background_background&quot;:&quot;classic&quot;}\">\n\t\t\t\t\t<div class=\"e-con-inner\">\n\t\t<div class=\"elementor-element elementor-element-449b6fd e-con-full e-flex e-con e-child\" data-id=\"449b6fd\" data-element_type=\"container\" data-e-type=\"container\">\n\t\t\t\t<div class=\"elementor-element elementor-element-031217d elementor-invisible elementor-widget elementor-widget-wp-widget-bcn_widget\" data-id=\"031217d\" data-element_type=\"widget\" data-e-type=\"widget\" data-settings=\"{&quot;_animation&quot;:&quot;fadeInUp&quot;}\" data-widget_type=\"wp-widget-bcn_widget.default\">\n\t\t\t\t<div class=\"elementor-widget-container\">\n\t\t\t\t\t<div class=\"breadcrumbs\" vocab=\"https:\/\/schema.org\/\" typeof=\"BreadcrumbList\"><span property=\"itemListElement\" typeof=\"ListItem\"><a property=\"item\" typeof=\"WebPage\" title=\"Aller \u00e0 Linseis.\" href=\"https:\/\/www.linseis.com\/fr\/\" class=\"home\" aria-current=\"page\"><span property=\"name\">Linseis<\/span><\/a><meta property=\"position\" content=\"1\"><\/span><\/div>\t\t\t\t<\/div>\n\t\t\t\t<\/div>\n\t\t\t\t<\/div>\n\t\t\t\t\t<\/div>\n\t\t\t\t<\/div>\n\t\t<div class=\"elementor-element elementor-element-ed98f58 e-flex e-con-boxed e-con e-parent\" data-id=\"ed98f58\" data-element_type=\"container\" data-e-type=\"container\" data-settings=\"{&quot;background_background&quot;:&quot;classic&quot;}\">\n\t\t\t\t\t<div class=\"e-con-inner\">\n\t\t<div class=\"elementor-element elementor-element-bbc47b3 e-con-full e-flex e-con e-child\" data-id=\"bbc47b3\" data-element_type=\"container\" data-e-type=\"container\">\n\t\t\t\t<div class=\"elementor-element elementor-element-71a1ec4 elementor-invisible elementor-widget elementor-widget-text-editor\" data-id=\"71a1ec4\" data-element_type=\"widget\" data-e-type=\"widget\" data-settings=\"{&quot;_animation&quot;:&quot;fadeInUp&quot;,&quot;_animation_delay&quot;:500}\" data-widget_type=\"text-editor.default\">\n\t\t\t\t<div class=\"elementor-widget-container\">\n\t\t\t\t\t\t\t\t\t<h2>Thermor\u00e9flectance dans le domaine temporel (TDTR)<\/h2>\t\t\t\t\t\t\t\t<\/div>\n\t\t\t\t<\/div>\n\t\t\t\t<div class=\"elementor-element elementor-element-32d9053 elementor-widget elementor-widget-text-editor\" data-id=\"32d9053\" data-element_type=\"widget\" data-e-type=\"widget\" data-widget_type=\"text-editor.default\">\n\t\t\t\t<div class=\"elementor-widget-container\">\n\t\t\t\t\t\t\t\t\t<p>Au cours de la derni\u00e8re d\u00e9cennie, <a href=\"https:\/\/www.linseis.com\/fr\/produits\/conductivite-thermique\/tf-lfa\/\"><strong>thermor\u00e9flectance dans le domaine temporel<\/strong><\/a> s&rsquo;est impos\u00e9e comme un outil puissant et polyvalent pour <strong>mesurer les propri\u00e9t\u00e9s de transport thermique des mat\u00e9riaux<\/strong>.<br \/>La TDTR est applicable \u00e0 des mat\u00e9riaux pr\u00e9sentant une large gamme de propri\u00e9t\u00e9s et de g\u00e9om\u00e9tries d&rsquo;\u00e9chantillons.<br \/>La cartographie \u00e0 haut d\u00e9bit de la conductivit\u00e9 thermique en fonction de la position est possible gr\u00e2ce \u00e0 la focalisation des spots laser et \u00e0 un rapport signal\/bruit \u00e9lev\u00e9.<\/p><p>Les applications de la cartographie de la conductivit\u00e9 thermique comprennent l&rsquo;analyse des diagrammes de phase m\u00e9tallurgiques et la caract\u00e9risation des barri\u00e8res thermiques et des rev\u00eatements pour les combustibles nucl\u00e9aires.<\/p>\t\t\t\t\t\t\t\t<\/div>\n\t\t\t\t<\/div>\n\t\t\t\t<div class=\"elementor-element elementor-element-fe4080d elementor-invisible elementor-widget elementor-widget-text-editor\" data-id=\"fe4080d\" data-element_type=\"widget\" data-e-type=\"widget\" data-settings=\"{&quot;_animation&quot;:&quot;fadeInUp&quot;,&quot;_animation_delay&quot;:500}\" data-widget_type=\"text-editor.default\">\n\t\t\t\t<div class=\"elementor-widget-container\">\n\t\t\t\t\t\t\t\t\t<section class=\"container\">\n<div class=\"row\">\n<div class=\"spb_content_element col-sm-12 spb_text_column\">\n<div class=\"spb_wrapper clearfix\">\n<p><img decoding=\"async\" class=\"aligncenter wp-image-22545 size-large\" src=\"https:\/\/www.linseis.com\/wp-content\/uploads\/2024\/07\/Experimental-setup-for-TDTR-thermal-diffusivity-measurements-including-pump-and-probe-laser-source-1024x621.png\" alt=\"\" width=\"1024\" height=\"621\" srcset=\"https:\/\/www.linseis.com\/wp-content\/uploads\/2024\/07\/Experimental-setup-for-TDTR-thermal-diffusivity-measurements-including-pump-and-probe-laser-source-1024x621.png 1024w, https:\/\/www.linseis.com\/wp-content\/uploads\/2024\/07\/Experimental-setup-for-TDTR-thermal-diffusivity-measurements-including-pump-and-probe-laser-source-300x182.png 300w, https:\/\/www.linseis.com\/wp-content\/uploads\/2024\/07\/Experimental-setup-for-TDTR-thermal-diffusivity-measurements-including-pump-and-probe-laser-source-768x466.png 768w, https:\/\/www.linseis.com\/wp-content\/uploads\/2024\/07\/Experimental-setup-for-TDTR-thermal-diffusivity-measurements-including-pump-and-probe-laser-source-1536x931.png 1536w, https:\/\/www.linseis.com\/wp-content\/uploads\/2024\/07\/Experimental-setup-for-TDTR-thermal-diffusivity-measurements-including-pump-and-probe-laser-source.png 1710w\" sizes=\"(max-width: 1024px) 100vw, 1024px\" \/><\/p>\n<p style=\"text-align: center;\"><em>Dispositif exp\u00e9rimental pour les mesures de diffusivit\u00e9 thermique TDTR, y compris la source laser de pompe et de sonde<\/em><\/p>\n<\/div>\n<\/div>\n<\/div>\n<\/section>\n\t\t\t\t\t\t\t\t<\/div>\n\t\t\t\t<\/div>\n\t\t\t\t<div class=\"elementor-element elementor-element-30f5ea1 elementor-widget elementor-widget-text-editor\" data-id=\"30f5ea1\" data-element_type=\"widget\" data-e-type=\"widget\" data-widget_type=\"text-editor.default\">\n\t\t\t\t<div class=\"elementor-widget-container\">\n\t\t\t\t\t\t\t\t\t<section class=\"container\">\n<div class=\"row\">\n<div class=\"spb_content_element col-sm-12 spb_text_column\">\n<div class=\"spb_wrapper clearfix\">\n<p>La TDTR \u00e9tant une m\u00e9thode optique sans contact, elle peut \u00eatre directement appliqu\u00e9e \u00e0 des \u00e9chantillons plac\u00e9s dans des cryostats optiques ou des microscopes \u00e0 haute temp\u00e9rature, ainsi qu&rsquo;\u00e0 des \u00e9chantillons expos\u00e9s \u00e0 d&rsquo;autres conditions extr\u00eames telles que l&rsquo;environnement \u00e0 haute pression d&rsquo;une cellule \u00e0 enclume de diamant.<\/p>\n<p>Cette approche n\u00e9cessite le d\u00e9p\u00f4t d&rsquo;un transducteur \u00e0 film m\u00e9tallique sur l&rsquo;\u00e9chantillon d&rsquo;int\u00e9r\u00eat, le chauffage du transducteur par une impulsion optique de pompe et la mesure des changements de r\u00e9flectivit\u00e9 du transducteur pour la thermom\u00e9trie.<\/p>\n<\/div>\n<\/div>\n<\/div>\n<\/section>\n<section class=\"container\">\n<div class=\"row\">\n<div class=\"spb_content_element col-sm-12 spb_text_column\">\n<div class=\"spb_wrapper clearfix\">\n<p>L&rsquo;<strong>analyse des donn\u00e9es<\/strong> est effectu\u00e9e \u00e0 l&rsquo;aide de la solution analytique de l&rsquo;\u00e9quation de diffusion en coordonn\u00e9es cylindriques.\nLa d\u00e9termination des propri\u00e9t\u00e9s de transport thermique par TDTR s&rsquo;effectue g\u00e9n\u00e9ralement en ajustant les param\u00e8tres libres d&rsquo;un mod\u00e8le thermique, afin d&rsquo;obtenir la meilleure ad\u00e9quation entre la r\u00e9ponse thermique pr\u00e9dite et mesur\u00e9e de l&rsquo;\u00e9chantillon. <\/p>\n<p>Les param\u00e8tres libres sont les propri\u00e9t\u00e9s inconnues du transport thermique, par exemple la conductivit\u00e9 thermique d&rsquo;un mat\u00e9riau mince.\nL&rsquo;utilisation d&rsquo;un objectif unique et l&rsquo;int\u00e9gration des faisceaux de la pompe et de la sonde dans un syst\u00e8me d&rsquo;imagerie optique ont rendu l&rsquo;alignement et la focalisation des faisceaux de la pompe et de la sonde rapides et pratiques. <\/p>\n<p>&nbsp;<\/p>\n<p>L&rsquo;utilisation de la <strong>TDTR dans la pratique quotidienne<\/strong> exige que la surface de l&rsquo;\u00e9chantillon soit suffisamment lisse pour que toute modulation ind\u00e9sirable de la diffusion diffuse ne contribue pas de mani\u00e8re significative au signal souhait\u00e9 produit par la thermor\u00e9flectance du transducteur \u00e0 film m\u00e9tallique.<\/p>\n<\/div>\n<\/div>\n<\/div>\n<\/section>\n<p>La TDTR est principalement sensible \u00e0 la conductivit\u00e9 thermique dans le sens de l&rsquo;\u00e9paisseur, c&rsquo;est-\u00e0-dire au transport de chaleur dans la direction antiparall\u00e8le \u00e0 la normale \u00e0 la surface.\nPour les mat\u00e9riaux thermiquement anisotropes tels que les super-r\u00e9seaux, les films polycristallins textur\u00e9s et les cristaux anisotropes, la connaissance de la conductivit\u00e9 thermique dans le plan est \u00e9galement souhaitable et peut \u00eatre mesur\u00e9e \u00e0 l&rsquo;aide d&rsquo;une autre approche, par exemple un fil chaud suspendu. <\/p>\n<p>La mise en \u0153uvre la plus courante de la TDTR utilise un oscillateur laser ND:YAG ou Ti:saphir comme source de lumi\u00e8re.\nL&rsquo;oscillateur laser produit une impulsion optique pour chauffer localement la couche de transduction et donc la couche d&rsquo;\u00e9chantillon sous-jacente.\nLe trajet de la sonde utilise un laser \u00e0 ondes continues pour d\u00e9tecter l&rsquo;augmentation locale de la temp\u00e9rature.\nEn fonction du mat\u00e9riau utilis\u00e9 pour la couche de transduction (par exemple Au, Al ou Pt), la longueur d&rsquo;onde du laser de la sonde doit \u00eatre s\u00e9lectionn\u00e9e (~473 nm \u00e0 532 nm ou 785 nm \u00e0 808 nm).   <\/p>\n<p>Le terme \u00ab\u00a0thermor\u00e9flectance\u00a0\u00bb fait r\u00e9f\u00e9rence au fait que la sonde mesure les changements de temp\u00e9rature de l&rsquo;\u00e9chantillon par la d\u00e9pendance de la r\u00e9flectivit\u00e9 optique R d&rsquo;un transducteur \u00e0 film m\u00e9tallique par rapport \u00e0 la temp\u00e9rature, T ; dR\/dT est le coefficient de thermor\u00e9flectance.<\/p>\n\t\t\t\t\t\t\t\t<\/div>\n\t\t\t\t<\/div>\n\t\t\t\t<div class=\"elementor-element elementor-element-c866b71 elementor-invisible elementor-widget elementor-widget-text-editor\" data-id=\"c866b71\" data-element_type=\"widget\" data-e-type=\"widget\" data-settings=\"{&quot;_animation&quot;:&quot;fadeInUp&quot;,&quot;_animation_delay&quot;:500}\" data-widget_type=\"text-editor.default\">\n\t\t\t\t<div class=\"elementor-widget-container\">\n\t\t\t\t\t\t\t\t\t<section class=\"container\">\n<div class=\"row\">\n<div class=\"spb_content_element col-sm-12 spb_text_column\">\n<div class=\"spb_wrapper clearfix\">\n<p><img decoding=\"async\" class=\"wp-image-14272 size-full aligncenter\" src=\"https:\/\/www.linseis.com\/wp-content\/uploads\/2024\/07\/TF-LFA-SiO2.jpg\" alt=\"\" width=\"808\" height=\"550\" srcset=\"https:\/\/www.linseis.com\/wp-content\/uploads\/2024\/07\/TF-LFA-SiO2.jpg 808w, https:\/\/www.linseis.com\/wp-content\/uploads\/2024\/07\/TF-LFA-SiO2-300x204.jpg 300w, https:\/\/www.linseis.com\/wp-content\/uploads\/2024\/07\/TF-LFA-SiO2-768x523.jpg 768w\" sizes=\"(max-width: 808px) 100vw, 808px\" \/><\/p>\n<p style=\"text-align: center;\"><em>Donn\u00e9es brutes de la mesure de la diffusivit\u00e9 thermique de deux films minces de SiO2 d&rsquo;\u00e9paisseur variable, mesur\u00e9e avec le Linseis TF-LFA<\/em><\/p>\n<\/div>\n<\/div>\n<\/div>\n<\/section>\n\t\t\t\t\t\t\t\t<\/div>\n\t\t\t\t<\/div>\n\t\t\t\t<\/div>\n\t\t\t\t\t<\/div>\n\t\t\t\t<\/div>\n\t\t<div class=\"elementor-element elementor-element-8801439 e-flex e-con-boxed e-con e-parent\" data-id=\"8801439\" data-element_type=\"container\" data-e-type=\"container\" data-settings=\"{&quot;background_background&quot;:&quot;classic&quot;}\">\n\t\t\t\t\t<div class=\"e-con-inner\">\n\t\t<div class=\"elementor-element elementor-element-4fda86f e-con-full e-flex e-con e-child\" data-id=\"4fda86f\" data-element_type=\"container\" data-e-type=\"container\">\n\t\t<div class=\"elementor-element elementor-element-a0a9aac e-con-full e-flex e-con e-child\" data-id=\"a0a9aac\" data-element_type=\"container\" data-e-type=\"container\">\n\t\t\t\t<div class=\"elementor-element elementor-element-53ea4ef elementor-widget elementor-widget-text-editor\" data-id=\"53ea4ef\" data-element_type=\"widget\" data-e-type=\"widget\" data-widget_type=\"text-editor.default\">\n\t\t\t\t<div class=\"elementor-widget-container\">\n\t\t\t\t\t\t\t\t\t<h2>Quelles sont les propri\u00e9t\u00e9s d\u00e9termin\u00e9es ?<\/h2>\n\t\t\t\t\t\t\t\t<\/div>\n\t\t\t\t<\/div>\n\t\t\t\t<div class=\"elementor-element elementor-element-d38f832 elementor-widget elementor-widget-text-editor\" data-id=\"d38f832\" data-element_type=\"widget\" data-e-type=\"widget\" data-widget_type=\"text-editor.default\">\n\t\t\t\t<div class=\"elementor-widget-container\">\n\t\t\t\t\t\t\t\t\t<p><strong>La TDTR est utilis\u00e9e pour caract\u00e9riser les propri\u00e9t\u00e9s de transport thermique des mat\u00e9riaux, principalement des couches minces et des rev\u00eatements<\/strong>, ainsi que pour l&rsquo;<strong>\u00e9tude des interfaces thermiques<\/strong>.\nElle a \u00e9t\u00e9 appliqu\u00e9e \u00e0 toute la gamme de conductivit\u00e9 thermique, depuis le diamant et les m\u00e9taux \u00e0 haute conductivit\u00e9 thermique jusqu&rsquo;\u00e0 la conductivit\u00e9 thermique ultra-faible des d\u00e9riv\u00e9s de fuller\u00e8nes.\nPour l&rsquo;essentiel, la m\u00eame m\u00e9thode peut \u00eatre appliqu\u00e9e aux mat\u00e9riaux en vrac, aux couches minces et aux interfaces individuelles.  <\/p>\n\t\t\t\t\t\t\t\t<\/div>\n\t\t\t\t<\/div>\n\t\t\t\t<\/div>\n\t\t\t\t<\/div>\n\t\t\t\t\t<\/div>\n\t\t\t\t<\/div>\n\t\t\t\t<\/div>\n\t\t","protected":false},"excerpt":{"rendered":"<p>Thermor\u00e9flectance dans le domaine temporel (TDTR) Thermor\u00e9flectance dans le domaine temporel (TDTR) Au cours de la derni\u00e8re d\u00e9cennie, thermor\u00e9flectance dans le domaine temporel s&rsquo;est impos\u00e9e comme un outil puissant et polyvalent pour mesurer les propri\u00e9t\u00e9s de transport thermique des mat\u00e9riaux.La TDTR est applicable \u00e0 des mat\u00e9riaux pr\u00e9sentant une large gamme de propri\u00e9t\u00e9s et de g\u00e9om\u00e9tries [&hellip;]<\/p>\n","protected":false},"author":3,"featured_media":0,"parent":41027,"menu_order":0,"comment_status":"closed","ping_status":"closed","template":"","meta":{"_acf_changed":false,"inline_featured_image":false,"footnotes":""},"class_list":["post-41053","page","type-page","status-publish","hentry"],"acf":[],"_links":{"self":[{"href":"https:\/\/www.linseis.com\/fr\/wp-json\/wp\/v2\/pages\/41053","targetHints":{"allow":["GET"]}}],"collection":[{"href":"https:\/\/www.linseis.com\/fr\/wp-json\/wp\/v2\/pages"}],"about":[{"href":"https:\/\/www.linseis.com\/fr\/wp-json\/wp\/v2\/types\/page"}],"author":[{"embeddable":true,"href":"https:\/\/www.linseis.com\/fr\/wp-json\/wp\/v2\/users\/3"}],"replies":[{"embeddable":true,"href":"https:\/\/www.linseis.com\/fr\/wp-json\/wp\/v2\/comments?post=41053"}],"version-history":[{"count":0,"href":"https:\/\/www.linseis.com\/fr\/wp-json\/wp\/v2\/pages\/41053\/revisions"}],"up":[{"embeddable":true,"href":"https:\/\/www.linseis.com\/fr\/wp-json\/wp\/v2\/pages\/41027"}],"wp:attachment":[{"href":"https:\/\/www.linseis.com\/fr\/wp-json\/wp\/v2\/media?parent=41053"}],"curies":[{"name":"wp","href":"https:\/\/api.w.org\/{rel}","templated":true}]}}