{"id":41051,"date":"2024-07-26T11:37:07","date_gmt":"2024-07-26T09:37:07","guid":{"rendered":"https:\/\/www.linseis.com\/service-et-assistance\/methodes-danalyse-thermique\/analyse-thermomecanique\/"},"modified":"2024-12-12T09:37:09","modified_gmt":"2024-12-12T08:37:09","slug":"analyse-thermomecanique","status":"publish","type":"page","link":"https:\/\/www.linseis.com\/fr\/methodes-danalyse-thermique\/analyse-thermomecanique\/","title":{"rendered":"Analyse thermom\u00e9canique"},"content":{"rendered":"\t\t<div data-elementor-type=\"wp-post\" data-elementor-id=\"41051\" class=\"elementor elementor-41051 elementor-22620\" data-elementor-post-type=\"page\">\n\t\t\t\t<div class=\"elementor-element elementor-element-a3549cf e-flex e-con-boxed e-con e-parent\" data-id=\"a3549cf\" data-element_type=\"container\" data-e-type=\"container\" data-settings=\"{&quot;background_background&quot;:&quot;classic&quot;}\">\n\t\t\t\t\t<div class=\"e-con-inner\">\n\t\t\t\t<div class=\"elementor-element elementor-element-ac41c94 elementor-widget elementor-widget-image\" data-id=\"ac41c94\" data-element_type=\"widget\" data-e-type=\"widget\" data-widget_type=\"image.default\">\n\t\t\t\t<div class=\"elementor-widget-container\">\n\t\t\t\t\t\t\t\t\t\t\t\t\t\t\t<img decoding=\"async\" src=\"https:\/\/www.linseis.com\/wp-content\/uploads\/\/linseis_scale-top-1.svg\" title=\"\" alt=\"\" loading=\"lazy\" \/>\t\t\t\t\t\t\t\t\t\t\t\t\t\t\t<\/div>\n\t\t\t\t<\/div>\n\t\t<div class=\"elementor-element elementor-element-a7b7feb e-con-full e-flex e-con e-child\" data-id=\"a7b7feb\" data-element_type=\"container\" data-e-type=\"container\">\n\t\t<div class=\"elementor-element elementor-element-6100945 e-con-full e-flex e-con e-child\" data-id=\"6100945\" data-element_type=\"container\" data-e-type=\"container\">\n\t\t\t\t<div class=\"elementor-element elementor-element-cc1182c elementor-invisible elementor-widget elementor-widget-heading\" data-id=\"cc1182c\" data-element_type=\"widget\" data-e-type=\"widget\" data-settings=\"{&quot;_animation&quot;:&quot;fadeInUp&quot;,&quot;_animation_delay&quot;:250}\" data-widget_type=\"heading.default\">\n\t\t\t\t<div class=\"elementor-widget-container\">\n\t\t\t\t\t<h1 class=\"elementor-heading-title elementor-size-default\"><b>Analyse thermom\u00e9canique<\/b><\/h1>\t\t\t\t<\/div>\n\t\t\t\t<\/div>\n\t\t\t\t<\/div>\n\t\t<div class=\"elementor-element elementor-element-6d91a43 e-con-full e-flex e-con e-child\" data-id=\"6d91a43\" data-element_type=\"container\" data-e-type=\"container\">\n\t\t\t\t<div class=\"elementor-element elementor-element-9413374 elementor-widget elementor-widget-n-carousel\" data-id=\"9413374\" data-element_type=\"widget\" data-e-type=\"widget\" data-settings=\"{&quot;carousel_items&quot;:[{&quot;slide_title&quot;:&quot;Produkt 1&quot;,&quot;_id&quot;:&quot;d6fbcdb&quot;}],&quot;slides_to_show&quot;:&quot;1&quot;,&quot;slides_to_scroll&quot;:&quot;2&quot;,&quot;autoplay_speed&quot;:2000,&quot;slides_to_show_tablet&quot;:&quot;1&quot;,&quot;slides_to_show_mobile&quot;:&quot;1&quot;,&quot;autoplay&quot;:&quot;yes&quot;,&quot;pause_on_hover&quot;:&quot;yes&quot;,&quot;pause_on_interaction&quot;:&quot;yes&quot;,&quot;infinite&quot;:&quot;yes&quot;,&quot;speed&quot;:500,&quot;offset_sides&quot;:&quot;none&quot;,&quot;image_spacing_custom&quot;:{&quot;unit&quot;:&quot;px&quot;,&quot;size&quot;:10,&quot;sizes&quot;:[]},&quot;image_spacing_custom_tablet&quot;:{&quot;unit&quot;:&quot;px&quot;,&quot;size&quot;:&quot;&quot;,&quot;sizes&quot;:[]},&quot;image_spacing_custom_mobile&quot;:{&quot;unit&quot;:&quot;px&quot;,&quot;size&quot;:&quot;&quot;,&quot;sizes&quot;:[]}}\" data-widget_type=\"nested-carousel.default\">\n\t\t\t\t<div class=\"elementor-widget-container\">\n\t\t\t\t\t\t\t<div class=\"e-n-carousel swiper\" role=\"region\" aria-roledescription=\"carousel\" aria-label=\"Carousel\" dir=\"ltr\">\n\t\t\t<div class=\"swiper-wrapper\" aria-live=\"off\">\n\t\t\t\t\t\t\t\t\t\t<div class=\"swiper-slide\" data-slide=\"1\" role=\"group\" aria-roledescription=\"slide\" aria-label=\"1 sur 1\">\n\t\t\t\t\t\t\t<div class=\"elementor-element elementor-element-44441f5 e-flex e-con-boxed e-con e-child\" data-id=\"44441f5\" data-element_type=\"container\" data-e-type=\"container\">\n\t\t\t\t\t<div class=\"e-con-inner\">\n\t\t\t\t<div class=\"elementor-element elementor-element-4103051 elementor-widget__width-initial elementor-invisible elementor-widget elementor-widget-image\" data-id=\"4103051\" data-element_type=\"widget\" data-e-type=\"widget\" data-settings=\"{&quot;_animation&quot;:&quot;fadeInUp&quot;}\" data-widget_type=\"image.default\">\n\t\t\t\t<div class=\"elementor-widget-container\">\n\t\t\t\t\t\t\t\t\t\t\t\t\t\t\t<img fetchpriority=\"high\" decoding=\"async\" width=\"800\" height=\"800\" src=\"https:\/\/www.linseis.com\/wp-content\/uploads\/2024\/07\/Linseis-Icons_Linien-weiss_Zeichenflaeche-1-Kopie-86-1024x1024.png\" class=\"attachment-large size-large wp-image-23725\" alt=\"\" srcset=\"https:\/\/www.linseis.com\/wp-content\/uploads\/2024\/07\/Linseis-Icons_Linien-weiss_Zeichenflaeche-1-Kopie-86-1024x1024.png 1024w, https:\/\/www.linseis.com\/wp-content\/uploads\/2024\/07\/Linseis-Icons_Linien-weiss_Zeichenflaeche-1-Kopie-86-300x300.png 300w, https:\/\/www.linseis.com\/wp-content\/uploads\/2024\/07\/Linseis-Icons_Linien-weiss_Zeichenflaeche-1-Kopie-86-150x150.png 150w, https:\/\/www.linseis.com\/wp-content\/uploads\/2024\/07\/Linseis-Icons_Linien-weiss_Zeichenflaeche-1-Kopie-86-768x768.png 768w, https:\/\/www.linseis.com\/wp-content\/uploads\/2024\/07\/Linseis-Icons_Linien-weiss_Zeichenflaeche-1-Kopie-86-1536x1536.png 1536w, https:\/\/www.linseis.com\/wp-content\/uploads\/2024\/07\/Linseis-Icons_Linien-weiss_Zeichenflaeche-1-Kopie-86-2048x2048.png 2048w\" sizes=\"(max-width: 800px) 100vw, 800px\" \/>\t\t\t\t\t\t\t\t\t\t\t\t\t\t\t<\/div>\n\t\t\t\t<\/div>\n\t\t\t\t\t<\/div>\n\t\t\t\t<\/div>\n\t\t\t\t\t\t\t\t<\/div>\n\t\t\t\t\t\t\t\t<\/div>\n\t\t<\/div>\n\t\t\t\t\t\t<\/div>\n\t\t\t\t<\/div>\n\t\t\t\t<\/div>\n\t\t\t\t<\/div>\n\t\t\t\t<div class=\"elementor-element elementor-element-b4a6800 elementor-widget elementor-widget-image\" data-id=\"b4a6800\" data-element_type=\"widget\" data-e-type=\"widget\" data-widget_type=\"image.default\">\n\t\t\t\t<div class=\"elementor-widget-container\">\n\t\t\t\t\t\t\t\t\t\t\t\t\t\t\t<img decoding=\"async\" src=\"https:\/\/www.linseis.com\/wp-content\/uploads\/\/linseis_scale-bottom-1.svg\" title=\"\" alt=\"\" loading=\"lazy\" \/>\t\t\t\t\t\t\t\t\t\t\t\t\t\t\t<\/div>\n\t\t\t\t<\/div>\n\t\t\t\t\t<\/div>\n\t\t\t\t<\/div>\n\t\t<div class=\"elementor-element elementor-element-7c8d6cc e-flex e-con-boxed e-con e-parent\" data-id=\"7c8d6cc\" data-element_type=\"container\" data-e-type=\"container\" data-settings=\"{&quot;background_background&quot;:&quot;classic&quot;}\">\n\t\t\t\t\t<div class=\"e-con-inner\">\n\t\t\t\t\t<\/div>\n\t\t\t\t<\/div>\n\t\t<div class=\"elementor-element elementor-element-d7b7522 e-flex e-con-boxed e-con e-parent\" data-id=\"d7b7522\" data-element_type=\"container\" data-e-type=\"container\" data-settings=\"{&quot;background_background&quot;:&quot;classic&quot;}\">\n\t\t\t\t\t<div class=\"e-con-inner\">\n\t\t<div class=\"elementor-element elementor-element-449b6fd e-con-full e-flex e-con e-child\" data-id=\"449b6fd\" data-element_type=\"container\" data-e-type=\"container\">\n\t\t\t\t<div class=\"elementor-element elementor-element-031217d elementor-invisible elementor-widget elementor-widget-wp-widget-bcn_widget\" data-id=\"031217d\" data-element_type=\"widget\" data-e-type=\"widget\" data-settings=\"{&quot;_animation&quot;:&quot;fadeInUp&quot;}\" data-widget_type=\"wp-widget-bcn_widget.default\">\n\t\t\t\t<div class=\"elementor-widget-container\">\n\t\t\t\t\t<div class=\"breadcrumbs\" vocab=\"https:\/\/schema.org\/\" typeof=\"BreadcrumbList\"><span property=\"itemListElement\" typeof=\"ListItem\"><a property=\"item\" typeof=\"WebPage\" title=\"Aller \u00e0 Linseis.\" href=\"https:\/\/www.linseis.com\/fr\/\" class=\"home\" aria-current=\"page\"><span property=\"name\">Linseis<\/span><\/a><meta property=\"position\" content=\"1\"><\/span><\/div>\t\t\t\t<\/div>\n\t\t\t\t<\/div>\n\t\t\t\t<\/div>\n\t\t\t\t\t<\/div>\n\t\t\t\t<\/div>\n\t\t<div class=\"elementor-element elementor-element-ed98f58 e-flex e-con-boxed e-con e-parent\" data-id=\"ed98f58\" data-element_type=\"container\" data-e-type=\"container\" data-settings=\"{&quot;background_background&quot;:&quot;classic&quot;}\">\n\t\t\t\t\t<div class=\"e-con-inner\">\n\t\t<div class=\"elementor-element elementor-element-bbc47b3 e-con-full e-flex e-con e-child\" data-id=\"bbc47b3\" data-element_type=\"container\" data-e-type=\"container\">\n\t\t\t\t<div class=\"elementor-element elementor-element-8741304 elementor-invisible elementor-widget elementor-widget-text-editor\" data-id=\"8741304\" data-element_type=\"widget\" data-e-type=\"widget\" data-settings=\"{&quot;_animation&quot;:&quot;fadeInUp&quot;,&quot;_animation_delay&quot;:500}\" data-widget_type=\"text-editor.default\">\n\t\t\t\t<div class=\"elementor-widget-container\">\n\t\t\t\t\t\t\t\t\t<h2>Analyse thermom\u00e9canique<\/h2>\n\t\t\t\t\t\t\t\t<\/div>\n\t\t\t\t<\/div>\n\t\t\t\t<div class=\"elementor-element elementor-element-ae33f3a elementor-widget elementor-widget-text-editor\" data-id=\"ae33f3a\" data-element_type=\"widget\" data-e-type=\"widget\" data-widget_type=\"text-editor.default\">\n\t\t\t\t<div class=\"elementor-widget-container\">\n\t\t\t\t\t\t\t\t\t<p>L&rsquo;analyse thermom\u00e9canique est une m\u00e9thode d&rsquo;analyse thermique principalement utilis\u00e9e pour mesurer les <a href=\"https:\/\/www.linseis.com\/fr\/connaissance\/determination-de-la-densite-cte\/\"><strong>coefficients de dilatation thermique (CTE)<\/strong><\/a> et est donc \u00e9troitement li\u00e9e \u00e0 la <a href=\"https:\/\/www.linseis.com\/fr\/produits\/dilatometrie\/\"><strong>dilatom\u00e9trie<\/strong><\/a>.<\/p><p>La dilatom\u00e9trie mesure l&rsquo;expansion sous charge n\u00e9gligeable et l&rsquo;analyse thermom\u00e9canique mesure sous charge contr\u00f4l\u00e9e.<br \/>Le d\u00e9placement de la tige en contact avec l&rsquo;\u00e9chantillon est mesur\u00e9 en fonction de la temp\u00e9rature.<\/p>\t\t\t\t\t\t\t\t<\/div>\n\t\t\t\t<\/div>\n\t\t\t\t<div class=\"elementor-element elementor-element-71a1ec4 elementor-widget elementor-widget-text-editor\" data-id=\"71a1ec4\" data-element_type=\"widget\" data-e-type=\"widget\" data-widget_type=\"text-editor.default\">\n\t\t\t\t<div class=\"elementor-widget-container\">\n\t\t\t\t\t\t\t\t\t<h2>La structure d&rsquo;une balance thermique<\/h2>\t\t\t\t\t\t\t\t<\/div>\n\t\t\t\t<\/div>\n\t\t\t\t<div class=\"elementor-element elementor-element-32d9053 elementor-widget elementor-widget-text-editor\" data-id=\"32d9053\" data-element_type=\"widget\" data-e-type=\"widget\" data-widget_type=\"text-editor.default\">\n\t\t\t\t<div class=\"elementor-widget-container\">\n\t\t\t\t\t\t\t\t\t<p>Dans la thermogravim\u00e9trie classique, un \u00e9chantillon est g\u00e9n\u00e9ralement plac\u00e9 dans un creuset en mat\u00e9riau inerte (par exemple, platine, oxyde d&rsquo;aluminium, or&#8230;) et plac\u00e9 sur un capteur dans un four qui peut appliquer des atmosph\u00e8res et des temp\u00e9ratures contr\u00f4l\u00e9es (sch\u00e9ma 1).<\/p>\n\t\t\t\t\t\t\t\t<\/div>\n\t\t\t\t<\/div>\n\t\t\t\t<div class=\"elementor-element elementor-element-fe4080d elementor-invisible elementor-widget elementor-widget-text-editor\" data-id=\"fe4080d\" data-element_type=\"widget\" data-e-type=\"widget\" data-settings=\"{&quot;_animation&quot;:&quot;fadeInUp&quot;,&quot;_animation_delay&quot;:500}\" data-widget_type=\"text-editor.default\">\n\t\t\t\t<div class=\"elementor-widget-container\">\n\t\t\t\t\t\t\t\t\t<section class=\"container\">\n<div class=\"row\">\n<div class=\"spb_content_element col-sm-12 spb_text_column\">\n<div class=\"spb_wrapper clearfix\">\n<p><img decoding=\"async\" class=\"wp-image-22622 size-full aligncenter\" src=\"https:\/\/www.linseis.com\/wp-content\/uploads\/2024\/07\/TMA-measurement-principle-2-768x658-1.png\" alt=\"\" width=\"768\" height=\"658\" srcset=\"https:\/\/www.linseis.com\/wp-content\/uploads\/2024\/07\/TMA-measurement-principle-2-768x658-1.png 768w, https:\/\/www.linseis.com\/wp-content\/uploads\/2024\/07\/TMA-measurement-principle-2-768x658-1-300x257.png 300w\" sizes=\"(max-width: 768px) 100vw, 768px\" \/><\/p>\n<p style=\"text-align: center;\"><em>Montage d&rsquo;un analyseur thermom\u00e9canique montrant l&rsquo;\u00e9chantillon, la tige de pouss\u00e9e et le capteur de d\u00e9placement (LVDT)<\/em><\/p>\n<\/div>\n<\/div>\n<\/div>\n<\/section>\n\t\t\t\t\t\t\t\t<\/div>\n\t\t\t\t<\/div>\n\t\t\t\t<div class=\"elementor-element elementor-element-30f5ea1 elementor-widget elementor-widget-text-editor\" data-id=\"30f5ea1\" data-element_type=\"widget\" data-e-type=\"widget\" data-widget_type=\"text-editor.default\">\n\t\t\t\t<div class=\"elementor-widget-container\">\n\t\t\t\t\t\t\t\t\t<p>En utilisant des forces plus \u00e9lev\u00e9es et\/ou des tiges de pouss\u00e9e avec une pointe (tige de p\u00e9n\u00e9tration), il est possible d&rsquo;\u00e9tudier le ramollissement des \u00e9chantillons.<br \/>Ceci est utile pour mesurer la <a href=\"https:\/\/www.linseis.com\/fr\/connaissance\/temperature-de-transition-du-verre\/\"><strong>temp\u00e9rature de transition vitreuse (Tg)<\/strong><\/a> des polym\u00e8res.<\/p><p>L&rsquo;analyse thermom\u00e9canique est beaucoup plus sensible que la calorim\u00e9trie \u00e0 balayage diff\u00e9rentiel (DSC) souvent utilis\u00e9e. <a href=\"https:\/\/www.linseis.com\/fr\/produits\/dsc-differential-scanning-calorimetry\/\"><strong>calorim\u00e9trie diff\u00e9rentielle \u00e0 balayage (DSC) souvent utilis\u00e9e<\/strong><\/a>.<br \/>La sensibilit\u00e9 peut \u00eatre augment\u00e9e en utilisant des forces oscillantes (par exemple sinuso\u00efdales, triangulaires, rectangulaires) qui produisent un signal de r\u00e9ponse oscillant.<\/p>\t\t\t\t\t\t\t\t<\/div>\n\t\t\t\t<\/div>\n\t\t\t\t<div class=\"elementor-element elementor-element-c866b71 elementor-invisible elementor-widget elementor-widget-text-editor\" data-id=\"c866b71\" data-element_type=\"widget\" data-e-type=\"widget\" data-settings=\"{&quot;_animation&quot;:&quot;fadeInUp&quot;,&quot;_animation_delay&quot;:500}\" data-widget_type=\"text-editor.default\">\n\t\t\t\t<div class=\"elementor-widget-container\">\n\t\t\t\t\t\t\t\t\t<p><img decoding=\"async\" class=\"wp-image-17724 size-large aligncenter\" src=\"https:\/\/www.linseis.com\/wp-content\/uploads\/2024\/07\/TMA-Evaluation-of-Elastromer-Sample-1024x606.png\" alt=\"\" width=\"1024\" height=\"606\" srcset=\"https:\/\/www.linseis.com\/wp-content\/uploads\/2024\/07\/TMA-Evaluation-of-Elastromer-Sample-1024x606.png 1024w, https:\/\/www.linseis.com\/wp-content\/uploads\/2024\/07\/TMA-Evaluation-of-Elastromer-Sample-300x178.png 300w, https:\/\/www.linseis.com\/wp-content\/uploads\/2024\/07\/TMA-Evaluation-of-Elastromer-Sample-768x455.png 768w, https:\/\/www.linseis.com\/wp-content\/uploads\/2024\/07\/TMA-Evaluation-of-Elastromer-Sample-1536x910.png 1536w, https:\/\/www.linseis.com\/wp-content\/uploads\/2024\/07\/TMA-Evaluation-of-Elastromer-Sample-2048x1213.png 2048w\" sizes=\"(max-width: 1024px) 100vw, 1024px\" \/><\/p>\n<p style=\"text-align: center;\"><em>D\u00e9tection de la transition vitreuse d&rsquo;un \u00e9lastom\u00e8re par TMA avec force oscillante ; la Tg a \u00e9t\u00e9 trouv\u00e9e \u00e0 29\u00b0C indiqu\u00e9e par une forte augmentation du signal de r\u00e9ponse des d\u00e9tecteurs.<\/em><\/p>\n\t\t\t\t\t\t\t\t<\/div>\n\t\t\t\t<\/div>\n\t\t\t\t<div class=\"elementor-element elementor-element-5b34401 elementor-widget elementor-widget-text-editor\" data-id=\"5b34401\" data-element_type=\"widget\" data-e-type=\"widget\" data-widget_type=\"text-editor.default\">\n\t\t\t\t<div class=\"elementor-widget-container\">\n\t\t\t\t\t\t\t\t\t<p>D&rsquo;autres types de poussoirs et d&rsquo;assemblages de mesure permettent d&rsquo;estimer le module d&rsquo;Young ou de mesurer le coefficient d&rsquo;\u00e9lasticit\u00e9 des fibres et des feuilles.\nDans ce dernier cas, l&rsquo;\u00e9chantillon est serr\u00e9 dans un porte-\u00e9chantillon sp\u00e9cial et une l\u00e9g\u00e8re tension est appliqu\u00e9e \u00e0 l&rsquo;\u00e9chantillon. <\/p>\n\t\t\t\t\t\t\t\t<\/div>\n\t\t\t\t<\/div>\n\t\t\t\t<div class=\"elementor-element elementor-element-5e877db elementor-invisible elementor-widget elementor-widget-text-editor\" data-id=\"5e877db\" data-element_type=\"widget\" data-e-type=\"widget\" data-settings=\"{&quot;_animation&quot;:&quot;fadeInUp&quot;,&quot;_animation_delay&quot;:500}\" data-widget_type=\"text-editor.default\">\n\t\t\t\t<div class=\"elementor-widget-container\">\n\t\t\t\t\t\t\t\t\t<p><img loading=\"lazy\" decoding=\"async\" class=\"wp-image-17209 size-full aligncenter\" src=\"https:\/\/www.linseis.com\/wp-content\/uploads\/2024\/07\/TMA-modules-1024x368-1.png\" alt=\"\" width=\"1024\" height=\"368\" srcset=\"https:\/\/www.linseis.com\/wp-content\/uploads\/2024\/07\/TMA-modules-1024x368-1.png 1024w, https:\/\/www.linseis.com\/wp-content\/uploads\/2024\/07\/TMA-modules-1024x368-1-300x108.png 300w, https:\/\/www.linseis.com\/wp-content\/uploads\/2024\/07\/TMA-modules-1024x368-1-768x276.png 768w\" sizes=\"(max-width: 1024px) 100vw, 1024px\" \/><\/p>\n<p style=\"text-align: center;\"><em>Diff\u00e9rents syst\u00e8mes de mesure TMA<\/em><\/p>\n\t\t\t\t\t\t\t\t<\/div>\n\t\t\t\t<\/div>\n\t\t\t\t<\/div>\n\t\t\t\t\t<\/div>\n\t\t\t\t<\/div>\n\t\t<div class=\"elementor-element elementor-element-8801439 e-flex e-con-boxed e-con e-parent\" data-id=\"8801439\" data-element_type=\"container\" data-e-type=\"container\" data-settings=\"{&quot;background_background&quot;:&quot;classic&quot;}\">\n\t\t\t\t\t<div class=\"e-con-inner\">\n\t\t<div class=\"elementor-element elementor-element-4fda86f e-con-full e-flex e-con e-child\" data-id=\"4fda86f\" data-element_type=\"container\" data-e-type=\"container\">\n\t\t<div class=\"elementor-element elementor-element-a0a9aac e-con-full e-flex e-con e-child\" data-id=\"a0a9aac\" data-element_type=\"container\" data-e-type=\"container\">\n\t\t\t\t<div class=\"elementor-element elementor-element-53ea4ef elementor-widget elementor-widget-text-editor\" data-id=\"53ea4ef\" data-element_type=\"widget\" data-e-type=\"widget\" data-widget_type=\"text-editor.default\">\n\t\t\t\t<div class=\"elementor-widget-container\">\n\t\t\t\t\t\t\t\t\t<h2>Propri\u00e9t\u00e9s et r\u00e9actions de l&rsquo;analyse thermom\u00e9canique<\/h2>\n\t\t\t\t\t\t\t\t<\/div>\n\t\t\t\t<\/div>\n\t\t\t\t<div class=\"elementor-element elementor-element-d38f832 elementor-widget elementor-widget-text-editor\" data-id=\"d38f832\" data-element_type=\"widget\" data-e-type=\"widget\" data-widget_type=\"text-editor.default\">\n\t\t\t\t<div class=\"elementor-widget-container\">\n\t\t\t\t\t\t\t\t\t<p><a href=\"https:\/\/www.linseis.com\/fr\/produits\/tma-thermomechanical-analysis\/\"><strong>Le TMA<\/strong><\/a> est largement utilis\u00e9 dans la science des polym\u00e8res pour mesurer le coefficient de dilatation thermique (CTE) et le comportement de contrainte\/d\u00e9formation des fibres et des feuilles.<br \/>Pendant le chauffage d&rsquo;un \u00e9chantillon de polym\u00e8re, le solvant peut s&rsquo;\u00e9vaporer, des parties non encore polym\u00e9ris\u00e9es peuvent durcir et le r\u00e9arrangement des cha\u00eenes de polym\u00e8re et\/ou la recristallisation peuvent \u00eatre d\u00e9tect\u00e9s comme un r\u00e9tr\u00e9cissement (expansion n\u00e9gative).<\/p><p>Le comportement de ramollissement et les temp\u00e9ratures de transition vitreuse (Tg) peuvent \u00e9galement \u00eatre \u00e9tudi\u00e9s principalement en appliquant une force d&rsquo;oscillation.<\/p>\t\t\t\t\t\t\t\t<\/div>\n\t\t\t\t<\/div>\n\t\t\t\t<\/div>\n\t\t\t\t<\/div>\n\t\t\t\t\t<\/div>\n\t\t\t\t<\/div>\n\t\t<div class=\"elementor-element elementor-element-d88aff4 e-flex e-con-boxed e-con e-parent\" data-id=\"d88aff4\" data-element_type=\"container\" data-e-type=\"container\" data-settings=\"{&quot;background_background&quot;:&quot;classic&quot;}\">\n\t\t\t\t\t<div class=\"e-con-inner\">\n\t\t<div class=\"elementor-element elementor-element-1b0856d e-con-full e-flex e-con e-child\" data-id=\"1b0856d\" data-element_type=\"container\" data-e-type=\"container\">\n\t\t<div class=\"elementor-element elementor-element-db60d63 e-con-full e-flex e-con e-child\" data-id=\"db60d63\" data-element_type=\"container\" data-e-type=\"container\">\n\t\t\t\t<div class=\"elementor-element elementor-element-6515a14 elementor-widget elementor-widget-text-editor\" data-id=\"6515a14\" data-element_type=\"widget\" data-e-type=\"widget\" data-widget_type=\"text-editor.default\">\n\t\t\t\t<div class=\"elementor-widget-container\">\n\t\t\t\t\t\t\t\t\t<h2>Normes pour l&rsquo;analyse thermom\u00e9canique<\/h2>\n\t\t\t\t\t\t\t\t<\/div>\n\t\t\t\t<\/div>\n\t\t\t\t<div class=\"elementor-element elementor-element-7972158 elementor-widget elementor-widget-text-editor\" data-id=\"7972158\" data-element_type=\"widget\" data-e-type=\"widget\" data-widget_type=\"text-editor.default\">\n\t\t\t\t<div class=\"elementor-widget-container\">\n\t\t\t\t\t\t\t\t\t<ul>\n<li><strong>ISO 11359 : Plastiques &#8211; Analyse thermom\u00e9canique (TMA)<\/strong><\/li>\n<\/ul>\n<p>Plastiques &#8211; Analyse thermom\u00e9canique (TMA) &#8211; Partie 1 : Principes g\u00e9n\u00e9raux<\/p>\n<p>Plastiques &#8211; Analyse thermom\u00e9canique (TMA) &#8211; Partie 2 : D\u00e9termination du coefficient de dilatation thermique lin\u00e9aire et de la temp\u00e9rature de transition vitreuse<\/p>\n<ul>\n<li><strong>ASTM E831 &#8211; 19 M\u00e9thode d&rsquo;essai standard pour la dilatation thermique lin\u00e9aire des mat\u00e9riaux solides par analyse thermom\u00e9canique<\/strong><\/li>\n<\/ul>\n<p>&nbsp;<\/p>\n<ul>\n<li><strong>ASTM E2113 &#8211; 18 M\u00e9thode d&rsquo;essai standard pour l&rsquo;\u00e9talonnage de la variation de longueur des analyseurs thermom\u00e9caniques<\/strong><\/li>\n<\/ul>\n<p>&nbsp;<\/p>\n<ul>\n<li><strong>ASTM E1363 &#8211; 18 M\u00e9thode d&rsquo;essai standard pour l&rsquo;\u00e9talonnage en temp\u00e9rature des analyseurs thermom\u00e9caniques<\/strong><\/li>\n<\/ul>\n\t\t\t\t\t\t\t\t<\/div>\n\t\t\t\t<\/div>\n\t\t\t\t<\/div>\n\t\t\t\t<\/div>\n\t\t\t\t\t<\/div>\n\t\t\t\t<\/div>\n\t\t\t\t<\/div>\n\t\t","protected":false},"excerpt":{"rendered":"<p>Analyse thermom\u00e9canique Analyse thermom\u00e9canique L&rsquo;analyse thermom\u00e9canique est une m\u00e9thode d&rsquo;analyse thermique principalement utilis\u00e9e pour mesurer les coefficients de dilatation thermique (CTE) et est donc \u00e9troitement li\u00e9e \u00e0 la dilatom\u00e9trie. La dilatom\u00e9trie mesure l&rsquo;expansion sous charge n\u00e9gligeable et l&rsquo;analyse thermom\u00e9canique mesure sous charge contr\u00f4l\u00e9e.Le d\u00e9placement de la tige en contact avec l&rsquo;\u00e9chantillon est mesur\u00e9 en fonction [&hellip;]<\/p>\n","protected":false},"author":3,"featured_media":0,"parent":41027,"menu_order":0,"comment_status":"closed","ping_status":"closed","template":"","meta":{"_acf_changed":false,"inline_featured_image":false,"footnotes":""},"class_list":["post-41051","page","type-page","status-publish","hentry"],"acf":[],"_links":{"self":[{"href":"https:\/\/www.linseis.com\/fr\/wp-json\/wp\/v2\/pages\/41051","targetHints":{"allow":["GET"]}}],"collection":[{"href":"https:\/\/www.linseis.com\/fr\/wp-json\/wp\/v2\/pages"}],"about":[{"href":"https:\/\/www.linseis.com\/fr\/wp-json\/wp\/v2\/types\/page"}],"author":[{"embeddable":true,"href":"https:\/\/www.linseis.com\/fr\/wp-json\/wp\/v2\/users\/3"}],"replies":[{"embeddable":true,"href":"https:\/\/www.linseis.com\/fr\/wp-json\/wp\/v2\/comments?post=41051"}],"version-history":[{"count":0,"href":"https:\/\/www.linseis.com\/fr\/wp-json\/wp\/v2\/pages\/41051\/revisions"}],"up":[{"embeddable":true,"href":"https:\/\/www.linseis.com\/fr\/wp-json\/wp\/v2\/pages\/41027"}],"wp:attachment":[{"href":"https:\/\/www.linseis.com\/fr\/wp-json\/wp\/v2\/media?parent=41051"}],"curies":[{"name":"wp","href":"https:\/\/api.w.org\/{rel}","templated":true}]}}