{"id":41040,"date":"2024-07-26T10:45:40","date_gmt":"2024-07-26T08:45:40","guid":{"rendered":"https:\/\/www.linseis.com\/service-et-assistance\/methodes-danalyse-thermique\/methode-harman\/"},"modified":"2024-12-12T15:40:47","modified_gmt":"2024-12-12T14:40:47","slug":"methode-harman","status":"publish","type":"page","link":"https:\/\/www.linseis.com\/fr\/methodes-danalyse-thermique\/methode-harman\/","title":{"rendered":"M\u00e9thode Harman"},"content":{"rendered":"\t\t<div data-elementor-type=\"wp-post\" data-elementor-id=\"41040\" class=\"elementor elementor-41040 elementor-22465\" data-elementor-post-type=\"page\">\n\t\t\t\t<div class=\"elementor-element elementor-element-a3549cf e-flex e-con-boxed e-con e-parent\" data-id=\"a3549cf\" data-element_type=\"container\" data-e-type=\"container\" data-settings=\"{&quot;background_background&quot;:&quot;classic&quot;}\">\n\t\t\t\t\t<div class=\"e-con-inner\">\n\t\t\t\t<div class=\"elementor-element elementor-element-ac41c94 elementor-widget elementor-widget-image\" data-id=\"ac41c94\" data-element_type=\"widget\" data-e-type=\"widget\" data-widget_type=\"image.default\">\n\t\t\t\t<div class=\"elementor-widget-container\">\n\t\t\t\t\t\t\t\t\t\t\t\t\t\t\t<img decoding=\"async\" src=\"https:\/\/www.linseis.com\/wp-content\/uploads\/\/linseis_scale-top-1.svg\" title=\"\" alt=\"\" loading=\"lazy\" \/>\t\t\t\t\t\t\t\t\t\t\t\t\t\t\t<\/div>\n\t\t\t\t<\/div>\n\t\t<div class=\"elementor-element elementor-element-a7b7feb e-con-full e-flex e-con e-child\" data-id=\"a7b7feb\" data-element_type=\"container\" data-e-type=\"container\">\n\t\t<div class=\"elementor-element elementor-element-6100945 e-con-full e-flex e-con e-child\" data-id=\"6100945\" data-element_type=\"container\" data-e-type=\"container\">\n\t\t\t\t<div class=\"elementor-element elementor-element-cc1182c elementor-invisible elementor-widget elementor-widget-heading\" data-id=\"cc1182c\" data-element_type=\"widget\" data-e-type=\"widget\" data-settings=\"{&quot;_animation&quot;:&quot;fadeInUp&quot;,&quot;_animation_delay&quot;:250}\" data-widget_type=\"heading.default\">\n\t\t\t\t<div class=\"elementor-widget-container\">\n\t\t\t\t\t<h1 class=\"elementor-heading-title elementor-size-default\"><b>M\u00e9thode Harman<\/b><\/h1>\t\t\t\t<\/div>\n\t\t\t\t<\/div>\n\t\t\t\t<\/div>\n\t\t<div class=\"elementor-element elementor-element-6d91a43 e-con-full e-flex e-con e-child\" data-id=\"6d91a43\" data-element_type=\"container\" data-e-type=\"container\">\n\t\t\t\t<div class=\"elementor-element elementor-element-9413374 elementor-widget elementor-widget-n-carousel\" data-id=\"9413374\" data-element_type=\"widget\" data-e-type=\"widget\" data-settings=\"{&quot;carousel_items&quot;:[{&quot;slide_title&quot;:&quot;Produkt 1&quot;,&quot;_id&quot;:&quot;d6fbcdb&quot;}],&quot;slides_to_show&quot;:&quot;1&quot;,&quot;slides_to_scroll&quot;:&quot;2&quot;,&quot;autoplay_speed&quot;:2000,&quot;slides_to_show_tablet&quot;:&quot;1&quot;,&quot;slides_to_show_mobile&quot;:&quot;1&quot;,&quot;autoplay&quot;:&quot;yes&quot;,&quot;pause_on_hover&quot;:&quot;yes&quot;,&quot;pause_on_interaction&quot;:&quot;yes&quot;,&quot;infinite&quot;:&quot;yes&quot;,&quot;speed&quot;:500,&quot;offset_sides&quot;:&quot;none&quot;,&quot;image_spacing_custom&quot;:{&quot;unit&quot;:&quot;px&quot;,&quot;size&quot;:10,&quot;sizes&quot;:[]},&quot;image_spacing_custom_tablet&quot;:{&quot;unit&quot;:&quot;px&quot;,&quot;size&quot;:&quot;&quot;,&quot;sizes&quot;:[]},&quot;image_spacing_custom_mobile&quot;:{&quot;unit&quot;:&quot;px&quot;,&quot;size&quot;:&quot;&quot;,&quot;sizes&quot;:[]}}\" data-widget_type=\"nested-carousel.default\">\n\t\t\t\t<div class=\"elementor-widget-container\">\n\t\t\t\t\t\t\t<div class=\"e-n-carousel swiper\" role=\"region\" aria-roledescription=\"carousel\" aria-label=\"Carousel\" dir=\"ltr\">\n\t\t\t<div class=\"swiper-wrapper\" aria-live=\"off\">\n\t\t\t\t\t\t\t\t\t\t<div class=\"swiper-slide\" data-slide=\"1\" role=\"group\" aria-roledescription=\"slide\" aria-label=\"1 sur 1\">\n\t\t\t\t\t\t\t<div class=\"elementor-element elementor-element-44441f5 e-flex e-con-boxed e-con e-child\" data-id=\"44441f5\" data-element_type=\"container\" data-e-type=\"container\">\n\t\t\t\t\t<div class=\"e-con-inner\">\n\t\t\t\t<div class=\"elementor-element elementor-element-4103051 elementor-widget__width-initial elementor-invisible elementor-widget elementor-widget-image\" data-id=\"4103051\" data-element_type=\"widget\" data-e-type=\"widget\" data-settings=\"{&quot;_animation&quot;:&quot;fadeInUp&quot;}\" data-widget_type=\"image.default\">\n\t\t\t\t<div class=\"elementor-widget-container\">\n\t\t\t\t\t\t\t\t\t\t\t\t\t\t\t<img fetchpriority=\"high\" decoding=\"async\" width=\"800\" height=\"800\" src=\"https:\/\/www.linseis.com\/wp-content\/uploads\/2024\/07\/Linseis-Icons_Linien-weiss_Zeichenflaeche-1-Kopie-88-1024x1024.png\" class=\"attachment-large size-large wp-image-23718\" alt=\"\" srcset=\"https:\/\/www.linseis.com\/wp-content\/uploads\/2024\/07\/Linseis-Icons_Linien-weiss_Zeichenflaeche-1-Kopie-88-1024x1024.png 1024w, https:\/\/www.linseis.com\/wp-content\/uploads\/2024\/07\/Linseis-Icons_Linien-weiss_Zeichenflaeche-1-Kopie-88-300x300.png 300w, https:\/\/www.linseis.com\/wp-content\/uploads\/2024\/07\/Linseis-Icons_Linien-weiss_Zeichenflaeche-1-Kopie-88-150x150.png 150w, https:\/\/www.linseis.com\/wp-content\/uploads\/2024\/07\/Linseis-Icons_Linien-weiss_Zeichenflaeche-1-Kopie-88-768x768.png 768w, https:\/\/www.linseis.com\/wp-content\/uploads\/2024\/07\/Linseis-Icons_Linien-weiss_Zeichenflaeche-1-Kopie-88-1536x1536.png 1536w, https:\/\/www.linseis.com\/wp-content\/uploads\/2024\/07\/Linseis-Icons_Linien-weiss_Zeichenflaeche-1-Kopie-88-2048x2048.png 2048w\" sizes=\"(max-width: 800px) 100vw, 800px\" \/>\t\t\t\t\t\t\t\t\t\t\t\t\t\t\t<\/div>\n\t\t\t\t<\/div>\n\t\t\t\t\t<\/div>\n\t\t\t\t<\/div>\n\t\t\t\t\t\t\t\t<\/div>\n\t\t\t\t\t\t\t\t<\/div>\n\t\t<\/div>\n\t\t\t\t\t\t<\/div>\n\t\t\t\t<\/div>\n\t\t\t\t<\/div>\n\t\t\t\t<\/div>\n\t\t\t\t<div class=\"elementor-element elementor-element-b4a6800 elementor-widget elementor-widget-image\" data-id=\"b4a6800\" data-element_type=\"widget\" data-e-type=\"widget\" data-widget_type=\"image.default\">\n\t\t\t\t<div class=\"elementor-widget-container\">\n\t\t\t\t\t\t\t\t\t\t\t\t\t\t\t<img decoding=\"async\" src=\"https:\/\/www.linseis.com\/wp-content\/uploads\/\/linseis_scale-bottom-1.svg\" title=\"\" alt=\"\" loading=\"lazy\" \/>\t\t\t\t\t\t\t\t\t\t\t\t\t\t\t<\/div>\n\t\t\t\t<\/div>\n\t\t\t\t\t<\/div>\n\t\t\t\t<\/div>\n\t\t<div class=\"elementor-element elementor-element-7c8d6cc e-flex e-con-boxed e-con e-parent\" data-id=\"7c8d6cc\" data-element_type=\"container\" data-e-type=\"container\" data-settings=\"{&quot;background_background&quot;:&quot;classic&quot;}\">\n\t\t\t\t\t<div class=\"e-con-inner\">\n\t\t\t\t\t<\/div>\n\t\t\t\t<\/div>\n\t\t<div class=\"elementor-element elementor-element-d7b7522 e-flex e-con-boxed e-con e-parent\" data-id=\"d7b7522\" data-element_type=\"container\" data-e-type=\"container\" data-settings=\"{&quot;background_background&quot;:&quot;classic&quot;}\">\n\t\t\t\t\t<div class=\"e-con-inner\">\n\t\t<div class=\"elementor-element elementor-element-449b6fd e-con-full e-flex e-con e-child\" data-id=\"449b6fd\" data-element_type=\"container\" data-e-type=\"container\">\n\t\t\t\t<div class=\"elementor-element elementor-element-031217d elementor-invisible elementor-widget elementor-widget-wp-widget-bcn_widget\" data-id=\"031217d\" data-element_type=\"widget\" data-e-type=\"widget\" data-settings=\"{&quot;_animation&quot;:&quot;fadeInUp&quot;}\" data-widget_type=\"wp-widget-bcn_widget.default\">\n\t\t\t\t<div class=\"elementor-widget-container\">\n\t\t\t\t\t<div class=\"breadcrumbs\" vocab=\"https:\/\/schema.org\/\" typeof=\"BreadcrumbList\"><span property=\"itemListElement\" typeof=\"ListItem\"><a property=\"item\" typeof=\"WebPage\" title=\"Aller \u00e0 Linseis.\" href=\"https:\/\/www.linseis.com\/fr\/\" class=\"home\" aria-current=\"page\"><span property=\"name\">Linseis<\/span><\/a><meta property=\"position\" content=\"1\"><\/span><\/div>\t\t\t\t<\/div>\n\t\t\t\t<\/div>\n\t\t\t\t<\/div>\n\t\t\t\t\t<\/div>\n\t\t\t\t<\/div>\n\t\t<div class=\"elementor-element elementor-element-ed98f58 e-flex e-con-boxed e-con e-parent\" data-id=\"ed98f58\" data-element_type=\"container\" data-e-type=\"container\" data-settings=\"{&quot;background_background&quot;:&quot;classic&quot;}\">\n\t\t\t\t\t<div class=\"e-con-inner\">\n\t\t<div class=\"elementor-element elementor-element-bbc47b3 e-con-full e-flex e-con e-child\" data-id=\"bbc47b3\" data-element_type=\"container\" data-e-type=\"container\">\n\t\t\t\t<div class=\"elementor-element elementor-element-71a1ec4 elementor-invisible elementor-widget elementor-widget-text-editor\" data-id=\"71a1ec4\" data-element_type=\"widget\" data-e-type=\"widget\" data-settings=\"{&quot;_animation&quot;:&quot;fadeInUp&quot;,&quot;_animation_delay&quot;:500}\" data-widget_type=\"text-editor.default\">\n\t\t\t\t<div class=\"elementor-widget-container\">\n\t\t\t\t\t\t\t\t\t<h2>Mesure directe du facteur de m\u00e9rite ZT par la m\u00e9thode Harman<\/h2>\n\t\t\t\t\t\t\t\t<\/div>\n\t\t\t\t<\/div>\n\t\t\t\t<div class=\"elementor-element elementor-element-32d9053 elementor-widget elementor-widget-text-editor\" data-id=\"32d9053\" data-element_type=\"widget\" data-e-type=\"widget\" data-widget_type=\"text-editor.default\">\n\t\t\t\t<div class=\"elementor-widget-container\">\n\t\t\t\t\t\t\t\t\t<p>Le facteur de m\u00e9rite thermo\u00e9lectrique <a href=\"https:\/\/www.linseis.com\/fr\/proprietes\/zt-figure-de-merite\/\"><strong>thermo\u00e9lectrique ZT<\/strong><\/a> peut \u00eatre calcul\u00e9 \u00e0 partir des r\u00e9sultats des mesures individuelles de la <a href=\"https:\/\/www.linseis.com\/fr\/proprietes\/resistivite-et-conductivite-electriques\/\"><strong>la conductivit\u00e9 \u00e9lectrique<\/strong><\/a>, <a href=\"https:\/\/www.linseis.com\/fr\/proprietes\/coefficient-seebeck\/\"><strong>le coefficient Seebeck<\/strong><\/a> et de la <a href=\"https:\/\/www.linseis.com\/fr\/produits\/conductivite-thermique\/\"><strong>conductivit\u00e9 thermique<\/strong><\/a> ou mesur\u00e9e directement. <strong>Une m\u00e9thode courante de d\u00e9termination directe est la m\u00e9thode Harman.<\/strong><\/p><p>Pour la mesure, un \u00e9chantillon thermo\u00e9lectrique sous la forme d&rsquo;un cylindre ou d&rsquo;une tige est contact\u00e9 \u00e9lectriquement sur les deux faces d&rsquo;extr\u00e9mit\u00e9 et avec deux contacts sur l&rsquo;une des faces lat\u00e9rales (voir l&rsquo;image ci-dessous).<\/p>\t\t\t\t\t\t\t\t<\/div>\n\t\t\t\t<\/div>\n\t\t\t\t<div class=\"elementor-element elementor-element-fe4080d elementor-invisible elementor-widget elementor-widget-text-editor\" data-id=\"fe4080d\" data-element_type=\"widget\" data-e-type=\"widget\" data-settings=\"{&quot;_animation&quot;:&quot;fadeInUp&quot;,&quot;_animation_delay&quot;:500}\" data-widget_type=\"text-editor.default\">\n\t\t\t\t<div class=\"elementor-widget-container\">\n\t\t\t\t\t\t\t\t\t<section class=\"container\">\n<div class=\"row\">\n<div class=\"spb_content_element col-sm-12 spb_text_column\">\n<div class=\"spb_wrapper clearfix\">\n<p><img decoding=\"async\" class=\"wp-image-22467 size-large aligncenter\" src=\"https:\/\/www.linseis.com\/wp-content\/uploads\/2024\/07\/Schematic-setup-for-ZT-measurement-1-1280x414-1-1024x331.png\" alt=\"\" width=\"1024\" height=\"331\" srcset=\"https:\/\/www.linseis.com\/wp-content\/uploads\/2024\/07\/Schematic-setup-for-ZT-measurement-1-1280x414-1-1024x331.png 1024w, https:\/\/www.linseis.com\/wp-content\/uploads\/2024\/07\/Schematic-setup-for-ZT-measurement-1-1280x414-1-300x97.png 300w, https:\/\/www.linseis.com\/wp-content\/uploads\/2024\/07\/Schematic-setup-for-ZT-measurement-1-1280x414-1-768x248.png 768w, https:\/\/www.linseis.com\/wp-content\/uploads\/2024\/07\/Schematic-setup-for-ZT-measurement-1-1280x414-1.png 1280w\" sizes=\"(max-width: 1024px) 100vw, 1024px\" \/><\/p>\n<p style=\"text-align: center;\"><em>a) Installation sch\u00e9matique pour la mesure directe du ZT des mat\u00e9riaux thermo\u00e9lectriques \u00e0 l&rsquo;aide de la m\u00e9thode Harman.<\/em><\/p>\n<p style=\"text-align: center;\"><em>b) Courbe de mesure d&rsquo;une mesure Harman avec chute de tension ohmique UR et tension thermique apparente Uth avec un courant de mesure appliqu\u00e9 I.<\/em><\/p>\n<\/div>\n<\/div>\n<\/div>\n<\/section>\n\t\t\t\t\t\t\t\t<\/div>\n\t\t\t\t<\/div>\n\t\t\t\t<div class=\"elementor-element elementor-element-64ed86b elementor-widget elementor-widget-text-editor\" data-id=\"64ed86b\" data-element_type=\"widget\" data-e-type=\"widget\" data-widget_type=\"text-editor.default\">\n\t\t\t\t<div class=\"elementor-widget-container\">\n\t\t\t\t\t\t\t\t\t<section class=\"container\">\n<div class=\"row\">\n<div class=\"spb_content_element col-sm-12 spb_text_column\">\n<div class=\"spb_wrapper clearfix\">\n<p>Pour la pr\u00e9cision des mesures, il est essentiel de cr\u00e9er des conditions adiabatiques aussi bonnes que possible, c&rsquo;est-\u00e0-dire de minimiser l&rsquo;\u00e9change de chaleur entre l&rsquo;\u00e9chantillon et l&rsquo;environnement.<\/p>\n<p>C&rsquo;est pourquoi la mesure se fait g\u00e9n\u00e9ralement sous vide et l&rsquo;\u00e9chantillon est soit stock\u00e9 sur pied, soit fix\u00e9 sur une plaque de base thermostat\u00e9e.<\/p>\n<p>En outre, un bouclier thermique est g\u00e9n\u00e9ralement utilis\u00e9 pour r\u00e9duire l&rsquo;\u00e9change de chaleur par rayonnement entre l&rsquo;\u00e9chantillon et l&rsquo;environnement.<\/p>\n<\/div>\n<\/div>\n<\/div>\n<\/section>\n<section class=\"container\">\n<div class=\"row\">\n<div class=\"spb_content_element col-sm-12 spb_text_column\">\n<div class=\"spb_wrapper clearfix\">\n<p>La mesure commence par l&rsquo;application d&rsquo;un courant <sub>I0<\/sub> entre les contacts des faces frontales, ce qui a pour effet de chauffer une transition entre l&rsquo;\u00e9chantillon et l&rsquo;\u00e9lectrode et de refroidir l&rsquo;autre en raison de l&rsquo;effet Peltier.\nLes conditions limites adiabatiques entra\u00eenent ensuite un gradient de temp\u00e9rature le long de l&rsquo;\u00e9chantillon, dont l&rsquo;ampleur d\u00e9pend du courant inject\u00e9 et des propri\u00e9t\u00e9s thermo\u00e9lectriques de l&rsquo;\u00e9chantillon.\nLes sondes de tension sur la surface lat\u00e9rale de l&rsquo;\u00e9chantillon sont utilis\u00e9es pour mesurer \u00e0 la fois la composante ohmique de la chute de tension<sub>UR<\/sub>, due au courant impos\u00e9, et la tension thermique <sub>Uth<\/sub> r\u00e9sultant du gradient de temp\u00e9rature (voir figure 1b).  <\/p>\n<p>La composante ohmique est mesur\u00e9e directement apr\u00e8s l&rsquo;application du courant, tandis que la tension thermique est d\u00e9termin\u00e9e dans l&rsquo;\u00e9tat final stationnaire.\nZT peut \u00eatre d\u00e9termin\u00e9 directement \u00e0 partir du rapport des deux tensions. <\/p>\n<\/div>\n<\/div>\n<\/div>\n<\/section>\n\t\t\t\t\t\t\t\t<\/div>\n\t\t\t\t<\/div>\n\t\t\t\t<div class=\"elementor-element elementor-element-63cdf9f elementor-invisible elementor-widget elementor-widget-text-editor\" data-id=\"63cdf9f\" data-element_type=\"widget\" data-e-type=\"widget\" data-settings=\"{&quot;_animation&quot;:&quot;fadeInUp&quot;,&quot;_animation_delay&quot;:500}\" data-widget_type=\"text-editor.default\">\n\t\t\t\t<div class=\"elementor-widget-container\">\n\t\t\t\t\t\t\t\t\t<section class=\"container\">\n<div class=\"row\">\n<div class=\"spb_content_element col-sm-12 spb_text_column\">\n<div class=\"spb_wrapper clearfix\">\n<p><img decoding=\"async\" class=\"wp-image-22474 size-full aligncenter\" src=\"https:\/\/www.linseis.com\/wp-content\/uploads\/2024\/07\/ZT-formula-1.png\" alt=\"\" width=\"171\" height=\"127\"><\/p>\n<\/div>\n<\/div>\n<\/div>\n<\/section>\n\t\t\t\t\t\t\t\t<\/div>\n\t\t\t\t<\/div>\n\t\t\t\t<div class=\"elementor-element elementor-element-cbe6a38 elementor-widget elementor-widget-text-editor\" data-id=\"cbe6a38\" data-element_type=\"widget\" data-e-type=\"widget\" data-widget_type=\"text-editor.default\">\n\t\t\t\t<div class=\"elementor-widget-container\">\n\t\t\t\t\t\t\t\t\t<p>La pr\u00e9cision de la m\u00e9thode de mesure d\u00e9pend fortement du respect des conditions de mesure adiabatiques et de la r\u00e9sistance de contact entre l&rsquo;\u00e9chantillon et les \u00e9lectrodes de courant.\nCela limite la temp\u00e9rature maximale de fonctionnement de l&rsquo;installation de mesure bas\u00e9e sur la technique Harman \u00e0 une temp\u00e9rature maximale de fonctionnement de 200\u00b0C \u00e0 300\u00b0C. <\/p>\n\t\t\t\t\t\t\t\t<\/div>\n\t\t\t\t<\/div>\n\t\t\t\t<\/div>\n\t\t\t\t\t<\/div>\n\t\t\t\t<\/div>\n\t\t<div class=\"elementor-element elementor-element-8801439 e-flex e-con-boxed e-con e-parent\" data-id=\"8801439\" data-element_type=\"container\" data-e-type=\"container\" data-settings=\"{&quot;background_background&quot;:&quot;classic&quot;}\">\n\t\t\t\t\t<div class=\"e-con-inner\">\n\t\t<div class=\"elementor-element elementor-element-4fda86f e-con-full e-flex e-con e-child\" data-id=\"4fda86f\" data-element_type=\"container\" data-e-type=\"container\">\n\t\t<div class=\"elementor-element elementor-element-a0a9aac e-con-full e-flex e-con e-child\" data-id=\"a0a9aac\" data-element_type=\"container\" data-e-type=\"container\">\n\t\t\t\t<div class=\"elementor-element elementor-element-53ea4ef elementor-widget elementor-widget-text-editor\" data-id=\"53ea4ef\" data-element_type=\"widget\" data-e-type=\"widget\" data-widget_type=\"text-editor.default\">\n\t\t\t\t<div class=\"elementor-widget-container\">\n\t\t\t\t\t\t\t\t\t<h2>Quelles sont les propri\u00e9t\u00e9s \u00e9valu\u00e9es ?<\/h2>\n\t\t\t\t\t\t\t\t<\/div>\n\t\t\t\t<\/div>\n\t\t\t\t<div class=\"elementor-element elementor-element-d38f832 elementor-widget elementor-widget-text-editor\" data-id=\"d38f832\" data-element_type=\"widget\" data-e-type=\"widget\" data-widget_type=\"text-editor.default\">\n\t\t\t\t<div class=\"elementor-widget-container\">\n\t\t\t\t\t\t\t\t\t<p>La m\u00e9thode Harman peut \u00eatre utilis\u00e9e pour mesurer directement le facteur de m\u00e9rite thermo\u00e9lectrique ZT.<br \/>Gr\u00e2ce \u00e0 cette mesure directe, l&rsquo;erreur pour ZT peut \u00eatre maintenue \u00e0 un niveau faible dans de bonnes conditions exp\u00e9rimentales, par rapport \u00e0 la m\u00e9thode conventionnelle de calcul de ZT \u00e0 partir de mesures uniques effectu\u00e9es par un <a href=\"https:\/\/www.linseis.com\/fr\/products\/propriete-electrique\/lsr-3\/\"><strong>LSR-3<\/strong><\/a> et <a href=\"https:\/\/www.linseis.com\/fr\/produits\/conductivite-thermique\/lfa-laser-flash-analyzer\/\"><strong>LFA<\/strong> <\/a>car dans ce cas, les barres d&rsquo;erreur de la mesure unique s&rsquo;accumulent.<\/p>\t\t\t\t\t\t\t\t<\/div>\n\t\t\t\t<\/div>\n\t\t\t\t<div class=\"elementor-element elementor-element-a75a636 elementor-invisible elementor-widget elementor-widget-text-editor\" data-id=\"a75a636\" data-element_type=\"widget\" data-e-type=\"widget\" data-settings=\"{&quot;_animation&quot;:&quot;fadeInUp&quot;,&quot;_animation_delay&quot;:500}\" data-widget_type=\"text-editor.default\">\n\t\t\t\t<div class=\"elementor-widget-container\">\n\t\t\t\t\t\t\t\t\t<section class=\"container\">\n<div class=\"row\">\n<div class=\"spb_content_element col-sm-12 spb_text_column\">\n<div class=\"spb_wrapper clearfix\">\n<p><img loading=\"lazy\" decoding=\"async\" class=\"aligncenter wp-image-22481 size-full\" src=\"https:\/\/www.linseis.com\/wp-content\/uploads\/2024\/07\/ZT-formula-2-2.png\" alt=\"\" width=\"221\" height=\"115\"><\/p>\n<\/div>\n<\/div>\n<\/div>\n<\/section>\n\t\t\t\t\t\t\t\t<\/div>\n\t\t\t\t<\/div>\n\t\t\t\t<\/div>\n\t\t<div class=\"elementor-element elementor-element-e2e8489 e-con-full e-flex e-con e-child\" data-id=\"e2e8489\" data-element_type=\"container\" data-e-type=\"container\">\n\t\t<div class=\"elementor-element elementor-element-5a584c2 e-con-full e-flex e-con e-child\" data-id=\"5a584c2\" data-element_type=\"container\" data-e-type=\"container\">\n\t\t\t\t<div class=\"elementor-element elementor-element-c062a2a elementor-widget elementor-widget-text-editor\" data-id=\"c062a2a\" data-element_type=\"widget\" data-e-type=\"widget\" data-widget_type=\"text-editor.default\">\n\t\t\t\t<div class=\"elementor-widget-container\">\n\t\t\t\t\t\t\t\t\t<p>La m\u00eame formule permet \u00e9galement de constater que la conductivit\u00e9 thermique, en tant que propri\u00e9t\u00e9 du mat\u00e9riau, peut \u00eatre calcul\u00e9e \u00e0 partir d&rsquo;une mesure combin\u00e9e de Harman et du facteur de puissance.\nIl peut s&rsquo;agir d&rsquo;une solution simple et \u00e9conomique pour mesurer les propri\u00e9t\u00e9s de transport thermique des \u00e9chantillons thermo\u00e9lectriques \u00e0 l&rsquo;aide d&rsquo;une plate-forme standard telle que le Linseis LSR-3. <\/p>\n\t\t\t\t\t\t\t\t<\/div>\n\t\t\t\t<\/div>\n\t\t\t\t<\/div>\n\t\t\t\t<\/div>\n\t\t\t\t<\/div>\n\t\t\t\t\t<\/div>\n\t\t\t\t<\/div>\n\t\t\t\t<\/div>\n\t\t","protected":false},"excerpt":{"rendered":"<p>M\u00e9thode Harman Mesure directe du facteur de m\u00e9rite ZT par la m\u00e9thode Harman Le facteur de m\u00e9rite thermo\u00e9lectrique thermo\u00e9lectrique ZT peut \u00eatre calcul\u00e9 \u00e0 partir des r\u00e9sultats des mesures individuelles de la la conductivit\u00e9 \u00e9lectrique, le coefficient Seebeck et de la conductivit\u00e9 thermique ou mesur\u00e9e directement. Une m\u00e9thode courante de d\u00e9termination directe est la m\u00e9thode [&hellip;]<\/p>\n","protected":false},"author":3,"featured_media":0,"parent":41027,"menu_order":0,"comment_status":"closed","ping_status":"closed","template":"","meta":{"_acf_changed":false,"inline_featured_image":false,"footnotes":""},"class_list":["post-41040","page","type-page","status-publish","hentry"],"acf":[],"_links":{"self":[{"href":"https:\/\/www.linseis.com\/fr\/wp-json\/wp\/v2\/pages\/41040","targetHints":{"allow":["GET"]}}],"collection":[{"href":"https:\/\/www.linseis.com\/fr\/wp-json\/wp\/v2\/pages"}],"about":[{"href":"https:\/\/www.linseis.com\/fr\/wp-json\/wp\/v2\/types\/page"}],"author":[{"embeddable":true,"href":"https:\/\/www.linseis.com\/fr\/wp-json\/wp\/v2\/users\/3"}],"replies":[{"embeddable":true,"href":"https:\/\/www.linseis.com\/fr\/wp-json\/wp\/v2\/comments?post=41040"}],"version-history":[{"count":0,"href":"https:\/\/www.linseis.com\/fr\/wp-json\/wp\/v2\/pages\/41040\/revisions"}],"up":[{"embeddable":true,"href":"https:\/\/www.linseis.com\/fr\/wp-json\/wp\/v2\/pages\/41027"}],"wp:attachment":[{"href":"https:\/\/www.linseis.com\/fr\/wp-json\/wp\/v2\/media?parent=41040"}],"curies":[{"name":"wp","href":"https:\/\/api.w.org\/{rel}","templated":true}]}}