{"id":41036,"date":"2024-07-26T10:15:24","date_gmt":"2024-07-26T08:15:24","guid":{"rendered":"https:\/\/www.linseis.com\/service-et-assistance\/methodes-danalyse-thermique\/calorimetrie-differentielle-a-balayage\/"},"modified":"2024-12-12T09:41:19","modified_gmt":"2024-12-12T08:41:19","slug":"calorimetrie-differentielle-a-balayage","status":"publish","type":"page","link":"https:\/\/www.linseis.com\/fr\/methodes-danalyse-thermique\/calorimetrie-differentielle-a-balayage\/","title":{"rendered":"Calorim\u00e9trie diff\u00e9rentielle \u00e0 balayage"},"content":{"rendered":"\t\t<div data-elementor-type=\"wp-post\" data-elementor-id=\"41036\" class=\"elementor elementor-41036 elementor-22398\" data-elementor-post-type=\"page\">\n\t\t\t\t<div class=\"elementor-element elementor-element-a3549cf e-flex e-con-boxed e-con e-parent\" data-id=\"a3549cf\" data-element_type=\"container\" data-e-type=\"container\" data-settings=\"{&quot;background_background&quot;:&quot;classic&quot;}\">\n\t\t\t\t\t<div class=\"e-con-inner\">\n\t\t\t\t<div class=\"elementor-element elementor-element-ac41c94 elementor-widget elementor-widget-image\" data-id=\"ac41c94\" data-element_type=\"widget\" data-e-type=\"widget\" data-widget_type=\"image.default\">\n\t\t\t\t<div class=\"elementor-widget-container\">\n\t\t\t\t\t\t\t\t\t\t\t\t\t\t\t<img decoding=\"async\" src=\"https:\/\/www.linseis.com\/wp-content\/uploads\/\/linseis_scale-top-1.svg\" title=\"\" alt=\"\" loading=\"lazy\" \/>\t\t\t\t\t\t\t\t\t\t\t\t\t\t\t<\/div>\n\t\t\t\t<\/div>\n\t\t<div class=\"elementor-element elementor-element-a7b7feb e-con-full e-flex e-con e-child\" data-id=\"a7b7feb\" data-element_type=\"container\" data-e-type=\"container\">\n\t\t<div class=\"elementor-element elementor-element-6100945 e-con-full e-flex e-con e-child\" data-id=\"6100945\" data-element_type=\"container\" data-e-type=\"container\">\n\t\t\t\t<div class=\"elementor-element elementor-element-cc1182c elementor-invisible elementor-widget elementor-widget-heading\" data-id=\"cc1182c\" data-element_type=\"widget\" data-e-type=\"widget\" data-settings=\"{&quot;_animation&quot;:&quot;fadeInUp&quot;,&quot;_animation_delay&quot;:250}\" data-widget_type=\"heading.default\">\n\t\t\t\t<div class=\"elementor-widget-container\">\n\t\t\t\t\t<h1 class=\"elementor-heading-title elementor-size-default\"><b>Calorim\u00e9trie diff\u00e9rentielle \u00e0 balayage<\/b><\/h1>\t\t\t\t<\/div>\n\t\t\t\t<\/div>\n\t\t\t\t<\/div>\n\t\t<div class=\"elementor-element elementor-element-6d91a43 e-con-full e-flex e-con e-child\" data-id=\"6d91a43\" data-element_type=\"container\" data-e-type=\"container\">\n\t\t\t\t<div class=\"elementor-element elementor-element-9413374 elementor-widget elementor-widget-n-carousel\" data-id=\"9413374\" data-element_type=\"widget\" data-e-type=\"widget\" data-settings=\"{&quot;carousel_items&quot;:[{&quot;slide_title&quot;:&quot;Produkt 1&quot;,&quot;_id&quot;:&quot;d6fbcdb&quot;}],&quot;slides_to_show&quot;:&quot;1&quot;,&quot;slides_to_scroll&quot;:&quot;2&quot;,&quot;autoplay_speed&quot;:2000,&quot;slides_to_show_tablet&quot;:&quot;1&quot;,&quot;slides_to_show_mobile&quot;:&quot;1&quot;,&quot;autoplay&quot;:&quot;yes&quot;,&quot;pause_on_hover&quot;:&quot;yes&quot;,&quot;pause_on_interaction&quot;:&quot;yes&quot;,&quot;infinite&quot;:&quot;yes&quot;,&quot;speed&quot;:500,&quot;offset_sides&quot;:&quot;none&quot;,&quot;image_spacing_custom&quot;:{&quot;unit&quot;:&quot;px&quot;,&quot;size&quot;:10,&quot;sizes&quot;:[]},&quot;image_spacing_custom_tablet&quot;:{&quot;unit&quot;:&quot;px&quot;,&quot;size&quot;:&quot;&quot;,&quot;sizes&quot;:[]},&quot;image_spacing_custom_mobile&quot;:{&quot;unit&quot;:&quot;px&quot;,&quot;size&quot;:&quot;&quot;,&quot;sizes&quot;:[]}}\" data-widget_type=\"nested-carousel.default\">\n\t\t\t\t<div class=\"elementor-widget-container\">\n\t\t\t\t\t\t\t<div class=\"e-n-carousel swiper\" role=\"region\" aria-roledescription=\"carousel\" aria-label=\"Carousel\" dir=\"ltr\">\n\t\t\t<div class=\"swiper-wrapper\" aria-live=\"off\">\n\t\t\t\t\t\t\t\t\t\t<div class=\"swiper-slide\" data-slide=\"1\" role=\"group\" aria-roledescription=\"slide\" aria-label=\"1 sur 1\">\n\t\t\t\t\t\t\t<div class=\"elementor-element elementor-element-44441f5 e-flex e-con-boxed e-con e-child\" data-id=\"44441f5\" data-element_type=\"container\" data-e-type=\"container\">\n\t\t\t\t\t<div class=\"e-con-inner\">\n\t\t\t\t<div class=\"elementor-element elementor-element-4103051 elementor-widget__width-initial elementor-invisible elementor-widget elementor-widget-image\" data-id=\"4103051\" data-element_type=\"widget\" data-e-type=\"widget\" data-settings=\"{&quot;_animation&quot;:&quot;fadeInUp&quot;}\" data-widget_type=\"image.default\">\n\t\t\t\t<div class=\"elementor-widget-container\">\n\t\t\t\t\t\t\t\t\t\t\t\t\t\t\t<img fetchpriority=\"high\" decoding=\"async\" width=\"800\" height=\"800\" src=\"https:\/\/www.linseis.com\/wp-content\/uploads\/2024\/07\/Linseis-Icons_Linien-weiss_Zeichenflaeche-1-Kopie-86-1024x1024.png\" class=\"attachment-large size-large wp-image-23725\" alt=\"\" srcset=\"https:\/\/www.linseis.com\/wp-content\/uploads\/2024\/07\/Linseis-Icons_Linien-weiss_Zeichenflaeche-1-Kopie-86-1024x1024.png 1024w, https:\/\/www.linseis.com\/wp-content\/uploads\/2024\/07\/Linseis-Icons_Linien-weiss_Zeichenflaeche-1-Kopie-86-300x300.png 300w, https:\/\/www.linseis.com\/wp-content\/uploads\/2024\/07\/Linseis-Icons_Linien-weiss_Zeichenflaeche-1-Kopie-86-150x150.png 150w, https:\/\/www.linseis.com\/wp-content\/uploads\/2024\/07\/Linseis-Icons_Linien-weiss_Zeichenflaeche-1-Kopie-86-768x768.png 768w, https:\/\/www.linseis.com\/wp-content\/uploads\/2024\/07\/Linseis-Icons_Linien-weiss_Zeichenflaeche-1-Kopie-86-1536x1536.png 1536w, https:\/\/www.linseis.com\/wp-content\/uploads\/2024\/07\/Linseis-Icons_Linien-weiss_Zeichenflaeche-1-Kopie-86-2048x2048.png 2048w\" sizes=\"(max-width: 800px) 100vw, 800px\" \/>\t\t\t\t\t\t\t\t\t\t\t\t\t\t\t<\/div>\n\t\t\t\t<\/div>\n\t\t\t\t\t<\/div>\n\t\t\t\t<\/div>\n\t\t\t\t\t\t\t\t<\/div>\n\t\t\t\t\t\t\t\t<\/div>\n\t\t<\/div>\n\t\t\t\t\t\t<\/div>\n\t\t\t\t<\/div>\n\t\t\t\t<\/div>\n\t\t\t\t<\/div>\n\t\t\t\t<div class=\"elementor-element elementor-element-b4a6800 elementor-widget elementor-widget-image\" data-id=\"b4a6800\" data-element_type=\"widget\" data-e-type=\"widget\" data-widget_type=\"image.default\">\n\t\t\t\t<div class=\"elementor-widget-container\">\n\t\t\t\t\t\t\t\t\t\t\t\t\t\t\t<img decoding=\"async\" src=\"https:\/\/www.linseis.com\/wp-content\/uploads\/\/linseis_scale-bottom-1.svg\" title=\"\" alt=\"\" loading=\"lazy\" \/>\t\t\t\t\t\t\t\t\t\t\t\t\t\t\t<\/div>\n\t\t\t\t<\/div>\n\t\t\t\t\t<\/div>\n\t\t\t\t<\/div>\n\t\t<div class=\"elementor-element elementor-element-7c8d6cc e-flex e-con-boxed e-con e-parent\" data-id=\"7c8d6cc\" data-element_type=\"container\" data-e-type=\"container\" data-settings=\"{&quot;background_background&quot;:&quot;classic&quot;}\">\n\t\t\t\t\t<div class=\"e-con-inner\">\n\t\t\t\t\t<\/div>\n\t\t\t\t<\/div>\n\t\t<div class=\"elementor-element elementor-element-d7b7522 e-flex e-con-boxed e-con e-parent\" data-id=\"d7b7522\" data-element_type=\"container\" data-e-type=\"container\" data-settings=\"{&quot;background_background&quot;:&quot;classic&quot;}\">\n\t\t\t\t\t<div class=\"e-con-inner\">\n\t\t<div class=\"elementor-element elementor-element-449b6fd e-con-full e-flex e-con e-child\" data-id=\"449b6fd\" data-element_type=\"container\" data-e-type=\"container\">\n\t\t\t\t<div class=\"elementor-element elementor-element-031217d elementor-invisible elementor-widget elementor-widget-wp-widget-bcn_widget\" data-id=\"031217d\" data-element_type=\"widget\" data-e-type=\"widget\" data-settings=\"{&quot;_animation&quot;:&quot;fadeInUp&quot;}\" data-widget_type=\"wp-widget-bcn_widget.default\">\n\t\t\t\t<div class=\"elementor-widget-container\">\n\t\t\t\t\t<div class=\"breadcrumbs\" vocab=\"https:\/\/schema.org\/\" typeof=\"BreadcrumbList\"><span property=\"itemListElement\" typeof=\"ListItem\"><a property=\"item\" typeof=\"WebPage\" title=\"Aller \u00e0 Linseis.\" href=\"https:\/\/www.linseis.com\/fr\/\" class=\"home\" aria-current=\"page\"><span property=\"name\">Linseis<\/span><\/a><meta property=\"position\" content=\"1\"><\/span><\/div>\t\t\t\t<\/div>\n\t\t\t\t<\/div>\n\t\t\t\t<\/div>\n\t\t\t\t\t<\/div>\n\t\t\t\t<\/div>\n\t\t<div class=\"elementor-element elementor-element-ed98f58 e-flex e-con-boxed e-con e-parent\" data-id=\"ed98f58\" data-element_type=\"container\" data-e-type=\"container\" data-settings=\"{&quot;background_background&quot;:&quot;classic&quot;}\">\n\t\t\t\t\t<div class=\"e-con-inner\">\n\t\t<div class=\"elementor-element elementor-element-bbc47b3 e-con-full e-flex e-con e-child\" data-id=\"bbc47b3\" data-element_type=\"container\" data-e-type=\"container\">\n\t\t\t\t<div class=\"elementor-element elementor-element-71a1ec4 elementor-invisible elementor-widget elementor-widget-text-editor\" data-id=\"71a1ec4\" data-element_type=\"widget\" data-e-type=\"widget\" data-settings=\"{&quot;_animation&quot;:&quot;fadeInUp&quot;,&quot;_animation_delay&quot;:500}\" data-widget_type=\"text-editor.default\">\n\t\t\t\t<div class=\"elementor-widget-container\">\n\t\t\t\t\t\t\t\t\t<h2>Qu&rsquo;est-ce que l&rsquo;analyse calorim\u00e9trique diff\u00e9rentielle ?<\/h2>\n\t\t\t\t\t\t\t\t<\/div>\n\t\t\t\t<\/div>\n\t\t\t\t<div class=\"elementor-element elementor-element-32d9053 elementor-widget elementor-widget-text-editor\" data-id=\"32d9053\" data-element_type=\"widget\" data-e-type=\"widget\" data-widget_type=\"text-editor.default\">\n\t\t\t\t<div class=\"elementor-widget-container\">\n\t\t\t\t\t\t\t\t\t<p>La calorim\u00e9trie \u00e0 balayage diff\u00e9rentiel (DSC) <a href=\"https:\/\/www.linseis.com\/fr\/produits\/dsc-differential-scanning-calorimetry\/\"><strong>calorim\u00e9trie diff\u00e9rentielle \u00e0 balayage (DSC)<\/strong><\/a> est la principale technique d&rsquo;analyse thermique.<br \/>La DSC d\u00e9tecte les <strong>transitions endothermiques et exothermiques<\/strong> comme la d\u00e9termination des temp\u00e9ratures de transformation et de l&rsquo;enthalpie des solides et des liquides en fonction de la temp\u00e9rature.<\/p><p>Contrairement \u00e0 la calorim\u00e9trie classique, o\u00f9 un \u00e9chantillon est plac\u00e9 dans une chambre isol\u00e9e pour surveiller l&rsquo;absorption et la lib\u00e9ration de chaleur dans une exp\u00e9rience isotherme, la calorim\u00e9trie diff\u00e9rentielle \u00e0 balayage est une proc\u00e9dure dynamique.<\/p><p>Un calorim\u00e8tre typique est une chambre isol\u00e9e dans laquelle un \u00e9chantillon est plac\u00e9 dans un milieu environnant.<br \/>L&rsquo;\u00e9chantillon est ensuite chauff\u00e9 avec une quantit\u00e9 d\u00e9finie de chaleur.<br \/>La diff\u00e9rence de temp\u00e9rature entre l&rsquo;\u00e9chantillon et le milieu environnant donne la capacit\u00e9 thermique de l&rsquo;\u00e9chantillon et des informations sur le d\u00e9gagement de chaleur et la consommation de l&rsquo;\u00e9chantillon.<br \/>En outre, la technique de balayage diff\u00e9rentiel utilise un \u00e9chantillon et une r\u00e9f\u00e9rence qui sont soumis aux m\u00eames conditions et leur signal est directement soustrait l&rsquo;un de l&rsquo;autre.<\/p>\t\t\t\t\t\t\t\t<\/div>\n\t\t\t\t<\/div>\n\t\t\t\t<\/div>\n\t\t\t\t\t<\/div>\n\t\t\t\t<\/div>\n\t\t<div class=\"elementor-element elementor-element-8801439 e-flex e-con-boxed e-con e-parent\" data-id=\"8801439\" data-element_type=\"container\" data-e-type=\"container\" data-settings=\"{&quot;background_background&quot;:&quot;classic&quot;}\">\n\t\t\t\t\t<div class=\"e-con-inner\">\n\t\t<div class=\"elementor-element elementor-element-4fda86f e-con-full e-flex e-con e-child\" data-id=\"4fda86f\" data-element_type=\"container\" data-e-type=\"container\">\n\t\t<div class=\"elementor-element elementor-element-a0a9aac e-con-full e-flex e-con e-child\" data-id=\"a0a9aac\" data-element_type=\"container\" data-e-type=\"container\">\n\t\t\t\t<div class=\"elementor-element elementor-element-53ea4ef elementor-widget elementor-widget-text-editor\" data-id=\"53ea4ef\" data-element_type=\"widget\" data-e-type=\"widget\" data-widget_type=\"text-editor.default\">\n\t\t\t\t<div class=\"elementor-widget-container\">\n\t\t\t\t\t\t\t\t\t<h2>O\u00f9 la calorim\u00e9trie diff\u00e9rentielle \u00e0 balayage est-elle utilis\u00e9e ?<\/h2>\n\t\t\t\t\t\t\t\t<\/div>\n\t\t\t\t<\/div>\n\t\t\t\t<div class=\"elementor-element elementor-element-d38f832 elementor-widget elementor-widget-text-editor\" data-id=\"d38f832\" data-element_type=\"widget\" data-e-type=\"widget\" data-widget_type=\"text-editor.default\">\n\t\t\t\t<div class=\"elementor-widget-container\">\n\t\t\t\t\t\t\t\t\t<p>L&rsquo;analyse DSC est utilis\u00e9e pour de nombreuses applications dans un large \u00e9ventail d&rsquo;industries telles que les <a href=\"https:\/\/www.linseis.com\/fr\/votre-industrie\/polymeres\/\"><strong>polym\u00e8res<\/strong><\/a>, ainsi que pour la <a href=\"https:\/\/www.linseis.com\/fr\/votre-industrie\/recherche-developpement-et-universites\/\"><strong>recherche fondamentale dans les universit\u00e9s<\/strong><\/a>.<br \/>Les exemples incluent la <a href=\"https:\/\/www.linseis.com\/fr\/connaissance\/temperature-de-transition-du-verre\/\"><strong>d\u00e9termination de la transition vitreuse<\/strong><\/a> et l&rsquo;<strong><a href=\"https:\/\/www.linseis.com\/fr\/votre-industrie\/chimique\/\">\u00e9tude des r\u00e9actions chimiques<\/a>, de <a href=\"https:\/\/www.linseis.com\/fr\/connaissance\/cristallisation-et-recristallisation-des-polymeres\/\">la fusion et du comportement de cristallisation<\/a><\/strong>.<\/p><p><strong>D<\/strong>&lsquo;autres <strong>applications de la DSC concernent l&rsquo;influence des additifs, des charges ou du traitement des mat\u00e9riaux<\/strong>.<br \/>La forme caract\u00e9ristique des courbes DSC individuelles est \u00e9galement utilis\u00e9e pour le contr\u00f4le de la qualit\u00e9.<\/p>\t\t\t\t\t\t\t\t<\/div>\n\t\t\t\t<\/div>\n\t\t\t\t<\/div>\n\t\t<div class=\"elementor-element elementor-element-cdefdb7 e-con-full e-flex e-con e-child\" data-id=\"cdefdb7\" data-element_type=\"container\" data-e-type=\"container\">\n\t\t\t\t<div class=\"elementor-element elementor-element-dca24fd elementor-widget elementor-widget-text-editor\" data-id=\"dca24fd\" data-element_type=\"widget\" data-e-type=\"widget\" data-widget_type=\"text-editor.default\">\n\t\t\t\t<div class=\"elementor-widget-container\">\n\t\t\t\t\t\t\t\t\t<h2>Quelle est la diff\u00e9rence entre DTA et DSC ?<\/h2>\n\t\t\t\t\t\t\t\t<\/div>\n\t\t\t\t<\/div>\n\t\t\t\t<div class=\"elementor-element elementor-element-d37c58e elementor-widget elementor-widget-text-editor\" data-id=\"d37c58e\" data-element_type=\"widget\" data-e-type=\"widget\" data-widget_type=\"text-editor.default\">\n\t\t\t\t<div class=\"elementor-widget-container\">\n\t\t\t\t\t\t\t\t\t<p>La diff\u00e9rence entre DSC et DTA est la suivante : La<strong> DSC mesure la diff\u00e9rence de flux thermique<\/strong> et la <strong><a href=\"https:\/\/www.linseis.com\/fr\/produits\/dta-differential-thermal-analysis\/\">DTA<\/a> mesure les diff\u00e9rences de temp\u00e9rature<\/strong> entre un \u00e9chantillon de r\u00e9f\u00e9rence et un \u00e9chantillon d&rsquo;int\u00e9r\u00eat.<\/p>\t\t\t\t\t\t\t\t<\/div>\n\t\t\t\t<\/div>\n\t\t\t\t<div class=\"elementor-element elementor-element-69f7499 elementor-invisible elementor-widget elementor-widget-text-editor\" data-id=\"69f7499\" data-element_type=\"widget\" data-e-type=\"widget\" data-settings=\"{&quot;_animation&quot;:&quot;fadeInUp&quot;,&quot;_animation_delay&quot;:500}\" data-widget_type=\"text-editor.default\">\n\t\t\t\t<div class=\"elementor-widget-container\">\n\t\t\t\t\t\t\t\t\t<p><img decoding=\"async\" class=\"wp-image-26353 size-large aligncenter\" src=\"https:\/\/www.linseis.com\/wp-content\/uploads\/2024\/08\/Difference-between-DSC-and-DTA-1024x493.png\" alt=\"\" width=\"1024\" height=\"493\" srcset=\"https:\/\/www.linseis.com\/wp-content\/uploads\/2024\/08\/Difference-between-DSC-and-DTA-1024x493.png 1024w, https:\/\/www.linseis.com\/wp-content\/uploads\/2024\/08\/Difference-between-DSC-and-DTA-300x144.png 300w, https:\/\/www.linseis.com\/wp-content\/uploads\/2024\/08\/Difference-between-DSC-and-DTA-768x370.png 768w, https:\/\/www.linseis.com\/wp-content\/uploads\/2024\/08\/Difference-between-DSC-and-DTA.png 1350w\" sizes=\"(max-width: 1024px) 100vw, 1024px\" \/><\/p>\n<p style=\"text-align: center;\"><em>Dilatom\u00e9trie optique &#8211; image en noir et blanc pendant un processus de chauffage<\/em><\/p>\n\t\t\t\t\t\t\t\t<\/div>\n\t\t\t\t<\/div>\n\t\t\t\t<\/div>\n\t\t<div class=\"elementor-element elementor-element-e2e8489 e-con-full e-flex e-con e-child\" data-id=\"e2e8489\" data-element_type=\"container\" data-e-type=\"container\">\n\t\t\t\t<div class=\"elementor-element elementor-element-c1c012a elementor-widget elementor-widget-text-editor\" data-id=\"c1c012a\" data-element_type=\"widget\" data-e-type=\"widget\" data-widget_type=\"text-editor.default\">\n\t\t\t\t<div class=\"elementor-widget-container\">\n\t\t\t\t\t\t\t\t\t<h2>Quelle est la diff\u00e9rence entre une analyse DSC par flux de chaleur et une analyse DSC par compensation de puissance ?<\/h2>\n\t\t\t\t\t\t\t\t<\/div>\n\t\t\t\t<\/div>\n\t\t<div class=\"elementor-element elementor-element-5a584c2 e-con-full e-flex e-con e-child\" data-id=\"5a584c2\" data-element_type=\"container\" data-e-type=\"container\">\n\t\t\t\t<div class=\"elementor-element elementor-element-ef9903f elementor-widget elementor-widget-text-editor\" data-id=\"ef9903f\" data-element_type=\"widget\" data-e-type=\"widget\" data-widget_type=\"text-editor.default\">\n\t\t\t\t<div class=\"elementor-widget-container\">\n\t\t\t\t\t\t\t\t\t<p>Les appareils DSC sont construits selon deux principes de mesure de base : le principe du flux thermique et le principe du DSC \u00e0 compensation de puissance.<\/p>\n<p>Avec la <strong>DSC \u00e0 flux thermique<\/strong>, les variations du flux thermique sont calcul\u00e9es en int\u00e9grant la courbe \u0394Tref.\nPour ce type d&rsquo;analyse DSC, un \u00e9chantillon et un creuset de r\u00e9f\u00e9rence sont plac\u00e9s sur un porte-\u00e9chantillon avec des capteurs de temp\u00e9rature int\u00e9gr\u00e9s pour mesurer la temp\u00e9rature des creusets.\nCe dispositif est plac\u00e9 dans un four \u00e0 temp\u00e9rature contr\u00f4l\u00e9e.\nContrairement \u00e0 la conception classique, la caract\u00e9ristique de ce DSC est la disposition verticale des capteurs de temp\u00e9rature planaires entourant un dispositif de chauffage planaire.\nCette disposition permet d&rsquo;obtenir une structure tr\u00e8s compacte, l\u00e9g\u00e8re et \u00e0 faible capacit\u00e9 thermique, tout en conservant l&rsquo;ensemble des fonctionnalit\u00e9s d&rsquo;un four DSC.    <\/p>\n<p>Dans l&rsquo;<strong>analyse DSC \u00e0 compensation de puissance<\/strong>, l&rsquo;\u00e9chantillon et le creuset de r\u00e9f\u00e9rence sont s\u00e9par\u00e9s dans l&rsquo;espace.\nLa temp\u00e9rature des deux chambres est ensuite contr\u00f4l\u00e9e de mani\u00e8re \u00e0 ce que la m\u00eame temp\u00e9rature soit toujours pr\u00e9sente des deux c\u00f4t\u00e9s.\nAu lieu de la diff\u00e9rence de temp\u00e9rature entre les deux creusets, c&rsquo;est la puissance \u00e9lectrique n\u00e9cessaire pour atteindre et maintenir cet \u00e9tat qui est enregistr\u00e9e.  <\/p>\n\t\t\t\t\t\t\t\t<\/div>\n\t\t\t\t<\/div>\n\t\t\t\t<div class=\"elementor-element elementor-element-2111823 elementor-widget elementor-widget-text-editor\" data-id=\"2111823\" data-element_type=\"widget\" data-e-type=\"widget\" data-widget_type=\"text-editor.default\">\n\t\t\t\t<div class=\"elementor-widget-container\">\n\t\t\t\t\t\t\t\t\t<h2>Quelles sont les normes pour la calorim\u00e9trie diff\u00e9rentielle \u00e0 balayage ?<\/h2>\n\t\t\t\t\t\t\t\t<\/div>\n\t\t\t\t<\/div>\n\t\t\t\t<\/div>\n\t\t\t\t<div class=\"elementor-element elementor-element-82f4194 elementor-widget elementor-widget-text-editor\" data-id=\"82f4194\" data-element_type=\"widget\" data-e-type=\"widget\" data-widget_type=\"text-editor.default\">\n\t\t\t\t<div class=\"elementor-widget-container\">\n\t\t\t\t\t\t\t\t\t<ul>\n<li>DIN 53765 : Essai des mati\u00e8res plastiques et des \u00e9lastom\u00e8res ; analyse thermique ; m\u00e9thode DSC<\/li>\n<li>DIN 51007:2019-04 : Analyse thermique &#8211; Analyse thermique diff\u00e9rentielle (ATD) et calorim\u00e9trie diff\u00e9rentielle \u00e0 balayage (DSC) &#8211; Principes g\u00e9n\u00e9raux<\/li>\n<li>DIN EN 6041:2018-03 : S\u00e9rie a\u00e9rospatiale &#8211; Mat\u00e9riaux non m\u00e9talliques &#8211; M\u00e9thode d&rsquo;essai &#8211; Analyse des mat\u00e9riaux non m\u00e9talliques (non durcis) par calorim\u00e9trie diff\u00e9rentielle \u00e0 balayage (DSC) ; version allemande et anglaise EN 6041:2018<\/li>\n<li>DIN EN 728 : Syst\u00e8mes de canalisations et de conduits en mati\u00e8res plastiques &#8211; Tubes et raccords en polyol\u00e9fine &#8211; D\u00e9termination du temps d&rsquo;induction de l&rsquo;oxydation ; version allemande EN 728:1997<\/li>\n<li>DIN EN ISO 11357-1, -2, -3, -4 et -6 : Plastiques &#8211; Calorim\u00e9trie diff\u00e9rentielle \u00e0 balayage (DSC) &#8211; Partie 1 : Principes g\u00e9n\u00e9raux (ISO\/FDIS 11357-1:2016) ; version allemande et anglaise FprEN ISO 11357-1:2016<\/li>\n<li>ASTM E 126 : M\u00e9thode de test standard pour l&rsquo;inspection, l&rsquo;\u00e9talonnage et la v\u00e9rification des hydrom\u00e8tres ASTM<\/li>\n<li>ASTM E 1356 : M\u00e9thode d&rsquo;essai standard pour l&rsquo;attribution des temp\u00e9ratures de transition vitreuse par calorim\u00e9trie diff\u00e9rentielle \u00e0 balayage<\/li>\n<\/ul>\n\t\t\t\t\t\t\t\t<\/div>\n\t\t\t\t<\/div>\n\t\t\t\t<\/div>\n\t\t\t\t<\/div>\n\t\t\t\t\t<\/div>\n\t\t\t\t<\/div>\n\t\t\t\t<\/div>\n\t\t","protected":false},"excerpt":{"rendered":"<p>Calorim\u00e9trie diff\u00e9rentielle \u00e0 balayage Qu&rsquo;est-ce que l&rsquo;analyse calorim\u00e9trique diff\u00e9rentielle ? La calorim\u00e9trie \u00e0 balayage diff\u00e9rentiel (DSC) calorim\u00e9trie diff\u00e9rentielle \u00e0 balayage (DSC) est la principale technique d&rsquo;analyse thermique.La DSC d\u00e9tecte les transitions endothermiques et exothermiques comme la d\u00e9termination des temp\u00e9ratures de transformation et de l&rsquo;enthalpie des solides et des liquides en fonction de la temp\u00e9rature. Contrairement [&hellip;]<\/p>\n","protected":false},"author":3,"featured_media":0,"parent":41027,"menu_order":0,"comment_status":"closed","ping_status":"closed","template":"","meta":{"_acf_changed":false,"inline_featured_image":false,"footnotes":""},"class_list":["post-41036","page","type-page","status-publish","hentry"],"acf":[],"_links":{"self":[{"href":"https:\/\/www.linseis.com\/fr\/wp-json\/wp\/v2\/pages\/41036","targetHints":{"allow":["GET"]}}],"collection":[{"href":"https:\/\/www.linseis.com\/fr\/wp-json\/wp\/v2\/pages"}],"about":[{"href":"https:\/\/www.linseis.com\/fr\/wp-json\/wp\/v2\/types\/page"}],"author":[{"embeddable":true,"href":"https:\/\/www.linseis.com\/fr\/wp-json\/wp\/v2\/users\/3"}],"replies":[{"embeddable":true,"href":"https:\/\/www.linseis.com\/fr\/wp-json\/wp\/v2\/comments?post=41036"}],"version-history":[{"count":0,"href":"https:\/\/www.linseis.com\/fr\/wp-json\/wp\/v2\/pages\/41036\/revisions"}],"up":[{"embeddable":true,"href":"https:\/\/www.linseis.com\/fr\/wp-json\/wp\/v2\/pages\/41027"}],"wp:attachment":[{"href":"https:\/\/www.linseis.com\/fr\/wp-json\/wp\/v2\/media?parent=41036"}],"curies":[{"name":"wp","href":"https:\/\/api.w.org\/{rel}","templated":true}]}}