{"id":41029,"date":"2024-07-25T19:26:28","date_gmt":"2024-07-25T17:26:28","guid":{"rendered":"https:\/\/www.linseis.com\/service-et-assistance\/methodes-danalyse-thermique\/3-methode-omega\/"},"modified":"2024-12-12T09:33:29","modified_gmt":"2024-12-12T08:33:29","slug":"3-methode-omega","status":"publish","type":"page","link":"https:\/\/www.linseis.com\/fr\/methodes-danalyse-thermique\/3-methode-omega\/","title":{"rendered":"3 M\u00e9thode om\u00e9ga"},"content":{"rendered":"\t\t<div data-elementor-type=\"wp-post\" data-elementor-id=\"41029\" class=\"elementor elementor-41029 elementor-21533\" data-elementor-post-type=\"page\">\n\t\t\t\t<div class=\"elementor-element elementor-element-a3549cf e-flex e-con-boxed e-con e-parent\" data-id=\"a3549cf\" data-element_type=\"container\" data-e-type=\"container\" data-settings=\"{&quot;background_background&quot;:&quot;classic&quot;}\">\n\t\t\t\t\t<div class=\"e-con-inner\">\n\t\t\t\t<div class=\"elementor-element elementor-element-ac41c94 elementor-widget elementor-widget-image\" data-id=\"ac41c94\" data-element_type=\"widget\" data-e-type=\"widget\" data-widget_type=\"image.default\">\n\t\t\t\t<div class=\"elementor-widget-container\">\n\t\t\t\t\t\t\t\t\t\t\t\t\t\t\t<img decoding=\"async\" src=\"https:\/\/www.linseis.com\/wp-content\/uploads\/\/linseis_scale-top-1.svg\" title=\"\" alt=\"\" loading=\"lazy\" \/>\t\t\t\t\t\t\t\t\t\t\t\t\t\t\t<\/div>\n\t\t\t\t<\/div>\n\t\t<div class=\"elementor-element elementor-element-a7b7feb e-con-full e-flex e-con e-child\" data-id=\"a7b7feb\" data-element_type=\"container\" data-e-type=\"container\">\n\t\t<div class=\"elementor-element elementor-element-6100945 e-con-full e-flex e-con e-child\" data-id=\"6100945\" data-element_type=\"container\" data-e-type=\"container\">\n\t\t\t\t<div class=\"elementor-element elementor-element-cc1182c elementor-invisible elementor-widget elementor-widget-heading\" data-id=\"cc1182c\" data-element_type=\"widget\" data-e-type=\"widget\" data-settings=\"{&quot;_animation&quot;:&quot;fadeInUp&quot;,&quot;_animation_delay&quot;:250}\" data-widget_type=\"heading.default\">\n\t\t\t\t<div class=\"elementor-widget-container\">\n\t\t\t\t\t<h1 class=\"elementor-heading-title elementor-size-default\"><b>3\u03c9 M\u00e9thode om\u00e9ga<\/b><\/h1>\t\t\t\t<\/div>\n\t\t\t\t<\/div>\n\t\t\t\t<\/div>\n\t\t<div class=\"elementor-element elementor-element-6d91a43 e-con-full e-flex e-con e-child\" data-id=\"6d91a43\" data-element_type=\"container\" data-e-type=\"container\">\n\t\t\t\t<div class=\"elementor-element elementor-element-9413374 elementor-widget elementor-widget-n-carousel\" data-id=\"9413374\" data-element_type=\"widget\" data-e-type=\"widget\" data-settings=\"{&quot;carousel_items&quot;:[{&quot;slide_title&quot;:&quot;Produkt 1&quot;,&quot;_id&quot;:&quot;d6fbcdb&quot;}],&quot;slides_to_show&quot;:&quot;1&quot;,&quot;slides_to_scroll&quot;:&quot;2&quot;,&quot;autoplay_speed&quot;:2000,&quot;slides_to_show_tablet&quot;:&quot;1&quot;,&quot;slides_to_show_mobile&quot;:&quot;1&quot;,&quot;autoplay&quot;:&quot;yes&quot;,&quot;pause_on_hover&quot;:&quot;yes&quot;,&quot;pause_on_interaction&quot;:&quot;yes&quot;,&quot;infinite&quot;:&quot;yes&quot;,&quot;speed&quot;:500,&quot;offset_sides&quot;:&quot;none&quot;,&quot;image_spacing_custom&quot;:{&quot;unit&quot;:&quot;px&quot;,&quot;size&quot;:10,&quot;sizes&quot;:[]},&quot;image_spacing_custom_tablet&quot;:{&quot;unit&quot;:&quot;px&quot;,&quot;size&quot;:&quot;&quot;,&quot;sizes&quot;:[]},&quot;image_spacing_custom_mobile&quot;:{&quot;unit&quot;:&quot;px&quot;,&quot;size&quot;:&quot;&quot;,&quot;sizes&quot;:[]}}\" data-widget_type=\"nested-carousel.default\">\n\t\t\t\t<div class=\"elementor-widget-container\">\n\t\t\t\t\t\t\t<div class=\"e-n-carousel swiper\" role=\"region\" aria-roledescription=\"carousel\" aria-label=\"Carousel\" dir=\"ltr\">\n\t\t\t<div class=\"swiper-wrapper\" aria-live=\"off\">\n\t\t\t\t\t\t\t\t\t\t<div class=\"swiper-slide\" data-slide=\"1\" role=\"group\" aria-roledescription=\"slide\" aria-label=\"1 sur 1\">\n\t\t\t\t\t\t\t<div class=\"elementor-element elementor-element-44441f5 e-flex e-con-boxed e-con e-child\" data-id=\"44441f5\" data-element_type=\"container\" data-e-type=\"container\">\n\t\t\t\t\t<div class=\"e-con-inner\">\n\t\t\t\t<div class=\"elementor-element elementor-element-3fdf52d elementor-widget__width-initial elementor-invisible elementor-widget elementor-widget-image\" data-id=\"3fdf52d\" data-element_type=\"widget\" data-e-type=\"widget\" data-settings=\"{&quot;_animation&quot;:&quot;fadeInUp&quot;}\" data-widget_type=\"image.default\">\n\t\t\t\t<div class=\"elementor-widget-container\">\n\t\t\t\t\t\t\t\t\t\t\t\t\t\t\t<img fetchpriority=\"high\" decoding=\"async\" width=\"800\" height=\"800\" src=\"https:\/\/www.linseis.com\/wp-content\/uploads\/2024\/07\/Linseis-Icons_Linien-weiss_Zeichenflaeche-1-Kopie-87-1024x1024.png\" class=\"attachment-large size-large wp-image-23732\" alt=\"\" srcset=\"https:\/\/www.linseis.com\/wp-content\/uploads\/2024\/07\/Linseis-Icons_Linien-weiss_Zeichenflaeche-1-Kopie-87-1024x1024.png 1024w, https:\/\/www.linseis.com\/wp-content\/uploads\/2024\/07\/Linseis-Icons_Linien-weiss_Zeichenflaeche-1-Kopie-87-300x300.png 300w, https:\/\/www.linseis.com\/wp-content\/uploads\/2024\/07\/Linseis-Icons_Linien-weiss_Zeichenflaeche-1-Kopie-87-150x150.png 150w, https:\/\/www.linseis.com\/wp-content\/uploads\/2024\/07\/Linseis-Icons_Linien-weiss_Zeichenflaeche-1-Kopie-87-768x768.png 768w, https:\/\/www.linseis.com\/wp-content\/uploads\/2024\/07\/Linseis-Icons_Linien-weiss_Zeichenflaeche-1-Kopie-87-1536x1536.png 1536w, https:\/\/www.linseis.com\/wp-content\/uploads\/2024\/07\/Linseis-Icons_Linien-weiss_Zeichenflaeche-1-Kopie-87-2048x2048.png 2048w\" sizes=\"(max-width: 800px) 100vw, 800px\" \/>\t\t\t\t\t\t\t\t\t\t\t\t\t\t\t<\/div>\n\t\t\t\t<\/div>\n\t\t\t\t\t<\/div>\n\t\t\t\t<\/div>\n\t\t\t\t\t\t\t\t<\/div>\n\t\t\t\t\t\t\t\t<\/div>\n\t\t<\/div>\n\t\t\t\t\t\t<\/div>\n\t\t\t\t<\/div>\n\t\t\t\t<\/div>\n\t\t\t\t<\/div>\n\t\t\t\t<div class=\"elementor-element elementor-element-b4a6800 elementor-widget elementor-widget-image\" data-id=\"b4a6800\" data-element_type=\"widget\" data-e-type=\"widget\" data-widget_type=\"image.default\">\n\t\t\t\t<div class=\"elementor-widget-container\">\n\t\t\t\t\t\t\t\t\t\t\t\t\t\t\t<img decoding=\"async\" src=\"https:\/\/www.linseis.com\/wp-content\/uploads\/\/linseis_scale-bottom-1.svg\" title=\"\" alt=\"\" loading=\"lazy\" \/>\t\t\t\t\t\t\t\t\t\t\t\t\t\t\t<\/div>\n\t\t\t\t<\/div>\n\t\t\t\t\t<\/div>\n\t\t\t\t<\/div>\n\t\t<div class=\"elementor-element elementor-element-7c8d6cc e-flex e-con-boxed e-con e-parent\" data-id=\"7c8d6cc\" data-element_type=\"container\" data-e-type=\"container\" data-settings=\"{&quot;background_background&quot;:&quot;classic&quot;}\">\n\t\t\t\t\t<div class=\"e-con-inner\">\n\t\t\t\t\t<\/div>\n\t\t\t\t<\/div>\n\t\t<div class=\"elementor-element elementor-element-d7b7522 e-flex e-con-boxed e-con e-parent\" data-id=\"d7b7522\" data-element_type=\"container\" data-e-type=\"container\" data-settings=\"{&quot;background_background&quot;:&quot;classic&quot;}\">\n\t\t\t\t\t<div class=\"e-con-inner\">\n\t\t<div class=\"elementor-element elementor-element-449b6fd e-con-full e-flex e-con e-child\" data-id=\"449b6fd\" data-element_type=\"container\" data-e-type=\"container\">\n\t\t\t\t<div class=\"elementor-element elementor-element-031217d elementor-invisible elementor-widget elementor-widget-wp-widget-bcn_widget\" data-id=\"031217d\" data-element_type=\"widget\" data-e-type=\"widget\" data-settings=\"{&quot;_animation&quot;:&quot;fadeInUp&quot;}\" data-widget_type=\"wp-widget-bcn_widget.default\">\n\t\t\t\t<div class=\"elementor-widget-container\">\n\t\t\t\t\t<div class=\"breadcrumbs\" vocab=\"https:\/\/schema.org\/\" typeof=\"BreadcrumbList\"><span property=\"itemListElement\" typeof=\"ListItem\"><a property=\"item\" typeof=\"WebPage\" title=\"Aller \u00e0 Linseis.\" href=\"https:\/\/www.linseis.com\/fr\/\" class=\"home\" aria-current=\"page\"><span property=\"name\">Linseis<\/span><\/a><meta property=\"position\" content=\"1\"><\/span><\/div>\t\t\t\t<\/div>\n\t\t\t\t<\/div>\n\t\t\t\t<\/div>\n\t\t\t\t\t<\/div>\n\t\t\t\t<\/div>\n\t\t<div class=\"elementor-element elementor-element-ed98f58 e-flex e-con-boxed e-con e-parent\" data-id=\"ed98f58\" data-element_type=\"container\" data-e-type=\"container\" data-settings=\"{&quot;background_background&quot;:&quot;classic&quot;}\">\n\t\t\t\t\t<div class=\"e-con-inner\">\n\t\t<div class=\"elementor-element elementor-element-bbc47b3 e-con-full e-flex e-con e-child\" data-id=\"bbc47b3\" data-element_type=\"container\" data-e-type=\"container\">\n\t\t\t\t<div class=\"elementor-element elementor-element-71a1ec4 elementor-invisible elementor-widget elementor-widget-text-editor\" data-id=\"71a1ec4\" data-element_type=\"widget\" data-e-type=\"widget\" data-settings=\"{&quot;_animation&quot;:&quot;fadeInUp&quot;,&quot;_animation_delay&quot;:500}\" data-widget_type=\"text-editor.default\">\n\t\t\t\t<div class=\"elementor-widget-container\">\n\t\t\t\t\t\t\t\t\t<h2>Technique de mesure 3\u03c9 &#8211; une approche de la mesure de la conductivit\u00e9 thermique<\/h2>\t\t\t\t\t\t\t\t<\/div>\n\t\t\t\t<\/div>\n\t\t\t\t<div class=\"elementor-element elementor-element-32d9053 elementor-widget elementor-widget-text-editor\" data-id=\"32d9053\" data-element_type=\"widget\" data-e-type=\"widget\" data-widget_type=\"text-editor.default\">\n\t\t\t\t<div class=\"elementor-widget-container\">\n\t\t\t\t\t\t\t\t\t<p>La m\u00e9thode 3\u03c9 est une approche largement utilis\u00e9e pour mesurer la conductivit\u00e9 thermique.<br \/>Bien qu&rsquo;initialement d\u00e9velopp\u00e9e pour mesurer la conductivit\u00e9 thermique des mat\u00e9riaux en vrac, la m\u00e9thode a ensuite \u00e9t\u00e9 \u00e9tendue \u00e0 la <strong>caract\u00e9risation thermique des films minces<\/strong> d&rsquo;une \u00e9paisseur de quelques nm.<\/p><p>En outre, la technique 3\u03c9 a \u00e9t\u00e9 adapt\u00e9e pour mesurer la conductivit\u00e9 thermique dans le plan et dans le plan transversal de films anisotropes et de membranes autoportantes.<br \/>Cette technique est actuellement l&rsquo;une des m\u00e9thodes les plus populaires pour la caract\u00e9risation de la conductivit\u00e9 thermique des couches minces.<a href=\"https:\/\/www.linseis.com\/fr\/votre-industrie\/technologie-des-couches-minces\/\"><strong> caract\u00e9risation de la conductivit\u00e9 thermique des couches minces<\/strong><\/a>.<\/p><p style=\"text-align: left;\"><img decoding=\"async\" class=\"wp-image-21558 size-full\" src=\"https:\/\/www.linseis.com\/wp-content\/uploads\/2024\/07\/Experimental-setup-incl.-metal-line-for-heatingsensing-for-the-3-Omega-technique-1024x392-1.png\" alt=\"Structure exp\u00e9rimentale (y compris des \u00e9l\u00e9ments m\u00e9talliques \u00e0 haute performance pour la mesure de la temp\u00e9rature) pour la technique des 3 om\u00e9ga\" width=\"1024\" height=\"392\" srcset=\"https:\/\/www.linseis.com\/wp-content\/uploads\/2024\/07\/Experimental-setup-incl.-metal-line-for-heatingsensing-for-the-3-Omega-technique-1024x392-1.png 1024w, https:\/\/www.linseis.com\/wp-content\/uploads\/2024\/07\/Experimental-setup-incl.-metal-line-for-heatingsensing-for-the-3-Omega-technique-1024x392-1-300x115.png 300w, https:\/\/www.linseis.com\/wp-content\/uploads\/2024\/07\/Experimental-setup-incl.-metal-line-for-heatingsensing-for-the-3-Omega-technique-1024x392-1-768x294.png 768w\" sizes=\"(max-width: 1024px) 100vw, 1024px\" \/> Dispositif exp\u00e9rimental (y compris la ligne m\u00e9tallique pour le chauffage et la d\u00e9tection) pour la technique 3 Omega<\/p>\t\t\t\t\t\t\t\t<\/div>\n\t\t\t\t<\/div>\n\t\t\t\t<\/div>\n\t\t\t\t\t<\/div>\n\t\t\t\t<\/div>\n\t\t<div class=\"elementor-element elementor-element-8801439 e-flex e-con-boxed e-con e-parent\" data-id=\"8801439\" data-element_type=\"container\" data-e-type=\"container\" data-settings=\"{&quot;background_background&quot;:&quot;classic&quot;}\">\n\t\t\t\t\t<div class=\"e-con-inner\">\n\t\t<div class=\"elementor-element elementor-element-4fda86f e-con-full e-flex e-con e-child\" data-id=\"4fda86f\" data-element_type=\"container\" data-e-type=\"container\">\n\t\t\t\t<div class=\"elementor-element elementor-element-fe6d621 elementor-widget elementor-widget-text-editor\" data-id=\"fe6d621\" data-element_type=\"widget\" data-e-type=\"widget\" data-widget_type=\"text-editor.default\">\n\t\t\t\t<div class=\"elementor-widget-container\">\n\t\t\t\t\t\t\t\t\t<p>Dans la m\u00e9thode 3\u03c9, une fine bande m\u00e9tallique, en contact thermique avec l&rsquo;\u00e9chantillon, sert \u00e0 la fois de chauffage et de capteur de temp\u00e9rature.\nPour la mesure, un courant alternatif, <br>\n<img decoding=\"async\" class=\"alignnone size-full wp-image-21568\" src=\"https:\/\/www.linseis.com\/wp-content\/uploads\/2024\/07\/ac-current-300x74-1.png\" alt=\"courant alternatif\" width=\"300\" height=\"74\"><\/p>\n<p>avec une fr\u00e9quence et une amplitude de modulation angulaire passant \u00e0 travers la bande, g\u00e9n\u00e8re une source de chaleur d&rsquo;une puissance de<\/p>\n<p><img loading=\"lazy\" decoding=\"async\" class=\"alignnone size-full wp-image-21576\" src=\"https:\/\/www.linseis.com\/wp-content\/uploads\/2024\/07\/heating-source-power-300x67-1.png\" alt=\"source de chauffage\" width=\"300\" height=\"67\"><\/p>\n<p>o\u00f9<sub>Rh<\/sub> est la r\u00e9sistance de la bande dans les conditions exp\u00e9rimentales, et provoque une augmentation de la temp\u00e9rature sous la forme de<\/p>\n<p><img loading=\"lazy\" decoding=\"async\" class=\"alignnone size-full wp-image-21583\" src=\"https:\/\/www.linseis.com\/wp-content\/uploads\/2024\/07\/temperature-Rh-300x71-1.png\" alt=\"temp\u00e9rature RH\" width=\"300\" height=\"71\"><\/p>\n<p>et donc une oscillation de la r\u00e9sistance de la bande<\/p>\n<p><img loading=\"lazy\" decoding=\"async\" class=\"alignnone size-full wp-image-21590\" src=\"https:\/\/www.linseis.com\/wp-content\/uploads\/2024\/07\/Rh-300x65-1.png\" alt=\"Rh\" width=\"300\" height=\"65\"><\/p>\n<p>\u00e0 la fr\u00e9quence angulaire 2\u03c9, avec est le coefficient de temp\u00e9rature de la r\u00e9sistance de la bande m\u00e9tallique.<\/p>\n\t\t\t\t\t\t\t\t<\/div>\n\t\t\t\t<\/div>\n\t\t\t\t<div class=\"elementor-element elementor-element-34d74a1 elementor-widget elementor-widget-text-editor\" data-id=\"34d74a1\" data-element_type=\"widget\" data-e-type=\"widget\" data-widget_type=\"text-editor.default\">\n\t\t\t\t<div class=\"elementor-widget-container\">\n\t\t\t\t\t\t\t\t\t<p>En ce qui concerne la fr\u00e9quence, le d\u00e9phasage d\u00e9pend \u00e0 la fois de la g\u00e9om\u00e9trie de l&rsquo;\u00e9l\u00e9ment chauffant et des mat\u00e9riaux sous-jacents.<\/p><p>En mesurant la chute de tension aux bornes de l&rsquo;\u00e9l\u00e9ment chauffant, selon la loi d&rsquo;Ohm, on obtient un signal modul\u00e9 en amplitude qui pr\u00e9sente une petite composante au niveau de la troisi\u00e8me harmonique 3\u03c9, qui peut \u00eatre extraite \u00e0 l&rsquo;aide d&rsquo;un amplificateur \u00e0 verrouillage.<\/p><p>Pour calculer la<strong><a href=\"https:\/\/www.linseis.com\/fr\/proprietes\/conductivite-thermique\/\"> conductivit\u00e9 thermique<\/a> de<\/strong> l&rsquo;\u00e9chantillon ainsi que la <a href=\"https:\/\/www.linseis.com\/fr\/proprietes\/capacite-thermique-specifique\/\"><strong>capacit\u00e9 thermique sp\u00e9cifique<\/strong><\/a>, il faut r\u00e9soudre l&rsquo;\u00e9quation de diffusion de la chaleur correspondante, qui d\u00e9pend de la configuration exp\u00e9rimentale.<\/p>\t\t\t\t\t\t\t\t<\/div>\n\t\t\t\t<\/div>\n\t\t<div class=\"elementor-element elementor-element-a0a9aac e-con-full e-flex e-con e-child\" data-id=\"a0a9aac\" data-element_type=\"container\" data-e-type=\"container\">\n\t\t\t\t<div class=\"elementor-element elementor-element-53ea4ef elementor-widget elementor-widget-text-editor\" data-id=\"53ea4ef\" data-element_type=\"widget\" data-e-type=\"widget\" data-widget_type=\"text-editor.default\">\n\t\t\t\t<div class=\"elementor-widget-container\">\n\t\t\t\t\t\t\t\t\t<h2>Approche diff\u00e9rentielle 3 Om\u00e9ga avec deux mesures<\/h2>\n\t\t\t\t\t\t\t\t<\/div>\n\t\t\t\t<\/div>\n\t\t\t\t<div class=\"elementor-element elementor-element-d38f832 elementor-widget elementor-widget-text-editor\" data-id=\"d38f832\" data-element_type=\"widget\" data-e-type=\"widget\" data-widget_type=\"text-editor.default\">\n\t\t\t\t<div class=\"elementor-widget-container\">\n\t\t\t\t\t\t\t\t\t<p>Une approche typique de la conductivit\u00e9 thermique dans le plan transversal avec un film mince sur un substrat en vrac est l&rsquo;approche diff\u00e9rentielle avec deux mesures :<\/p>\n<p>La premi\u00e8re concerne uniquement le substrat vierge, et la seconde comprend la couche d&rsquo;int\u00e9r\u00eat.<\/p>\n<p>La couche agit comme une r\u00e9sistance thermique connect\u00e9e en s\u00e9rie entre le chauffage et le substrat et assure une augmentation des oscillations de temp\u00e9rature par rapport \u00e0 la mesure sans la couche mince.<\/p>\n<p>A partir de cette augmentation, la conductivit\u00e9 thermique de la peut \u00eatre d\u00e9termin\u00e9e \u00e0 l&rsquo;aide de la loi de Fourier :<\/p>\n<p><img loading=\"lazy\" decoding=\"async\" class=\"alignnone size-full wp-image-21603\" src=\"https:\/\/www.linseis.com\/wp-content\/uploads\/2024\/07\/thermal-conductivity-fouriers-law.png\" alt=\"Loi Fouriers Formel\" width=\"283\" height=\"97\"><\/p>\n<p>o\u00f9 w et l sont le poids et la longueur de l&rsquo;appareil de chauffage.<\/p>\n\t\t\t\t\t\t\t\t<\/div>\n\t\t\t\t<\/div>\n\t\t\t\t<div class=\"elementor-element elementor-element-580942e elementor-invisible elementor-widget elementor-widget-image\" data-id=\"580942e\" data-element_type=\"widget\" data-e-type=\"widget\" data-settings=\"{&quot;_animation&quot;:&quot;fadeInUp&quot;}\" data-widget_type=\"image.default\">\n\t\t\t\t<div class=\"elementor-widget-container\">\n\t\t\t\t\t\t\t\t\t\t\t\t<figure class=\"wp-caption\">\n\t\t\t\t\t\t\t\t\t\t<img loading=\"lazy\" decoding=\"async\" width=\"800\" height=\"932\" src=\"https:\/\/www.linseis.com\/wp-content\/uploads\/2024\/07\/DX7MTLA.png\" class=\"attachment-large size-large wp-image-21616\" alt=\"Differentieller 3-Omega-Ansatz f\u00fcr die Messung der W\u00e4rmeleitf\u00e4higkeit von D\u00fcnnschichten \u00fcber die gesamte Ebene\" srcset=\"https:\/\/www.linseis.com\/wp-content\/uploads\/2024\/07\/DX7MTLA.png 879w, https:\/\/www.linseis.com\/wp-content\/uploads\/2024\/07\/DX7MTLA-258x300.png 258w, https:\/\/www.linseis.com\/wp-content\/uploads\/2024\/07\/DX7MTLA-768x895.png 768w\" sizes=\"(max-width: 800px) 100vw, 800px\" \/>\t\t\t\t\t\t\t\t\t\t\t<figcaption class=\"widget-image-caption wp-caption-text\">Approche diff\u00e9rentielle 3 Om\u00e9ga pour la mesure de la conductivit\u00e9 thermique de couches minces dans le plan transversal<\/figcaption>\n\t\t\t\t\t\t\t\t\t\t<\/figure>\n\t\t\t\t\t\t\t\t\t<\/div>\n\t\t\t\t<\/div>\n\t\t\t\t<\/div>\n\t\t<div class=\"elementor-element elementor-element-cdefdb7 e-con-full e-flex e-con e-child\" data-id=\"cdefdb7\" data-element_type=\"container\" data-e-type=\"container\">\n\t\t\t\t<div class=\"elementor-element elementor-element-dca24fd elementor-widget elementor-widget-text-editor\" data-id=\"dca24fd\" data-element_type=\"widget\" data-e-type=\"widget\" data-widget_type=\"text-editor.default\">\n\t\t\t\t<div class=\"elementor-widget-container\">\n\t\t\t\t\t\t\t\t\t<h2>Conductivit\u00e9 thermique dans le plan \u00e0 l&rsquo;aide de la technologie de mesure 3\u03c9<\/h2>\t\t\t\t\t\t\t\t<\/div>\n\t\t\t\t<\/div>\n\t\t\t\t<div class=\"elementor-element elementor-element-d37c58e elementor-widget elementor-widget-text-editor\" data-id=\"d37c58e\" data-element_type=\"widget\" data-e-type=\"widget\" data-widget_type=\"text-editor.default\">\n\t\t\t\t<div class=\"elementor-widget-container\">\n\t\t\t\t\t\t\t\t\t<p>Un autre dispositif exp\u00e9rimental permettant de d\u00e9terminer la conductivit\u00e9 thermique dans le plan ainsi que la capacit\u00e9 thermique sp\u00e9cifique est un dispositif de chauffage align\u00e9 au milieu d&rsquo;une membrane ou d&rsquo;un substrat suspendu, respectivement.\nDans ce cas, le comportement thermique de la partie suspendue peut \u00eatre \u00e9valu\u00e9 \u00e0 l&rsquo;aide de la corr\u00e9lation suivante : <\/p>\n<p><img loading=\"lazy\" decoding=\"async\" class=\"alignnone size-full wp-image-21623\" src=\"https:\/\/www.linseis.com\/wp-content\/uploads\/2024\/07\/correlation-thermal-behaviour-three-omega.png\" alt=\"corr\u00e9lation-thermique-behaviour-trois-omega\" width=\"595\" height=\"209\" srcset=\"https:\/\/www.linseis.com\/wp-content\/uploads\/2024\/07\/correlation-thermal-behaviour-three-omega.png 595w, https:\/\/www.linseis.com\/wp-content\/uploads\/2024\/07\/correlation-thermal-behaviour-three-omega-300x105.png 300w\" sizes=\"(max-width: 595px) 100vw, 595px\" \/><\/p>\n\t\t\t\t\t\t\t\t<\/div>\n\t\t\t\t<\/div>\n\t\t\t\t<div class=\"elementor-element elementor-element-69f7499 elementor-widget elementor-widget-text-editor\" data-id=\"69f7499\" data-element_type=\"widget\" data-e-type=\"widget\" data-widget_type=\"text-editor.default\">\n\t\t\t\t<div class=\"elementor-widget-container\">\n\t\t\t\t\t\t\t\t\t<p>Avec G=2\u03bbdlb^(-1), est la constante de temps thermique, b la largeur et l la longueur de la membrane et D la diffusivit\u00e9 thermique.<\/p>\n<p><img loading=\"lazy\" decoding=\"async\" class=\"size-full wp-image-21638\" src=\"https:\/\/www.linseis.com\/wp-content\/uploads\/2024\/07\/IV30I48.png\" alt=\"Puce \u00e0 mess int\u00e9gr\u00e9e pour les messages de sant\u00e9 dans le domaine de l'eau et des eaux us\u00e9es gr\u00e2ce \u00e0 la m\u00e9thode des 3 om\u00e9gas\" width=\"1272\" height=\"545\" srcset=\"https:\/\/www.linseis.com\/wp-content\/uploads\/2024\/07\/IV30I48.png 1272w, https:\/\/www.linseis.com\/wp-content\/uploads\/2024\/07\/IV30I48-300x129.png 300w, https:\/\/www.linseis.com\/wp-content\/uploads\/2024\/07\/IV30I48-1024x439.png 1024w, https:\/\/www.linseis.com\/wp-content\/uploads\/2024\/07\/IV30I48-768x329.png 768w\" sizes=\"(max-width: 1272px) 100vw, 1272px\" \/>  Puce de mesure int\u00e9gr\u00e9e pour les mesures de conductivit\u00e9 thermique dans le plan de films minces par la m\u00e9thode 3 Omega<\/p>\n\t\t\t\t\t\t\t\t<\/div>\n\t\t\t\t<\/div>\n\t\t\t\t<\/div>\n\t\t<div class=\"elementor-element elementor-element-5a584c2 e-con-full e-flex e-con e-child\" data-id=\"5a584c2\" data-element_type=\"container\" data-e-type=\"container\">\n\t\t\t\t<div class=\"elementor-element elementor-element-2111823 elementor-widget elementor-widget-text-editor\" data-id=\"2111823\" data-element_type=\"widget\" data-e-type=\"widget\" data-widget_type=\"text-editor.default\">\n\t\t\t\t<div class=\"elementor-widget-container\">\n\t\t\t\t\t\t\t\t\t<h2>Quelles propri\u00e9t\u00e9s seront d\u00e9termin\u00e9es ?<\/h2>\n\t\t\t\t\t\t\t\t<\/div>\n\t\t\t\t<\/div>\n\t\t\t\t<div class=\"elementor-element elementor-element-ef9903f elementor-widget elementor-widget-text-editor\" data-id=\"ef9903f\" data-element_type=\"widget\" data-e-type=\"widget\" data-widget_type=\"text-editor.default\">\n\t\t\t\t<div class=\"elementor-widget-container\">\n\t\t\t\t\t\t\t\t\t<p>La technique de mesure 3\u03c9 est une technique de mesure \u00e9lectrothermique permettant de d\u00e9terminer la <a href=\"https:\/\/www.linseis.com\/fr\/proprietes\/conductivite-thermique\/\"><strong>conductivit\u00e9 thermique<\/strong><\/a>, <a href=\"https:\/\/www.linseis.com\/fr\/proprietes\/diffusivite-thermique\/\"><strong>la diffusivit\u00e9 thermique<\/strong><\/a> et la<a href=\"https:\/\/www.linseis.com\/fr\/proprietes\/capacite-thermique-specifique\/\"><strong> capacit\u00e9 thermique sp\u00e9cifique<\/strong><\/a> d&rsquo;un mat\u00e9riau en vrac (c&rsquo;est-\u00e0-dire solide ou liquide) et de couches minces en utilisant une bande m\u00e9tallique aliment\u00e9e par un courant alternatif comme \u00e9l\u00e9ment chauffant.<\/p><p>La r\u00e9sistance m\u00e9tallique appliqu\u00e9e \u00e0 l&rsquo;\u00e9chantillon est chauff\u00e9e p\u00e9riodiquement.<br \/>Les oscillations de temp\u00e9rature ainsi produites sont ensuite mesur\u00e9es.<br \/>La conductivit\u00e9 thermique et la diffusivit\u00e9 thermique de l&rsquo;\u00e9chantillon peuvent \u00eatre d\u00e9termin\u00e9es \u00e0 partir de leur d\u00e9pendance \u00e0 la fr\u00e9quence.<\/p>\t\t\t\t\t\t\t\t<\/div>\n\t\t\t\t<\/div>\n\t\t\t\t<\/div>\n\t\t\t\t<\/div>\n\t\t\t\t\t<\/div>\n\t\t\t\t<\/div>\n\t\t\t\t<\/div>\n\t\t","protected":false},"excerpt":{"rendered":"<p>3\u03c9 M\u00e9thode om\u00e9ga Technique de mesure 3\u03c9 &#8211; une approche de la mesure de la conductivit\u00e9 thermique La m\u00e9thode 3\u03c9 est une approche largement utilis\u00e9e pour mesurer la conductivit\u00e9 thermique.Bien qu&rsquo;initialement d\u00e9velopp\u00e9e pour mesurer la conductivit\u00e9 thermique des mat\u00e9riaux en vrac, la m\u00e9thode a ensuite \u00e9t\u00e9 \u00e9tendue \u00e0 la caract\u00e9risation thermique des films minces d&rsquo;une [&hellip;]<\/p>\n","protected":false},"author":5,"featured_media":0,"parent":41027,"menu_order":0,"comment_status":"closed","ping_status":"closed","template":"","meta":{"_acf_changed":false,"inline_featured_image":false,"footnotes":""},"class_list":["post-41029","page","type-page","status-publish","hentry"],"acf":[],"_links":{"self":[{"href":"https:\/\/www.linseis.com\/fr\/wp-json\/wp\/v2\/pages\/41029","targetHints":{"allow":["GET"]}}],"collection":[{"href":"https:\/\/www.linseis.com\/fr\/wp-json\/wp\/v2\/pages"}],"about":[{"href":"https:\/\/www.linseis.com\/fr\/wp-json\/wp\/v2\/types\/page"}],"author":[{"embeddable":true,"href":"https:\/\/www.linseis.com\/fr\/wp-json\/wp\/v2\/users\/5"}],"replies":[{"embeddable":true,"href":"https:\/\/www.linseis.com\/fr\/wp-json\/wp\/v2\/comments?post=41029"}],"version-history":[{"count":0,"href":"https:\/\/www.linseis.com\/fr\/wp-json\/wp\/v2\/pages\/41029\/revisions"}],"up":[{"embeddable":true,"href":"https:\/\/www.linseis.com\/fr\/wp-json\/wp\/v2\/pages\/41027"}],"wp:attachment":[{"href":"https:\/\/www.linseis.com\/fr\/wp-json\/wp\/v2\/media?parent=41029"}],"curies":[{"name":"wp","href":"https:\/\/api.w.org\/{rel}","templated":true}]}}