{"id":41016,"date":"2024-07-23T19:41:46","date_gmt":"2024-07-23T17:41:46","guid":{"rendered":"https:\/\/www.linseis.com\/proprietes\/module-dyoung\/"},"modified":"2024-12-13T08:04:36","modified_gmt":"2024-12-13T07:04:36","slug":"module-dyoung","status":"publish","type":"page","link":"https:\/\/www.linseis.com\/fr\/proprietes\/module-dyoung\/","title":{"rendered":"Module d&rsquo;Young"},"content":{"rendered":"\t\t<div data-elementor-type=\"wp-post\" data-elementor-id=\"41016\" class=\"elementor elementor-41016 elementor-18718\" data-elementor-post-type=\"page\">\n\t\t\t\t<div class=\"elementor-element elementor-element-a3549cf e-flex e-con-boxed e-con e-parent\" data-id=\"a3549cf\" data-element_type=\"container\" data-e-type=\"container\" data-settings=\"{&quot;background_background&quot;:&quot;classic&quot;}\">\n\t\t\t\t\t<div class=\"e-con-inner\">\n\t\t\t\t<div class=\"elementor-element elementor-element-ac41c94 elementor-widget elementor-widget-image\" data-id=\"ac41c94\" data-element_type=\"widget\" data-e-type=\"widget\" data-widget_type=\"image.default\">\n\t\t\t\t<div class=\"elementor-widget-container\">\n\t\t\t\t\t\t\t\t\t\t\t\t\t\t\t<img decoding=\"async\" src=\"https:\/\/www.linseis.com\/wp-content\/uploads\/\/linseis_scale-top-1.svg\" title=\"\" alt=\"\" loading=\"lazy\" \/>\t\t\t\t\t\t\t\t\t\t\t\t\t\t\t<\/div>\n\t\t\t\t<\/div>\n\t\t<div class=\"elementor-element elementor-element-a7b7feb e-con-full e-flex e-con e-child\" data-id=\"a7b7feb\" data-element_type=\"container\" data-e-type=\"container\">\n\t\t<div class=\"elementor-element elementor-element-6100945 e-con-full e-flex e-con e-child\" data-id=\"6100945\" data-element_type=\"container\" data-e-type=\"container\">\n\t\t\t\t<div class=\"elementor-element elementor-element-cc1182c elementor-invisible elementor-widget elementor-widget-heading\" data-id=\"cc1182c\" data-element_type=\"widget\" data-e-type=\"widget\" data-settings=\"{&quot;_animation&quot;:&quot;fadeInUp&quot;,&quot;_animation_delay&quot;:250}\" data-widget_type=\"heading.default\">\n\t\t\t\t<div class=\"elementor-widget-container\">\n\t\t\t\t\t<h1 class=\"elementor-heading-title elementor-size-default\"><b>Module d'Young<\/b><\/h1>\t\t\t\t<\/div>\n\t\t\t\t<\/div>\n\t\t\t\t<\/div>\n\t\t<div class=\"elementor-element elementor-element-6d91a43 e-con-full e-flex e-con e-child\" data-id=\"6d91a43\" data-element_type=\"container\" data-e-type=\"container\">\n\t\t\t\t<div class=\"elementor-element elementor-element-d7d34fa elementor-widget__width-initial elementor-invisible elementor-widget elementor-widget-image\" data-id=\"d7d34fa\" data-element_type=\"widget\" data-e-type=\"widget\" data-settings=\"{&quot;_animation&quot;:&quot;fadeInUp&quot;}\" data-widget_type=\"image.default\">\n\t\t\t\t<div class=\"elementor-widget-container\">\n\t\t\t\t\t\t\t\t\t\t\t\t\t\t\t<img fetchpriority=\"high\" decoding=\"async\" width=\"800\" height=\"800\" src=\"https:\/\/www.linseis.com\/wp-content\/uploads\/2024\/07\/Linseis-Icons_Linien-weiss_Elastizitaetsmodul-1024x1024.png\" class=\"attachment-large size-large wp-image-21910\" alt=\"\" srcset=\"https:\/\/www.linseis.com\/wp-content\/uploads\/2024\/07\/Linseis-Icons_Linien-weiss_Elastizitaetsmodul-1024x1024.png 1024w, https:\/\/www.linseis.com\/wp-content\/uploads\/2024\/07\/Linseis-Icons_Linien-weiss_Elastizitaetsmodul-300x300.png 300w, https:\/\/www.linseis.com\/wp-content\/uploads\/2024\/07\/Linseis-Icons_Linien-weiss_Elastizitaetsmodul-150x150.png 150w, https:\/\/www.linseis.com\/wp-content\/uploads\/2024\/07\/Linseis-Icons_Linien-weiss_Elastizitaetsmodul-768x768.png 768w, https:\/\/www.linseis.com\/wp-content\/uploads\/2024\/07\/Linseis-Icons_Linien-weiss_Elastizitaetsmodul-1536x1536.png 1536w, https:\/\/www.linseis.com\/wp-content\/uploads\/2024\/07\/Linseis-Icons_Linien-weiss_Elastizitaetsmodul-2048x2048.png 2048w\" sizes=\"(max-width: 800px) 100vw, 800px\" \/>\t\t\t\t\t\t\t\t\t\t\t\t\t\t\t<\/div>\n\t\t\t\t<\/div>\n\t\t\t\t<\/div>\n\t\t\t\t<\/div>\n\t\t\t\t<div class=\"elementor-element elementor-element-b4a6800 elementor-widget elementor-widget-image\" data-id=\"b4a6800\" data-element_type=\"widget\" data-e-type=\"widget\" data-widget_type=\"image.default\">\n\t\t\t\t<div class=\"elementor-widget-container\">\n\t\t\t\t\t\t\t\t\t\t\t\t\t\t\t<img decoding=\"async\" src=\"https:\/\/www.linseis.com\/wp-content\/uploads\/\/linseis_scale-bottom-1.svg\" title=\"\" alt=\"\" loading=\"lazy\" \/>\t\t\t\t\t\t\t\t\t\t\t\t\t\t\t<\/div>\n\t\t\t\t<\/div>\n\t\t\t\t\t<\/div>\n\t\t\t\t<\/div>\n\t\t<div class=\"elementor-element elementor-element-7c8d6cc e-flex e-con-boxed e-con e-parent\" data-id=\"7c8d6cc\" data-element_type=\"container\" data-e-type=\"container\" data-settings=\"{&quot;background_background&quot;:&quot;classic&quot;}\">\n\t\t\t\t\t<div class=\"e-con-inner\">\n\t\t\t\t\t<\/div>\n\t\t\t\t<\/div>\n\t\t<div class=\"elementor-element elementor-element-d7b7522 e-flex e-con-boxed e-con e-parent\" data-id=\"d7b7522\" data-element_type=\"container\" data-e-type=\"container\" data-settings=\"{&quot;background_background&quot;:&quot;classic&quot;}\">\n\t\t\t\t\t<div class=\"e-con-inner\">\n\t\t<div class=\"elementor-element elementor-element-449b6fd e-con-full e-flex e-con e-child\" data-id=\"449b6fd\" data-element_type=\"container\" data-e-type=\"container\">\n\t\t\t\t<div class=\"elementor-element elementor-element-031217d elementor-invisible elementor-widget elementor-widget-wp-widget-bcn_widget\" data-id=\"031217d\" data-element_type=\"widget\" data-e-type=\"widget\" data-settings=\"{&quot;_animation&quot;:&quot;fadeInUp&quot;}\" data-widget_type=\"wp-widget-bcn_widget.default\">\n\t\t\t\t<div class=\"elementor-widget-container\">\n\t\t\t\t\t<div class=\"breadcrumbs\" vocab=\"https:\/\/schema.org\/\" typeof=\"BreadcrumbList\"><span property=\"itemListElement\" typeof=\"ListItem\"><a property=\"item\" typeof=\"WebPage\" title=\"Aller \u00e0 Linseis.\" href=\"https:\/\/www.linseis.com\/fr\/\" class=\"home\" aria-current=\"page\"><span property=\"name\">Linseis<\/span><\/a><meta property=\"position\" content=\"1\"><\/span><\/div>\t\t\t\t<\/div>\n\t\t\t\t<\/div>\n\t\t\t\t<\/div>\n\t\t\t\t\t<\/div>\n\t\t\t\t<\/div>\n\t\t<div class=\"elementor-element elementor-element-ed98f58 e-flex e-con-boxed e-con e-parent\" data-id=\"ed98f58\" data-element_type=\"container\" data-e-type=\"container\" data-settings=\"{&quot;background_background&quot;:&quot;classic&quot;}\">\n\t\t\t\t\t<div class=\"e-con-inner\">\n\t\t<div class=\"elementor-element elementor-element-bbc47b3 e-con-full e-flex e-con e-child\" data-id=\"bbc47b3\" data-element_type=\"container\" data-e-type=\"container\">\n\t\t\t\t<div class=\"elementor-element elementor-element-71a1ec4 elementor-widget elementor-widget-text-editor\" data-id=\"71a1ec4\" data-element_type=\"widget\" data-e-type=\"widget\" data-widget_type=\"text-editor.default\">\n\t\t\t\t<div class=\"elementor-widget-container\">\n\t\t\t\t\t\t\t\t\t<p>Le module d&rsquo;Young est un param\u00e8tre mat\u00e9riel fr\u00e9quemment requis dans le calcul statique des composants.<br \/>\nLorsqu&rsquo;une force de traction agit sur un corps solide, celui-ci r\u00e9agit par un changement de longueur.<br \/>\nDes forces internes sont cr\u00e9\u00e9es dans le corps, qui inversent le changement de longueur d\u00e8s que la force de traction externe cesse.<br \/>\nSi l&rsquo;importance de la force de traction est inf\u00e9rieure \u00e0 une valeur limite d\u00e9pendant du mat\u00e9riau, la force et la variation de longueur sont proportionnelles l&rsquo;une \u00e0 l&rsquo;autre.<br \/>\nCette relation est connue sous le nom de loi de Hooke.    <\/p><\/p>\n\t\t\t\t\t\t\t\t<\/div>\n\t\t\t\t<\/div>\n\t\t\t\t<div class=\"elementor-element elementor-element-32d9053 elementor-widget elementor-widget-text-editor\" data-id=\"32d9053\" data-element_type=\"widget\" data-e-type=\"widget\" data-widget_type=\"text-editor.default\">\n\t\t\t\t<div class=\"elementor-widget-container\">\n\t\t\t\t\t\t\t\t\t<p>Afin d&rsquo;obtenir des r\u00e9sultats comparables, la force de traction est li\u00e9e \u00e0 la section transversale de l&rsquo;\u00e9l\u00e9ment non charg\u00e9.<br \/>Le quotient de la force et de la section transversale est la tension.<\/p><p>La modification de la longueur est li\u00e9e \u00e0 la longueur de la composante non charg\u00e9e pour la m\u00eame raison.<br \/>Le quotient de l&rsquo;augmentation de la longueur et de la longueur initiale est l&rsquo;allongement.<\/p><p>\u00a0<\/p>\t\t\t\t\t\t\t\t<\/div>\n\t\t\t\t<\/div>\n\t\t\t\t<\/div>\n\t\t\t\t\t<\/div>\n\t\t\t\t<\/div>\n\t\t<div class=\"elementor-element elementor-element-8801439 e-flex e-con-boxed e-con e-parent\" data-id=\"8801439\" data-element_type=\"container\" data-e-type=\"container\" data-settings=\"{&quot;background_background&quot;:&quot;classic&quot;}\">\n\t\t\t\t\t<div class=\"e-con-inner\">\n\t\t<div class=\"elementor-element elementor-element-4fda86f e-con-full e-flex e-con e-child\" data-id=\"4fda86f\" data-element_type=\"container\" data-e-type=\"container\">\n\t\t\t\t<div class=\"elementor-element elementor-element-fe6d621 elementor-widget elementor-widget-text-editor\" data-id=\"fe6d621\" data-element_type=\"widget\" data-e-type=\"widget\" data-widget_type=\"text-editor.default\">\n\t\t\t\t<div class=\"elementor-widget-container\">\n\t\t\t\t\t\t\t\t\t<h2>Qu&rsquo;est-ce que le module de Young ?<\/h2><p>Le module d&rsquo;Young est une propri\u00e9t\u00e9 m\u00e9canique qui mesure la rigidit\u00e9 d&rsquo;un mat\u00e9riau solide.<\/p>\t\t\t\t\t\t\t\t<\/div>\n\t\t\t\t<\/div>\n\t\t\t\t<div class=\"elementor-element elementor-element-34d74a1 elementor-widget elementor-widget-text-editor\" data-id=\"34d74a1\" data-element_type=\"widget\" data-e-type=\"widget\" data-widget_type=\"text-editor.default\">\n\t\t\t\t<div class=\"elementor-widget-container\">\n\t\t\t\t\t\t\t\t\t<p>Il d\u00e9finit la relation entre la contrainte (force par unit\u00e9 de surface) et la d\u00e9formation (d\u00e9formation proportionnelle) dans un mat\u00e9riau dans le r\u00e9gime d&rsquo;\u00e9lasticit\u00e9 lin\u00e9aire d&rsquo;une d\u00e9formation uniaxiale.\nLa valeur est donn\u00e9e dans l&rsquo;unit\u00e9 de mesure N\/m\u00b2. <\/p>\n<p>Cette unit\u00e9 de mesure est math\u00e9matiquement coh\u00e9rente avec l&rsquo;unit\u00e9 de mesure Pascal utilis\u00e9e pour la taille physique de la pression.\nDans certains tableaux, cette unit\u00e9 de mesure est \u00e9galement utilis\u00e9e pour le module d&rsquo;\u00e9lasticit\u00e9. <\/p>\n\t\t\t\t\t\t\t\t<\/div>\n\t\t\t\t<\/div>\n\t\t\t\t<\/div>\n\t\t\t\t\t<\/div>\n\t\t\t\t<\/div>\n\t\t<div class=\"elementor-element elementor-element-aed7062 e-flex e-con-boxed elementor-invisible e-con e-parent\" data-id=\"aed7062\" data-element_type=\"container\" data-e-type=\"container\" data-settings=\"{&quot;animation&quot;:&quot;fadeInUp&quot;}\">\n\t\t\t\t\t<div class=\"e-con-inner\">\n\t\t\t\t<div class=\"elementor-element elementor-element-aae54ad elementor-widget elementor-widget-image\" data-id=\"aae54ad\" data-element_type=\"widget\" data-e-type=\"widget\" data-widget_type=\"image.default\">\n\t\t\t\t<div class=\"elementor-widget-container\">\n\t\t\t\t\t\t\t\t\t\t\t\t\t\t\t<img decoding=\"async\" width=\"800\" height=\"382\" src=\"https:\/\/www.linseis.com\/wp-content\/uploads\/2024\/07\/Dehnung-von-Kabeln-1024x489.png\" class=\"attachment-large size-large wp-image-18621\" alt=\"Dehnung von Kabeln\" srcset=\"https:\/\/www.linseis.com\/wp-content\/uploads\/2024\/07\/Dehnung-von-Kabeln-1024x489.png 1024w, https:\/\/www.linseis.com\/wp-content\/uploads\/2024\/07\/Dehnung-von-Kabeln-300x143.png 300w, https:\/\/www.linseis.com\/wp-content\/uploads\/2024\/07\/Dehnung-von-Kabeln-768x366.png 768w, https:\/\/www.linseis.com\/wp-content\/uploads\/2024\/07\/Dehnung-von-Kabeln-1536x733.png 1536w, https:\/\/www.linseis.com\/wp-content\/uploads\/2024\/07\/Dehnung-von-Kabeln.png 1920w\" sizes=\"(max-width: 800px) 100vw, 800px\" \/>\t\t\t\t\t\t\t\t\t\t\t\t\t\t\t<\/div>\n\t\t\t\t<\/div>\n\t\t\t\t\t<\/div>\n\t\t\t\t<\/div>\n\t\t<div class=\"elementor-element elementor-element-50adb82 e-flex e-con-boxed e-con e-parent\" data-id=\"50adb82\" data-element_type=\"container\" data-e-type=\"container\" data-settings=\"{&quot;background_background&quot;:&quot;classic&quot;}\">\n\t\t\t\t\t<div class=\"e-con-inner\">\n\t\t<div class=\"elementor-element elementor-element-cad4e8f e-con-full e-flex e-con e-child\" data-id=\"cad4e8f\" data-element_type=\"container\" data-e-type=\"container\">\n\t\t\t\t<div class=\"elementor-element elementor-element-91cf7c6 elementor-widget elementor-widget-text-editor\" data-id=\"91cf7c6\" data-element_type=\"widget\" data-e-type=\"widget\" data-widget_type=\"text-editor.default\">\n\t\t\t\t<div class=\"elementor-widget-container\">\n\t\t\t\t\t\t\t\t\tLa d\u00e9termination du module d&rsquo;\u00e9lasticit\u00e9 se fait dans le cadre d&rsquo;un essai de traction.\nLors de l&rsquo;essai de traction, une \u00e9prouvette aux dimensions pr\u00e9cis\u00e9ment d\u00e9finies est soumise \u00e0 une force de traction croissante jusqu&rsquo;\u00e0 ce que l&rsquo;\u00e9prouvette se d\u00e9chire.\nLe r\u00e9sultat est une caract\u00e9ristique du diagramme contrainte-d\u00e9formation du mat\u00e9riau.\nLa courbe de ce diagramme permet de calculer le module d&rsquo;\u00e9lasticit\u00e9 et la r\u00e9sistance \u00e0 la traction.\nD&rsquo;autres caract\u00e9ristiques sont la limite d&rsquo;\u00e9lasticit\u00e9, l&rsquo;allongement \u00e0 la rupture et la constriction \u00e0 la rupture.      &nbsp;\n\n&nbsp;\t\t\t\t\t\t\t\t<\/div>\n\t\t\t\t<\/div>\n\t\t\t\t<div class=\"elementor-element elementor-element-4c217b5 elementor-widget elementor-widget-text-editor\" data-id=\"4c217b5\" data-element_type=\"widget\" data-e-type=\"widget\" data-widget_type=\"text-editor.default\">\n\t\t\t\t<div class=\"elementor-widget-container\">\n\t\t\t\t\t\t\t\t\t<p>Les conditions de l&rsquo;essai de traction sont sp\u00e9cifi\u00e9es dans diff\u00e9rentes normes pour les diff\u00e9rents groupes de mat\u00e9riaux.<br \/>\nIl est tenu compte du fait que, par exemple, les m\u00e9taux, les plastiques, les adh\u00e9sifs ou les fibres textiles r\u00e9agissent diff\u00e9remment aux contraintes de traction. <\/p>\n<\/p>\n<p>Normes internationales :<\/p>\n<p><a href=\"https:\/\/www.astm.org\/e0111-17.html\" target=\"_blank\" rel=\"noopener\"><strong>ASTM E111 &#8211; 17 M\u00e9thode d&rsquo;essai standard pour le module de Young, le module tangent et le module de corde<\/strong><\/a><\/p>\n\t\t\t\t\t\t\t\t<\/div>\n\t\t\t\t<\/div>\n\t\t\t\t<div class=\"elementor-element elementor-element-e1f00b9 elementor-widget elementor-widget-text-editor\" data-id=\"e1f00b9\" data-element_type=\"widget\" data-e-type=\"widget\" data-widget_type=\"text-editor.default\">\n\t\t\t\t<div class=\"elementor-widget-container\">\n\t\t\t\t\t\t\t\t\t<p>&nbsp;<\/p>\n\t\t\t\t\t\t\t\t<\/div>\n\t\t\t\t<\/div>\n\t\t\t\t<div class=\"elementor-element elementor-element-b17a273 elementor-widget elementor-widget-shortcode\" data-id=\"b17a273\" data-element_type=\"widget\" data-e-type=\"widget\" data-widget_type=\"shortcode.default\">\n\t\t\t\t<div class=\"elementor-widget-container\">\n\t\t\t\t\t\t\t<div class=\"elementor-shortcode\"><script type=\"application\/ld+json\">{  \"@context\": \"https:\/\/schema.org\",  \"@type\": \"FAQPage\",  \"mainEntity\": [{    \"@type\": \"Question\",    \"name\": \"Was ist der Elastizit\u00e4tsmodul?\",    \"acceptedAnswer\": {      \"@type\": \"Answer\",      \"text\": \"Der Elastizit\u00e4tsmodul (E-Modul) ist eine Kenngr\u00f6\u00dfe, die die Steifigkeit eines Materials beschreibt. Er gibt an, wie ein Material auf eine \u00e4u\u00dfere Zugkraft mit einer L\u00e4ngen\u00e4nderung reagiert.Hookesches Gesetz: Das Hookesche Gesetz bildet die Grundlage und besagt, dass die Dehnung in einem Material proportional zur angelegten Spannung ist, solange der Elastizit\u00e4tsgrenzwert nicht \u00fcberschritten wird.\"    }  },{    \"@type\": \"Question\",    \"name\": \"Was ist das Spannungs-Dehnungs Verh\u00e4ltnis?\",    \"acceptedAnswer\": {      \"@type\": \"Answer\",      \"text\": \"Spannung-Dehnung-Verh\u00e4ltnis:Das Verh\u00e4ltnis von Spannung zu Dehnung im elastischen Bereich eines Materials ist entscheidend f\u00fcr das Verst\u00e4ndnis seiner mechanischen Eigenschaften.Formel: E-Modul (E) = \u03c3 \/ \u03b5Dabei ist:\u03c3 = Spannung\u03b5 = DehnungEinheit: Der E-Modul wird in Newton pro Quadratmeter (N\/m\u00b2) oder Pascal (Pa) ausgedr\u00fcckt, was konsistent mit der Einheit f\u00fcr Druck ist.\"    }  },{    \"@type\": \"Question\",    \"name\": \"Wie wird E-Modul bestimmt?\",    \"acceptedAnswer\": {      \"@type\": \"Answer\",      \"text\": \"Zugversuch: Der E-Modul wird typischerweise durch einen standardisierten Zugversuch bestimmt, bei dem ein Material bis zu seinem Bruchpunkt belastet wird.Spannungs-Dehnungs-Diagramm: Aus dem linearen Teil des Spannungs-Dehnungs-Diagramms, der das Hookesche Gesetz darstellt, wird der E-Modul abgelesen.\"    }  }]}<\/script><\/div>\n\t\t\t\t\t\t<\/div>\n\t\t\t\t<\/div>\n\t\t\t\t<\/div>\n\t\t\t\t\t<\/div>\n\t\t\t\t<\/div>\n\t\t\t\t<\/div>\n\t\t","protected":false},"excerpt":{"rendered":"<p>Module d&rsquo;Young Le module d&rsquo;Young est un param\u00e8tre mat\u00e9riel fr\u00e9quemment requis dans le calcul statique des composants. Lorsqu&rsquo;une force de traction agit sur un corps solide, celui-ci r\u00e9agit par un changement de longueur. Des forces internes sont cr\u00e9\u00e9es dans le corps, qui inversent le changement de longueur d\u00e8s que la force de traction externe cesse. [&hellip;]<\/p>\n","protected":false},"author":5,"featured_media":0,"parent":40990,"menu_order":0,"comment_status":"closed","ping_status":"closed","template":"","meta":{"_acf_changed":false,"inline_featured_image":false,"footnotes":""},"class_list":["post-41016","page","type-page","status-publish","hentry"],"acf":[],"_links":{"self":[{"href":"https:\/\/www.linseis.com\/fr\/wp-json\/wp\/v2\/pages\/41016","targetHints":{"allow":["GET"]}}],"collection":[{"href":"https:\/\/www.linseis.com\/fr\/wp-json\/wp\/v2\/pages"}],"about":[{"href":"https:\/\/www.linseis.com\/fr\/wp-json\/wp\/v2\/types\/page"}],"author":[{"embeddable":true,"href":"https:\/\/www.linseis.com\/fr\/wp-json\/wp\/v2\/users\/5"}],"replies":[{"embeddable":true,"href":"https:\/\/www.linseis.com\/fr\/wp-json\/wp\/v2\/comments?post=41016"}],"version-history":[{"count":0,"href":"https:\/\/www.linseis.com\/fr\/wp-json\/wp\/v2\/pages\/41016\/revisions"}],"up":[{"embeddable":true,"href":"https:\/\/www.linseis.com\/fr\/wp-json\/wp\/v2\/pages\/40990"}],"wp:attachment":[{"href":"https:\/\/www.linseis.com\/fr\/wp-json\/wp\/v2\/media?parent=41016"}],"curies":[{"name":"wp","href":"https:\/\/api.w.org\/{rel}","templated":true}]}}