{"id":41012,"date":"2024-07-25T03:38:29","date_gmt":"2024-07-25T01:38:29","guid":{"rendered":"https:\/\/www.linseis.com\/proprietes\/diffusivite-thermique\/"},"modified":"2025-08-04T15:19:37","modified_gmt":"2025-08-04T13:19:37","slug":"diffusivite-thermique","status":"publish","type":"page","link":"https:\/\/www.linseis.com\/fr\/proprietes\/diffusivite-thermique\/","title":{"rendered":"Diffusivit\u00e9 thermique"},"content":{"rendered":"\t\t<div data-elementor-type=\"wp-post\" data-elementor-id=\"41012\" class=\"elementor elementor-41012 elementor-20539\" data-elementor-post-type=\"page\">\n\t\t\t\t<div class=\"elementor-element elementor-element-a3549cf e-flex e-con-boxed e-con e-parent\" data-id=\"a3549cf\" data-element_type=\"container\" data-e-type=\"container\" data-settings=\"{&quot;background_background&quot;:&quot;classic&quot;}\">\n\t\t\t\t\t<div class=\"e-con-inner\">\n\t\t\t\t<div class=\"elementor-element elementor-element-ac41c94 elementor-widget elementor-widget-image\" data-id=\"ac41c94\" data-element_type=\"widget\" data-e-type=\"widget\" data-widget_type=\"image.default\">\n\t\t\t\t<div class=\"elementor-widget-container\">\n\t\t\t\t\t\t\t\t\t\t\t\t\t\t\t<img decoding=\"async\" src=\"https:\/\/www.linseis.com\/wp-content\/uploads\/\/linseis_scale-top-1.svg\" title=\"\" alt=\"\" loading=\"lazy\" \/>\t\t\t\t\t\t\t\t\t\t\t\t\t\t\t<\/div>\n\t\t\t\t<\/div>\n\t\t<div class=\"elementor-element elementor-element-a7b7feb e-con-full e-flex e-con e-child\" data-id=\"a7b7feb\" data-element_type=\"container\" data-e-type=\"container\">\n\t\t<div class=\"elementor-element elementor-element-6100945 e-con-full e-flex e-con e-child\" data-id=\"6100945\" data-element_type=\"container\" data-e-type=\"container\">\n\t\t\t\t<div class=\"elementor-element elementor-element-cc1182c elementor-invisible elementor-widget elementor-widget-heading\" data-id=\"cc1182c\" data-element_type=\"widget\" data-e-type=\"widget\" data-settings=\"{&quot;_animation&quot;:&quot;fadeInUp&quot;,&quot;_animation_delay&quot;:250}\" data-widget_type=\"heading.default\">\n\t\t\t\t<div class=\"elementor-widget-container\">\n\t\t\t\t\t<h1 class=\"elementor-heading-title elementor-size-default\"><b>Diffusivit\u00e9 thermique<\/b><\/h1>\t\t\t\t<\/div>\n\t\t\t\t<\/div>\n\t\t\t\t<\/div>\n\t\t<div class=\"elementor-element elementor-element-6d91a43 e-con-full e-flex e-con e-child\" data-id=\"6d91a43\" data-element_type=\"container\" data-e-type=\"container\">\n\t\t\t\t<div class=\"elementor-element elementor-element-9413374 elementor-widget elementor-widget-n-carousel\" data-id=\"9413374\" data-element_type=\"widget\" data-e-type=\"widget\" data-settings=\"{&quot;carousel_items&quot;:[{&quot;slide_title&quot;:&quot;Produkt 1&quot;,&quot;_id&quot;:&quot;d6fbcdb&quot;}],&quot;slides_to_show&quot;:&quot;1&quot;,&quot;slides_to_scroll&quot;:&quot;2&quot;,&quot;autoplay_speed&quot;:2000,&quot;slides_to_show_tablet&quot;:&quot;1&quot;,&quot;slides_to_show_mobile&quot;:&quot;1&quot;,&quot;autoplay&quot;:&quot;yes&quot;,&quot;pause_on_hover&quot;:&quot;yes&quot;,&quot;pause_on_interaction&quot;:&quot;yes&quot;,&quot;infinite&quot;:&quot;yes&quot;,&quot;speed&quot;:500,&quot;offset_sides&quot;:&quot;none&quot;,&quot;image_spacing_custom&quot;:{&quot;unit&quot;:&quot;px&quot;,&quot;size&quot;:10,&quot;sizes&quot;:[]},&quot;image_spacing_custom_tablet&quot;:{&quot;unit&quot;:&quot;px&quot;,&quot;size&quot;:&quot;&quot;,&quot;sizes&quot;:[]},&quot;image_spacing_custom_mobile&quot;:{&quot;unit&quot;:&quot;px&quot;,&quot;size&quot;:&quot;&quot;,&quot;sizes&quot;:[]}}\" data-widget_type=\"nested-carousel.default\">\n\t\t\t\t<div class=\"elementor-widget-container\">\n\t\t\t\t\t\t\t<div class=\"e-n-carousel swiper\" role=\"region\" aria-roledescription=\"carousel\" aria-label=\"Karussell\" dir=\"ltr\">\n\t\t\t<div class=\"swiper-wrapper\" aria-live=\"off\">\n\t\t\t\t\t\t\t\t\t\t<div class=\"swiper-slide\" data-slide=\"1\" role=\"group\" aria-roledescription=\"slide\" aria-label=\"1 sur 1\">\n\t\t\t\t\t\t\t<div class=\"elementor-element elementor-element-44441f5 e-flex e-con-boxed e-con e-child\" data-id=\"44441f5\" data-element_type=\"container\" data-e-type=\"container\">\n\t\t\t\t\t<div class=\"e-con-inner\">\n\t\t\t\t<div class=\"elementor-element elementor-element-4103051 elementor-widget__width-initial elementor-invisible elementor-widget elementor-widget-image\" data-id=\"4103051\" data-element_type=\"widget\" data-e-type=\"widget\" data-settings=\"{&quot;_animation&quot;:&quot;fadeInUp&quot;}\" data-widget_type=\"image.default\">\n\t\t\t\t<div class=\"elementor-widget-container\">\n\t\t\t\t\t\t\t\t\t\t\t\t\t\t\t<img fetchpriority=\"high\" decoding=\"async\" width=\"800\" height=\"800\" src=\"https:\/\/www.linseis.com\/wp-content\/uploads\/2024\/07\/Linseis-Icons_Linien-weiss_Temperaturleitfaehigkeit-1024x1024.png\" class=\"attachment-large size-large wp-image-21959\" alt=\"\" srcset=\"https:\/\/www.linseis.com\/wp-content\/uploads\/2024\/07\/Linseis-Icons_Linien-weiss_Temperaturleitfaehigkeit-1024x1024.png 1024w, https:\/\/www.linseis.com\/wp-content\/uploads\/2024\/07\/Linseis-Icons_Linien-weiss_Temperaturleitfaehigkeit-300x300.png 300w, https:\/\/www.linseis.com\/wp-content\/uploads\/2024\/07\/Linseis-Icons_Linien-weiss_Temperaturleitfaehigkeit-150x150.png 150w, https:\/\/www.linseis.com\/wp-content\/uploads\/2024\/07\/Linseis-Icons_Linien-weiss_Temperaturleitfaehigkeit-768x768.png 768w, https:\/\/www.linseis.com\/wp-content\/uploads\/2024\/07\/Linseis-Icons_Linien-weiss_Temperaturleitfaehigkeit-1536x1536.png 1536w, https:\/\/www.linseis.com\/wp-content\/uploads\/2024\/07\/Linseis-Icons_Linien-weiss_Temperaturleitfaehigkeit-2048x2048.png 2048w\" sizes=\"(max-width: 800px) 100vw, 800px\" \/>\t\t\t\t\t\t\t\t\t\t\t\t\t\t\t<\/div>\n\t\t\t\t<\/div>\n\t\t\t\t\t<\/div>\n\t\t\t\t<\/div>\n\t\t\t\t\t\t\t\t<\/div>\n\t\t\t\t\t\t\t\t<\/div>\n\t\t<\/div>\n\t\t\t\t\t\t<\/div>\n\t\t\t\t<\/div>\n\t\t\t\t<\/div>\n\t\t\t\t<\/div>\n\t\t\t\t<div class=\"elementor-element elementor-element-b4a6800 elementor-widget elementor-widget-image\" data-id=\"b4a6800\" data-element_type=\"widget\" data-e-type=\"widget\" data-widget_type=\"image.default\">\n\t\t\t\t<div class=\"elementor-widget-container\">\n\t\t\t\t\t\t\t\t\t\t\t\t\t\t\t<img decoding=\"async\" src=\"https:\/\/www.linseis.com\/wp-content\/uploads\/\/linseis_scale-bottom-1.svg\" title=\"\" alt=\"\" loading=\"lazy\" \/>\t\t\t\t\t\t\t\t\t\t\t\t\t\t\t<\/div>\n\t\t\t\t<\/div>\n\t\t\t\t\t<\/div>\n\t\t\t\t<\/div>\n\t\t<div class=\"elementor-element elementor-element-7c8d6cc e-flex e-con-boxed e-con e-parent\" data-id=\"7c8d6cc\" data-element_type=\"container\" data-e-type=\"container\" data-settings=\"{&quot;background_background&quot;:&quot;classic&quot;}\">\n\t\t\t\t\t<div class=\"e-con-inner\">\n\t\t\t\t\t<\/div>\n\t\t\t\t<\/div>\n\t\t<div class=\"elementor-element elementor-element-d7b7522 e-flex e-con-boxed e-con e-parent\" data-id=\"d7b7522\" data-element_type=\"container\" data-e-type=\"container\" data-settings=\"{&quot;background_background&quot;:&quot;classic&quot;}\">\n\t\t\t\t\t<div class=\"e-con-inner\">\n\t\t<div class=\"elementor-element elementor-element-449b6fd e-con-full e-flex e-con e-child\" data-id=\"449b6fd\" data-element_type=\"container\" data-e-type=\"container\">\n\t\t\t\t<div class=\"elementor-element elementor-element-031217d elementor-invisible elementor-widget elementor-widget-wp-widget-bcn_widget\" data-id=\"031217d\" data-element_type=\"widget\" data-e-type=\"widget\" data-settings=\"{&quot;_animation&quot;:&quot;fadeInUp&quot;}\" data-widget_type=\"wp-widget-bcn_widget.default\">\n\t\t\t\t<div class=\"elementor-widget-container\">\n\t\t\t\t\t<div class=\"breadcrumbs\" vocab=\"https:\/\/schema.org\/\" typeof=\"BreadcrumbList\"><span property=\"itemListElement\" typeof=\"ListItem\"><a property=\"item\" typeof=\"WebPage\" title=\"Aller \u00e0 Linseis.\" href=\"https:\/\/www.linseis.com\/fr\/\" class=\"home\" aria-current=\"page\"><span property=\"name\">Linseis<\/span><\/a><meta property=\"position\" content=\"1\"><\/span><\/div>\t\t\t\t<\/div>\n\t\t\t\t<\/div>\n\t\t\t\t<\/div>\n\t\t\t\t\t<\/div>\n\t\t\t\t<\/div>\n\t\t<div class=\"elementor-element elementor-element-ed98f58 e-flex e-con-boxed e-con e-parent\" data-id=\"ed98f58\" data-element_type=\"container\" data-e-type=\"container\" data-settings=\"{&quot;background_background&quot;:&quot;classic&quot;}\">\n\t\t\t\t\t<div class=\"e-con-inner\">\n\t\t<div class=\"elementor-element elementor-element-bbc47b3 e-con-full e-flex e-con e-child\" data-id=\"bbc47b3\" data-element_type=\"container\" data-e-type=\"container\">\n\t\t\t\t<div class=\"elementor-element elementor-element-71a1ec4 elementor-invisible elementor-widget elementor-widget-text-editor\" data-id=\"71a1ec4\" data-element_type=\"widget\" data-e-type=\"widget\" data-settings=\"{&quot;_animation&quot;:&quot;fadeInUp&quot;,&quot;_animation_delay&quot;:500}\" data-widget_type=\"text-editor.default\">\n\t\t\t\t<div class=\"elementor-widget-container\">\n\t\t\t\t\t\t\t\t\t<h2>Diffusivit\u00e9 thermique [m\u00b2\/s] &#8211; variable thermophysique mesur\u00e9e<\/h2>\n\t\t\t\t\t\t\t\t<\/div>\n\t\t\t\t<\/div>\n\t\t\t\t<div class=\"elementor-element elementor-element-32d9053 elementor-widget elementor-widget-text-editor\" data-id=\"32d9053\" data-element_type=\"widget\" data-e-type=\"widget\" data-widget_type=\"text-editor.default\">\n\t\t\t\t<div class=\"elementor-widget-container\">\n\t\t\t\t\t\t\t\t\t<p>La vitesse \u00e0 laquelle une substance r\u00e9agit aux changements de temp\u00e9rature d\u00e9pend de sa conductivit\u00e9 thermique, de sa densit\u00e9 et de sa capacit\u00e9 thermique sp\u00e9cifique.<\/p><p><img decoding=\"async\" class=\"alignnone wp-image-55678 size-medium\" src=\"https:\/\/www.linseis.com\/wp-content\/uploads\/2024\/09\/Formel-Waerme-und-Temperaturleitfaehigkeit-300x56.png\" alt=\"\" width=\"300\" height=\"56\" srcset=\"https:\/\/www.linseis.com\/wp-content\/uploads\/2024\/09\/Formel-Waerme-und-Temperaturleitfaehigkeit-300x56.png 300w, https:\/\/www.linseis.com\/wp-content\/uploads\/2024\/09\/Formel-Waerme-und-Temperaturleitfaehigkeit.png 463w\" sizes=\"(max-width: 300px) 100vw, 300px\" \/><\/p><p>\u03bb = conductivit\u00e9 thermique [W\/m*K]<br \/>\u03b1 = diffusivit\u00e9 thermique [mm\u00b2\/s]<br \/>C<sub>p<\/sub> = capacit\u00e9 thermique sp\u00e9cifique [J\/g*K]<br \/><span id=\"\u00ab\" class=\"\u00ab\"><span id=\"\u00ab\" class=\"\u00ab\">\u03c1 = densit\u00e9 [g\/cm\u00b3]<\/span><\/span><\/p><p>La <a href=\"https:\/\/www.linseis.com\/fr\/proprietes\/conductivite-thermique\/\"><strong>conductivit\u00e9 thermique<\/strong><\/a> d\u00e9termine la vitesse \u00e0 laquelle la chaleur se propage dans un tissu.<\/p><p>La<a href=\"https:\/\/www.linseis.com\/fr\/proprietes\/capacite-thermique-specifique\/\"><strong> capacit\u00e9 thermique sp\u00e9cifique<\/strong><\/a> indique la quantit\u00e9 de chaleur stock\u00e9e dans le tissu.<\/p><p>La densit\u00e9 tient compte de la quantit\u00e9 de substance pr\u00e9sente par m\u00e8tre cube.<\/p><p>Ces relations sont d\u00e9crites par la conductivit\u00e9 thermique.<\/p><p>Cette taille de substance est \u00e9gale au quotient de la conductivit\u00e9 thermique et du produit de la capacit\u00e9 thermique sp\u00e9cifique et de la densit\u00e9. L&rsquo;unit\u00e9 de mesure [m\u00b2\/s] est calcul\u00e9e \u00e0 partir de cette formule.<\/p>\t\t\t\t\t\t\t\t<\/div>\n\t\t\t\t<\/div>\n\t\t\t\t<\/div>\n\t\t\t\t\t<\/div>\n\t\t\t\t<\/div>\n\t\t<div class=\"elementor-element elementor-element-3473d73 e-flex e-con-boxed elementor-invisible e-con e-parent\" data-id=\"3473d73\" data-element_type=\"container\" data-e-type=\"container\" data-settings=\"{&quot;animation&quot;:&quot;fadeInUp&quot;}\">\n\t\t\t\t\t<div class=\"e-con-inner\">\n\t\t\t\t<div class=\"elementor-element elementor-element-11f930b elementor-widget elementor-widget-image\" data-id=\"11f930b\" data-element_type=\"widget\" data-e-type=\"widget\" data-widget_type=\"image.default\">\n\t\t\t\t<div class=\"elementor-widget-container\">\n\t\t\t\t\t\t\t\t\t\t\t\t\t\t\t<img decoding=\"async\" width=\"800\" height=\"382\" src=\"https:\/\/www.linseis.com\/wp-content\/uploads\/2024\/07\/Temperaturleitfaehigkeit-Titelbild-1024x489.png\" class=\"attachment-large size-large wp-image-20548\" alt=\"Temperaturleitf\u00e4higkeit einer Wand\" srcset=\"https:\/\/www.linseis.com\/wp-content\/uploads\/2024\/07\/Temperaturleitfaehigkeit-Titelbild-1024x489.png 1024w, https:\/\/www.linseis.com\/wp-content\/uploads\/2024\/07\/Temperaturleitfaehigkeit-Titelbild-300x143.png 300w, https:\/\/www.linseis.com\/wp-content\/uploads\/2024\/07\/Temperaturleitfaehigkeit-Titelbild-768x366.png 768w, https:\/\/www.linseis.com\/wp-content\/uploads\/2024\/07\/Temperaturleitfaehigkeit-Titelbild-1536x733.png 1536w, https:\/\/www.linseis.com\/wp-content\/uploads\/2024\/07\/Temperaturleitfaehigkeit-Titelbild.png 1920w\" sizes=\"(max-width: 800px) 100vw, 800px\" \/>\t\t\t\t\t\t\t\t\t\t\t\t\t\t\t<\/div>\n\t\t\t\t<\/div>\n\t\t\t\t\t<\/div>\n\t\t\t\t<\/div>\n\t\t<div class=\"elementor-element elementor-element-8801439 e-flex e-con-boxed e-con e-parent\" data-id=\"8801439\" data-element_type=\"container\" data-e-type=\"container\" data-settings=\"{&quot;background_background&quot;:&quot;classic&quot;}\">\n\t\t\t\t\t<div class=\"e-con-inner\">\n\t\t<div class=\"elementor-element elementor-element-4fda86f e-con-full e-flex e-con e-child\" data-id=\"4fda86f\" data-element_type=\"container\" data-e-type=\"container\">\n\t\t\t\t<div class=\"elementor-element elementor-element-34d74a1 elementor-widget elementor-widget-text-editor\" data-id=\"34d74a1\" data-element_type=\"widget\" data-e-type=\"widget\" data-widget_type=\"text-editor.default\">\n\t\t\t\t<div class=\"elementor-widget-container\">\n\t\t\t\t\t\t\t\t\t<p>La diffusivit\u00e9 thermique est n\u00e9cessaire pour \u00e9valuer les processus de chauffage et de refroidissement, les changements de temp\u00e9rature dans les espaces de vie et les contraintes thermiques dans les composants.<\/p><p>Par exemple, l&rsquo;indicateur est un crit\u00e8re important dans la classification des \u00e9quipements de g\u00e9nie civil destin\u00e9s \u00e0 emp\u00eacher la propagation des incendies.<\/p><p>Si l&rsquo;on souhaite une compensation rapide de la temp\u00e9rature dans les mat\u00e9riaux, il est pr\u00e9f\u00e9rable d&rsquo;utiliser des mat\u00e9riaux \u00e0 forte conductivit\u00e9 thermique. Il s&rsquo;agit notamment des m\u00e9taux et du graphite. Ces substances sont utilis\u00e9es par exemple dans les instruments de mesure de la temp\u00e9rature et les r\u00e9gulateurs de temp\u00e9rature.<\/p><p>Les non-m\u00e9taux conduisent la temp\u00e9rature beaucoup plus mal. Ils conviennent, entre autres, au stockage de la chaleur dans les r\u00e9g\u00e9n\u00e9rateurs.<\/p><p>Pour mesurer la diffusivit\u00e9 thermique, un \u00e9chantillon de mat\u00e9riau est plac\u00e9 entre deux \u00e9l\u00e9ments dont les temp\u00e9ratures sont constantes et mutuellement diff\u00e9rentes, et le profil de temp\u00e9rature local et temporel dans l&rsquo;\u00e9chantillon est \u00e9valu\u00e9.<\/p><p>Ces \u00e9l\u00e9ments se retrouvent, par exemple, dans le LINSEIS <a href=\"https:\/\/www.linseis.com\/fr\/produits\/conductivite-thermique\/hfm\/\"><strong>D\u00e9bitm\u00e8tre de chaleur<\/strong><\/a>. Des donn\u00e9es de mesure pr\u00e9cises pour les films tr\u00e8s minces sont fournies par notre syst\u00e8me de mesure de la temp\u00e9rature. <a href=\"https:\/\/www.linseis.com\/fr\/produits\/conductivite-thermique\/tf-lfa\/\"><strong>TF-LFA &#8211; LaserFlash<\/strong><\/a> pour films minces, qui fonctionne sur la base de faisceaux laser.<\/p><p>Les appareils de mesure Linseis d\u00e9terminent simultan\u00e9ment la conductivit\u00e9 thermique, la diffusivit\u00e9 thermique et la capacit\u00e9 thermique sp\u00e9cifique \u00e0 l&rsquo;aide du logiciel fourni.<\/p>\t\t\t\t\t\t\t\t<\/div>\n\t\t\t\t<\/div>\n\t\t\t\t<\/div>\n\t\t\t\t\t<\/div>\n\t\t\t\t<\/div>\n\t\t\t\t<\/div>\n\t\t","protected":false},"excerpt":{"rendered":"<p>Diffusivit\u00e9 thermique Diffusivit\u00e9 thermique [m\u00b2\/s] &#8211; variable thermophysique mesur\u00e9e La vitesse \u00e0 laquelle une substance r\u00e9agit aux changements de temp\u00e9rature d\u00e9pend de sa conductivit\u00e9 thermique, de sa densit\u00e9 et de sa capacit\u00e9 thermique sp\u00e9cifique. \u03bb = conductivit\u00e9 thermique [W\/m*K]\u03b1 = diffusivit\u00e9 thermique [mm\u00b2\/s]Cp = capacit\u00e9 thermique sp\u00e9cifique [J\/g*K]\u03c1 = densit\u00e9 [g\/cm\u00b3] La conductivit\u00e9 thermique d\u00e9termine [&hellip;]<\/p>\n","protected":false},"author":5,"featured_media":0,"parent":40990,"menu_order":0,"comment_status":"closed","ping_status":"closed","template":"","meta":{"_acf_changed":false,"inline_featured_image":false,"footnotes":""},"class_list":["post-41012","page","type-page","status-publish","hentry"],"acf":[],"_links":{"self":[{"href":"https:\/\/www.linseis.com\/fr\/wp-json\/wp\/v2\/pages\/41012","targetHints":{"allow":["GET"]}}],"collection":[{"href":"https:\/\/www.linseis.com\/fr\/wp-json\/wp\/v2\/pages"}],"about":[{"href":"https:\/\/www.linseis.com\/fr\/wp-json\/wp\/v2\/types\/page"}],"author":[{"embeddable":true,"href":"https:\/\/www.linseis.com\/fr\/wp-json\/wp\/v2\/users\/5"}],"replies":[{"embeddable":true,"href":"https:\/\/www.linseis.com\/fr\/wp-json\/wp\/v2\/comments?post=41012"}],"version-history":[{"count":0,"href":"https:\/\/www.linseis.com\/fr\/wp-json\/wp\/v2\/pages\/41012\/revisions"}],"up":[{"embeddable":true,"href":"https:\/\/www.linseis.com\/fr\/wp-json\/wp\/v2\/pages\/40990"}],"wp:attachment":[{"href":"https:\/\/www.linseis.com\/fr\/wp-json\/wp\/v2\/media?parent=41012"}],"curies":[{"name":"wp","href":"https:\/\/api.w.org\/{rel}","templated":true}]}}