{"id":41002,"date":"2024-07-23T22:36:30","date_gmt":"2024-07-23T20:36:30","guid":{"rendered":"https:\/\/www.linseis.com\/proprietes\/coefficient-dexpansion-lineaire\/"},"modified":"2024-12-13T07:38:11","modified_gmt":"2024-12-13T06:38:11","slug":"coefficient-dexpansion-lineaire","status":"publish","type":"page","link":"https:\/\/www.linseis.com\/fr\/proprietes\/coefficient-dexpansion-lineaire\/","title":{"rendered":"Coefficient d&rsquo;expansion lin\u00e9aire"},"content":{"rendered":"\t\t<div data-elementor-type=\"wp-post\" data-elementor-id=\"41002\" class=\"elementor elementor-41002 elementor-18948\" data-elementor-post-type=\"page\">\n\t\t\t\t<div class=\"elementor-element elementor-element-a3549cf e-flex e-con-boxed e-con e-parent\" data-id=\"a3549cf\" data-element_type=\"container\" data-e-type=\"container\" data-settings=\"{&quot;background_background&quot;:&quot;classic&quot;}\">\n\t\t\t\t\t<div class=\"e-con-inner\">\n\t\t\t\t<div class=\"elementor-element elementor-element-ac41c94 elementor-widget elementor-widget-image\" data-id=\"ac41c94\" data-element_type=\"widget\" data-e-type=\"widget\" data-widget_type=\"image.default\">\n\t\t\t\t<div class=\"elementor-widget-container\">\n\t\t\t\t\t\t\t\t\t\t\t\t\t\t\t<img decoding=\"async\" src=\"https:\/\/www.linseis.com\/wp-content\/uploads\/\/linseis_scale-top-1.svg\" title=\"\" alt=\"\" loading=\"lazy\" \/>\t\t\t\t\t\t\t\t\t\t\t\t\t\t\t<\/div>\n\t\t\t\t<\/div>\n\t\t<div class=\"elementor-element elementor-element-a7b7feb e-con-full e-flex e-con e-child\" data-id=\"a7b7feb\" data-element_type=\"container\" data-e-type=\"container\">\n\t\t<div class=\"elementor-element elementor-element-6100945 e-con-full e-flex e-con e-child\" data-id=\"6100945\" data-element_type=\"container\" data-e-type=\"container\">\n\t\t\t\t<div class=\"elementor-element elementor-element-cc1182c elementor-invisible elementor-widget elementor-widget-heading\" data-id=\"cc1182c\" data-element_type=\"widget\" data-e-type=\"widget\" data-settings=\"{&quot;_animation&quot;:&quot;fadeInUp&quot;,&quot;_animation_delay&quot;:250}\" data-widget_type=\"heading.default\">\n\t\t\t\t<div class=\"elementor-widget-container\">\n\t\t\t\t\t<h1 class=\"elementor-heading-title elementor-size-default\"><b>Coefficient d'expansion lin\u00e9aire<\/b><\/h1>\t\t\t\t<\/div>\n\t\t\t\t<\/div>\n\t\t\t\t<\/div>\n\t\t<div class=\"elementor-element elementor-element-6d91a43 e-con-full e-flex e-con e-child\" data-id=\"6d91a43\" data-element_type=\"container\" data-e-type=\"container\">\n\t\t\t\t<div class=\"elementor-element elementor-element-d7d34fa elementor-widget__width-initial elementor-invisible elementor-widget elementor-widget-image\" data-id=\"d7d34fa\" data-element_type=\"widget\" data-e-type=\"widget\" data-settings=\"{&quot;_animation&quot;:&quot;fadeInUp&quot;}\" data-widget_type=\"image.default\">\n\t\t\t\t<div class=\"elementor-widget-container\">\n\t\t\t\t\t\t\t\t\t\t\t\t\t\t\t<img fetchpriority=\"high\" decoding=\"async\" width=\"800\" height=\"800\" src=\"https:\/\/www.linseis.com\/wp-content\/uploads\/2024\/07\/Linseis-Icons_Linien-weiss_CTE-Laengenausdehnung-1024x1024.png\" class=\"attachment-large size-large wp-image-21903\" alt=\"\" srcset=\"https:\/\/www.linseis.com\/wp-content\/uploads\/2024\/07\/Linseis-Icons_Linien-weiss_CTE-Laengenausdehnung-1024x1024.png 1024w, https:\/\/www.linseis.com\/wp-content\/uploads\/2024\/07\/Linseis-Icons_Linien-weiss_CTE-Laengenausdehnung-300x300.png 300w, https:\/\/www.linseis.com\/wp-content\/uploads\/2024\/07\/Linseis-Icons_Linien-weiss_CTE-Laengenausdehnung-150x150.png 150w, https:\/\/www.linseis.com\/wp-content\/uploads\/2024\/07\/Linseis-Icons_Linien-weiss_CTE-Laengenausdehnung-768x768.png 768w, https:\/\/www.linseis.com\/wp-content\/uploads\/2024\/07\/Linseis-Icons_Linien-weiss_CTE-Laengenausdehnung-1536x1536.png 1536w, https:\/\/www.linseis.com\/wp-content\/uploads\/2024\/07\/Linseis-Icons_Linien-weiss_CTE-Laengenausdehnung-2048x2048.png 2048w\" sizes=\"(max-width: 800px) 100vw, 800px\" \/>\t\t\t\t\t\t\t\t\t\t\t\t\t\t\t<\/div>\n\t\t\t\t<\/div>\n\t\t\t\t<\/div>\n\t\t\t\t<\/div>\n\t\t\t\t<div class=\"elementor-element elementor-element-b4a6800 elementor-widget elementor-widget-image\" data-id=\"b4a6800\" data-element_type=\"widget\" data-e-type=\"widget\" data-widget_type=\"image.default\">\n\t\t\t\t<div class=\"elementor-widget-container\">\n\t\t\t\t\t\t\t\t\t\t\t\t\t\t\t<img decoding=\"async\" src=\"https:\/\/www.linseis.com\/wp-content\/uploads\/\/linseis_scale-bottom-1.svg\" title=\"\" alt=\"\" loading=\"lazy\" \/>\t\t\t\t\t\t\t\t\t\t\t\t\t\t\t<\/div>\n\t\t\t\t<\/div>\n\t\t\t\t\t<\/div>\n\t\t\t\t<\/div>\n\t\t<div class=\"elementor-element elementor-element-7c8d6cc e-flex e-con-boxed e-con e-parent\" data-id=\"7c8d6cc\" data-element_type=\"container\" data-e-type=\"container\" data-settings=\"{&quot;background_background&quot;:&quot;classic&quot;}\">\n\t\t\t\t\t<div class=\"e-con-inner\">\n\t\t\t\t\t<\/div>\n\t\t\t\t<\/div>\n\t\t<div class=\"elementor-element elementor-element-d7b7522 e-flex e-con-boxed e-con e-parent\" data-id=\"d7b7522\" data-element_type=\"container\" data-e-type=\"container\" data-settings=\"{&quot;background_background&quot;:&quot;classic&quot;}\">\n\t\t\t\t\t<div class=\"e-con-inner\">\n\t\t<div class=\"elementor-element elementor-element-449b6fd e-con-full e-flex e-con e-child\" data-id=\"449b6fd\" data-element_type=\"container\" data-e-type=\"container\">\n\t\t\t\t<div class=\"elementor-element elementor-element-031217d elementor-invisible elementor-widget elementor-widget-wp-widget-bcn_widget\" data-id=\"031217d\" data-element_type=\"widget\" data-e-type=\"widget\" data-settings=\"{&quot;_animation&quot;:&quot;fadeInUp&quot;}\" data-widget_type=\"wp-widget-bcn_widget.default\">\n\t\t\t\t<div class=\"elementor-widget-container\">\n\t\t\t\t\t<div class=\"breadcrumbs\" vocab=\"https:\/\/schema.org\/\" typeof=\"BreadcrumbList\"><span property=\"itemListElement\" typeof=\"ListItem\"><a property=\"item\" typeof=\"WebPage\" title=\"Aller \u00e0 Linseis.\" href=\"https:\/\/www.linseis.com\/fr\/\" class=\"home\" aria-current=\"page\"><span property=\"name\">Linseis<\/span><\/a><meta property=\"position\" content=\"1\"><\/span><\/div>\t\t\t\t<\/div>\n\t\t\t\t<\/div>\n\t\t\t\t<\/div>\n\t\t\t\t\t<\/div>\n\t\t\t\t<\/div>\n\t\t<div class=\"elementor-element elementor-element-ed98f58 e-flex e-con-boxed e-con e-parent\" data-id=\"ed98f58\" data-element_type=\"container\" data-e-type=\"container\" data-settings=\"{&quot;background_background&quot;:&quot;classic&quot;}\">\n\t\t\t\t\t<div class=\"e-con-inner\">\n\t\t<div class=\"elementor-element elementor-element-bbc47b3 e-con-full e-flex e-con e-child\" data-id=\"bbc47b3\" data-element_type=\"container\" data-e-type=\"container\">\n\t\t\t\t<div class=\"elementor-element elementor-element-71a1ec4 elementor-widget elementor-widget-text-editor\" data-id=\"71a1ec4\" data-element_type=\"widget\" data-e-type=\"widget\" data-widget_type=\"text-editor.default\">\n\t\t\t\t<div class=\"elementor-widget-container\">\n\t\t\t\t\t\t\t\t\t<h2>Coefficient d&rsquo;expansion lin\u00e9aire CTE &#8211; une variable mesur\u00e9e en dilatom\u00e9trie<\/h2><p>Les coefficients de dilatation (dilatation lin\u00e9aire et dilatation volumique) sont des propri\u00e9t\u00e9s des mat\u00e9riaux.<br \/>Ils sont d\u00e9termin\u00e9s exp\u00e9rimentalement et donn\u00e9s en mm\/m*K.<\/p><p>Le kelvin est l&rsquo;unit\u00e9 de mesure de la temp\u00e9rature absolue et des diff\u00e9rences de temp\u00e9rature selon l&rsquo;\u00e9chelle Celsius.<\/p><h3><strong>Coefficient d&rsquo;expansion lin\u00e9aire<\/strong><\/h3><p>Le coefficient de dilatation lin\u00e9aire indique de quelle diff\u00e9rence de longueur par rapport \u00e0 la longueur totale L un corps solide change avec une variation de temp\u00e9rature d&rsquo;un Kelvin.<\/p><p><img decoding=\"async\" class=\"alignnone wp-image-55637 size-medium\" src=\"https:\/\/www.linseis.com\/wp-content\/uploads\/2024\/09\/Laengenausdehnungskoeffizient-Formel-300x83.png\" alt=\"\" width=\"300\" height=\"83\" srcset=\"https:\/\/www.linseis.com\/wp-content\/uploads\/2024\/09\/Laengenausdehnungskoeffizient-Formel-300x83.png 300w, https:\/\/www.linseis.com\/wp-content\/uploads\/2024\/09\/Laengenausdehnungskoeffizient-Formel.png 399w\" sizes=\"(max-width: 300px) 100vw, 300px\" \/><\/p><p>L<sub>0<\/sub> = longueur de l&rsquo;\u00e9chantillon, \u0394L<sub>T<\/sub> = variation de longueur \u00e0 la temp\u00e9rature T<sub>T<\/sub><\/p><p>La mesure exacte de l&rsquo;expansion lin\u00e9aire est analys\u00e9e par <a href=\"https:\/\/www.linseis.com\/fr\/produits\/dilatometrie\/\" data-auto-event-observed=\"true\"><b>dilatom\u00e9trie<\/b><\/a>.<br \/>Les \u00e9chantillons sont chauff\u00e9s dans un four.<br \/>Le profil de temp\u00e9rature suit un programme pr\u00e9d\u00e9termin\u00e9 avec pr\u00e9cision qui permet la vitesse de chauffage requise, les temps de maintien en temp\u00e9rature requis et les processus de refroidissement d\u00e9finis.<br \/>Au cours de ce processus, les dimensions de l&rsquo;\u00e9chantillon sont enregistr\u00e9es en continu.<br \/>Les diff\u00e9rents dilatom\u00e8tres de Linseis sont optimis\u00e9s pour des t\u00e2ches sp\u00e9cifiques et \u00e9quip\u00e9s de routines d&rsquo;\u00e9valuation \u00e9tendues.<\/p><h3><strong>Coefficient d&rsquo;expansion du volume :<\/strong><\/h3><p>Le coefficient de dilatation sp\u00e9cifique au volume indique la quantit\u00e9 par laquelle le volume d&rsquo;un corps augmente ou diminue par rapport au volume total lorsque la temp\u00e9rature change d&rsquo;un Kelvin.<\/p>\t\t\t\t\t\t\t\t<\/div>\n\t\t\t\t<\/div>\n\t\t\t\t<\/div>\n\t\t\t\t\t<\/div>\n\t\t\t\t<\/div>\n\t\t<div class=\"elementor-element elementor-element-3473d73 e-flex e-con-boxed elementor-invisible e-con e-parent\" data-id=\"3473d73\" data-element_type=\"container\" data-e-type=\"container\" data-settings=\"{&quot;animation&quot;:&quot;fadeInUp&quot;}\">\n\t\t\t\t\t<div class=\"e-con-inner\">\n\t\t\t\t<div class=\"elementor-element elementor-element-11f930b elementor-widget elementor-widget-image\" data-id=\"11f930b\" data-element_type=\"widget\" data-e-type=\"widget\" data-widget_type=\"image.default\">\n\t\t\t\t<div class=\"elementor-widget-container\">\n\t\t\t\t\t\t\t\t\t\t\t\t\t\t\t<img decoding=\"async\" width=\"800\" height=\"382\" src=\"https:\/\/www.linseis.com\/wp-content\/uploads\/2024\/07\/Strasse-Risse-1024x489.png\" class=\"attachment-large size-large wp-image-18971\" alt=\"Strasse Risse\" srcset=\"https:\/\/www.linseis.com\/wp-content\/uploads\/2024\/07\/Strasse-Risse-1024x489.png 1024w, https:\/\/www.linseis.com\/wp-content\/uploads\/2024\/07\/Strasse-Risse-300x143.png 300w, https:\/\/www.linseis.com\/wp-content\/uploads\/2024\/07\/Strasse-Risse-768x366.png 768w, https:\/\/www.linseis.com\/wp-content\/uploads\/2024\/07\/Strasse-Risse.png 1440w\" sizes=\"(max-width: 800px) 100vw, 800px\" \/>\t\t\t\t\t\t\t\t\t\t\t\t\t\t\t<\/div>\n\t\t\t\t<\/div>\n\t\t\t\t\t<\/div>\n\t\t\t\t<\/div>\n\t\t<div class=\"elementor-element elementor-element-8801439 e-flex e-con-boxed e-con e-parent\" data-id=\"8801439\" data-element_type=\"container\" data-e-type=\"container\" data-settings=\"{&quot;background_background&quot;:&quot;classic&quot;}\">\n\t\t\t\t\t<div class=\"e-con-inner\">\n\t\t<div class=\"elementor-element elementor-element-4fda86f e-con-full e-flex e-con e-child\" data-id=\"4fda86f\" data-element_type=\"container\" data-e-type=\"container\">\n\t\t\t\t<div class=\"elementor-element elementor-element-fe6d621 elementor-widget elementor-widget-text-editor\" data-id=\"fe6d621\" data-element_type=\"widget\" data-e-type=\"widget\" data-widget_type=\"text-editor.default\">\n\t\t\t\t<div class=\"elementor-widget-container\">\n\t\t\t\t\t\t\t\t\t<h2>La dilatation thermique au quotidien<\/h2>\n<p><strong>Les substances r\u00e9agissent \u00e0 un changement de temp\u00e9rature par un changement de volume.<\/strong><\/p>\n<p>Cela concerne tous les domaines de la technologie.\nDans la construction de routes, de ponts et de voies ferr\u00e9es, il faut pr\u00e9voir des joints de dilatation qui absorbent la dilatation longitudinale des mat\u00e9riaux de construction. <\/p>\n<p><strong>Des compensateurs de dilatation sont pr\u00e9vus dans les canalisations sous la forme de coudes int\u00e9gr\u00e9s.<\/strong>  Les lignes a\u00e9riennes d&rsquo;alimentation \u00e9lectrique doivent \u00eatre con\u00e7ues de mani\u00e8re \u00e0 ce que les fils ne se cassent pas en hiver et qu&rsquo;ils aient une distance suffisante par rapport au sol en \u00e9t\u00e9.<\/p>\n<p><strong>La<\/strong> <strong>base de calcul de<\/strong> ces constructions et de beaucoup d&rsquo;autres <strong>est le coefficient thermique de dilatation lin\u00e9aire<\/strong>.<\/p>\n<p>Lors du stockage de liquides, un niveau de remplissage maximal sp\u00e9cifi\u00e9 doit \u00eatre respect\u00e9.\nAu-dessus du niveau du liquide, il reste un espace libre qui absorbe les fluctuations de volume.   <strong>Le calcul de ces probl\u00e8mes fait appel au coefficient d&rsquo;expansion volumique.<\/strong><\/p>\n<p>Ces termes d\u00e9coulent du fait que la plupart des substances se dilatent lorsqu&rsquo;elles sont chauff\u00e9es.\n\u00c0 quelques exceptions pr\u00e8s, les valeurs des deux grandeurs sont n\u00e9gatives, car les substances se contractent lorsqu&rsquo;elles sont chauff\u00e9es. <\/p>\n<p>Dans le cas de substances isotropes dont les propri\u00e9t\u00e9s sont ind\u00e9pendantes de la direction consid\u00e9r\u00e9e, le coefficient de dilatation volumique est \u00e9gal \u00e0 trois fois le coefficient de dilatation lin\u00e9aire.<\/p>\n\t\t\t\t\t\t\t\t<\/div>\n\t\t\t\t<\/div>\n\t\t\t\t<\/div>\n\t\t\t\t\t<\/div>\n\t\t\t\t<\/div>\n\t\t<div class=\"elementor-element elementor-element-aed7062 e-flex e-con-boxed elementor-invisible e-con e-parent\" data-id=\"aed7062\" data-element_type=\"container\" data-e-type=\"container\" data-settings=\"{&quot;animation&quot;:&quot;fadeInUp&quot;}\">\n\t\t\t\t\t<div class=\"e-con-inner\">\n\t\t\t\t<div class=\"elementor-element elementor-element-aae54ad elementor-invisible elementor-widget elementor-widget-image\" data-id=\"aae54ad\" data-element_type=\"widget\" data-e-type=\"widget\" data-settings=\"{&quot;_animation&quot;:&quot;fadeInUp&quot;}\" data-widget_type=\"image.default\">\n\t\t\t\t<div class=\"elementor-widget-container\">\n\t\t\t\t\t\t\t\t\t\t\t\t\t\t\t<img loading=\"lazy\" decoding=\"async\" width=\"800\" height=\"382\" src=\"https:\/\/www.linseis.com\/wp-content\/uploads\/2024\/07\/Dehnungsfuge-Strasse-1024x489.png\" class=\"attachment-large size-large wp-image-18978\" alt=\"Dehnungsfuge Strasse\" srcset=\"https:\/\/www.linseis.com\/wp-content\/uploads\/2024\/07\/Dehnungsfuge-Strasse-1024x489.png 1024w, https:\/\/www.linseis.com\/wp-content\/uploads\/2024\/07\/Dehnungsfuge-Strasse-300x143.png 300w, https:\/\/www.linseis.com\/wp-content\/uploads\/2024\/07\/Dehnungsfuge-Strasse-768x366.png 768w, https:\/\/www.linseis.com\/wp-content\/uploads\/2024\/07\/Dehnungsfuge-Strasse.png 1440w\" sizes=\"(max-width: 800px) 100vw, 800px\" \/>\t\t\t\t\t\t\t\t\t\t\t\t\t\t\t<\/div>\n\t\t\t\t<\/div>\n\t\t\t\t\t<\/div>\n\t\t\t\t<\/div>\n\t\t<div class=\"elementor-element elementor-element-50adb82 e-flex e-con-boxed e-con e-parent\" data-id=\"50adb82\" data-element_type=\"container\" data-e-type=\"container\" data-settings=\"{&quot;background_background&quot;:&quot;classic&quot;}\">\n\t\t\t\t\t<div class=\"e-con-inner\">\n\t\t\t\t\t<\/div>\n\t\t\t\t<\/div>\n\t\t\t\t<\/div>\n\t\t","protected":false},"excerpt":{"rendered":"<p>Coefficient d&rsquo;expansion lin\u00e9aire Coefficient d&rsquo;expansion lin\u00e9aire CTE &#8211; une variable mesur\u00e9e en dilatom\u00e9trie Les coefficients de dilatation (dilatation lin\u00e9aire et dilatation volumique) sont des propri\u00e9t\u00e9s des mat\u00e9riaux.Ils sont d\u00e9termin\u00e9s exp\u00e9rimentalement et donn\u00e9s en mm\/m*K. Le kelvin est l&rsquo;unit\u00e9 de mesure de la temp\u00e9rature absolue et des diff\u00e9rences de temp\u00e9rature selon l&rsquo;\u00e9chelle Celsius. Coefficient d&rsquo;expansion lin\u00e9aire [&hellip;]<\/p>\n","protected":false},"author":5,"featured_media":0,"parent":40990,"menu_order":0,"comment_status":"closed","ping_status":"closed","template":"","meta":{"_acf_changed":false,"inline_featured_image":false,"footnotes":""},"class_list":["post-41002","page","type-page","status-publish","hentry"],"acf":[],"_links":{"self":[{"href":"https:\/\/www.linseis.com\/fr\/wp-json\/wp\/v2\/pages\/41002","targetHints":{"allow":["GET"]}}],"collection":[{"href":"https:\/\/www.linseis.com\/fr\/wp-json\/wp\/v2\/pages"}],"about":[{"href":"https:\/\/www.linseis.com\/fr\/wp-json\/wp\/v2\/types\/page"}],"author":[{"embeddable":true,"href":"https:\/\/www.linseis.com\/fr\/wp-json\/wp\/v2\/users\/5"}],"replies":[{"embeddable":true,"href":"https:\/\/www.linseis.com\/fr\/wp-json\/wp\/v2\/comments?post=41002"}],"version-history":[{"count":0,"href":"https:\/\/www.linseis.com\/fr\/wp-json\/wp\/v2\/pages\/41002\/revisions"}],"up":[{"embeddable":true,"href":"https:\/\/www.linseis.com\/fr\/wp-json\/wp\/v2\/pages\/40990"}],"wp:attachment":[{"href":"https:\/\/www.linseis.com\/fr\/wp-json\/wp\/v2\/media?parent=41002"}],"curies":[{"name":"wp","href":"https:\/\/api.w.org\/{rel}","templated":true}]}}