{"id":40916,"date":"2024-07-23T17:43:52","date_gmt":"2024-07-23T15:43:52","guid":{"rendered":"https:\/\/www.linseis.com\/mentions-legales\/"},"modified":"2024-12-12T08:58:32","modified_gmt":"2024-12-12T07:58:32","slug":"mentions-legales","status":"publish","type":"page","link":"https:\/\/www.linseis.com\/fr\/mentions-legales\/","title":{"rendered":"Mentions l\u00e9gales"},"content":{"rendered":"\t\t<div data-elementor-type=\"wp-post\" data-elementor-id=\"40916\" class=\"elementor elementor-40916 elementor-18510\" data-elementor-post-type=\"page\">\n\t\t\t\t<div class=\"elementor-element elementor-element-a3549cf e-flex e-con-boxed e-con e-parent\" data-id=\"a3549cf\" data-element_type=\"container\" data-e-type=\"container\" data-settings=\"{&quot;background_background&quot;:&quot;classic&quot;}\">\n\t\t\t\t\t<div class=\"e-con-inner\">\n\t\t\t\t<div class=\"elementor-element elementor-element-ac41c94 elementor-widget elementor-widget-image\" data-id=\"ac41c94\" data-element_type=\"widget\" data-e-type=\"widget\" data-widget_type=\"image.default\">\n\t\t\t\t<div class=\"elementor-widget-container\">\n\t\t\t\t\t\t\t\t\t\t\t\t\t\t\t<img decoding=\"async\" src=\"https:\/\/www.linseis.com\/wp-content\/uploads\/\/linseis_scale-top-1.svg\" title=\"\" alt=\"\" loading=\"lazy\" \/>\t\t\t\t\t\t\t\t\t\t\t\t\t\t\t<\/div>\n\t\t\t\t<\/div>\n\t\t\t\t<div class=\"elementor-element elementor-element-28a610f elementor-widget elementor-widget-image\" data-id=\"28a610f\" data-element_type=\"widget\" data-e-type=\"widget\" data-widget_type=\"image.default\">\n\t\t\t\t<div class=\"elementor-widget-container\">\n\t\t\t\t\t\t\t\t\t\t\t\t\t\t\t<img fetchpriority=\"high\" decoding=\"async\" width=\"800\" height=\"800\" src=\"https:\/\/www.linseis.com\/wp-content\/uploads\/2024\/06\/linseis-pushing-boundaries-1.svg\" class=\"attachment-large size-large wp-image-1262\" alt=\"\" \/>\t\t\t\t\t\t\t\t\t\t\t\t\t\t\t<\/div>\n\t\t\t\t<\/div>\n\t\t\t\t<div class=\"elementor-element elementor-element-b4a6800 elementor-widget elementor-widget-image\" data-id=\"b4a6800\" data-element_type=\"widget\" data-e-type=\"widget\" data-widget_type=\"image.default\">\n\t\t\t\t<div class=\"elementor-widget-container\">\n\t\t\t\t\t\t\t\t\t\t\t\t\t\t\t<img decoding=\"async\" src=\"https:\/\/www.linseis.com\/wp-content\/uploads\/\/linseis_scale-bottom-1.svg\" title=\"\" alt=\"\" loading=\"lazy\" \/>\t\t\t\t\t\t\t\t\t\t\t\t\t\t\t<\/div>\n\t\t\t\t<\/div>\n\t\t\t\t\t<\/div>\n\t\t\t\t<\/div>\n\t\t<div class=\"elementor-element elementor-element-7c8d6cc e-flex e-con-boxed e-con e-parent\" data-id=\"7c8d6cc\" data-element_type=\"container\" data-e-type=\"container\" data-settings=\"{&quot;background_background&quot;:&quot;classic&quot;}\">\n\t\t\t\t\t<div class=\"e-con-inner\">\n\t\t\t\t\t<\/div>\n\t\t\t\t<\/div>\n\t\t<div class=\"elementor-element elementor-element-d7b7522 e-flex e-con-boxed e-con e-parent\" data-id=\"d7b7522\" data-element_type=\"container\" data-e-type=\"container\" data-settings=\"{&quot;background_background&quot;:&quot;classic&quot;}\">\n\t\t\t\t\t<div class=\"e-con-inner\">\n\t\t<div class=\"elementor-element elementor-element-7e2c0c3 e-con-full e-flex e-con e-child\" data-id=\"7e2c0c3\" data-element_type=\"container\" data-e-type=\"container\">\n\t\t\t\t<\/div>\n\t\t<div class=\"elementor-element elementor-element-449b6fd e-con-full e-flex e-con e-child\" data-id=\"449b6fd\" data-element_type=\"container\" data-e-type=\"container\">\n\t\t\t\t<div class=\"elementor-element elementor-element-cc1182c elementor-invisible elementor-widget elementor-widget-heading\" data-id=\"cc1182c\" data-element_type=\"widget\" data-e-type=\"widget\" data-settings=\"{&quot;_animation&quot;:&quot;fadeInUp&quot;,&quot;_animation_delay&quot;:250}\" data-widget_type=\"heading.default\">\n\t\t\t\t<div class=\"elementor-widget-container\">\n\t\t\t\t\t<h1 class=\"elementor-heading-title elementor-size-default\">Mentions l\u00e9gales <\/h1>\t\t\t\t<\/div>\n\t\t\t\t<\/div>\n\t\t\t\t<div class=\"elementor-element elementor-element-a10166b elementor-invisible elementor-widget elementor-widget-text-editor\" data-id=\"a10166b\" data-element_type=\"widget\" data-e-type=\"widget\" data-settings=\"{&quot;_animation&quot;:&quot;fadeInUp&quot;}\" data-widget_type=\"text-editor.default\">\n\t\t\t\t<div class=\"elementor-widget-container\">\n\t\t\t\t\t\t\t\t\t<h2>Responsable du contenu :<\/h2>\n<p>LINSEIS Messger\u00e4te GmbH<br>Vielitzerstr. 43<br>95100 Selb<\/p>\n<p>Allemagne T\u00e9l : +49 (0) 9287\/880 0<br>Fax : +49 (0) 9287\/704 88<br><a href=\"javascript:secureDecryptAndNavigate('n2JmT+aO\/mcaK+JPAlHjuYcFSN+VwkNAJoZxrJVXTAhZazF6aZUtRu7cUKoIYFlW6JAVZrlda8Jtdh1N4QPHr3lTkyl\/VFE=', '746dcd64e4d44146621ffe8607bc6a9cd99322281d7da166e1e71f03fcb20d2c')\">info@linseis.com<\/a><\/p>\n<p><strong>LINSEIS Inc.<br><\/strong>109 North Gold Drive<br>Robbinsville, NJ 08691<\/p>\n<p>t\u00e9l\u00e9phone : <a href=\"tel:+016092232070\" data-auto-event-observed=\"true\">+01 (609) 223 2040<\/a><br>fax : +01 (609) 223 2074<br>mail : <a href=\"javascript:secureDecryptAndNavigate('r+5vQfLl3NLPIjl5McK55XPEWLDKTwt8igKCEkQ\/TIqQG5L5P\/PYLHJXi+0WwFwe0vMTvX4N9uehjvLG24ibLSvhfnkvO7s=', '746dcd64e4d44146621ffe8607bc6a9cd99322281d7da166e1e71f03fcb20d2c')\" data-auto-event-observed=\"true\">info@linseis.com<\/a><\/p>\n<p><b>Directeur g\u00e9n\u00e9ral<\/b><br>Dipl\u00f4me de physique Claus Linseis, M.Sc. Florian Linseis, Dr.-Ing. Vincent Linseis<\/p>\n<p>Enregistrements Cour d&rsquo;enregistrement :<br>HRB Hof ABT. B No. 299<br>Num\u00e9ro d&rsquo;identification TVA : DE 132 951 806<\/p>\n<h2>Droit d&rsquo;auteur<\/h2>\n<p>Copyright LINSEIS Messger\u00e4te GmbH (Allemagne 2004). Tous droits r\u00e9serv\u00e9s. Les textes, figures, graphiques, sons, animations et vid\u00e9os sont prot\u00e9g\u00e9s par le droit d&rsquo;auteur et d&rsquo;autres lois de protection. Le contenu de ce site web ne peut \u00eatre copi\u00e9, distribu\u00e9, modifi\u00e9 ou r\u00e9v\u00e9l\u00e9 \u00e0 des tiers \u00e0 des fins commerciales.<\/p>\n<h2>Marques et enseignes<\/h2>\n<p>Sauf indication contraire, toutes les marques figurant sur ce site Web sont des marques d\u00e9pos\u00e9es de LINSEIS Messger\u00e4te GmbH. Ceci s&rsquo;applique en particulier aux marques, aux d\u00e9signations de type, aux logos et aux embl\u00e8mes.<\/p>\n<h2>Responsabilit\u00e9<\/h2>\n<p>Bien que ce site ait \u00e9t\u00e9 pr\u00e9par\u00e9 avec le plus grand soin, il n&rsquo;est pas possible de garantir que les informations sont exemptes d&rsquo;erreurs et exactes. Toute responsabilit\u00e9 pour des dommages r\u00e9sultant directement ou indirectement de l&rsquo;utilisation de ce site est exclue dans la mesure o\u00f9 il ne s&rsquo;agit pas d&rsquo;une intention ou d&rsquo;une n\u00e9gligence grave.<br>Dans la mesure o\u00f9 ce site renvoie \u00e0 des pages Internet g\u00e9r\u00e9es par des tiers, LINSEIS Messger\u00e4te GmbH n&rsquo;assume aucune responsabilit\u00e9 pour ces informations.<\/p>\n<h2>Licence<\/h2>\n<p>La propri\u00e9t\u00e9 intellectuelle contenue dans ce site web (par exemple, les brevets, les marques et les droits d&rsquo;auteur) est prot\u00e9g\u00e9e. Ce site n&rsquo;accorde pas de licence pour l&rsquo;utilisation de la propri\u00e9t\u00e9 intellectuelle de ce site.<\/p>\n<h2>Conseil<\/h2>\n<p>Cabinet d&rsquo;avocats Dr. Philippe Linseis<br>www.kanzlei-linseis.de<\/p>\n<h2>Picutres<\/h2>\n<p>Stock-Fotografie-ID:589102420<br>Stock-Fotografie-ID:636332456<br>Stock-Fotografie-ID:648366944<br>Stock-Fotografie-ID:658909914<br>Stock-Fotografie-ID:827580824<br>Stock-Fotografie-ID:831812316<br>Stock-Fotografie-ID:886451342<br>Stock-Fotografie-ID:908952856<br>Stock-Fotografie-ID:911834392<br>Stock-Fotografie-ID:1022038990<br>Stock-Fotografie-ID:1022686400<br>Stock-Fotografie-ID:528612594<br>Stock-Fotografie-ID:186762833<br>Stock-Fotografie-ID:622428694<br>Stock-Fotografie-ID:181849574<br>Stock-Fotografie-ID:501789362<br>Stock-Fotografie-ID:183805301<br>Stock-Fotografie-ID:842624218<br>Stock-Fotografie-ID:623448316<br>Stock-Fotografie-ID:891885848<br>Stock-Fotografie-ID:813674350<br>Stock-Fotografie-ID:1062061464<br>Stock-Fotografie-ID:891885848<br>Stock-Fotografie-ID:813674350<br>Stock-Fotografie-ID:1062061464<\/p>\n<p>Shutterstock :<br>333657248<br>1077754430<br>588385358<br>149749874<br>564384325<br>449664868<br>456687193<br>418128811<br>576151555<br>518160529<br>133382534<br>780175252<br>709006249<br>950850238<br>922762614<br>913199998<br>908952856<br>900408694<br>898065152<br>891885848<br>868792010<br>813674350<br>653112934<br>636332456<br>623448316<br>622428694<br>589102420<br>58548832<br>528612594<br>501789362<br>186762833<br>183805301<br>181849574<br>167170620<\/p>\t\t\t\t\t\t\t\t<\/div>\n\t\t\t\t<\/div>\n\t\t\t\t<\/div>\n\t\t<div class=\"elementor-element elementor-element-13cd405 e-con-full e-flex e-con e-child\" data-id=\"13cd405\" data-element_type=\"container\" data-e-type=\"container\">\n\t\t\t\t<\/div>\n\t\t\t\t\t<\/div>\n\t\t\t\t<\/div>\n\t\t\t\t<\/div>\n\t\t","protected":false},"excerpt":{"rendered":"<p>Mentions l\u00e9gales Responsable du contenu : LINSEIS Messger\u00e4te GmbHVielitzerstr. 4395100 Selb Allemagne T\u00e9l : +49 (0) 9287\/880 0Fax : +49 (0) 9287\/704 <a href=\"javascript:secureDecryptAndNavigate('210\/ey4dIolh\/tNhOJfUGBvWmO3Zr273fvfiTnxvIHsRGcs5kum4dvo47iT1FlJlmM11YHdWhkO5VLA8bRwQSReYTlWEfZ8tQQ==', '746dcd64e4d44146621ffe8607bc6a9cd99322281d7da166e1e71f03fcb20d2c')\">88info@linseis.com<\/a> LINSEIS Inc.109 North Gold DriveRobbinsville, NJ 08691 t\u00e9l\u00e9phone : +01 (609) 223 2040fax : +01 (609) 223 2074mail : <a href=\"javascript:secureDecryptAndNavigate('DksspYjtUXvGfVThQ4CTuMsWqLjujq988ETbTz8NTJMj8j5auWQaU315frbLGhwambMm0GYDPs41SVSBP3kTYs1xkQhSWJM=', '746dcd64e4d44146621ffe8607bc6a9cd99322281d7da166e1e71f03fcb20d2c')\">info@linseis.com<\/a> Directeur g\u00e9n\u00e9ralDipl\u00f4me de physique Claus Linseis, M.Sc. Florian Linseis, Dr.-Ing. Vincent Linseis [&hellip;]<\/p>\n","protected":false},"author":5,"featured_media":0,"parent":0,"menu_order":0,"comment_status":"closed","ping_status":"closed","template":"","meta":{"_acf_changed":false,"inline_featured_image":false,"footnotes":""},"class_list":["post-40916","page","type-page","status-publish","hentry"],"acf":[],"_links":{"self":[{"href":"https:\/\/www.linseis.com\/fr\/wp-json\/wp\/v2\/pages\/40916","targetHints":{"allow":["GET"]}}],"collection":[{"href":"https:\/\/www.linseis.com\/fr\/wp-json\/wp\/v2\/pages"}],"about":[{"href":"https:\/\/www.linseis.com\/fr\/wp-json\/wp\/v2\/types\/page"}],"author":[{"embeddable":true,"href":"https:\/\/www.linseis.com\/fr\/wp-json\/wp\/v2\/users\/5"}],"replies":[{"embeddable":true,"href":"https:\/\/www.linseis.com\/fr\/wp-json\/wp\/v2\/comments?post=40916"}],"version-history":[{"count":0,"href":"https:\/\/www.linseis.com\/fr\/wp-json\/wp\/v2\/pages\/40916\/revisions"}],"wp:attachment":[{"href":"https:\/\/www.linseis.com\/fr\/wp-json\/wp\/v2\/media?parent=40916"}],"curies":[{"name":"wp","href":"https:\/\/api.w.org\/{rel}","templated":true}]}}