{"id":113735,"date":"2025-08-04T11:47:37","date_gmt":"2025-08-04T09:47:37","guid":{"rendered":"https:\/\/www.linseis.com\/merci-pour-vos-commentaires-2\/"},"modified":"2025-12-16T13:41:20","modified_gmt":"2025-12-16T12:41:20","slug":"merci-pour-vos-commentaires-2","status":"publish","type":"page","link":"https:\/\/www.linseis.com\/fr\/merci-pour-vos-commentaires-2\/","title":{"rendered":"Merci pour vos commentaires !"},"content":{"rendered":"\t\t<div data-elementor-type=\"wp-page\" data-elementor-id=\"113735\" class=\"elementor elementor-113735 elementor-92474\" data-elementor-post-type=\"page\">\n\t\t\t\t<div class=\"elementor-element elementor-element-ea15552 e-flex e-con-boxed e-con e-parent\" data-id=\"ea15552\" data-element_type=\"container\" data-e-type=\"container\">\n\t\t\t\t\t<div class=\"e-con-inner\">\n\t\t<div class=\"elementor-element elementor-element-4035e9c e-con-full e-flex e-con e-child\" data-id=\"4035e9c\" data-element_type=\"container\" data-e-type=\"container\">\n\t\t\t\t<div class=\"elementor-element elementor-element-eb7636a elementor-widget elementor-widget-text-editor\" data-id=\"eb7636a\" data-element_type=\"widget\" data-e-type=\"widget\" data-widget_type=\"text-editor.default\">\n\t\t\t\t<div class=\"elementor-widget-container\">\n\t\t\t\t\t\t\t\t\t<p>Merci d&rsquo;avoir pris le temps de remplir notre formulaire de commentaires.<br data-start=\"459\" data-end=\"462\">Vos commentaires sont extr\u00eamement pr\u00e9cieux pour nous &#8211; car c&rsquo;est la seule fa\u00e7on d&rsquo;am\u00e9liorer nos services et de r\u00e9pondre \u00e0 vos attentes \u00e0 l&rsquo;avenir.<\/p>\t\t\t\t\t\t\t\t<\/div>\n\t\t\t\t<\/div>\n\t\t\t\t<\/div>\n\t\t\t\t\t<\/div>\n\t\t\t\t<\/div>\n\t\t\t\t<\/div>\n\t\t","protected":false},"excerpt":{"rendered":"<p>Merci d&rsquo;avoir pris le temps de remplir notre formulaire de commentaires.Vos commentaires sont extr\u00eamement pr\u00e9cieux pour nous &#8211; car c&rsquo;est la seule fa\u00e7on d&rsquo;am\u00e9liorer nos services et de r\u00e9pondre \u00e0 vos attentes \u00e0 l&rsquo;avenir.<\/p>\n","protected":false},"author":3,"featured_media":0,"parent":0,"menu_order":0,"comment_status":"closed","ping_status":"closed","template":"","meta":{"_acf_changed":false,"inline_featured_image":false,"footnotes":""},"class_list":["post-113735","page","type-page","status-publish","hentry"],"acf":[],"_links":{"self":[{"href":"https:\/\/www.linseis.com\/fr\/wp-json\/wp\/v2\/pages\/113735","targetHints":{"allow":["GET"]}}],"collection":[{"href":"https:\/\/www.linseis.com\/fr\/wp-json\/wp\/v2\/pages"}],"about":[{"href":"https:\/\/www.linseis.com\/fr\/wp-json\/wp\/v2\/types\/page"}],"author":[{"embeddable":true,"href":"https:\/\/www.linseis.com\/fr\/wp-json\/wp\/v2\/users\/3"}],"replies":[{"embeddable":true,"href":"https:\/\/www.linseis.com\/fr\/wp-json\/wp\/v2\/comments?post=113735"}],"version-history":[{"count":0,"href":"https:\/\/www.linseis.com\/fr\/wp-json\/wp\/v2\/pages\/113735\/revisions"}],"wp:attachment":[{"href":"https:\/\/www.linseis.com\/fr\/wp-json\/wp\/v2\/media?parent=113735"}],"curies":[{"name":"wp","href":"https:\/\/api.w.org\/{rel}","templated":true}]}}