{"id":42119,"date":"2024-07-26T11:13:31","date_gmt":"2024-07-26T09:13:31","guid":{"rendered":"https:\/\/www.linseis.com\/servicio-y-asistencia\/metodos-de-analisis-termico\/termorreflexion-en-el-dominio-del-tiempo-tdtr\/"},"modified":"2025-01-31T15:23:06","modified_gmt":"2025-01-31T14:23:06","slug":"termorreflexion-en-el-dominio-del-tiempo-tdtr","status":"publish","type":"page","link":"https:\/\/www.linseis.com\/es\/metodos-de-analisis-termico\/termorreflexion-en-el-dominio-del-tiempo-tdtr\/","title":{"rendered":"Termorreflexi\u00f3n en el dominio del tiempo (TDTR)"},"content":{"rendered":"\t\t<div data-elementor-type=\"wp-post\" data-elementor-id=\"42119\" class=\"elementor elementor-42119 elementor-22541\" data-elementor-post-type=\"page\">\n\t\t\t\t<div class=\"elementor-element elementor-element-a3549cf e-flex e-con-boxed e-con e-parent\" data-id=\"a3549cf\" data-element_type=\"container\" data-e-type=\"container\" data-settings=\"{&quot;background_background&quot;:&quot;classic&quot;}\">\n\t\t\t\t\t<div class=\"e-con-inner\">\n\t\t\t\t<div class=\"elementor-element elementor-element-ac41c94 elementor-widget elementor-widget-image\" data-id=\"ac41c94\" data-element_type=\"widget\" data-e-type=\"widget\" data-widget_type=\"image.default\">\n\t\t\t\t<div class=\"elementor-widget-container\">\n\t\t\t\t\t\t\t\t\t\t\t\t\t\t\t<img decoding=\"async\" src=\"https:\/\/www.linseis.com\/wp-content\/uploads\/\/linseis_scale-top-1.svg\" title=\"\" alt=\"\" loading=\"lazy\" \/>\t\t\t\t\t\t\t\t\t\t\t\t\t\t\t<\/div>\n\t\t\t\t<\/div>\n\t\t<div class=\"elementor-element elementor-element-a7b7feb e-con-full e-flex e-con e-child\" data-id=\"a7b7feb\" data-element_type=\"container\" data-e-type=\"container\">\n\t\t<div class=\"elementor-element elementor-element-6100945 e-con-full e-flex e-con e-child\" data-id=\"6100945\" data-element_type=\"container\" data-e-type=\"container\">\n\t\t\t\t<div class=\"elementor-element elementor-element-cc1182c elementor-invisible elementor-widget elementor-widget-heading\" data-id=\"cc1182c\" data-element_type=\"widget\" data-e-type=\"widget\" data-settings=\"{&quot;_animation&quot;:&quot;fadeInUp&quot;,&quot;_animation_delay&quot;:250}\" data-widget_type=\"heading.default\">\n\t\t\t\t<div class=\"elementor-widget-container\">\n\t\t\t\t\t<h1 class=\"elementor-heading-title elementor-size-default\"><b>Termorreflexi\u00f3n en el dominio del tiempo (TDTR)<\/b><\/h1>\t\t\t\t<\/div>\n\t\t\t\t<\/div>\n\t\t\t\t<\/div>\n\t\t<div class=\"elementor-element elementor-element-6d91a43 e-con-full e-flex e-con e-child\" data-id=\"6d91a43\" data-element_type=\"container\" data-e-type=\"container\">\n\t\t\t\t<div class=\"elementor-element elementor-element-9413374 elementor-widget elementor-widget-n-carousel\" data-id=\"9413374\" data-element_type=\"widget\" data-e-type=\"widget\" data-settings=\"{&quot;carousel_items&quot;:[{&quot;slide_title&quot;:&quot;Produkt 1&quot;,&quot;_id&quot;:&quot;d6fbcdb&quot;}],&quot;slides_to_show&quot;:&quot;1&quot;,&quot;slides_to_scroll&quot;:&quot;2&quot;,&quot;autoplay_speed&quot;:2000,&quot;slides_to_show_tablet&quot;:&quot;1&quot;,&quot;slides_to_show_mobile&quot;:&quot;1&quot;,&quot;autoplay&quot;:&quot;yes&quot;,&quot;pause_on_hover&quot;:&quot;yes&quot;,&quot;pause_on_interaction&quot;:&quot;yes&quot;,&quot;infinite&quot;:&quot;yes&quot;,&quot;speed&quot;:500,&quot;offset_sides&quot;:&quot;none&quot;,&quot;image_spacing_custom&quot;:{&quot;unit&quot;:&quot;px&quot;,&quot;size&quot;:10,&quot;sizes&quot;:[]},&quot;image_spacing_custom_tablet&quot;:{&quot;unit&quot;:&quot;px&quot;,&quot;size&quot;:&quot;&quot;,&quot;sizes&quot;:[]},&quot;image_spacing_custom_mobile&quot;:{&quot;unit&quot;:&quot;px&quot;,&quot;size&quot;:&quot;&quot;,&quot;sizes&quot;:[]}}\" data-widget_type=\"nested-carousel.default\">\n\t\t\t\t<div class=\"elementor-widget-container\">\n\t\t\t\t\t\t\t<div class=\"e-n-carousel swiper\" role=\"region\" aria-roledescription=\"carousel\" aria-label=\"Carrusel\" dir=\"ltr\">\n\t\t\t<div class=\"swiper-wrapper\" aria-live=\"off\">\n\t\t\t\t\t\t\t\t\t\t<div class=\"swiper-slide\" data-slide=\"1\" role=\"group\" aria-roledescription=\"slide\" aria-label=\"1 of 1\">\n\t\t\t\t\t\t\t<div class=\"elementor-element elementor-element-44441f5 e-flex e-con-boxed e-con e-child\" data-id=\"44441f5\" data-element_type=\"container\" data-e-type=\"container\">\n\t\t\t\t\t<div class=\"e-con-inner\">\n\t\t\t\t<div class=\"elementor-element elementor-element-4103051 elementor-widget__width-initial elementor-invisible elementor-widget elementor-widget-image\" data-id=\"4103051\" data-element_type=\"widget\" data-e-type=\"widget\" data-settings=\"{&quot;_animation&quot;:&quot;fadeInUp&quot;}\" data-widget_type=\"image.default\">\n\t\t\t\t<div class=\"elementor-widget-container\">\n\t\t\t\t\t\t\t\t\t\t\t\t\t\t\t<img fetchpriority=\"high\" decoding=\"async\" width=\"800\" height=\"800\" src=\"https:\/\/www.linseis.com\/wp-content\/uploads\/2024\/07\/Linseis-Icons_Linien-weiss_Zeichenflaeche-1-Kopie-87-1024x1024.png\" class=\"attachment-large size-large wp-image-23735\" alt=\"\" srcset=\"https:\/\/www.linseis.com\/wp-content\/uploads\/2024\/07\/Linseis-Icons_Linien-weiss_Zeichenflaeche-1-Kopie-87-1024x1024.png 1024w, https:\/\/www.linseis.com\/wp-content\/uploads\/2024\/07\/Linseis-Icons_Linien-weiss_Zeichenflaeche-1-Kopie-87-300x300.png 300w, https:\/\/www.linseis.com\/wp-content\/uploads\/2024\/07\/Linseis-Icons_Linien-weiss_Zeichenflaeche-1-Kopie-87-150x150.png 150w, https:\/\/www.linseis.com\/wp-content\/uploads\/2024\/07\/Linseis-Icons_Linien-weiss_Zeichenflaeche-1-Kopie-87-768x768.png 768w, https:\/\/www.linseis.com\/wp-content\/uploads\/2024\/07\/Linseis-Icons_Linien-weiss_Zeichenflaeche-1-Kopie-87-1536x1536.png 1536w, https:\/\/www.linseis.com\/wp-content\/uploads\/2024\/07\/Linseis-Icons_Linien-weiss_Zeichenflaeche-1-Kopie-87-2048x2048.png 2048w\" sizes=\"(max-width: 800px) 100vw, 800px\" \/>\t\t\t\t\t\t\t\t\t\t\t\t\t\t\t<\/div>\n\t\t\t\t<\/div>\n\t\t\t\t\t<\/div>\n\t\t\t\t<\/div>\n\t\t\t\t\t\t\t\t<\/div>\n\t\t\t\t\t\t\t\t<\/div>\n\t\t<\/div>\n\t\t\t\t\t\t<\/div>\n\t\t\t\t<\/div>\n\t\t\t\t<\/div>\n\t\t\t\t<\/div>\n\t\t\t\t<div class=\"elementor-element elementor-element-b4a6800 elementor-widget elementor-widget-image\" data-id=\"b4a6800\" data-element_type=\"widget\" data-e-type=\"widget\" data-widget_type=\"image.default\">\n\t\t\t\t<div class=\"elementor-widget-container\">\n\t\t\t\t\t\t\t\t\t\t\t\t\t\t\t<img decoding=\"async\" src=\"https:\/\/www.linseis.com\/wp-content\/uploads\/\/linseis_scale-bottom-1.svg\" title=\"\" alt=\"\" loading=\"lazy\" \/>\t\t\t\t\t\t\t\t\t\t\t\t\t\t\t<\/div>\n\t\t\t\t<\/div>\n\t\t\t\t\t<\/div>\n\t\t\t\t<\/div>\n\t\t<div class=\"elementor-element elementor-element-7c8d6cc e-flex e-con-boxed e-con e-parent\" data-id=\"7c8d6cc\" data-element_type=\"container\" data-e-type=\"container\" data-settings=\"{&quot;background_background&quot;:&quot;classic&quot;}\">\n\t\t\t\t\t<div class=\"e-con-inner\">\n\t\t\t\t\t<\/div>\n\t\t\t\t<\/div>\n\t\t<div class=\"elementor-element elementor-element-d7b7522 e-flex e-con-boxed e-con e-parent\" data-id=\"d7b7522\" data-element_type=\"container\" data-e-type=\"container\" data-settings=\"{&quot;background_background&quot;:&quot;classic&quot;}\">\n\t\t\t\t\t<div class=\"e-con-inner\">\n\t\t<div class=\"elementor-element elementor-element-449b6fd e-con-full e-flex e-con e-child\" data-id=\"449b6fd\" data-element_type=\"container\" data-e-type=\"container\">\n\t\t\t\t<div class=\"elementor-element elementor-element-031217d elementor-invisible elementor-widget elementor-widget-wp-widget-bcn_widget\" data-id=\"031217d\" data-element_type=\"widget\" data-e-type=\"widget\" data-settings=\"{&quot;_animation&quot;:&quot;fadeInUp&quot;}\" data-widget_type=\"wp-widget-bcn_widget.default\">\n\t\t\t\t<div class=\"elementor-widget-container\">\n\t\t\t\t\t<div class=\"breadcrumbs\" vocab=\"https:\/\/schema.org\/\" typeof=\"BreadcrumbList\"><span property=\"itemListElement\" typeof=\"ListItem\"><a property=\"item\" typeof=\"WebPage\" title=\"Ir a Linseis.\" href=\"https:\/\/www.linseis.com\/es\/\" class=\"home\" aria-current=\"page\"><span property=\"name\">Linseis<\/span><\/a><meta property=\"position\" content=\"1\"><\/span><\/div>\t\t\t\t<\/div>\n\t\t\t\t<\/div>\n\t\t\t\t<\/div>\n\t\t\t\t\t<\/div>\n\t\t\t\t<\/div>\n\t\t<div class=\"elementor-element elementor-element-ed98f58 e-flex e-con-boxed e-con e-parent\" data-id=\"ed98f58\" data-element_type=\"container\" data-e-type=\"container\" data-settings=\"{&quot;background_background&quot;:&quot;classic&quot;}\">\n\t\t\t\t\t<div class=\"e-con-inner\">\n\t\t<div class=\"elementor-element elementor-element-bbc47b3 e-con-full e-flex e-con e-child\" data-id=\"bbc47b3\" data-element_type=\"container\" data-e-type=\"container\">\n\t\t\t\t<div class=\"elementor-element elementor-element-71a1ec4 elementor-invisible elementor-widget elementor-widget-text-editor\" data-id=\"71a1ec4\" data-element_type=\"widget\" data-e-type=\"widget\" data-settings=\"{&quot;_animation&quot;:&quot;fadeInUp&quot;,&quot;_animation_delay&quot;:500}\" data-widget_type=\"text-editor.default\">\n\t\t\t\t<div class=\"elementor-widget-container\">\n\t\t\t\t\t\t\t\t\t<h2>Thermor\u00e9flectance dans le domaine temporel (TDTR)<\/h2>\t\t\t\t\t\t\t\t<\/div>\n\t\t\t\t<\/div>\n\t\t\t\t<div class=\"elementor-element elementor-element-32d9053 elementor-widget elementor-widget-text-editor\" data-id=\"32d9053\" data-element_type=\"widget\" data-e-type=\"widget\" data-widget_type=\"text-editor.default\">\n\t\t\t\t<div class=\"elementor-widget-container\">\n\t\t\t\t\t\t\t\t\t<p>Durante la \u00faltima d\u00e9cada, <a href=\"https:\/\/www.linseis.com\/es\/messgeraete\/conductividad-termica\/tf-lfa\/\"><strong>Termorreflexi\u00f3n en el dominio del tiempo<\/strong><\/a> ha surgido como una potente herramienta de uso general para <strong>medir las propiedades de transporte t\u00e9rmico de los materiales<\/strong>.<br \/>La TDTR es aplicable a materiales con una amplia gama de propiedades y geometr\u00edas de muestra.<br \/>La focalizaci\u00f3n de los puntos l\u00e1ser y la elevada relaci\u00f3n se\u00f1al\/ruido permiten obtener mapas de alto rendimiento de la conductividad t\u00e9rmica en funci\u00f3n de la posici\u00f3n.<\/p><p>Las aplicaciones de la cartograf\u00eda de conductividad t\u00e9rmica incluyen el an\u00e1lisis de diagramas de fases metal\u00fargicas y la caracterizaci\u00f3n de barreras t\u00e9rmicas y revestimientos para combustibles nucleares.<\/p>\t\t\t\t\t\t\t\t<\/div>\n\t\t\t\t<\/div>\n\t\t\t\t<div class=\"elementor-element elementor-element-fe4080d elementor-invisible elementor-widget elementor-widget-text-editor\" data-id=\"fe4080d\" data-element_type=\"widget\" data-e-type=\"widget\" data-settings=\"{&quot;_animation&quot;:&quot;fadeInUp&quot;,&quot;_animation_delay&quot;:500}\" data-widget_type=\"text-editor.default\">\n\t\t\t\t<div class=\"elementor-widget-container\">\n\t\t\t\t\t\t\t\t\t<section class=\"container\">\n<div class=\"row\">\n<div class=\"spb_content_element col-sm-12 spb_text_column\">\n<div class=\"spb_wrapper clearfix\">\n<p><img decoding=\"async\" class=\"aligncenter wp-image-22545 size-large\" src=\"https:\/\/www.linseis.com\/wp-content\/uploads\/2024\/07\/Experimental-setup-for-TDTR-thermal-diffusivity-measurements-including-pump-and-probe-laser-source-1024x621.png\" alt=\"\" width=\"1024\" height=\"621\" srcset=\"https:\/\/www.linseis.com\/wp-content\/uploads\/2024\/07\/Experimental-setup-for-TDTR-thermal-diffusivity-measurements-including-pump-and-probe-laser-source-1024x621.png 1024w, https:\/\/www.linseis.com\/wp-content\/uploads\/2024\/07\/Experimental-setup-for-TDTR-thermal-diffusivity-measurements-including-pump-and-probe-laser-source-300x182.png 300w, https:\/\/www.linseis.com\/wp-content\/uploads\/2024\/07\/Experimental-setup-for-TDTR-thermal-diffusivity-measurements-including-pump-and-probe-laser-source-768x466.png 768w, https:\/\/www.linseis.com\/wp-content\/uploads\/2024\/07\/Experimental-setup-for-TDTR-thermal-diffusivity-measurements-including-pump-and-probe-laser-source-1536x931.png 1536w, https:\/\/www.linseis.com\/wp-content\/uploads\/2024\/07\/Experimental-setup-for-TDTR-thermal-diffusivity-measurements-including-pump-and-probe-laser-source.png 1710w\" sizes=\"(max-width: 1024px) 100vw, 1024px\" \/><\/p>\n<p style=\"text-align: center;\"><em>Montaje experimental para mediciones de difusividad t\u00e9rmica TDTR, incluyendo fuente l\u00e1ser de bomba y sonda<\/em><\/p>\n<\/div>\n<\/div>\n<\/div>\n<\/section>\n\t\t\t\t\t\t\t\t<\/div>\n\t\t\t\t<\/div>\n\t\t\t\t<div class=\"elementor-element elementor-element-30f5ea1 elementor-widget elementor-widget-text-editor\" data-id=\"30f5ea1\" data-element_type=\"widget\" data-e-type=\"widget\" data-widget_type=\"text-editor.default\">\n\t\t\t\t<div class=\"elementor-widget-container\">\n\t\t\t\t\t\t\t\t\t<section class=\"container\">\n<div class=\"row\">\n<div class=\"spb_content_element col-sm-12 spb_text_column\">\n<div class=\"spb_wrapper clearfix\">\n<p>Como el TDTR es un m\u00e9todo \u00f3ptico, sin contacto, puede aplicarse directamente a muestras en criostatos \u00f3pticos o platinas de microscopio de alta temperatura; y a muestras expuestas a otras condiciones extremas, como el entorno de alta presi\u00f3n de una c\u00e9lula de yunque de diamante.<\/p>\n<p>El enfoque requiere la deposici\u00f3n de un transductor de pel\u00edcula met\u00e1lica sobre la muestra de inter\u00e9s, para calentar el transductor mediante un pulso \u00f3ptico de bombeo y medir los cambios en la reflectividad del transductor para la termometr\u00eda.<\/p>\n<\/div>\n<\/div>\n<\/div>\n<\/section>\n<section class=\"container\">\n<div class=\"row\">\n<div class=\"spb_content_element col-sm-12 spb_text_column\">\n<div class=\"spb_wrapper clearfix\">\n<p>El <strong>an\u00e1lisis de los datos<\/strong> se realiza utilizando la soluci\u00f3n anal\u00edtica de la ecuaci\u00f3n de difusi\u00f3n en coordenadas cil\u00edndricas.\nLa determinaci\u00f3n de las propiedades de transporte t\u00e9rmico mediante TDTR suele realizarse ajustando los par\u00e1metros libres de un modelo t\u00e9rmico, para obtener el mejor ajuste entre la respuesta t\u00e9rmica predicha y la medida de la muestra. <\/p>\n<p>Los par\u00e1metros libres son las propiedades de transporte t\u00e9rmico desconocidas, por ejemplo, la conductividad t\u00e9rmica de un fino.\nEl uso de una sola lente objetivo y la integraci\u00f3n de los haces de la bomba y la sonda en un sistema \u00f3ptico de formaci\u00f3n de im\u00e1genes han hecho que la alineaci\u00f3n y el enfoque de los haces de la bomba y la sonda sean r\u00e1pidos y c\u00f3modos. <\/p>\n<p>&nbsp;<\/p>\n<p>Para utilizar <strong>el TDTR en la pr\u00e1ctica diaria<\/strong>, es necesario que la superficie de la muestra sea lo suficientemente lisa como para que cualquier modulaci\u00f3n no deseada de la dispersi\u00f3n difusa no produzca una contribuci\u00f3n significativa a la se\u00f1al deseada producida por la termorreflexi\u00f3n del transductor de pel\u00edcula met\u00e1lica.<\/p>\n<\/div>\n<\/div>\n<\/div>\n<\/section>\n<p>La TDTR es sensible sobre todo a la conductividad t\u00e9rmica en la direcci\u00f3n a trav\u00e9s del espesor, es decir, al transporte de calor en la direcci\u00f3n antiparalela a la normal de la superficie.\nEn los materiales t\u00e9rmicamente anis\u00f3tropos, como las superredes, las pel\u00edculas policristalinas texturizadas y los cristales anis\u00f3tropos, tambi\u00e9n se desea conocer la conductividad t\u00e9rmica en el plano y puede medirse mediante otro m\u00e9todo, por ejemplo, un m\u00e9todo de hilo caliente suspendido. <\/p>\n<p>La aplicaci\u00f3n m\u00e1s habitual del TDTR utiliza un oscilador l\u00e1ser de ND:YAG o Ti:zafiro como fuente de luz.\nEl oscilador l\u00e1ser produce un pulso \u00f3ptico para calentar localmente la capa transductora y, por tanto, la capa subyacente de la muestra.\nLa trayectoria de la sonda utiliza un l\u00e1ser de onda continua (CW) para detectar el aumento local de temperatura.\nSeg\u00fan el material utilizado de la capa transductora (por ejemplo, Au, Al o Pt), hay que seleccionar la longitud de onda del l\u00e1ser de la sonda (~473 nm a 532 nm o 785 nm a 808 nm).   <\/p>\n<p>El t\u00e9rmino \u00abtermorreflexi\u00f3n\u00bb se refiere al hecho de que la sonda mide los cambios de temperatura de la muestra mediante la dependencia de la reflectividad \u00f3ptica R de un transductor de pel\u00edcula met\u00e1lica con la temperatura, T; dR\/dT es el coeficiente de termorreflexi\u00f3n.<\/p>\n\t\t\t\t\t\t\t\t<\/div>\n\t\t\t\t<\/div>\n\t\t\t\t<div class=\"elementor-element elementor-element-c866b71 elementor-invisible elementor-widget elementor-widget-text-editor\" data-id=\"c866b71\" data-element_type=\"widget\" data-e-type=\"widget\" data-settings=\"{&quot;_animation&quot;:&quot;fadeInUp&quot;,&quot;_animation_delay&quot;:500}\" data-widget_type=\"text-editor.default\">\n\t\t\t\t<div class=\"elementor-widget-container\">\n\t\t\t\t\t\t\t\t\t<section class=\"container\">\n<div class=\"row\">\n<div class=\"spb_content_element col-sm-12 spb_text_column\">\n<div class=\"spb_wrapper clearfix\">\n<p><img decoding=\"async\" class=\"wp-image-14272 size-full aligncenter\" src=\"https:\/\/www.linseis.com\/wp-content\/uploads\/2024\/07\/TF-LFA-SiO2.jpg\" alt=\"\" width=\"808\" height=\"550\" srcset=\"https:\/\/www.linseis.com\/wp-content\/uploads\/2024\/07\/TF-LFA-SiO2.jpg 808w, https:\/\/www.linseis.com\/wp-content\/uploads\/2024\/07\/TF-LFA-SiO2-300x204.jpg 300w, https:\/\/www.linseis.com\/wp-content\/uploads\/2024\/07\/TF-LFA-SiO2-768x523.jpg 768w\" sizes=\"(max-width: 808px) 100vw, 808px\" \/><\/p>\n<p style=\"text-align: center;\"><em>Datos brutos de la medici\u00f3n de la difusividad t\u00e9rmica de dos l\u00e1minas delgadas de SiO2 de espesor variable, medida con el Linseis TF-LFA<\/em><\/p>\n<\/div>\n<\/div>\n<\/div>\n<\/section>\n\t\t\t\t\t\t\t\t<\/div>\n\t\t\t\t<\/div>\n\t\t\t\t<\/div>\n\t\t\t\t\t<\/div>\n\t\t\t\t<\/div>\n\t\t<div class=\"elementor-element elementor-element-8801439 e-flex e-con-boxed e-con e-parent\" data-id=\"8801439\" data-element_type=\"container\" data-e-type=\"container\" data-settings=\"{&quot;background_background&quot;:&quot;classic&quot;}\">\n\t\t\t\t\t<div class=\"e-con-inner\">\n\t\t<div class=\"elementor-element elementor-element-4fda86f e-con-full e-flex e-con e-child\" data-id=\"4fda86f\" data-element_type=\"container\" data-e-type=\"container\">\n\t\t<div class=\"elementor-element elementor-element-a0a9aac e-con-full e-flex e-con e-child\" data-id=\"a0a9aac\" data-element_type=\"container\" data-e-type=\"container\">\n\t\t\t\t<div class=\"elementor-element elementor-element-53ea4ef elementor-widget elementor-widget-text-editor\" data-id=\"53ea4ef\" data-element_type=\"widget\" data-e-type=\"widget\" data-widget_type=\"text-editor.default\">\n\t\t\t\t<div class=\"elementor-widget-container\">\n\t\t\t\t\t\t\t\t\t<h2>\u00bfQu\u00e9 propiedades se determinan?<\/h2>\n\t\t\t\t\t\t\t\t<\/div>\n\t\t\t\t<\/div>\n\t\t\t\t<div class=\"elementor-element elementor-element-d38f832 elementor-widget elementor-widget-text-editor\" data-id=\"d38f832\" data-element_type=\"widget\" data-e-type=\"widget\" data-widget_type=\"text-editor.default\">\n\t\t\t\t<div class=\"elementor-widget-container\">\n\t\t\t\t\t\t\t\t\t<p><strong>La TDTR se utiliza para caracterizar las propiedades de transporte t\u00e9rmico de los materiales, principalmente pel\u00edculas finas y revestimientos<\/strong>, as\u00ed como para la <strong>investigaci\u00f3n de las interfaces t\u00e9rmicas<\/strong>.\nSe ha aplicado en toda la gama de conductividad t\u00e9rmica, desde el diamante y los metales de alta conductividad t\u00e9rmica hasta la conductividad t\u00e9rmica ultrabaja de los derivados del fullereno.\nEsencialmente, el mismo m\u00e9todo puede aplicarse a materiales a granel, capas finas e interfaces individuales.  <\/p>\n\t\t\t\t\t\t\t\t<\/div>\n\t\t\t\t<\/div>\n\t\t\t\t<\/div>\n\t\t\t\t<\/div>\n\t\t\t\t\t<\/div>\n\t\t\t\t<\/div>\n\t\t\t\t<\/div>\n\t\t","protected":false},"excerpt":{"rendered":"<p>Termorreflexi\u00f3n en el dominio del tiempo (TDTR) Thermor\u00e9flectance dans le domaine temporel (TDTR) Durante la \u00faltima d\u00e9cada, Termorreflexi\u00f3n en el dominio del tiempo ha surgido como una potente herramienta de uso general para medir las propiedades de transporte t\u00e9rmico de los materiales.La TDTR es aplicable a materiales con una amplia gama de propiedades y geometr\u00edas [&hellip;]<\/p>\n","protected":false},"author":3,"featured_media":0,"parent":42097,"menu_order":0,"comment_status":"closed","ping_status":"closed","template":"","meta":{"_acf_changed":false,"inline_featured_image":false,"footnotes":""},"class_list":["post-42119","page","type-page","status-publish","hentry"],"acf":[],"_links":{"self":[{"href":"https:\/\/www.linseis.com\/es\/wp-json\/wp\/v2\/pages\/42119","targetHints":{"allow":["GET"]}}],"collection":[{"href":"https:\/\/www.linseis.com\/es\/wp-json\/wp\/v2\/pages"}],"about":[{"href":"https:\/\/www.linseis.com\/es\/wp-json\/wp\/v2\/types\/page"}],"author":[{"embeddable":true,"href":"https:\/\/www.linseis.com\/es\/wp-json\/wp\/v2\/users\/3"}],"replies":[{"embeddable":true,"href":"https:\/\/www.linseis.com\/es\/wp-json\/wp\/v2\/comments?post=42119"}],"version-history":[{"count":0,"href":"https:\/\/www.linseis.com\/es\/wp-json\/wp\/v2\/pages\/42119\/revisions"}],"up":[{"embeddable":true,"href":"https:\/\/www.linseis.com\/es\/wp-json\/wp\/v2\/pages\/42097"}],"wp:attachment":[{"href":"https:\/\/www.linseis.com\/es\/wp-json\/wp\/v2\/media?parent=42119"}],"curies":[{"name":"wp","href":"https:\/\/api.w.org\/{rel}","templated":true}]}}