{"id":42115,"date":"2024-07-26T11:20:55","date_gmt":"2024-07-26T09:20:55","guid":{"rendered":"https:\/\/www.linseis.com\/servicio-y-asistencia\/metodos-de-analisis-termico\/termogravimetria\/"},"modified":"2024-12-13T11:46:52","modified_gmt":"2024-12-13T10:46:52","slug":"termogravimetria","status":"publish","type":"page","link":"https:\/\/www.linseis.com\/es\/metodos-de-analisis-termico\/termogravimetria\/","title":{"rendered":"Termogravimetr\u00eda"},"content":{"rendered":"\t\t<div data-elementor-type=\"wp-post\" data-elementor-id=\"42115\" class=\"elementor elementor-42115 elementor-22555\" data-elementor-post-type=\"page\">\n\t\t\t\t<div class=\"elementor-element elementor-element-a3549cf e-flex e-con-boxed e-con e-parent\" data-id=\"a3549cf\" data-element_type=\"container\" data-e-type=\"container\" data-settings=\"{&quot;background_background&quot;:&quot;classic&quot;}\">\n\t\t\t\t\t<div class=\"e-con-inner\">\n\t\t\t\t<div class=\"elementor-element elementor-element-ac41c94 elementor-widget elementor-widget-image\" data-id=\"ac41c94\" data-element_type=\"widget\" data-e-type=\"widget\" data-widget_type=\"image.default\">\n\t\t\t\t<div class=\"elementor-widget-container\">\n\t\t\t\t\t\t\t\t\t\t\t\t\t\t\t<img decoding=\"async\" src=\"https:\/\/www.linseis.com\/wp-content\/uploads\/\/linseis_scale-top-1.svg\" title=\"\" alt=\"\" loading=\"lazy\" \/>\t\t\t\t\t\t\t\t\t\t\t\t\t\t\t<\/div>\n\t\t\t\t<\/div>\n\t\t<div class=\"elementor-element elementor-element-a7b7feb e-con-full e-flex e-con e-child\" data-id=\"a7b7feb\" data-element_type=\"container\" data-e-type=\"container\">\n\t\t<div class=\"elementor-element elementor-element-6100945 e-con-full e-flex e-con e-child\" data-id=\"6100945\" data-element_type=\"container\" data-e-type=\"container\">\n\t\t\t\t<div class=\"elementor-element elementor-element-cc1182c elementor-invisible elementor-widget elementor-widget-heading\" data-id=\"cc1182c\" data-element_type=\"widget\" data-e-type=\"widget\" data-settings=\"{&quot;_animation&quot;:&quot;fadeInUp&quot;,&quot;_animation_delay&quot;:250}\" data-widget_type=\"heading.default\">\n\t\t\t\t<div class=\"elementor-widget-container\">\n\t\t\t\t\t<h1 class=\"elementor-heading-title elementor-size-default\"><b>Termogravimetr\u00eda<\/b><\/h1>\t\t\t\t<\/div>\n\t\t\t\t<\/div>\n\t\t\t\t<\/div>\n\t\t<div class=\"elementor-element elementor-element-6d91a43 e-con-full e-flex e-con e-child\" data-id=\"6d91a43\" data-element_type=\"container\" data-e-type=\"container\">\n\t\t\t\t<div class=\"elementor-element elementor-element-9413374 elementor-widget elementor-widget-n-carousel\" data-id=\"9413374\" data-element_type=\"widget\" data-e-type=\"widget\" data-settings=\"{&quot;carousel_items&quot;:[{&quot;slide_title&quot;:&quot;Produkt 1&quot;,&quot;_id&quot;:&quot;d6fbcdb&quot;}],&quot;slides_to_show&quot;:&quot;1&quot;,&quot;slides_to_scroll&quot;:&quot;2&quot;,&quot;autoplay_speed&quot;:2000,&quot;slides_to_show_tablet&quot;:&quot;1&quot;,&quot;slides_to_show_mobile&quot;:&quot;1&quot;,&quot;autoplay&quot;:&quot;yes&quot;,&quot;pause_on_hover&quot;:&quot;yes&quot;,&quot;pause_on_interaction&quot;:&quot;yes&quot;,&quot;infinite&quot;:&quot;yes&quot;,&quot;speed&quot;:500,&quot;offset_sides&quot;:&quot;none&quot;,&quot;image_spacing_custom&quot;:{&quot;unit&quot;:&quot;px&quot;,&quot;size&quot;:10,&quot;sizes&quot;:[]},&quot;image_spacing_custom_tablet&quot;:{&quot;unit&quot;:&quot;px&quot;,&quot;size&quot;:&quot;&quot;,&quot;sizes&quot;:[]},&quot;image_spacing_custom_mobile&quot;:{&quot;unit&quot;:&quot;px&quot;,&quot;size&quot;:&quot;&quot;,&quot;sizes&quot;:[]}}\" data-widget_type=\"nested-carousel.default\">\n\t\t\t\t<div class=\"elementor-widget-container\">\n\t\t\t\t\t\t\t<div class=\"e-n-carousel swiper\" role=\"region\" aria-roledescription=\"carousel\" aria-label=\"Carrusel\" dir=\"ltr\">\n\t\t\t<div class=\"swiper-wrapper\" aria-live=\"off\">\n\t\t\t\t\t\t\t\t\t\t<div class=\"swiper-slide\" data-slide=\"1\" role=\"group\" aria-roledescription=\"slide\" aria-label=\"1 of 1\">\n\t\t\t\t\t\t\t<div class=\"elementor-element elementor-element-44441f5 e-flex e-con-boxed e-con e-child\" data-id=\"44441f5\" data-element_type=\"container\" data-e-type=\"container\">\n\t\t\t\t\t<div class=\"e-con-inner\">\n\t\t\t\t<div class=\"elementor-element elementor-element-4103051 elementor-widget__width-initial elementor-invisible elementor-widget elementor-widget-image\" data-id=\"4103051\" data-element_type=\"widget\" data-e-type=\"widget\" data-settings=\"{&quot;_animation&quot;:&quot;fadeInUp&quot;}\" data-widget_type=\"image.default\">\n\t\t\t\t<div class=\"elementor-widget-container\">\n\t\t\t\t\t\t\t\t\t\t\t\t\t\t\t<img fetchpriority=\"high\" decoding=\"async\" width=\"800\" height=\"800\" src=\"https:\/\/www.linseis.com\/wp-content\/uploads\/2024\/07\/Linseis-Icons_Linien-weiss_Zeichenflaeche-1-Kopie-86-1024x1024.png\" class=\"attachment-large size-large wp-image-23728\" alt=\"\" srcset=\"https:\/\/www.linseis.com\/wp-content\/uploads\/2024\/07\/Linseis-Icons_Linien-weiss_Zeichenflaeche-1-Kopie-86-1024x1024.png 1024w, https:\/\/www.linseis.com\/wp-content\/uploads\/2024\/07\/Linseis-Icons_Linien-weiss_Zeichenflaeche-1-Kopie-86-300x300.png 300w, https:\/\/www.linseis.com\/wp-content\/uploads\/2024\/07\/Linseis-Icons_Linien-weiss_Zeichenflaeche-1-Kopie-86-150x150.png 150w, https:\/\/www.linseis.com\/wp-content\/uploads\/2024\/07\/Linseis-Icons_Linien-weiss_Zeichenflaeche-1-Kopie-86-768x768.png 768w, https:\/\/www.linseis.com\/wp-content\/uploads\/2024\/07\/Linseis-Icons_Linien-weiss_Zeichenflaeche-1-Kopie-86-1536x1536.png 1536w, https:\/\/www.linseis.com\/wp-content\/uploads\/2024\/07\/Linseis-Icons_Linien-weiss_Zeichenflaeche-1-Kopie-86-2048x2048.png 2048w\" sizes=\"(max-width: 800px) 100vw, 800px\" \/>\t\t\t\t\t\t\t\t\t\t\t\t\t\t\t<\/div>\n\t\t\t\t<\/div>\n\t\t\t\t\t<\/div>\n\t\t\t\t<\/div>\n\t\t\t\t\t\t\t\t<\/div>\n\t\t\t\t\t\t\t\t<\/div>\n\t\t<\/div>\n\t\t\t\t\t\t<\/div>\n\t\t\t\t<\/div>\n\t\t\t\t<\/div>\n\t\t\t\t<\/div>\n\t\t\t\t<div class=\"elementor-element elementor-element-b4a6800 elementor-widget elementor-widget-image\" data-id=\"b4a6800\" data-element_type=\"widget\" data-e-type=\"widget\" data-widget_type=\"image.default\">\n\t\t\t\t<div class=\"elementor-widget-container\">\n\t\t\t\t\t\t\t\t\t\t\t\t\t\t\t<img decoding=\"async\" src=\"https:\/\/www.linseis.com\/wp-content\/uploads\/\/linseis_scale-bottom-1.svg\" title=\"\" alt=\"\" loading=\"lazy\" \/>\t\t\t\t\t\t\t\t\t\t\t\t\t\t\t<\/div>\n\t\t\t\t<\/div>\n\t\t\t\t\t<\/div>\n\t\t\t\t<\/div>\n\t\t<div class=\"elementor-element elementor-element-7c8d6cc e-flex e-con-boxed e-con e-parent\" data-id=\"7c8d6cc\" data-element_type=\"container\" data-e-type=\"container\" data-settings=\"{&quot;background_background&quot;:&quot;classic&quot;}\">\n\t\t\t\t\t<div class=\"e-con-inner\">\n\t\t\t\t\t<\/div>\n\t\t\t\t<\/div>\n\t\t<div class=\"elementor-element elementor-element-d7b7522 e-flex e-con-boxed e-con e-parent\" data-id=\"d7b7522\" data-element_type=\"container\" data-e-type=\"container\" data-settings=\"{&quot;background_background&quot;:&quot;classic&quot;}\">\n\t\t\t\t\t<div class=\"e-con-inner\">\n\t\t<div class=\"elementor-element elementor-element-449b6fd e-con-full e-flex e-con e-child\" data-id=\"449b6fd\" data-element_type=\"container\" data-e-type=\"container\">\n\t\t\t\t<div class=\"elementor-element elementor-element-031217d elementor-invisible elementor-widget elementor-widget-wp-widget-bcn_widget\" data-id=\"031217d\" data-element_type=\"widget\" data-e-type=\"widget\" data-settings=\"{&quot;_animation&quot;:&quot;fadeInUp&quot;}\" data-widget_type=\"wp-widget-bcn_widget.default\">\n\t\t\t\t<div class=\"elementor-widget-container\">\n\t\t\t\t\t<div class=\"breadcrumbs\" vocab=\"https:\/\/schema.org\/\" typeof=\"BreadcrumbList\"><span property=\"itemListElement\" typeof=\"ListItem\"><a property=\"item\" typeof=\"WebPage\" title=\"Ir a Linseis.\" href=\"https:\/\/www.linseis.com\/es\/\" class=\"home\" aria-current=\"page\"><span property=\"name\">Linseis<\/span><\/a><meta property=\"position\" content=\"1\"><\/span><\/div>\t\t\t\t<\/div>\n\t\t\t\t<\/div>\n\t\t\t\t<\/div>\n\t\t\t\t\t<\/div>\n\t\t\t\t<\/div>\n\t\t<div class=\"elementor-element elementor-element-ed98f58 e-flex e-con-boxed e-con e-parent\" data-id=\"ed98f58\" data-element_type=\"container\" data-e-type=\"container\" data-settings=\"{&quot;background_background&quot;:&quot;classic&quot;}\">\n\t\t\t\t\t<div class=\"e-con-inner\">\n\t\t<div class=\"elementor-element elementor-element-bbc47b3 e-con-full e-flex e-con e-child\" data-id=\"bbc47b3\" data-element_type=\"container\" data-e-type=\"container\">\n\t\t\t\t<div class=\"elementor-element elementor-element-8741304 elementor-invisible elementor-widget elementor-widget-text-editor\" data-id=\"8741304\" data-element_type=\"widget\" data-e-type=\"widget\" data-settings=\"{&quot;_animation&quot;:&quot;fadeInUp&quot;,&quot;_animation_delay&quot;:500}\" data-widget_type=\"text-editor.default\">\n\t\t\t\t<div class=\"elementor-widget-container\">\n\t\t\t\t\t\t\t\t\t<h2><strong>\u00bfQu\u00e9 es el an\u00e1lisis termogravim\u00e9trico?<\/strong><\/h2>\n\t\t\t\t\t\t\t\t<\/div>\n\t\t\t\t<\/div>\n\t\t\t\t<div class=\"elementor-element elementor-element-ae33f3a elementor-widget elementor-widget-text-editor\" data-id=\"ae33f3a\" data-element_type=\"widget\" data-e-type=\"widget\" data-widget_type=\"text-editor.default\">\n\t\t\t\t<div class=\"elementor-widget-container\">\n\t\t\t\t\t\t\t\t\t<p><a href=\"https:\/\/www.linseis.com\/es\/productos\/tga-termogravimetry\/\"><strong>Termogravimetr\u00eda<\/strong><\/a> o an\u00e1lisis termogravim\u00e9trico es un m\u00e9todo anal\u00edtico que registra el cambio de masa por temperatura de una muestra que se enfrenta a un perfil de temperatura controlado.<br \/>La muestra puede someterse a calentamiento, enfriamiento o pasos isot\u00e9rmicos.<br \/>La se\u00f1al de medici\u00f3n resultante suele dar el cambio de masa absoluto en [mg] y el cambio de masa relativo en [%].<\/p>\t\t\t\t\t\t\t\t<\/div>\n\t\t\t\t<\/div>\n\t\t\t\t<div class=\"elementor-element elementor-element-71a1ec4 elementor-widget elementor-widget-text-editor\" data-id=\"71a1ec4\" data-element_type=\"widget\" data-e-type=\"widget\" data-widget_type=\"text-editor.default\">\n\t\t\t\t<div class=\"elementor-widget-container\">\n\t\t\t\t\t\t\t\t\t<h2><strong>El montaje de la termogravimetr\u00eda:<\/strong><\/h2>\n\t\t\t\t\t\t\t\t<\/div>\n\t\t\t\t<\/div>\n\t\t\t\t<div class=\"elementor-element elementor-element-32d9053 elementor-widget elementor-widget-text-editor\" data-id=\"32d9053\" data-element_type=\"widget\" data-e-type=\"widget\" data-widget_type=\"text-editor.default\">\n\t\t\t\t<div class=\"elementor-widget-container\">\n\t\t\t\t\t\t\t\t\t<p>Para la termogravimetr\u00eda cl\u00e1sica, se suele introducir una muestra en un crisol de material inerte (por ejemplo, platino, al\u00famina, oro&#8230;) y se coloca sobre un sensor dentro de un horno que puede aplicar atm\u00f3sferas y temperaturas controladas (esquema 1).<\/p>\n\t\t\t\t\t\t\t\t<\/div>\n\t\t\t\t<\/div>\n\t\t\t\t<div class=\"elementor-element elementor-element-fe4080d elementor-invisible elementor-widget elementor-widget-text-editor\" data-id=\"fe4080d\" data-element_type=\"widget\" data-e-type=\"widget\" data-settings=\"{&quot;_animation&quot;:&quot;fadeInUp&quot;,&quot;_animation_delay&quot;:500}\" data-widget_type=\"text-editor.default\">\n\t\t\t\t<div class=\"elementor-widget-container\">\n\t\t\t\t\t\t\t\t\t<section class=\"container\">\n<div class=\"row\">\n<div class=\"spb_content_element col-sm-12 spb_text_column\">\n<div class=\"spb_wrapper clearfix\">\n<p><img decoding=\"async\" class=\"aligncenter wp-image-22610 size-full\" src=\"https:\/\/www.linseis.com\/wp-content\/uploads\/2024\/07\/Sensor-Setup-in-a-typical-thermogravimetric-analyzer.png\" alt=\"\" width=\"573\" height=\"652\" srcset=\"https:\/\/www.linseis.com\/wp-content\/uploads\/2024\/07\/Sensor-Setup-in-a-typical-thermogravimetric-analyzer.png 573w, https:\/\/www.linseis.com\/wp-content\/uploads\/2024\/07\/Sensor-Setup-in-a-typical-thermogravimetric-analyzer-264x300.png 264w\" sizes=\"(max-width: 573px) 100vw, 573px\" \/><\/p>\n<p style=\"text-align: center;\"><em>Configuraci\u00f3n del sensor en un analizador termogravim\u00e9trico t\u00edpico<\/em><\/p>\n<\/div>\n<\/div>\n<\/div>\n<\/section>\n\t\t\t\t\t\t\t\t<\/div>\n\t\t\t\t<\/div>\n\t\t\t\t<div class=\"elementor-element elementor-element-30f5ea1 elementor-widget elementor-widget-text-editor\" data-id=\"30f5ea1\" data-element_type=\"widget\" data-e-type=\"widget\" data-widget_type=\"text-editor.default\">\n\t\t\t\t<div class=\"elementor-widget-container\">\n\t\t\t\t\t\t\t\t\t<p>El sensor est\u00e1 conectado a una microbalanza de alta resoluci\u00f3n que registra el cambio de masa durante el experimento.\nEn la mayor\u00eda de los analizadores termogravim\u00e9tricos se utilizan balanzas de compensaci\u00f3n para este fin (esquema 2). <\/p>\n\t\t\t\t\t\t\t\t<\/div>\n\t\t\t\t<\/div>\n\t\t\t\t<div class=\"elementor-element elementor-element-c866b71 elementor-invisible elementor-widget elementor-widget-text-editor\" data-id=\"c866b71\" data-element_type=\"widget\" data-e-type=\"widget\" data-settings=\"{&quot;_animation&quot;:&quot;fadeInUp&quot;,&quot;_animation_delay&quot;:500}\" data-widget_type=\"text-editor.default\">\n\t\t\t\t<div class=\"elementor-widget-container\">\n\t\t\t\t\t\t\t\t\t<section class=\"container\">\n<div class=\"row\">\n<div class=\"spb_content_element col-sm-12 spb_text_column\">\n<div class=\"spb_wrapper clearfix\">\n<h5><strong>Balanza de viga de alta precisi\u00f3n<\/strong><\/h5>\n<p><img decoding=\"async\" class=\"aligncenter wp-image-22603 size-large\" src=\"https:\/\/www.linseis.com\/wp-content\/uploads\/2024\/07\/STA-PT-1600-Broschuere_v3_komprimiert_Seite_16-1-1024x506.png\" alt=\"\" width=\"1024\" height=\"506\" srcset=\"https:\/\/www.linseis.com\/wp-content\/uploads\/2024\/07\/STA-PT-1600-Broschuere_v3_komprimiert_Seite_16-1-1024x506.png 1024w, https:\/\/www.linseis.com\/wp-content\/uploads\/2024\/07\/STA-PT-1600-Broschuere_v3_komprimiert_Seite_16-1-300x148.png 300w, https:\/\/www.linseis.com\/wp-content\/uploads\/2024\/07\/STA-PT-1600-Broschuere_v3_komprimiert_Seite_16-1-768x380.png 768w, https:\/\/www.linseis.com\/wp-content\/uploads\/2024\/07\/STA-PT-1600-Broschuere_v3_komprimiert_Seite_16-1-1536x760.png 1536w, https:\/\/www.linseis.com\/wp-content\/uploads\/2024\/07\/STA-PT-1600-Broschuere_v3_komprimiert_Seite_16-1.png 1555w\" sizes=\"(max-width: 1024px) 100vw, 1024px\" \/><\/p>\n<p style=\"text-align: center;\">\n<\/div>\n<\/div>\n<\/div>\n<\/section>\n\t\t\t\t\t\t\t\t<\/div>\n\t\t\t\t<\/div>\n\t\t\t\t<div class=\"elementor-element elementor-element-5b34401 elementor-widget elementor-widget-text-editor\" data-id=\"5b34401\" data-element_type=\"widget\" data-e-type=\"widget\" data-widget_type=\"text-editor.default\">\n\t\t\t\t<div class=\"elementor-widget-container\">\n\t\t\t\t\t\t\t\t\t<p>Una balanza de compensaci\u00f3n es una versi\u00f3n especial de balanza en la que un electroim\u00e1n compensa la masa aplicada mediante un electroim\u00e1n.\nEn detalle, el im\u00e1n compensa la fuerza del peso, ya que la masa se define mediante la f\u00f3rmula: <\/p>\n\t\t\t\t\t\t\t\t<\/div>\n\t\t\t\t<\/div>\n\t\t\t\t<div class=\"elementor-element elementor-element-5e877db elementor-invisible elementor-widget elementor-widget-text-editor\" data-id=\"5e877db\" data-element_type=\"widget\" data-e-type=\"widget\" data-settings=\"{&quot;_animation&quot;:&quot;fadeInUp&quot;,&quot;_animation_delay&quot;:500}\" data-widget_type=\"text-editor.default\">\n\t\t\t\t<div class=\"elementor-widget-container\">\n\t\t\t\t\t\t\t\t\t<p><img loading=\"lazy\" decoding=\"async\" class=\"wp-image-22596 size-full aligncenter\" src=\"https:\/\/www.linseis.com\/wp-content\/uploads\/2024\/07\/formula-mass-kg-1.png\" alt=\"\" width=\"622\" height=\"150\" srcset=\"https:\/\/www.linseis.com\/wp-content\/uploads\/2024\/07\/formula-mass-kg-1.png 622w, https:\/\/www.linseis.com\/wp-content\/uploads\/2024\/07\/formula-mass-kg-1-300x72.png 300w\" sizes=\"(max-width: 622px) 100vw, 622px\" \/><\/p>\n\t\t\t\t\t\t\t\t<\/div>\n\t\t\t\t<\/div>\n\t\t\t\t<div class=\"elementor-element elementor-element-382d780 elementor-widget elementor-widget-text-editor\" data-id=\"382d780\" data-element_type=\"widget\" data-e-type=\"widget\" data-widget_type=\"text-editor.default\">\n\t\t\t\t<div class=\"elementor-widget-container\">\n\t\t\t\t\t\t\t\t\t<p>Como la gravedad suele conocerse gracias a la calibraci\u00f3n o si se utiliza un contrapeso como en una configuraci\u00f3n de barra, la fuerza del peso puede dar la masa directamente.\nAdem\u00e1s de los analizadores termogravim\u00e9tricos, tambi\u00e9n las balanzas de laboratorio suelen funcionar seg\u00fan el mismo principio. <\/p>\n<p>Mientras la muestra experimenta un cambio t\u00e9rmico, la balanza suele mantenerse en un entorno de temperatura est\u00e1tica, como una c\u00e1mara separada o a cierta distancia del sensor.<\/p>\n<p>La temperatura exacta de la muestra se controla mediante termopares que utilizan el efecto Seebeck para la determinaci\u00f3n precisa de la temperatura.\nEl esquema 3 muestra una medici\u00f3n termogravim\u00e9trica t\u00edpica (cambio de peso relativo frente a la temperatura). <\/p>\n\t\t\t\t\t\t\t\t<\/div>\n\t\t\t\t<\/div>\n\t\t\t\t<div class=\"elementor-element elementor-element-c3bce1a elementor-invisible elementor-widget elementor-widget-text-editor\" data-id=\"c3bce1a\" data-element_type=\"widget\" data-e-type=\"widget\" data-settings=\"{&quot;_animation&quot;:&quot;fadeInUp&quot;,&quot;_animation_delay&quot;:500}\" data-widget_type=\"text-editor.default\">\n\t\t\t\t<div class=\"elementor-widget-container\">\n\t\t\t\t\t\t\t\t\t<p><img loading=\"lazy\" decoding=\"async\" class=\"wp-image-22589 size-full aligncenter\" src=\"https:\/\/www.linseis.com\/wp-content\/uploads\/2024\/07\/Typical-thermogravimetric-result-curve-1.png\" alt=\"\" width=\"946\" height=\"432\" srcset=\"https:\/\/www.linseis.com\/wp-content\/uploads\/2024\/07\/Typical-thermogravimetric-result-curve-1.png 946w, https:\/\/www.linseis.com\/wp-content\/uploads\/2024\/07\/Typical-thermogravimetric-result-curve-1-300x137.png 300w, https:\/\/www.linseis.com\/wp-content\/uploads\/2024\/07\/Typical-thermogravimetric-result-curve-1-768x351.png 768w\" sizes=\"(max-width: 946px) 100vw, 946px\" \/><\/p>\n<p style=\"text-align: center;\"><em>Curva t\u00edpica de resultados termogravim\u00e9tricos<\/em><\/p>\n\t\t\t\t\t\t\t\t<\/div>\n\t\t\t\t<\/div>\n\t\t\t\t<\/div>\n\t\t\t\t\t<\/div>\n\t\t\t\t<\/div>\n\t\t<div class=\"elementor-element elementor-element-8801439 e-flex e-con-boxed e-con e-parent\" data-id=\"8801439\" data-element_type=\"container\" data-e-type=\"container\" data-settings=\"{&quot;background_background&quot;:&quot;classic&quot;}\">\n\t\t\t\t\t<div class=\"e-con-inner\">\n\t\t<div class=\"elementor-element elementor-element-4fda86f e-con-full e-flex e-con e-child\" data-id=\"4fda86f\" data-element_type=\"container\" data-e-type=\"container\">\n\t\t<div class=\"elementor-element elementor-element-a0a9aac e-con-full e-flex e-con e-child\" data-id=\"a0a9aac\" data-element_type=\"container\" data-e-type=\"container\">\n\t\t\t\t<div class=\"elementor-element elementor-element-53ea4ef elementor-widget elementor-widget-text-editor\" data-id=\"53ea4ef\" data-element_type=\"widget\" data-e-type=\"widget\" data-widget_type=\"text-editor.default\">\n\t\t\t\t<div class=\"elementor-widget-container\">\n\t\t\t\t\t\t\t\t\t<h2>\u00bfPara qu\u00e9 sirve la termogravimetr\u00eda?<\/h2>\n\t\t\t\t\t\t\t\t<\/div>\n\t\t\t\t<\/div>\n\t\t\t\t<div class=\"elementor-element elementor-element-d38f832 elementor-widget elementor-widget-text-editor\" data-id=\"d38f832\" data-element_type=\"widget\" data-e-type=\"widget\" data-widget_type=\"text-editor.default\">\n\t\t\t\t<div class=\"elementor-widget-container\">\n\t\t\t\t\t\t\t\t\t<p>La termogravimetr\u00eda se utiliza en muchas industrias, as\u00ed como en la investigaci\u00f3n.\nLas industrias cer\u00e1mica, qu\u00edmica, de pol\u00edmeros y de la construcci\u00f3n, as\u00ed como el almacenamiento de energ\u00eda, la investigaci\u00f3n de bater\u00edas y la industria petrolera, utilizan analizadores termo gravim\u00e9tricos.\nLas aplicaciones t\u00edpicas son la investigaci\u00f3n general de la descomposici\u00f3n t\u00e9rmica, la determinaci\u00f3n de cenizas o contenido org\u00e1nico, los estudios gravim\u00e9tricos de sorci\u00f3n, los estudios de estabilidad t\u00e9rmica y oxidaci\u00f3n, el an\u00e1lisis de materiales y muchas m\u00e1s.\nTambi\u00e9n hay campos especiales, como la investigaci\u00f3n nuclear o los estudios de procesos a alta presi\u00f3n, que utilizan esta t\u00e9cnica.   <\/p>\n<p>La termogravimetr\u00eda es una parte fundamental del an\u00e1lisis t\u00e9rmico en general, seg\u00fan las normas internacionales ASTM D 3850, E 914, E 1131, E 1868, DIN 51006 e ISO 7111, ISO 11358.<\/p>\n\t\t\t\t\t\t\t\t<\/div>\n\t\t\t\t<\/div>\n\t\t\t\t<\/div>\n\t\t\t\t<\/div>\n\t\t\t\t\t<\/div>\n\t\t\t\t<\/div>\n\t\t\t\t<\/div>\n\t\t","protected":false},"excerpt":{"rendered":"<p>Termogravimetr\u00eda \u00bfQu\u00e9 es el an\u00e1lisis termogravim\u00e9trico? Termogravimetr\u00eda o an\u00e1lisis termogravim\u00e9trico es un m\u00e9todo anal\u00edtico que registra el cambio de masa por temperatura de una muestra que se enfrenta a un perfil de temperatura controlado.La muestra puede someterse a calentamiento, enfriamiento o pasos isot\u00e9rmicos.La se\u00f1al de medici\u00f3n resultante suele dar el cambio de masa absoluto en [&hellip;]<\/p>\n","protected":false},"author":3,"featured_media":0,"parent":42097,"menu_order":0,"comment_status":"closed","ping_status":"closed","template":"","meta":{"_acf_changed":false,"inline_featured_image":false,"footnotes":""},"class_list":["post-42115","page","type-page","status-publish","hentry"],"acf":[],"_links":{"self":[{"href":"https:\/\/www.linseis.com\/es\/wp-json\/wp\/v2\/pages\/42115","targetHints":{"allow":["GET"]}}],"collection":[{"href":"https:\/\/www.linseis.com\/es\/wp-json\/wp\/v2\/pages"}],"about":[{"href":"https:\/\/www.linseis.com\/es\/wp-json\/wp\/v2\/types\/page"}],"author":[{"embeddable":true,"href":"https:\/\/www.linseis.com\/es\/wp-json\/wp\/v2\/users\/3"}],"replies":[{"embeddable":true,"href":"https:\/\/www.linseis.com\/es\/wp-json\/wp\/v2\/comments?post=42115"}],"version-history":[{"count":0,"href":"https:\/\/www.linseis.com\/es\/wp-json\/wp\/v2\/pages\/42115\/revisions"}],"up":[{"embeddable":true,"href":"https:\/\/www.linseis.com\/es\/wp-json\/wp\/v2\/pages\/42097"}],"wp:attachment":[{"href":"https:\/\/www.linseis.com\/es\/wp-json\/wp\/v2\/media?parent=42115"}],"curies":[{"name":"wp","href":"https:\/\/api.w.org\/{rel}","templated":true}]}}