{"id":42109,"date":"2024-07-26T10:52:40","date_gmt":"2024-07-26T08:52:40","guid":{"rendered":"https:\/\/www.linseis.com\/servicio-y-asistencia\/metodos-de-analisis-termico\/metodo-del-hfm\/"},"modified":"2024-12-13T11:34:22","modified_gmt":"2024-12-13T10:34:22","slug":"metodo-del-hfm","status":"publish","type":"page","link":"https:\/\/www.linseis.com\/es\/metodos-de-analisis-termico\/metodo-del-hfm\/","title":{"rendered":"M\u00e9todo del HFM"},"content":{"rendered":"\t\t<div data-elementor-type=\"wp-post\" data-elementor-id=\"42109\" class=\"elementor elementor-42109 elementor-22491\" data-elementor-post-type=\"page\">\n\t\t\t\t<div class=\"elementor-element elementor-element-a3549cf e-flex e-con-boxed e-con e-parent\" data-id=\"a3549cf\" data-element_type=\"container\" data-e-type=\"container\" data-settings=\"{&quot;background_background&quot;:&quot;classic&quot;}\">\n\t\t\t\t\t<div class=\"e-con-inner\">\n\t\t\t\t<div class=\"elementor-element elementor-element-ac41c94 elementor-widget elementor-widget-image\" data-id=\"ac41c94\" data-element_type=\"widget\" data-e-type=\"widget\" data-widget_type=\"image.default\">\n\t\t\t\t<div class=\"elementor-widget-container\">\n\t\t\t\t\t\t\t\t\t\t\t\t\t\t\t<img decoding=\"async\" src=\"https:\/\/www.linseis.com\/wp-content\/uploads\/\/linseis_scale-top-1.svg\" title=\"\" alt=\"\" loading=\"lazy\" \/>\t\t\t\t\t\t\t\t\t\t\t\t\t\t\t<\/div>\n\t\t\t\t<\/div>\n\t\t<div class=\"elementor-element elementor-element-a7b7feb e-con-full e-flex e-con e-child\" data-id=\"a7b7feb\" data-element_type=\"container\" data-e-type=\"container\">\n\t\t<div class=\"elementor-element elementor-element-6100945 e-con-full e-flex e-con e-child\" data-id=\"6100945\" data-element_type=\"container\" data-e-type=\"container\">\n\t\t\t\t<div class=\"elementor-element elementor-element-cc1182c elementor-invisible elementor-widget elementor-widget-heading\" data-id=\"cc1182c\" data-element_type=\"widget\" data-e-type=\"widget\" data-settings=\"{&quot;_animation&quot;:&quot;fadeInUp&quot;,&quot;_animation_delay&quot;:250}\" data-widget_type=\"heading.default\">\n\t\t\t\t<div class=\"elementor-widget-container\">\n\t\t\t\t\t<h1 class=\"elementor-heading-title elementor-size-default\"><b>M\u00e9todo del HFM<\/b><\/h1>\t\t\t\t<\/div>\n\t\t\t\t<\/div>\n\t\t\t\t<\/div>\n\t\t<div class=\"elementor-element elementor-element-6d91a43 e-con-full e-flex e-con e-child\" data-id=\"6d91a43\" data-element_type=\"container\" data-e-type=\"container\">\n\t\t\t\t<div class=\"elementor-element elementor-element-9413374 elementor-widget elementor-widget-n-carousel\" data-id=\"9413374\" data-element_type=\"widget\" data-e-type=\"widget\" data-settings=\"{&quot;carousel_items&quot;:[{&quot;slide_title&quot;:&quot;Produkt 1&quot;,&quot;_id&quot;:&quot;d6fbcdb&quot;}],&quot;slides_to_show&quot;:&quot;1&quot;,&quot;slides_to_scroll&quot;:&quot;2&quot;,&quot;autoplay_speed&quot;:2000,&quot;slides_to_show_tablet&quot;:&quot;1&quot;,&quot;slides_to_show_mobile&quot;:&quot;1&quot;,&quot;autoplay&quot;:&quot;yes&quot;,&quot;pause_on_hover&quot;:&quot;yes&quot;,&quot;pause_on_interaction&quot;:&quot;yes&quot;,&quot;infinite&quot;:&quot;yes&quot;,&quot;speed&quot;:500,&quot;offset_sides&quot;:&quot;none&quot;,&quot;image_spacing_custom&quot;:{&quot;unit&quot;:&quot;px&quot;,&quot;size&quot;:10,&quot;sizes&quot;:[]},&quot;image_spacing_custom_tablet&quot;:{&quot;unit&quot;:&quot;px&quot;,&quot;size&quot;:&quot;&quot;,&quot;sizes&quot;:[]},&quot;image_spacing_custom_mobile&quot;:{&quot;unit&quot;:&quot;px&quot;,&quot;size&quot;:&quot;&quot;,&quot;sizes&quot;:[]}}\" data-widget_type=\"nested-carousel.default\">\n\t\t\t\t<div class=\"elementor-widget-container\">\n\t\t\t\t\t\t\t<div class=\"e-n-carousel swiper\" role=\"region\" aria-roledescription=\"carousel\" aria-label=\"Carrusel\" dir=\"ltr\">\n\t\t\t<div class=\"swiper-wrapper\" aria-live=\"off\">\n\t\t\t\t\t\t\t\t\t\t<div class=\"swiper-slide\" data-slide=\"1\" role=\"group\" aria-roledescription=\"slide\" aria-label=\"1 of 1\">\n\t\t\t\t\t\t\t<div class=\"elementor-element elementor-element-44441f5 e-flex e-con-boxed e-con e-child\" data-id=\"44441f5\" data-element_type=\"container\" data-e-type=\"container\">\n\t\t\t\t\t<div class=\"e-con-inner\">\n\t\t\t\t<div class=\"elementor-element elementor-element-4103051 elementor-widget__width-initial elementor-invisible elementor-widget elementor-widget-image\" data-id=\"4103051\" data-element_type=\"widget\" data-e-type=\"widget\" data-settings=\"{&quot;_animation&quot;:&quot;fadeInUp&quot;}\" data-widget_type=\"image.default\">\n\t\t\t\t<div class=\"elementor-widget-container\">\n\t\t\t\t\t\t\t\t\t\t\t\t\t\t\t<img fetchpriority=\"high\" decoding=\"async\" width=\"800\" height=\"800\" src=\"https:\/\/www.linseis.com\/wp-content\/uploads\/2024\/07\/Linseis-Icons_Linien-weiss_Zeichenflaeche-1-Kopie-87-1024x1024.png\" class=\"attachment-large size-large wp-image-23735\" alt=\"\" srcset=\"https:\/\/www.linseis.com\/wp-content\/uploads\/2024\/07\/Linseis-Icons_Linien-weiss_Zeichenflaeche-1-Kopie-87-1024x1024.png 1024w, https:\/\/www.linseis.com\/wp-content\/uploads\/2024\/07\/Linseis-Icons_Linien-weiss_Zeichenflaeche-1-Kopie-87-300x300.png 300w, https:\/\/www.linseis.com\/wp-content\/uploads\/2024\/07\/Linseis-Icons_Linien-weiss_Zeichenflaeche-1-Kopie-87-150x150.png 150w, https:\/\/www.linseis.com\/wp-content\/uploads\/2024\/07\/Linseis-Icons_Linien-weiss_Zeichenflaeche-1-Kopie-87-768x768.png 768w, https:\/\/www.linseis.com\/wp-content\/uploads\/2024\/07\/Linseis-Icons_Linien-weiss_Zeichenflaeche-1-Kopie-87-1536x1536.png 1536w, https:\/\/www.linseis.com\/wp-content\/uploads\/2024\/07\/Linseis-Icons_Linien-weiss_Zeichenflaeche-1-Kopie-87-2048x2048.png 2048w\" sizes=\"(max-width: 800px) 100vw, 800px\" \/>\t\t\t\t\t\t\t\t\t\t\t\t\t\t\t<\/div>\n\t\t\t\t<\/div>\n\t\t\t\t\t<\/div>\n\t\t\t\t<\/div>\n\t\t\t\t\t\t\t\t<\/div>\n\t\t\t\t\t\t\t\t<\/div>\n\t\t<\/div>\n\t\t\t\t\t\t<\/div>\n\t\t\t\t<\/div>\n\t\t\t\t<\/div>\n\t\t\t\t<\/div>\n\t\t\t\t<div class=\"elementor-element elementor-element-b4a6800 elementor-widget elementor-widget-image\" data-id=\"b4a6800\" data-element_type=\"widget\" data-e-type=\"widget\" data-widget_type=\"image.default\">\n\t\t\t\t<div class=\"elementor-widget-container\">\n\t\t\t\t\t\t\t\t\t\t\t\t\t\t\t<img decoding=\"async\" src=\"https:\/\/www.linseis.com\/wp-content\/uploads\/\/linseis_scale-bottom-1.svg\" title=\"\" alt=\"\" loading=\"lazy\" \/>\t\t\t\t\t\t\t\t\t\t\t\t\t\t\t<\/div>\n\t\t\t\t<\/div>\n\t\t\t\t\t<\/div>\n\t\t\t\t<\/div>\n\t\t<div class=\"elementor-element elementor-element-7c8d6cc e-flex e-con-boxed e-con e-parent\" data-id=\"7c8d6cc\" data-element_type=\"container\" data-e-type=\"container\" data-settings=\"{&quot;background_background&quot;:&quot;classic&quot;}\">\n\t\t\t\t\t<div class=\"e-con-inner\">\n\t\t\t\t\t<\/div>\n\t\t\t\t<\/div>\n\t\t<div class=\"elementor-element elementor-element-d7b7522 e-flex e-con-boxed e-con e-parent\" data-id=\"d7b7522\" data-element_type=\"container\" data-e-type=\"container\" data-settings=\"{&quot;background_background&quot;:&quot;classic&quot;}\">\n\t\t\t\t\t<div class=\"e-con-inner\">\n\t\t<div class=\"elementor-element elementor-element-449b6fd e-con-full e-flex e-con e-child\" data-id=\"449b6fd\" data-element_type=\"container\" data-e-type=\"container\">\n\t\t\t\t<div class=\"elementor-element elementor-element-031217d elementor-invisible elementor-widget elementor-widget-wp-widget-bcn_widget\" data-id=\"031217d\" data-element_type=\"widget\" data-e-type=\"widget\" data-settings=\"{&quot;_animation&quot;:&quot;fadeInUp&quot;}\" data-widget_type=\"wp-widget-bcn_widget.default\">\n\t\t\t\t<div class=\"elementor-widget-container\">\n\t\t\t\t\t<div class=\"breadcrumbs\" vocab=\"https:\/\/schema.org\/\" typeof=\"BreadcrumbList\"><span property=\"itemListElement\" typeof=\"ListItem\"><a property=\"item\" typeof=\"WebPage\" title=\"Ir a Linseis.\" href=\"https:\/\/www.linseis.com\/es\/\" class=\"home\" aria-current=\"page\"><span property=\"name\">Linseis<\/span><\/a><meta property=\"position\" content=\"1\"><\/span><\/div>\t\t\t\t<\/div>\n\t\t\t\t<\/div>\n\t\t\t\t<\/div>\n\t\t\t\t\t<\/div>\n\t\t\t\t<\/div>\n\t\t<div class=\"elementor-element elementor-element-ed98f58 e-flex e-con-boxed e-con e-parent\" data-id=\"ed98f58\" data-element_type=\"container\" data-e-type=\"container\" data-settings=\"{&quot;background_background&quot;:&quot;classic&quot;}\">\n\t\t\t\t\t<div class=\"e-con-inner\">\n\t\t<div class=\"elementor-element elementor-element-bbc47b3 e-con-full e-flex e-con e-child\" data-id=\"bbc47b3\" data-element_type=\"container\" data-e-type=\"container\">\n\t\t\t\t<div class=\"elementor-element elementor-element-71a1ec4 elementor-invisible elementor-widget elementor-widget-text-editor\" data-id=\"71a1ec4\" data-element_type=\"widget\" data-e-type=\"widget\" data-settings=\"{&quot;_animation&quot;:&quot;fadeInUp&quot;,&quot;_animation_delay&quot;:500}\" data-widget_type=\"text-editor.default\">\n\t\t\t\t<div class=\"elementor-widget-container\">\n\t\t\t\t\t\t\t\t\t<h2>\u00bfCu\u00e1l es el m\u00e9todo del HFM?<\/h2>\n\t\t\t\t\t\t\t\t<\/div>\n\t\t\t\t<\/div>\n\t\t\t\t<div class=\"elementor-element elementor-element-32d9053 elementor-widget elementor-widget-text-editor\" data-id=\"32d9053\" data-element_type=\"widget\" data-e-type=\"widget\" data-widget_type=\"text-editor.default\">\n\t\t\t\t<div class=\"elementor-widget-container\">\n\t\t\t\t\t\t\t\t\t<p>El <a href=\"https:\/\/www.linseis.com\/es\/messgeraete\/conductividad-termica\/hfm\/\"><strong>contador de flujo t\u00e9rmico<\/strong><\/a> determina la conductividad t\u00e9rmica y la transmitancia t\u00e9rmica, que tambi\u00e9n se conoce como valor U, de los materiales con baja conductividad t\u00e9rmica, como los materiales aislantes.<\/p><p>Para ello, la muestra se coloca entre una placa calentada y otra enfriada, por lo que el montaje se asemeja al sistema de placa caliente protegida de una sola muestra. A continuaci\u00f3n, se aplica un gradiente de temperatura a la muestra y se mide el flujo de calor que la atraviesa.<br \/>El flujo de calor se determina mediante dos sensores situados entre la muestra y cada placa.<\/p><p>La siguiente figura muestra la configuraci\u00f3n esquem\u00e1tica de la medici\u00f3n:<\/p>\t\t\t\t\t\t\t\t<\/div>\n\t\t\t\t<\/div>\n\t\t\t\t<div class=\"elementor-element elementor-element-fe4080d elementor-invisible elementor-widget elementor-widget-text-editor\" data-id=\"fe4080d\" data-element_type=\"widget\" data-e-type=\"widget\" data-settings=\"{&quot;_animation&quot;:&quot;fadeInUp&quot;,&quot;_animation_delay&quot;:500}\" data-widget_type=\"text-editor.default\">\n\t\t\t\t<div class=\"elementor-widget-container\">\n\t\t\t\t\t\t\t\t\t<section class=\"container\">\n<div class=\"row\">\n<div class=\"spb_content_element col-sm-12 spb_text_column\">\n<div class=\"spb_wrapper clearfix\">\n<p><img decoding=\"async\" class=\"alignnone wp-image-26411 size-full\" src=\"https:\/\/www.linseis.com\/wp-content\/uploads\/2024\/08\/heat-flow-meter-scheme.png\" alt=\"\" width=\"833\" height=\"325\" srcset=\"https:\/\/www.linseis.com\/wp-content\/uploads\/2024\/08\/heat-flow-meter-scheme.png 833w, https:\/\/www.linseis.com\/wp-content\/uploads\/2024\/08\/heat-flow-meter-scheme-300x117.png 300w, https:\/\/www.linseis.com\/wp-content\/uploads\/2024\/08\/heat-flow-meter-scheme-768x300.png 768w\" sizes=\"(max-width: 833px) 100vw, 833px\" \/><\/p>\n<\/div>\n<\/div>\n<\/div>\n<\/section>\n\t\t\t\t\t\t\t\t<\/div>\n\t\t\t\t<\/div>\n\t\t\t\t<div class=\"elementor-element elementor-element-64ed86b elementor-widget elementor-widget-text-editor\" data-id=\"64ed86b\" data-element_type=\"widget\" data-e-type=\"widget\" data-widget_type=\"text-editor.default\">\n\t\t\t\t<div class=\"elementor-widget-container\">\n\t\t\t\t\t\t\t\t\t<p>A partir del flujo de calor q medido, la transmitancia t\u00e9rmica u (<a href=\"https:\/\/www.linseis.com\/es\/propiedades\/valor-u\/\"><strong>valor U<\/strong><\/a>) puede calcularse mediante<\/p>\n\t\t\t\t\t\t\t\t<\/div>\n\t\t\t\t<\/div>\n\t\t\t\t<div class=\"elementor-element elementor-element-63cdf9f elementor-invisible elementor-widget elementor-widget-text-editor\" data-id=\"63cdf9f\" data-element_type=\"widget\" data-e-type=\"widget\" data-settings=\"{&quot;_animation&quot;:&quot;fadeInUp&quot;,&quot;_animation_delay&quot;:500}\" data-widget_type=\"text-editor.default\">\n\t\t\t\t<div class=\"elementor-widget-container\">\n\t\t\t\t\t\t\t\t\t<section class=\"container\">\n<div class=\"row\">\n<div class=\"spb_content_element col-sm-12 spb_text_column\">\n<div class=\"spb_wrapper clearfix\">\n<p><img decoding=\"async\" class=\"wp-image-22502 size-full aligncenter\" src=\"https:\/\/www.linseis.com\/wp-content\/uploads\/2024\/07\/u-value-formula-300x148-1.png\" alt=\"\" width=\"300\" height=\"148\"><\/p>\n<\/div>\n<\/div>\n<\/div>\n<\/section>\n\t\t\t\t\t\t\t\t<\/div>\n\t\t\t\t<\/div>\n\t\t\t\t<div class=\"elementor-element elementor-element-cbe6a38 elementor-widget elementor-widget-text-editor\" data-id=\"cbe6a38\" data-element_type=\"widget\" data-e-type=\"widget\" data-widget_type=\"text-editor.default\">\n\t\t\t\t<div class=\"elementor-widget-container\">\n\t\t\t\t\t\t\t\t\t<p>Donde A denota el \u00e1rea de la muestra y \u0394T el gradiente de temperatura aplicado.<\/p>\n<p>Con el valor U y el grosor d de la muestra, se puede determinar la conductividad t\u00e9rmica \u03bb<\/p>\n\t\t\t\t\t\t\t\t<\/div>\n\t\t\t\t<\/div>\n\t\t\t\t<div class=\"elementor-element elementor-element-f89c665 elementor-invisible elementor-widget elementor-widget-text-editor\" data-id=\"f89c665\" data-element_type=\"widget\" data-e-type=\"widget\" data-settings=\"{&quot;_animation&quot;:&quot;fadeInUp&quot;,&quot;_animation_delay&quot;:500}\" data-widget_type=\"text-editor.default\">\n\t\t\t\t<div class=\"elementor-widget-container\">\n\t\t\t\t\t\t\t\t\t<section class=\"container\">\n<div class=\"row\">\n<div class=\"spb_content_element col-sm-12 spb_text_column\">\n<div class=\"spb_wrapper clearfix\">\n<p><img loading=\"lazy\" decoding=\"async\" class=\"wp-image-22509 size-medium aligncenter\" src=\"https:\/\/www.linseis.com\/wp-content\/uploads\/2024\/07\/uvalue-thermal-conductivity-formula-300x116.png\" alt=\"\" width=\"300\" height=\"116\" srcset=\"https:\/\/www.linseis.com\/wp-content\/uploads\/2024\/07\/uvalue-thermal-conductivity-formula-300x116.png 300w, https:\/\/www.linseis.com\/wp-content\/uploads\/2024\/07\/uvalue-thermal-conductivity-formula.png 429w\" sizes=\"(max-width: 300px) 100vw, 300px\" \/><\/p>\n<\/div>\n<\/div>\n<\/div>\n<\/section>\n\t\t\t\t\t\t\t\t<\/div>\n\t\t\t\t<\/div>\n\t\t\t\t<div class=\"elementor-element elementor-element-1ce2c8f elementor-widget elementor-widget-text-editor\" data-id=\"1ce2c8f\" data-element_type=\"widget\" data-e-type=\"widget\" data-widget_type=\"text-editor.default\">\n\t\t\t\t<div class=\"elementor-widget-container\">\n\t\t\t\t\t\t\t\t\t<p>Dado que es necesario calibrar los sensores de flujo t\u00e9rmico con un material de conductividad t\u00e9rmica conocida, la medici\u00f3n HFM es comparativa y, por tanto, el medidor de flujo t\u00e9rmico cuenta para los m\u00e9todos de medici\u00f3n relativos.<\/p>\n\t\t\t\t\t\t\t\t<\/div>\n\t\t\t\t<\/div>\n\t\t\t\t<\/div>\n\t\t\t\t\t<\/div>\n\t\t\t\t<\/div>\n\t\t<div class=\"elementor-element elementor-element-8801439 e-flex e-con-boxed e-con e-parent\" data-id=\"8801439\" data-element_type=\"container\" data-e-type=\"container\" data-settings=\"{&quot;background_background&quot;:&quot;classic&quot;}\">\n\t\t\t\t\t<div class=\"e-con-inner\">\n\t\t<div class=\"elementor-element elementor-element-4fda86f e-con-full e-flex e-con e-child\" data-id=\"4fda86f\" data-element_type=\"container\" data-e-type=\"container\">\n\t\t<div class=\"elementor-element elementor-element-a0a9aac e-con-full e-flex e-con e-child\" data-id=\"a0a9aac\" data-element_type=\"container\" data-e-type=\"container\">\n\t\t\t\t<div class=\"elementor-element elementor-element-53ea4ef elementor-widget elementor-widget-text-editor\" data-id=\"53ea4ef\" data-element_type=\"widget\" data-e-type=\"widget\" data-widget_type=\"text-editor.default\">\n\t\t\t\t<div class=\"elementor-widget-container\">\n\t\t\t\t\t\t\t\t\t<h2>\u00bfQu\u00e9 propiedades se determinan?<\/h2>\n\t\t\t\t\t\t\t\t<\/div>\n\t\t\t\t<\/div>\n\t\t\t\t<div class=\"elementor-element elementor-element-d38f832 elementor-widget elementor-widget-text-editor\" data-id=\"d38f832\" data-element_type=\"widget\" data-e-type=\"widget\" data-widget_type=\"text-editor.default\">\n\t\t\t\t<div class=\"elementor-widget-container\">\n\t\t\t\t\t\t\t\t\t<p>El Caudal\u00edmetro T\u00e9rmico determina la transmitancia t\u00e9rmica (valor U) y la conductividad t\u00e9rmica.<br \/>A diferencia del <a href=\"https:\/\/www.linseis.com\/es\/servicio-y-asistencia\/metodos-de-analisis-termico\/que-es-el-metodo-de-la-placa-caliente-guardada\/\"><strong>GHP<\/strong><\/a>el <a href=\"https:\/\/www.linseis.com\/es\/messgeraete\/conductividad-termica\/hfm\/\"><strong>HFM<\/strong><\/a> proporciona valores precisos de la conductividad t\u00e9rmica mucho m\u00e1s r\u00e1pidamente.<\/p><p>Sin embargo, las mediciones de BPA tienen una mayor precisi\u00f3n, ya que la medici\u00f3n de HFM es un m\u00e9todo comparativo y, por tanto, tiene algunas incertidumbres.<\/p>\t\t\t\t\t\t\t\t<\/div>\n\t\t\t\t<\/div>\n\t\t\t\t<\/div>\n\t\t\t\t<\/div>\n\t\t\t\t\t<\/div>\n\t\t\t\t<\/div>\n\t\t<div class=\"elementor-element elementor-element-f83fe45 e-flex e-con-boxed e-con e-parent\" data-id=\"f83fe45\" data-element_type=\"container\" data-e-type=\"container\" data-settings=\"{&quot;background_background&quot;:&quot;classic&quot;}\">\n\t\t\t\t\t<div class=\"e-con-inner\">\n\t\t<div class=\"elementor-element elementor-element-5bca60f e-con-full e-flex e-con e-child\" data-id=\"5bca60f\" data-element_type=\"container\" data-e-type=\"container\">\n\t\t<div class=\"elementor-element elementor-element-fec2c0b e-con-full e-flex e-con e-child\" data-id=\"fec2c0b\" data-element_type=\"container\" data-e-type=\"container\">\n\t\t\t\t<div class=\"elementor-element elementor-element-e5074e8 elementor-widget elementor-widget-text-editor\" data-id=\"e5074e8\" data-element_type=\"widget\" data-e-type=\"widget\" data-widget_type=\"text-editor.default\">\n\t\t\t\t<div class=\"elementor-widget-container\">\n\t\t\t\t\t\t\t\t\t<h2>\u00bfQu\u00e9 normas cuentan para el m\u00e9todo del flujo t\u00e9rmico?<\/h2>\n\t\t\t\t\t\t\t\t<\/div>\n\t\t\t\t<\/div>\n\t\t\t\t<div class=\"elementor-element elementor-element-f8733bc elementor-widget elementor-widget-text-editor\" data-id=\"f8733bc\" data-element_type=\"widget\" data-e-type=\"widget\" data-widget_type=\"text-editor.default\">\n\t\t\t\t<div class=\"elementor-widget-container\">\n\t\t\t\t\t\t\t\t\t<ul>\n<li>ASTM C518 &#8211; M\u00e9todo de ensayo normalizado de las propiedades de transmisi\u00f3n t\u00e9rmica en estado estacionario mediante el aparato calor\u00edmetro<\/li>\n<li>ISO 8301 &#8211; Aislamiento t\u00e9rmico; determinaci\u00f3n de la resistencia t\u00e9rmica en estado estacionario y propiedades relacionadas; aparato contador de flujo t\u00e9rmico<\/li>\n<li>DIN EN 12667 EN 12 &#8211; Comportamiento t\u00e9rmico de los materiales y productos de construcci\u00f3n &#8211; Determinaci\u00f3n de la resistencia t\u00e9rmica mediante los m\u00e9todos de la placa caliente protegida y del contador de flujo t\u00e9rmico &#8211; Productos de resistencia t\u00e9rmica alta y media; versi\u00f3n alemana EN 12667:2001<\/li>\n<\/ul>\n\t\t\t\t\t\t\t\t<\/div>\n\t\t\t\t<\/div>\n\t\t\t\t<\/div>\n\t\t<div class=\"elementor-element elementor-element-0618683 e-con-full e-flex e-con e-child\" data-id=\"0618683\" data-element_type=\"container\" data-e-type=\"container\">\n\t\t<div class=\"elementor-element elementor-element-42fa7b7 e-con-full e-flex e-con e-child\" data-id=\"42fa7b7\" data-element_type=\"container\" data-e-type=\"container\">\n\t\t\t\t<\/div>\n\t\t\t\t<\/div>\n\t\t\t\t<\/div>\n\t\t\t\t\t<\/div>\n\t\t\t\t<\/div>\n\t\t\t\t<\/div>\n\t\t","protected":false},"excerpt":{"rendered":"<p>M\u00e9todo del HFM \u00bfCu\u00e1l es el m\u00e9todo del HFM? El contador de flujo t\u00e9rmico determina la conductividad t\u00e9rmica y la transmitancia t\u00e9rmica, que tambi\u00e9n se conoce como valor U, de los materiales con baja conductividad t\u00e9rmica, como los materiales aislantes. Para ello, la muestra se coloca entre una placa calentada y otra enfriada, por lo [&hellip;]<\/p>\n","protected":false},"author":3,"featured_media":0,"parent":42097,"menu_order":0,"comment_status":"closed","ping_status":"closed","template":"","meta":{"_acf_changed":false,"inline_featured_image":false,"footnotes":""},"class_list":["post-42109","page","type-page","status-publish","hentry"],"acf":[],"_links":{"self":[{"href":"https:\/\/www.linseis.com\/es\/wp-json\/wp\/v2\/pages\/42109","targetHints":{"allow":["GET"]}}],"collection":[{"href":"https:\/\/www.linseis.com\/es\/wp-json\/wp\/v2\/pages"}],"about":[{"href":"https:\/\/www.linseis.com\/es\/wp-json\/wp\/v2\/types\/page"}],"author":[{"embeddable":true,"href":"https:\/\/www.linseis.com\/es\/wp-json\/wp\/v2\/users\/3"}],"replies":[{"embeddable":true,"href":"https:\/\/www.linseis.com\/es\/wp-json\/wp\/v2\/comments?post=42109"}],"version-history":[{"count":0,"href":"https:\/\/www.linseis.com\/es\/wp-json\/wp\/v2\/pages\/42109\/revisions"}],"up":[{"embeddable":true,"href":"https:\/\/www.linseis.com\/es\/wp-json\/wp\/v2\/pages\/42097"}],"wp:attachment":[{"href":"https:\/\/www.linseis.com\/es\/wp-json\/wp\/v2\/media?parent=42109"}],"curies":[{"name":"wp","href":"https:\/\/api.w.org\/{rel}","templated":true}]}}