{"id":42099,"date":"2024-07-25T19:26:28","date_gmt":"2024-07-25T17:26:28","guid":{"rendered":"https:\/\/www.linseis.com\/servicio-y-asistencia\/metodos-de-analisis-termico\/metodo-3-omega\/"},"modified":"2024-12-13T11:28:41","modified_gmt":"2024-12-13T10:28:41","slug":"metodo-3-omega","status":"publish","type":"page","link":"https:\/\/www.linseis.com\/es\/metodos-de-analisis-termico\/metodo-3-omega\/","title":{"rendered":"M\u00e9todo 3 Omega"},"content":{"rendered":"\t\t<div data-elementor-type=\"wp-post\" data-elementor-id=\"42099\" class=\"elementor elementor-42099 elementor-21533\" data-elementor-post-type=\"page\">\n\t\t\t\t<div class=\"elementor-element elementor-element-a3549cf e-flex e-con-boxed e-con e-parent\" data-id=\"a3549cf\" data-element_type=\"container\" data-e-type=\"container\" data-settings=\"{&quot;background_background&quot;:&quot;classic&quot;}\">\n\t\t\t\t\t<div class=\"e-con-inner\">\n\t\t\t\t<div class=\"elementor-element elementor-element-ac41c94 elementor-widget elementor-widget-image\" data-id=\"ac41c94\" data-element_type=\"widget\" data-e-type=\"widget\" data-widget_type=\"image.default\">\n\t\t\t\t<div class=\"elementor-widget-container\">\n\t\t\t\t\t\t\t\t\t\t\t\t\t\t\t<img decoding=\"async\" src=\"https:\/\/www.linseis.com\/wp-content\/uploads\/\/linseis_scale-top-1.svg\" title=\"\" alt=\"\" loading=\"lazy\" \/>\t\t\t\t\t\t\t\t\t\t\t\t\t\t\t<\/div>\n\t\t\t\t<\/div>\n\t\t<div class=\"elementor-element elementor-element-a7b7feb e-con-full e-flex e-con e-child\" data-id=\"a7b7feb\" data-element_type=\"container\" data-e-type=\"container\">\n\t\t<div class=\"elementor-element elementor-element-6100945 e-con-full e-flex e-con e-child\" data-id=\"6100945\" data-element_type=\"container\" data-e-type=\"container\">\n\t\t\t\t<div class=\"elementor-element elementor-element-cc1182c elementor-invisible elementor-widget elementor-widget-heading\" data-id=\"cc1182c\" data-element_type=\"widget\" data-e-type=\"widget\" data-settings=\"{&quot;_animation&quot;:&quot;fadeInUp&quot;,&quot;_animation_delay&quot;:250}\" data-widget_type=\"heading.default\">\n\t\t\t\t<div class=\"elementor-widget-container\">\n\t\t\t\t\t<h1 class=\"elementor-heading-title elementor-size-default\"><b>3\u03c9 M\u00e9todo Omega<\/b><\/h1>\t\t\t\t<\/div>\n\t\t\t\t<\/div>\n\t\t\t\t<\/div>\n\t\t<div class=\"elementor-element elementor-element-6d91a43 e-con-full e-flex e-con e-child\" data-id=\"6d91a43\" data-element_type=\"container\" data-e-type=\"container\">\n\t\t\t\t<div class=\"elementor-element elementor-element-9413374 elementor-widget elementor-widget-n-carousel\" data-id=\"9413374\" data-element_type=\"widget\" data-e-type=\"widget\" data-settings=\"{&quot;carousel_items&quot;:[{&quot;slide_title&quot;:&quot;Produkt 1&quot;,&quot;_id&quot;:&quot;d6fbcdb&quot;}],&quot;slides_to_show&quot;:&quot;1&quot;,&quot;slides_to_scroll&quot;:&quot;2&quot;,&quot;autoplay_speed&quot;:2000,&quot;slides_to_show_tablet&quot;:&quot;1&quot;,&quot;slides_to_show_mobile&quot;:&quot;1&quot;,&quot;autoplay&quot;:&quot;yes&quot;,&quot;pause_on_hover&quot;:&quot;yes&quot;,&quot;pause_on_interaction&quot;:&quot;yes&quot;,&quot;infinite&quot;:&quot;yes&quot;,&quot;speed&quot;:500,&quot;offset_sides&quot;:&quot;none&quot;,&quot;image_spacing_custom&quot;:{&quot;unit&quot;:&quot;px&quot;,&quot;size&quot;:10,&quot;sizes&quot;:[]},&quot;image_spacing_custom_tablet&quot;:{&quot;unit&quot;:&quot;px&quot;,&quot;size&quot;:&quot;&quot;,&quot;sizes&quot;:[]},&quot;image_spacing_custom_mobile&quot;:{&quot;unit&quot;:&quot;px&quot;,&quot;size&quot;:&quot;&quot;,&quot;sizes&quot;:[]}}\" data-widget_type=\"nested-carousel.default\">\n\t\t\t\t<div class=\"elementor-widget-container\">\n\t\t\t\t\t\t\t<div class=\"e-n-carousel swiper\" role=\"region\" aria-roledescription=\"carousel\" aria-label=\"Carrusel\" dir=\"ltr\">\n\t\t\t<div class=\"swiper-wrapper\" aria-live=\"off\">\n\t\t\t\t\t\t\t\t\t\t<div class=\"swiper-slide\" data-slide=\"1\" role=\"group\" aria-roledescription=\"slide\" aria-label=\"1 of 1\">\n\t\t\t\t\t\t\t<div class=\"elementor-element elementor-element-44441f5 e-flex e-con-boxed e-con e-child\" data-id=\"44441f5\" data-element_type=\"container\" data-e-type=\"container\">\n\t\t\t\t\t<div class=\"e-con-inner\">\n\t\t\t\t<div class=\"elementor-element elementor-element-3fdf52d elementor-widget__width-initial elementor-invisible elementor-widget elementor-widget-image\" data-id=\"3fdf52d\" data-element_type=\"widget\" data-e-type=\"widget\" data-settings=\"{&quot;_animation&quot;:&quot;fadeInUp&quot;}\" data-widget_type=\"image.default\">\n\t\t\t\t<div class=\"elementor-widget-container\">\n\t\t\t\t\t\t\t\t\t\t\t\t\t\t\t<img fetchpriority=\"high\" decoding=\"async\" width=\"800\" height=\"800\" src=\"https:\/\/www.linseis.com\/wp-content\/uploads\/2024\/07\/Linseis-Icons_Linien-weiss_Zeichenflaeche-1-Kopie-87-1024x1024.png\" class=\"attachment-large size-large wp-image-23735\" alt=\"\" srcset=\"https:\/\/www.linseis.com\/wp-content\/uploads\/2024\/07\/Linseis-Icons_Linien-weiss_Zeichenflaeche-1-Kopie-87-1024x1024.png 1024w, https:\/\/www.linseis.com\/wp-content\/uploads\/2024\/07\/Linseis-Icons_Linien-weiss_Zeichenflaeche-1-Kopie-87-300x300.png 300w, https:\/\/www.linseis.com\/wp-content\/uploads\/2024\/07\/Linseis-Icons_Linien-weiss_Zeichenflaeche-1-Kopie-87-150x150.png 150w, https:\/\/www.linseis.com\/wp-content\/uploads\/2024\/07\/Linseis-Icons_Linien-weiss_Zeichenflaeche-1-Kopie-87-768x768.png 768w, https:\/\/www.linseis.com\/wp-content\/uploads\/2024\/07\/Linseis-Icons_Linien-weiss_Zeichenflaeche-1-Kopie-87-1536x1536.png 1536w, https:\/\/www.linseis.com\/wp-content\/uploads\/2024\/07\/Linseis-Icons_Linien-weiss_Zeichenflaeche-1-Kopie-87-2048x2048.png 2048w\" sizes=\"(max-width: 800px) 100vw, 800px\" \/>\t\t\t\t\t\t\t\t\t\t\t\t\t\t\t<\/div>\n\t\t\t\t<\/div>\n\t\t\t\t\t<\/div>\n\t\t\t\t<\/div>\n\t\t\t\t\t\t\t\t<\/div>\n\t\t\t\t\t\t\t\t<\/div>\n\t\t<\/div>\n\t\t\t\t\t\t<\/div>\n\t\t\t\t<\/div>\n\t\t\t\t<\/div>\n\t\t\t\t<\/div>\n\t\t\t\t<div class=\"elementor-element elementor-element-b4a6800 elementor-widget elementor-widget-image\" data-id=\"b4a6800\" data-element_type=\"widget\" data-e-type=\"widget\" data-widget_type=\"image.default\">\n\t\t\t\t<div class=\"elementor-widget-container\">\n\t\t\t\t\t\t\t\t\t\t\t\t\t\t\t<img decoding=\"async\" src=\"https:\/\/www.linseis.com\/wp-content\/uploads\/\/linseis_scale-bottom-1.svg\" title=\"\" alt=\"\" loading=\"lazy\" \/>\t\t\t\t\t\t\t\t\t\t\t\t\t\t\t<\/div>\n\t\t\t\t<\/div>\n\t\t\t\t\t<\/div>\n\t\t\t\t<\/div>\n\t\t<div class=\"elementor-element elementor-element-7c8d6cc e-flex e-con-boxed e-con e-parent\" data-id=\"7c8d6cc\" data-element_type=\"container\" data-e-type=\"container\" data-settings=\"{&quot;background_background&quot;:&quot;classic&quot;}\">\n\t\t\t\t\t<div class=\"e-con-inner\">\n\t\t\t\t\t<\/div>\n\t\t\t\t<\/div>\n\t\t<div class=\"elementor-element elementor-element-d7b7522 e-flex e-con-boxed e-con e-parent\" data-id=\"d7b7522\" data-element_type=\"container\" data-e-type=\"container\" data-settings=\"{&quot;background_background&quot;:&quot;classic&quot;}\">\n\t\t\t\t\t<div class=\"e-con-inner\">\n\t\t<div class=\"elementor-element elementor-element-449b6fd e-con-full e-flex e-con e-child\" data-id=\"449b6fd\" data-element_type=\"container\" data-e-type=\"container\">\n\t\t\t\t<div class=\"elementor-element elementor-element-031217d elementor-invisible elementor-widget elementor-widget-wp-widget-bcn_widget\" data-id=\"031217d\" data-element_type=\"widget\" data-e-type=\"widget\" data-settings=\"{&quot;_animation&quot;:&quot;fadeInUp&quot;}\" data-widget_type=\"wp-widget-bcn_widget.default\">\n\t\t\t\t<div class=\"elementor-widget-container\">\n\t\t\t\t\t<div class=\"breadcrumbs\" vocab=\"https:\/\/schema.org\/\" typeof=\"BreadcrumbList\"><span property=\"itemListElement\" typeof=\"ListItem\"><a property=\"item\" typeof=\"WebPage\" title=\"Ir a Linseis.\" href=\"https:\/\/www.linseis.com\/es\/\" class=\"home\" aria-current=\"page\"><span property=\"name\">Linseis<\/span><\/a><meta property=\"position\" content=\"1\"><\/span><\/div>\t\t\t\t<\/div>\n\t\t\t\t<\/div>\n\t\t\t\t<\/div>\n\t\t\t\t\t<\/div>\n\t\t\t\t<\/div>\n\t\t<div class=\"elementor-element elementor-element-ed98f58 e-flex e-con-boxed e-con e-parent\" data-id=\"ed98f58\" data-element_type=\"container\" data-e-type=\"container\" data-settings=\"{&quot;background_background&quot;:&quot;classic&quot;}\">\n\t\t\t\t\t<div class=\"e-con-inner\">\n\t\t<div class=\"elementor-element elementor-element-bbc47b3 e-con-full e-flex e-con e-child\" data-id=\"bbc47b3\" data-element_type=\"container\" data-e-type=\"container\">\n\t\t\t\t<div class=\"elementor-element elementor-element-71a1ec4 elementor-invisible elementor-widget elementor-widget-text-editor\" data-id=\"71a1ec4\" data-element_type=\"widget\" data-e-type=\"widget\" data-settings=\"{&quot;_animation&quot;:&quot;fadeInUp&quot;,&quot;_animation_delay&quot;:500}\" data-widget_type=\"text-editor.default\">\n\t\t\t\t<div class=\"elementor-widget-container\">\n\t\t\t\t\t\t\t\t\t<h2>3\u03c9 t\u00e9cnica de medici\u00f3n &#8211; una aproximaci\u00f3n a la medici\u00f3n de la conductividad t\u00e9rmica<\/h2>\n\t\t\t\t\t\t\t\t<\/div>\n\t\t\t\t<\/div>\n\t\t\t\t<div class=\"elementor-element elementor-element-32d9053 elementor-widget elementor-widget-text-editor\" data-id=\"32d9053\" data-element_type=\"widget\" data-e-type=\"widget\" data-widget_type=\"text-editor.default\">\n\t\t\t\t<div class=\"elementor-widget-container\">\n\t\t\t\t\t\t\t\t\t<p>Un m\u00e9todo ampliamente utilizado para medir la conductividad t\u00e9rmica es el m\u00e9todo 3\u03c9.<br \/>Aunque inicialmente se desarroll\u00f3 para medir la conductividad t\u00e9rmica de materiales a granel, el m\u00e9todo se ampli\u00f3 posteriormente a la <strong>caracterizaci\u00f3n t\u00e9rmica de pel\u00edculas finas<\/strong> de hasta unos pocos nm de grosor.<\/p><p>Adem\u00e1s, a continuaci\u00f3n se adapt\u00f3 la t\u00e9cnica 3\u03c9 para medir la conductividad t\u00e9rmica en el plano y en el plano transversal de pel\u00edculas anis\u00f3tropas y membranas independientes.<br \/>Esta t\u00e9cnica es actualmente uno de los m\u00e9todos m\u00e1s populares para<a href=\"https:\/\/www.linseis.com\/es\/productos\/peliculas-finas-analisis-de-peliculas-finas\/\"><strong> caracterizaci\u00f3n de la conductividad t\u00e9rmica de pel\u00edculas finas<\/strong><\/a>.<\/p><p style=\"text-align: left;\"><img decoding=\"async\" class=\"wp-image-21558 size-full\" src=\"https:\/\/www.linseis.com\/wp-content\/uploads\/2024\/07\/Experimental-setup-incl.-metal-line-for-heatingsensing-for-the-3-Omega-technique-1024x392-1.png\" alt=\"Aufbau Experimenteller (inkl. linienf\u00f6rmigen Metallstreifen f\u00fcr Heizung\/Temperaturmessung) f\u00fcr die 3-Omega-Technik\" width=\"1024\" height=\"392\" srcset=\"https:\/\/www.linseis.com\/wp-content\/uploads\/2024\/07\/Experimental-setup-incl.-metal-line-for-heatingsensing-for-the-3-Omega-technique-1024x392-1.png 1024w, https:\/\/www.linseis.com\/wp-content\/uploads\/2024\/07\/Experimental-setup-incl.-metal-line-for-heatingsensing-for-the-3-Omega-technique-1024x392-1-300x115.png 300w, https:\/\/www.linseis.com\/wp-content\/uploads\/2024\/07\/Experimental-setup-incl.-metal-line-for-heatingsensing-for-the-3-Omega-technique-1024x392-1-768x294.png 768w\" sizes=\"(max-width: 1024px) 100vw, 1024px\" \/> Montaje experimental (incl. l\u00ednea met\u00e1lica para calentar\/detectar) para la t\u00e9cnica 3 Omega<\/p>\t\t\t\t\t\t\t\t<\/div>\n\t\t\t\t<\/div>\n\t\t\t\t<\/div>\n\t\t\t\t\t<\/div>\n\t\t\t\t<\/div>\n\t\t<div class=\"elementor-element elementor-element-8801439 e-flex e-con-boxed e-con e-parent\" data-id=\"8801439\" data-element_type=\"container\" data-e-type=\"container\" data-settings=\"{&quot;background_background&quot;:&quot;classic&quot;}\">\n\t\t\t\t\t<div class=\"e-con-inner\">\n\t\t<div class=\"elementor-element elementor-element-4fda86f e-con-full e-flex e-con e-child\" data-id=\"4fda86f\" data-element_type=\"container\" data-e-type=\"container\">\n\t\t\t\t<div class=\"elementor-element elementor-element-fe6d621 elementor-widget elementor-widget-text-editor\" data-id=\"fe6d621\" data-element_type=\"widget\" data-e-type=\"widget\" data-widget_type=\"text-editor.default\">\n\t\t\t\t<div class=\"elementor-widget-container\">\n\t\t\t\t\t\t\t\t\t<p>En el m\u00e9todo 3\u03c9, una fina tira met\u00e1lica, que est\u00e1 en contacto t\u00e9rmico con la muestra, act\u00faa como calentador y como sensor de temperatura.\nPara la medici\u00f3n se utiliza una corriente alterna, <br>\n<img decoding=\"async\" class=\"alignnone size-full wp-image-21568\" src=\"https:\/\/www.linseis.com\/wp-content\/uploads\/2024\/07\/ac-current-300x74-1.png\" alt=\"corriente alterna\" width=\"300\" height=\"74\"><\/p>\n<p>con frecuencia y amplitud de modulaci\u00f3n angular que atraviesa la banda, genera una fuente de calor con potencia<\/p>\n<p><img loading=\"lazy\" decoding=\"async\" class=\"alignnone size-full wp-image-21576\" src=\"https:\/\/www.linseis.com\/wp-content\/uploads\/2024\/07\/heating-source-power-300x67-1.png\" alt=\"fuente de calor\" width=\"300\" height=\"67\"><\/p>\n<p>donde<sub>Rh<\/sub> es la resistencia de la banda en las condiciones experimentales, y provoca un aumento de temperatura en forma de<\/p>\n<p><img loading=\"lazy\" decoding=\"async\" class=\"alignnone size-full wp-image-21583\" src=\"https:\/\/www.linseis.com\/wp-content\/uploads\/2024\/07\/temperature-Rh-300x71-1.png\" alt=\"temperatura HR\" width=\"300\" height=\"71\"><\/p>\n<p>y, en consecuencia, una oscilaci\u00f3n de la resistencia de la franja<\/p>\n<p><img loading=\"lazy\" decoding=\"async\" class=\"alignnone size-full wp-image-21590\" src=\"https:\/\/www.linseis.com\/wp-content\/uploads\/2024\/07\/Rh-300x65-1.png\" alt=\"Rh\" width=\"300\" height=\"65\"><\/p>\n<p>a la frecuencia angular 2\u03c9, con es el coeficiente de temperatura de la resistencia de la banda met\u00e1lica.<\/p>\n\t\t\t\t\t\t\t\t<\/div>\n\t\t\t\t<\/div>\n\t\t\t\t<div class=\"elementor-element elementor-element-34d74a1 elementor-widget elementor-widget-text-editor\" data-id=\"34d74a1\" data-element_type=\"widget\" data-e-type=\"widget\" data-widget_type=\"text-editor.default\">\n\t\t\t\t<div class=\"elementor-widget-container\">\n\t\t\t\t\t\t\t\t\t<p>En cuanto a la frecuencia, el desplazamiento de fase depende tanto de la geometr\u00eda del calentador como de los materiales subyacentes.<\/p>\n<p>Midiendo la ca\u00edda de tensi\u00f3n a trav\u00e9s del calentador, seg\u00fan la ley de Ohm, se obtiene una se\u00f1al de amplitud modulada que tiene un peque\u00f1o componente en el tercer arm\u00f3nico 3\u03c9, que se puede extraer con un amplificador lock-in.<\/p>\n<p>Para calcular la<strong> conductividad t\u00e9rmica<\/strong> de la muestra, as\u00ed como <strong>la capacidad calor\u00edfica espec\u00edfica<\/strong>, hay que resolver la correspondiente ecuaci\u00f3n de difusi\u00f3n del calor, que depende del montaje experimental.<\/p>\n\t\t\t\t\t\t\t\t<\/div>\n\t\t\t\t<\/div>\n\t\t<div class=\"elementor-element elementor-element-a0a9aac e-con-full e-flex e-con e-child\" data-id=\"a0a9aac\" data-element_type=\"container\" data-e-type=\"container\">\n\t\t\t\t<div class=\"elementor-element elementor-element-53ea4ef elementor-widget elementor-widget-text-editor\" data-id=\"53ea4ef\" data-element_type=\"widget\" data-e-type=\"widget\" data-widget_type=\"text-editor.default\">\n\t\t\t\t<div class=\"elementor-widget-container\">\n\t\t\t\t\t\t\t\t\t<h2>Enfoque diferencial 3 Omega con dos mediciones<\/h2>\n\t\t\t\t\t\t\t\t<\/div>\n\t\t\t\t<\/div>\n\t\t\t\t<div class=\"elementor-element elementor-element-d38f832 elementor-widget elementor-widget-text-editor\" data-id=\"d38f832\" data-element_type=\"widget\" data-e-type=\"widget\" data-widget_type=\"text-editor.default\">\n\t\t\t\t<div class=\"elementor-widget-container\">\n\t\t\t\t\t\t\t\t\t<p>Un enfoque t\u00edpico de la conductividad t\u00e9rmica transversal con una pel\u00edcula fina sobre un sustrato a granel es el enfoque diferencial con dos mediciones:<\/p>\n<p>La primera s\u00f3lo sobre el sustrato en blanco, y la segunda incluye la capa de inter\u00e9s.<\/p>\n<p>La capa act\u00faa como una resistencia t\u00e9rmica conectada en serie entre el calentador y el sustrato y garantiza un aumento de las oscilaciones de temperatura, en comparaci\u00f3n con la medici\u00f3n sin la pel\u00edcula fina.<\/p>\n<p>A partir de este aumento, se puede determinar la conductividad t\u00e9rmica del mediante la ley de Fourier:<\/p>\n<p><img loading=\"lazy\" decoding=\"async\" class=\"alignnone size-full wp-image-21603\" src=\"https:\/\/www.linseis.com\/wp-content\/uploads\/2024\/07\/thermal-conductivity-fouriers-law.png\" alt=\"Ley de Fouriers Formel\" width=\"283\" height=\"97\"><\/p>\n<p>siendo w y l el con y la longitud del calentador.<\/p>\n\t\t\t\t\t\t\t\t<\/div>\n\t\t\t\t<\/div>\n\t\t\t\t<div class=\"elementor-element elementor-element-580942e elementor-widget elementor-widget-image\" data-id=\"580942e\" data-element_type=\"widget\" data-e-type=\"widget\" data-widget_type=\"image.default\">\n\t\t\t\t<div class=\"elementor-widget-container\">\n\t\t\t\t\t\t\t\t\t\t\t\t<figure class=\"wp-caption\">\n\t\t\t\t\t\t\t\t\t\t<img loading=\"lazy\" decoding=\"async\" width=\"800\" height=\"932\" src=\"https:\/\/www.linseis.com\/wp-content\/uploads\/2024\/07\/DX7MTLA.png\" class=\"attachment-large size-large wp-image-21619\" alt=\"Differentieller 3-Omega-Ansatz f\u00fcr die Messung der W\u00e4rmeleitf\u00e4higkeit von D\u00fcnnschichten \u00fcber die gesamte Ebene\" srcset=\"https:\/\/www.linseis.com\/wp-content\/uploads\/2024\/07\/DX7MTLA.png 879w, https:\/\/www.linseis.com\/wp-content\/uploads\/2024\/07\/DX7MTLA-258x300.png 258w, https:\/\/www.linseis.com\/wp-content\/uploads\/2024\/07\/DX7MTLA-768x895.png 768w\" sizes=\"(max-width: 800px) 100vw, 800px\" \/>\t\t\t\t\t\t\t\t\t\t\t<figcaption class=\"widget-image-caption wp-caption-text\">Enfoque diferencial 3 Omega para la medici\u00f3n de la conductividad t\u00e9rmica de pel\u00edculas finas en el plano transversal<\/figcaption>\n\t\t\t\t\t\t\t\t\t\t<\/figure>\n\t\t\t\t\t\t\t\t\t<\/div>\n\t\t\t\t<\/div>\n\t\t\t\t<\/div>\n\t\t<div class=\"elementor-element elementor-element-cdefdb7 e-con-full e-flex e-con e-child\" data-id=\"cdefdb7\" data-element_type=\"container\" data-e-type=\"container\">\n\t\t\t\t<div class=\"elementor-element elementor-element-dca24fd elementor-widget elementor-widget-text-editor\" data-id=\"dca24fd\" data-element_type=\"widget\" data-e-type=\"widget\" data-widget_type=\"text-editor.default\">\n\t\t\t\t<div class=\"elementor-widget-container\">\n\t\t\t\t\t\t\t\t\t<h2>Conductividad t\u00e9rmica en el plano mediante tecnolog\u00eda de medici\u00f3n 3w<\/h2>\n\t\t\t\t\t\t\t\t<\/div>\n\t\t\t\t<\/div>\n\t\t\t\t<div class=\"elementor-element elementor-element-d37c58e elementor-widget elementor-widget-text-editor\" data-id=\"d37c58e\" data-element_type=\"widget\" data-e-type=\"widget\" data-widget_type=\"text-editor.default\">\n\t\t\t\t<div class=\"elementor-widget-container\">\n\t\t\t\t\t\t\t\t\t<p>Otro montaje experimental para determinar la conductividad t\u00e9rmica en el plano, as\u00ed como la capacidad calor\u00edfica espec\u00edfica, es un calentador alineado en el centro de una membrana o sustrato suspendido, respectivamente.\nEn este caso, el comportamiento t\u00e9rmico de la parte suspendida puede evaluarse mediante la siguiente correlaci\u00f3n: <\/p>\n<p><img loading=\"lazy\" decoding=\"async\" class=\"alignnone size-full wp-image-21623\" src=\"https:\/\/www.linseis.com\/wp-content\/uploads\/2024\/07\/correlation-thermal-behaviour-three-omega.png\" alt=\"correlaci\u00f3n-t\u00e9rmico-behaviour-tres-omega\" width=\"595\" height=\"209\" srcset=\"https:\/\/www.linseis.com\/wp-content\/uploads\/2024\/07\/correlation-thermal-behaviour-three-omega.png 595w, https:\/\/www.linseis.com\/wp-content\/uploads\/2024\/07\/correlation-thermal-behaviour-three-omega-300x105.png 300w\" sizes=\"(max-width: 595px) 100vw, 595px\" \/><\/p>\n\t\t\t\t\t\t\t\t<\/div>\n\t\t\t\t<\/div>\n\t\t\t\t<div class=\"elementor-element elementor-element-69f7499 elementor-invisible elementor-widget elementor-widget-text-editor\" data-id=\"69f7499\" data-element_type=\"widget\" data-e-type=\"widget\" data-settings=\"{&quot;_animation&quot;:&quot;fadeInUp&quot;,&quot;_animation_delay&quot;:500}\" data-widget_type=\"text-editor.default\">\n\t\t\t\t<div class=\"elementor-widget-container\">\n\t\t\t\t\t\t\t\t\t<p>Con G=2\u03bbdlb^(-1), es la constante t\u00e9rmica de tiempo, b la anchura y l la longitud de la membrana y D es la difusividad t\u00e9rmica.<\/p>\n<p><img loading=\"lazy\" decoding=\"async\" class=\"size-full wp-image-21638\" src=\"https:\/\/www.linseis.com\/wp-content\/uploads\/2024\/07\/IV30I48.png\" alt=\"Chip de mensajer\u00eda integrado para mensajer\u00eda W\u00e4rmeleitf\u00e4higkeitsmessungen in der Ebene an d\u00fcnnen Schichten nach der 3-Omega-Methode\" width=\"1272\" height=\"545\" srcset=\"https:\/\/www.linseis.com\/wp-content\/uploads\/2024\/07\/IV30I48.png 1272w, https:\/\/www.linseis.com\/wp-content\/uploads\/2024\/07\/IV30I48-300x129.png 300w, https:\/\/www.linseis.com\/wp-content\/uploads\/2024\/07\/IV30I48-1024x439.png 1024w, https:\/\/www.linseis.com\/wp-content\/uploads\/2024\/07\/IV30I48-768x329.png 768w\" sizes=\"(max-width: 1272px) 100vw, 1272px\" \/>  Chip de medici\u00f3n integrado para medir la conductividad t\u00e9rmica en el plano de pel\u00edculas finas mediante el m\u00e9todo 3 Omega<\/p>\n\t\t\t\t\t\t\t\t<\/div>\n\t\t\t\t<\/div>\n\t\t\t\t<\/div>\n\t\t<div class=\"elementor-element elementor-element-5a584c2 e-con-full e-flex e-con e-child\" data-id=\"5a584c2\" data-element_type=\"container\" data-e-type=\"container\">\n\t\t\t\t<div class=\"elementor-element elementor-element-2111823 elementor-widget elementor-widget-text-editor\" data-id=\"2111823\" data-element_type=\"widget\" data-e-type=\"widget\" data-widget_type=\"text-editor.default\">\n\t\t\t\t<div class=\"elementor-widget-container\">\n\t\t\t\t\t\t\t\t\t<h2>\u00bfQu\u00e9 propiedades se determinar\u00e1n?<\/h2>\n\t\t\t\t\t\t\t\t<\/div>\n\t\t\t\t<\/div>\n\t\t\t\t<div class=\"elementor-element elementor-element-ef9903f elementor-widget elementor-widget-text-editor\" data-id=\"ef9903f\" data-element_type=\"widget\" data-e-type=\"widget\" data-widget_type=\"text-editor.default\">\n\t\t\t\t<div class=\"elementor-widget-container\">\n\t\t\t\t\t\t\t\t\t<p>La t\u00e9cnica de medici\u00f3n 3\u03c9 es una t\u00e9cnica de medici\u00f3n electrot\u00e9rmica para determinar la <a href=\"https:\/\/www.linseis.com\/es\/messgeraete\/conductividad-termica\/\"><strong>conductividad t\u00e9rmica<\/strong><\/a>, <a href=\"https:\/\/www.linseis.com\/es\/propiedades\/difusividad-termica\/\"><strong>difusividad t\u00e9rmica<\/strong><\/a> y<a href=\"https:\/\/www.linseis.com\/es\/propiedades\/capacidad-calorifica-especifica\/\"><strong> capacidad calor\u00edfica espec\u00edfica<\/strong><\/a> del material a granel (es decir, s\u00f3lido o l\u00edquido) y de capas finas utilizando como calentador una banda met\u00e1lica accionada por corriente alterna.<\/p><p>El calentador met\u00e1lico aplicado a la muestra se calienta peri\u00f3dicamente.<br \/>A continuaci\u00f3n se miden las oscilaciones de temperatura as\u00ed producidas.<br \/>La conductividad t\u00e9rmica y la difusividad t\u00e9rmica de la muestra pueden determinarse a partir de su dependencia de la frecuencia.<\/p>\t\t\t\t\t\t\t\t<\/div>\n\t\t\t\t<\/div>\n\t\t\t\t<\/div>\n\t\t\t\t<\/div>\n\t\t\t\t\t<\/div>\n\t\t\t\t<\/div>\n\t\t\t\t<\/div>\n\t\t","protected":false},"excerpt":{"rendered":"<p>3\u03c9 M\u00e9todo Omega 3\u03c9 t\u00e9cnica de medici\u00f3n &#8211; una aproximaci\u00f3n a la medici\u00f3n de la conductividad t\u00e9rmica Un m\u00e9todo ampliamente utilizado para medir la conductividad t\u00e9rmica es el m\u00e9todo 3\u03c9.Aunque inicialmente se desarroll\u00f3 para medir la conductividad t\u00e9rmica de materiales a granel, el m\u00e9todo se ampli\u00f3 posteriormente a la caracterizaci\u00f3n t\u00e9rmica de pel\u00edculas finas de [&hellip;]<\/p>\n","protected":false},"author":5,"featured_media":0,"parent":42097,"menu_order":0,"comment_status":"closed","ping_status":"closed","template":"","meta":{"_acf_changed":false,"inline_featured_image":false,"footnotes":""},"class_list":["post-42099","page","type-page","status-publish","hentry"],"acf":[],"_links":{"self":[{"href":"https:\/\/www.linseis.com\/es\/wp-json\/wp\/v2\/pages\/42099","targetHints":{"allow":["GET"]}}],"collection":[{"href":"https:\/\/www.linseis.com\/es\/wp-json\/wp\/v2\/pages"}],"about":[{"href":"https:\/\/www.linseis.com\/es\/wp-json\/wp\/v2\/types\/page"}],"author":[{"embeddable":true,"href":"https:\/\/www.linseis.com\/es\/wp-json\/wp\/v2\/users\/5"}],"replies":[{"embeddable":true,"href":"https:\/\/www.linseis.com\/es\/wp-json\/wp\/v2\/comments?post=42099"}],"version-history":[{"count":0,"href":"https:\/\/www.linseis.com\/es\/wp-json\/wp\/v2\/pages\/42099\/revisions"}],"up":[{"embeddable":true,"href":"https:\/\/www.linseis.com\/es\/wp-json\/wp\/v2\/pages\/42097"}],"wp:attachment":[{"href":"https:\/\/www.linseis.com\/es\/wp-json\/wp\/v2\/media?parent=42099"}],"curies":[{"name":"wp","href":"https:\/\/api.w.org\/{rel}","templated":true}]}}