{"id":42055,"date":"2024-07-25T13:23:11","date_gmt":"2024-07-25T11:23:11","guid":{"rendered":"https:\/\/www.linseis.com\/boletin\/"},"modified":"2025-12-18T08:39:05","modified_gmt":"2025-12-18T07:39:05","slug":"boletin","status":"publish","type":"page","link":"https:\/\/www.linseis.com\/es\/boletin\/","title":{"rendered":"Bolet\u00edn"},"content":{"rendered":"\t\t<div data-elementor-type=\"wp-post\" data-elementor-id=\"42055\" class=\"elementor elementor-42055 elementor-21049\" data-elementor-post-type=\"page\">\n\t\t\t\t<div class=\"elementor-element elementor-element-a3549cf e-flex e-con-boxed e-con e-parent\" data-id=\"a3549cf\" data-element_type=\"container\" data-e-type=\"container\" data-settings=\"{&quot;background_background&quot;:&quot;classic&quot;}\">\n\t\t\t\t\t<div class=\"e-con-inner\">\n\t\t\t\t<div class=\"elementor-element elementor-element-ac41c94 elementor-widget elementor-widget-image\" data-id=\"ac41c94\" data-element_type=\"widget\" data-e-type=\"widget\" data-widget_type=\"image.default\">\n\t\t\t\t<div class=\"elementor-widget-container\">\n\t\t\t\t\t\t\t\t\t\t\t\t\t\t\t<img decoding=\"async\" src=\"https:\/\/www.linseis.com\/wp-content\/uploads\/\/linseis_scale-top-1.svg\" title=\"\" alt=\"\" loading=\"lazy\" \/>\t\t\t\t\t\t\t\t\t\t\t\t\t\t\t<\/div>\n\t\t\t\t<\/div>\n\t\t\t\t<div class=\"elementor-element elementor-element-119fd0b elementor-widget elementor-widget-image\" data-id=\"119fd0b\" data-element_type=\"widget\" data-e-type=\"widget\" data-widget_type=\"image.default\">\n\t\t\t\t<div class=\"elementor-widget-container\">\n\t\t\t\t\t\t\t\t\t\t\t\t\t\t\t<img fetchpriority=\"high\" decoding=\"async\" width=\"800\" height=\"800\" src=\"https:\/\/www.linseis.com\/wp-content\/uploads\/2024\/06\/linseis-pushing-boundaries-1.svg\" class=\"attachment-large size-large wp-image-1265\" alt=\"\" \/>\t\t\t\t\t\t\t\t\t\t\t\t\t\t\t<\/div>\n\t\t\t\t<\/div>\n\t\t\t\t<div class=\"elementor-element elementor-element-b4a6800 elementor-widget elementor-widget-image\" data-id=\"b4a6800\" data-element_type=\"widget\" data-e-type=\"widget\" data-widget_type=\"image.default\">\n\t\t\t\t<div class=\"elementor-widget-container\">\n\t\t\t\t\t\t\t\t\t\t\t\t\t\t\t<img decoding=\"async\" src=\"https:\/\/www.linseis.com\/wp-content\/uploads\/\/linseis_scale-bottom-1.svg\" title=\"\" alt=\"\" loading=\"lazy\" \/>\t\t\t\t\t\t\t\t\t\t\t\t\t\t\t<\/div>\n\t\t\t\t<\/div>\n\t\t\t\t\t<\/div>\n\t\t\t\t<\/div>\n\t\t<div class=\"elementor-element elementor-element-7c8d6cc e-flex e-con-boxed e-con e-parent\" data-id=\"7c8d6cc\" data-element_type=\"container\" data-e-type=\"container\" data-settings=\"{&quot;background_background&quot;:&quot;classic&quot;}\">\n\t\t\t\t\t<div class=\"e-con-inner\">\n\t\t\t\t\t<\/div>\n\t\t\t\t<\/div>\n\t\t<div class=\"elementor-element elementor-element-d7b7522 e-flex e-con-boxed e-con e-parent\" data-id=\"d7b7522\" data-element_type=\"container\" data-e-type=\"container\" data-settings=\"{&quot;background_background&quot;:&quot;classic&quot;}\">\n\t\t\t\t\t<div class=\"e-con-inner\">\n\t\t<div class=\"elementor-element elementor-element-449b6fd e-con-full e-flex e-con e-child\" data-id=\"449b6fd\" data-element_type=\"container\" data-e-type=\"container\">\n\t\t\t\t<div class=\"elementor-element elementor-element-031217d elementor-invisible elementor-widget elementor-widget-wp-widget-bcn_widget\" data-id=\"031217d\" data-element_type=\"widget\" data-e-type=\"widget\" data-settings=\"{&quot;_animation&quot;:&quot;fadeInUp&quot;}\" data-widget_type=\"wp-widget-bcn_widget.default\">\n\t\t\t\t<div class=\"elementor-widget-container\">\n\t\t\t\t\t<div class=\"breadcrumbs\" vocab=\"https:\/\/schema.org\/\" typeof=\"BreadcrumbList\"><span property=\"itemListElement\" typeof=\"ListItem\"><a property=\"item\" typeof=\"WebPage\" title=\"Ir a Linseis.\" href=\"https:\/\/www.linseis.com\/es\/\" class=\"home\" aria-current=\"page\"><span property=\"name\">Linseis<\/span><\/a><meta property=\"position\" content=\"1\"><\/span><\/div>\t\t\t\t<\/div>\n\t\t\t\t<\/div>\n\t\t\t\t<div class=\"elementor-element elementor-element-cc1182c elementor-invisible elementor-widget elementor-widget-heading\" data-id=\"cc1182c\" data-element_type=\"widget\" data-e-type=\"widget\" data-settings=\"{&quot;_animation&quot;:&quot;fadeInUp&quot;,&quot;_animation_delay&quot;:250}\" data-widget_type=\"heading.default\">\n\t\t\t\t<div class=\"elementor-widget-container\">\n\t\t\t\t\t<h1 class=\"elementor-heading-title elementor-size-default\"><b>Bolet\u00edn - \"La Medici\u00f3n Importa Mensualmente\"<\/b><\/h1>\t\t\t\t<\/div>\n\t\t\t\t<\/div>\n\t\t\t\t<\/div>\n\t\t<div class=\"elementor-element elementor-element-13cd405 e-con-full e-flex e-con e-child\" data-id=\"13cd405\" data-element_type=\"container\" data-e-type=\"container\">\n\t\t\t\t<\/div>\n\t\t\t\t\t<\/div>\n\t\t\t\t<\/div>\n\t\t<div class=\"elementor-element elementor-element-865791d e-flex e-con-boxed e-con e-parent\" data-id=\"865791d\" data-element_type=\"container\" data-e-type=\"container\">\n\t\t\t\t\t<div class=\"e-con-inner\">\n\t\t\t\t<div class=\"elementor-element elementor-element-5cfc116 elementor-widget elementor-widget-text-editor\" data-id=\"5cfc116\" data-element_type=\"widget\" data-e-type=\"widget\" data-widget_type=\"text-editor.default\">\n\t\t\t\t<div class=\"elementor-widget-container\">\n\t\t\t\t\t\t\t\t\t<p>\ud83c\udf10 <strong>\u00bfQu\u00e9 hay de nuevo en nuestros laboratorios?<\/strong> S\u00e9 el primero en enterarte de nuestras novedades y mant\u00e9n el pulso.\nNuestras soluciones innovadoras est\u00e1n dise\u00f1adas para darte ventaja en tu campo. <\/p>\n<p>\ud83c\udf93 <strong>Ampl\u00eda tus conocimientos:<\/strong> Enriquece tus conocimientos con nuestros seminarios web personales (\u00a1no hay v\u00eddeos repetidos!).\nNuestros jefes de producto y expertos de laboratorio de Europa y EE.UU. comparten sus conocimientos y responden a tus preguntas.\nMantente informado y a la vanguardia de los avances tecnol\u00f3gicos con nuestros eventos peri\u00f3dicos.  <\/p>\n<p>\ud83d\udd0d <strong>La aplicaci\u00f3n en el punto de mira:<\/strong> Con nuestros detallados ejemplos de aplicaci\u00f3n, ilustramos c\u00f3mo pueden utilizarse nuestros dispositivos en diversos sectores.\nAprende de la experiencia de otros y descubre nuevas posibilidades de aplicaci\u00f3n para tus retos. <\/p>\n<p>\ud83c\udf89 <strong>Con\u00f3cenos en persona:<\/strong> Vis\u00edtanos en ferias y eventos de todo el mundo.\nExperimenta nuestros productos en directo y habla con nuestros expertos en persona.\nEstamos deseando conocerte y responder a tus preguntas individuales.  <\/p>\n<p><strong><br>  Forma parte de nuestra comunidad<br>\n<\/strong><\/p>\n<p>\u00a1Mantente al d\u00eda y no vuelvas a perderte ninguna novedad!\nSuscr\u00edbete ahora a nuestro bolet\u00edn Linseis y mantente al d\u00eda con invitaciones a nuestros seminarios web, informaci\u00f3n sobre nuevos productos y perspectivas exclusivas sobre aplicaciones y pr\u00f3ximos eventos. <\/p>\n\t\t\t\t\t\t\t\t<\/div>\n\t\t\t\t<\/div>\n\t\t\t\t\t<\/div>\n\t\t\t\t<\/div>\n\t\t<div class=\"elementor-element elementor-element-4c0c530 e-flex e-con-boxed elementor-invisible e-con e-parent\" data-id=\"4c0c530\" data-element_type=\"container\" data-e-type=\"container\" data-settings=\"{&quot;background_background&quot;:&quot;classic&quot;,&quot;animation&quot;:&quot;fadeInUp&quot;}\">\n\t\t\t\t\t<div class=\"e-con-inner\">\n\t\t<div class=\"elementor-element elementor-element-6c826a8 e-con-full e-flex e-con e-child\" data-id=\"6c826a8\" data-element_type=\"container\" data-e-type=\"container\">\n\t\t\t\t<div class=\"elementor-element elementor-element-ca66894 elementor-widget elementor-widget-text-editor\" data-id=\"ca66894\" data-element_type=\"widget\" data-e-type=\"widget\" data-widget_type=\"text-editor.default\">\n\t\t\t\t<div class=\"elementor-widget-container\">\n\t\t\t\t\t\t\t\t\t<p>Correo electr\u00f3nico<\/p><form class=\"layout_form cr_form cr_font\" action=\"https:\/\/306550.eu1.cleverreach.com\/f\/306550-227800\/wcs\/\" method=\"post\" target=\"_blank\"><div class=\"cr_body cr_page cr_font formbox\"><div class=\"editable_content\" style=\"text-align: left;\"><div id=\"4851320\" class=\"cr_form-component cr_form-component--email cr_ipe_item ui-sortable musthave\" style=\"margin-bottom: px;\"><div class=\"cr_form-inputgroup cr_form-inputgroup--typeemail\"><input id=\"text4851320\" class=\"cr_form-input\" style=\"width: 100%;\" name=\"email\" type=\"email\" value=\"\" placeholder=\"name@example.com\" \/><\/div><\/div><div id=\"4935441\" class=\"cr_form-component cr_form-component--text cr_ipe_item ui-sortable musthave\" style=\"margin-bottom: 0px;\"><div class=\"cr_form-inputgroup cr_form-inputgroup--typetext\"><label class=\"itemname\" for=\"cr_form-input--text4935441\"> Nombre*.<\/label><br \/><input id=\"cr_form-input--text4935441\" class=\"cr_form-input\" style=\"width: 100%;\" name=\"1186247\" type=\"text\" placeholder=\"Max Mustermann\" \/><\/div><\/div><div id=\"4851324\" class=\"cr_form-component cr_form-component--group cr_form-component--checkbox cr_ipe_item ui-sortable musthave\" style=\"margin-bottom: 0px;\"><p>\u00a0 *Privacidad de los datos<\/p><div class=\"cr_form-component--group\"><p><span class=\"cr_form-inputgroup cr_form-inputgroup--typecheckbox\"><input id=\"14851324\" class=\"cr_form-checkbox cr_ipe_checkbox\" name=\"1186338[]\" type=\"checkbox\" value=\"1\" \/> He le\u00eddo la pol\u00edtica de privacidad y acepto los t\u00e9rminos y condiciones.<br \/>Confirmo mi participaci\u00f3n regular y me gustar\u00eda ser incluido en el bolet\u00edn de ofertas de empleo.<br \/>Acepto que Linseis me env\u00ede informaci\u00f3n sobre temas de formaci\u00f3n, estudios duales y ofertas de empleo a la direcci\u00f3n de correo electr\u00f3nico facilitada.<br \/>Puedo darme de baja del bolet\u00edn en cualquier momento utilizando el bot\u00f3n de darse de baja. <span style=\"text-align: justify;\"><br \/><\/span><br \/><\/span><\/p><\/div><\/div><div id=\"4851322\" class=\"cr_form-component cr_form-component--submit cr_ipe_item ui-sortable submit_container\" style=\"text-align: center;\"><button class=\"cr_form-block cr_button\" type=\"submit\">Inscr\u00edbete<\/button><\/div><\/div><\/div><\/form>\t\t\t\t\t\t\t\t<\/div>\n\t\t\t\t<\/div>\n\t\t\t\t<\/div>\n\t\t\t\t\t<\/div>\n\t\t\t\t<\/div>\n\t\t\t\t<\/div>\n\t\t","protected":false},"excerpt":{"rendered":"<p>Bolet\u00edn &#8211; \u00abLa Medici\u00f3n Importa Mensualmente\u00bb \ud83c\udf10 \u00bfQu\u00e9 hay de nuevo en nuestros laboratorios? S\u00e9 el primero en enterarte de nuestras novedades y mant\u00e9n el pulso. Nuestras soluciones innovadoras est\u00e1n dise\u00f1adas para darte ventaja en tu campo. \ud83c\udf93 Ampl\u00eda tus conocimientos: Enriquece tus conocimientos con nuestros seminarios web personales (\u00a1no hay v\u00eddeos repetidos!). Nuestros jefes [&hellip;]<\/p>\n","protected":false},"author":3,"featured_media":0,"parent":0,"menu_order":0,"comment_status":"closed","ping_status":"closed","template":"","meta":{"_acf_changed":false,"inline_featured_image":false,"footnotes":""},"class_list":["post-42055","page","type-page","status-publish","hentry"],"acf":[],"_links":{"self":[{"href":"https:\/\/www.linseis.com\/es\/wp-json\/wp\/v2\/pages\/42055","targetHints":{"allow":["GET"]}}],"collection":[{"href":"https:\/\/www.linseis.com\/es\/wp-json\/wp\/v2\/pages"}],"about":[{"href":"https:\/\/www.linseis.com\/es\/wp-json\/wp\/v2\/types\/page"}],"author":[{"embeddable":true,"href":"https:\/\/www.linseis.com\/es\/wp-json\/wp\/v2\/users\/3"}],"replies":[{"embeddable":true,"href":"https:\/\/www.linseis.com\/es\/wp-json\/wp\/v2\/comments?post=42055"}],"version-history":[{"count":0,"href":"https:\/\/www.linseis.com\/es\/wp-json\/wp\/v2\/pages\/42055\/revisions"}],"wp:attachment":[{"href":"https:\/\/www.linseis.com\/es\/wp-json\/wp\/v2\/media?parent=42055"}],"curies":[{"name":"wp","href":"https:\/\/api.w.org\/{rel}","templated":true}]}}