{"id":42053,"date":"2024-07-23T17:43:52","date_gmt":"2024-07-23T15:43:52","guid":{"rendered":"https:\/\/www.linseis.com\/pie-de-imprenta\/"},"modified":"2024-12-13T12:02:17","modified_gmt":"2024-12-13T11:02:17","slug":"pie-de-imprenta","status":"publish","type":"page","link":"https:\/\/www.linseis.com\/es\/pie-de-imprenta\/","title":{"rendered":"Pie de imprenta"},"content":{"rendered":"\t\t<div data-elementor-type=\"wp-post\" data-elementor-id=\"42053\" class=\"elementor elementor-42053 elementor-18510\" data-elementor-post-type=\"page\">\n\t\t\t\t<div class=\"elementor-element elementor-element-a3549cf e-flex e-con-boxed e-con e-parent\" data-id=\"a3549cf\" data-element_type=\"container\" data-e-type=\"container\" data-settings=\"{&quot;background_background&quot;:&quot;classic&quot;}\">\n\t\t\t\t\t<div class=\"e-con-inner\">\n\t\t\t\t<div class=\"elementor-element elementor-element-ac41c94 elementor-widget elementor-widget-image\" data-id=\"ac41c94\" data-element_type=\"widget\" data-e-type=\"widget\" data-widget_type=\"image.default\">\n\t\t\t\t<div class=\"elementor-widget-container\">\n\t\t\t\t\t\t\t\t\t\t\t\t\t\t\t<img decoding=\"async\" src=\"https:\/\/www.linseis.com\/wp-content\/uploads\/\/linseis_scale-top-1.svg\" title=\"\" alt=\"\" loading=\"lazy\" \/>\t\t\t\t\t\t\t\t\t\t\t\t\t\t\t<\/div>\n\t\t\t\t<\/div>\n\t\t\t\t<div class=\"elementor-element elementor-element-28a610f elementor-widget elementor-widget-image\" data-id=\"28a610f\" data-element_type=\"widget\" data-e-type=\"widget\" data-widget_type=\"image.default\">\n\t\t\t\t<div class=\"elementor-widget-container\">\n\t\t\t\t\t\t\t\t\t\t\t\t\t\t\t<img fetchpriority=\"high\" decoding=\"async\" width=\"800\" height=\"800\" src=\"https:\/\/www.linseis.com\/wp-content\/uploads\/2024\/06\/linseis-pushing-boundaries-1.svg\" class=\"attachment-large size-large wp-image-1265\" alt=\"\" \/>\t\t\t\t\t\t\t\t\t\t\t\t\t\t\t<\/div>\n\t\t\t\t<\/div>\n\t\t\t\t<div class=\"elementor-element elementor-element-b4a6800 elementor-widget elementor-widget-image\" data-id=\"b4a6800\" data-element_type=\"widget\" data-e-type=\"widget\" data-widget_type=\"image.default\">\n\t\t\t\t<div class=\"elementor-widget-container\">\n\t\t\t\t\t\t\t\t\t\t\t\t\t\t\t<img decoding=\"async\" src=\"https:\/\/www.linseis.com\/wp-content\/uploads\/\/linseis_scale-bottom-1.svg\" title=\"\" alt=\"\" loading=\"lazy\" \/>\t\t\t\t\t\t\t\t\t\t\t\t\t\t\t<\/div>\n\t\t\t\t<\/div>\n\t\t\t\t\t<\/div>\n\t\t\t\t<\/div>\n\t\t<div class=\"elementor-element elementor-element-7c8d6cc e-flex e-con-boxed e-con e-parent\" data-id=\"7c8d6cc\" data-element_type=\"container\" data-e-type=\"container\" data-settings=\"{&quot;background_background&quot;:&quot;classic&quot;}\">\n\t\t\t\t\t<div class=\"e-con-inner\">\n\t\t\t\t\t<\/div>\n\t\t\t\t<\/div>\n\t\t<div class=\"elementor-element elementor-element-d7b7522 e-flex e-con-boxed e-con e-parent\" data-id=\"d7b7522\" data-element_type=\"container\" data-e-type=\"container\" data-settings=\"{&quot;background_background&quot;:&quot;classic&quot;}\">\n\t\t\t\t\t<div class=\"e-con-inner\">\n\t\t<div class=\"elementor-element elementor-element-7e2c0c3 e-con-full e-flex e-con e-child\" data-id=\"7e2c0c3\" data-element_type=\"container\" data-e-type=\"container\">\n\t\t\t\t<\/div>\n\t\t<div class=\"elementor-element elementor-element-449b6fd e-con-full e-flex e-con e-child\" data-id=\"449b6fd\" data-element_type=\"container\" data-e-type=\"container\">\n\t\t\t\t<div class=\"elementor-element elementor-element-cc1182c elementor-invisible elementor-widget elementor-widget-heading\" data-id=\"cc1182c\" data-element_type=\"widget\" data-e-type=\"widget\" data-settings=\"{&quot;_animation&quot;:&quot;fadeInUp&quot;,&quot;_animation_delay&quot;:250}\" data-widget_type=\"heading.default\">\n\t\t\t\t<div class=\"elementor-widget-container\">\n\t\t\t\t\t<h1 class=\"elementor-heading-title elementor-size-default\">Pie de imprenta  <\/h1>\t\t\t\t<\/div>\n\t\t\t\t<\/div>\n\t\t\t\t<div class=\"elementor-element elementor-element-a10166b elementor-invisible elementor-widget elementor-widget-text-editor\" data-id=\"a10166b\" data-element_type=\"widget\" data-e-type=\"widget\" data-settings=\"{&quot;_animation&quot;:&quot;fadeInUp&quot;,&quot;_animation_delay&quot;:500}\" data-widget_type=\"text-editor.default\">\n\t\t\t\t<div class=\"elementor-widget-container\">\n\t\t\t\t\t\t\t\t\t<h2>Responsable del contenido:<\/h2>\n<p>LINSEIS Messger\u00e4te GmbH<br \/>Vielitzerstr.<br \/>\n43<br \/>95100 Selb <\/p>\n<p>Alemania Tel: +49 (0) 9287\/880 0<br \/>Fax: +49 (0) 9287\/704 88<br \/><a href=\"javascript:secureDecryptAndNavigate('xcwO4O0LxGoaqmD3z1w6ddwyKc\/lHrtG1e+fSH6zS5qQ8MfOvgPDQapZPM5rTuaQ4cmEEBVwTOvG3BWd62FcGtLfAl56ph4=', '746dcd64e4d44146621ffe8607bc6a9cd99322281d7da166e1e71f03fcb20d2c')\">info@linseis.com<\/a><\/p>\n<p><strong>LINSEIS Inc.<br \/><\/strong>109 North Gold Drive<br \/>Robbinsville, NJ 08691<\/p>\n<p>tel\u00e9fono: <a href=\"tel:+016092232070\" data-auto-event-observed=\"true\">+01 (609) 223 2070<\/a><br \/>fax: +01 (609) 223 2074<br \/>correo: <a href=\"javascript:secureDecryptAndNavigate('vAFgb6e0dZ23wH\/IYkkjrRV+HNE1Mh1t3vezSeVYJCPqb34NgUKYca2jhE\/8Ile0gvCNkRU3y3zPKEinUXpEZtDKYGmuw8g=', '746dcd64e4d44146621ffe8607bc6a9cd99322281d7da166e1e71f03fcb20d2c')\" data-auto-event-observed=\"true\">info@linseis.com<\/a><\/p>\n<p><b>Director Gerente<\/b><br \/>Dipl. F\u00eds. Claus Linseis, M.Sc. Florian Linseis, Dr.-Ing. Vincent Linseis<\/p>\n<p>Registros Tribunal de registro:<br \/>HRB Hof ABT.<br \/>\nB n\u00ba 299<br \/>N\u00famero de identificaci\u00f3n a efectos del IVA: DE 132 951 806 <\/p>\n<h2>Derechos de autor<\/h2>\n<p>Copyright LINSEIS Messger\u00e4te GmbH (Alemania 2004).<br \/>\nTodos los derechos reservados.<br \/>\nEl texto, las figuras, los gr\u00e1ficos, el sonido, la animaci\u00f3n y los v\u00eddeos est\u00e1n protegidos por derechos de autor y otras leyes de protecci\u00f3n.<br \/>\nEl contenido de este sitio web no puede copiarse, distribuirse, modificarse ni revelarse a terceros con fines comerciales.   <\/p>\n<h2>Marcas comerciales y marcas<\/h2>\n<p>A menos que no se especifique lo contrario, todas las marcas de este sitio web son marcas de LINSEIS Messger\u00e4te GmbH.<br \/>\nEsto se aplica especialmente a las marcas, designaciones de tipo, logotipos y emblemas. <\/p>\n<h2>Responsabilidad<\/h2>\n<p>Aunque este sitio web se ha preparado con el mayor cuidado, no se puede garantizar que la informaci\u00f3n est\u00e9 libre de errores y sea exacta.<br \/>\nQueda excluida toda responsabilidad por da\u00f1os que se produzcan directa o indirectamente por el uso de este sitio web en la medida en que no exista dolo o negligencia grave.<br \/>En la medida en que este sitio web remita a p\u00e1ginas de Internet mantenidas por terceros, LINSEIS Messger\u00e4te GmbH no se hace responsable de dicha informaci\u00f3n. <\/p>\n<h2>Licencia<\/h2>\n<p>La propiedad intelectual contenida en este sitio web (por ejemplo, patentes, marcas y derechos de autor) est\u00e1 protegida.<br \/>\nEste sitio web no concede licencia para utilizar la propiedad intelectual del mismo. <\/p>\n<h2>Abogado<\/h2>\n<p>Despacho de abogados Dr. Philippe Linseis<br \/>www.kanzlei-linseis.de<\/p>\n<h2>Picutres<\/h2>\n<p>Stock-Fotografie-ID:589102420<br \/>Stock-Fotografie-ID:636332456<br \/>Stock-Fotografie-ID:648366944<br \/>Stock-Fotografie-ID:658909914<br \/>Stock-Fotografie-ID:827580824<br \/>Stock-Fotografie-ID:831812316<br \/>Stock-Fotografie-ID:886451342<br \/>Stock-Fotografie-ID:908952856<br \/>Stock-Fotografie-ID:911834392<br \/>Stock-Fotografie-ID:1022038990<br \/>Stock-Fotografie-ID:1022686400<br \/>Stock-Fotografie-ID:528612594<br \/>Stock-Fotografie-ID:186762833<br \/>Stock-Fotografie-ID:622428694<br \/>Stock-Fotografie-ID:181849574<br \/>Stock-Fotografie-ID:501789362<br \/>Stock-Fotografie-ID:183805301<br \/>Stock-Fotografie-ID:842624218<br \/>Stock-Fotografie-ID:623448316<br \/>Stock-Fotografie-ID:891885848<br \/>Stock-Fotografie-ID:813674350<br \/>Stock-Fotografie-ID:1062061464<br \/>Stock-Fotografie-ID:891885848<br \/>Stock-Fotografie-ID:813674350<br \/>Stock-Fotografie-ID:1062061464<\/p>\n<p>Shutterstock:<br \/>333657248<br \/>1077754430<br \/>588385358<br \/>149749874<br \/>564384325<br \/>449664868<br \/>456687193<br \/>418128811<br \/>576151555<br \/>518160529<br \/>133382534<br \/>780175252<br \/>709006249<br \/>950850238<br \/>922762614<br \/>913199998<br \/>908952856<br \/>900408694<br \/>898065152<br \/>891885848<br \/>868792010<br \/>813674350<br \/>653112934<br \/>636332456<br \/>623448316<br \/>622428694<br \/>589102420<br \/>58548832<br \/>528612594<br \/>501789362<br \/>186762833<br \/>183805301<br \/>181849574<br \/>167170620<\/p>\n\t\t\t\t\t\t\t\t<\/div>\n\t\t\t\t<\/div>\n\t\t\t\t<\/div>\n\t\t<div class=\"elementor-element elementor-element-13cd405 e-con-full e-flex e-con e-child\" data-id=\"13cd405\" data-element_type=\"container\" data-e-type=\"container\">\n\t\t\t\t<\/div>\n\t\t\t\t\t<\/div>\n\t\t\t\t<\/div>\n\t\t\t\t<\/div>\n\t\t","protected":false},"excerpt":{"rendered":"<p>Pie de imprenta Responsable del contenido: LINSEIS Messger\u00e4te GmbHVielitzerstr. 4395100 Selb Alemania Tel: +49 (0) 9287\/880 0Fax: +49 (0) 9287\/704 <a href=\"javascript:secureDecryptAndNavigate('EM507p2TXDBXPOLs0utTGs0tx\/7Fkgqvy+3jSaRW6UzNm4KGUruinUsZcw0CCQdmulSzmhLqk\/PGZcFARO7aKAABsPbQffkKLw==', '746dcd64e4d44146621ffe8607bc6a9cd99322281d7da166e1e71f03fcb20d2c')\">88info@linseis.com<\/a> LINSEIS Inc.109 North Gold DriveRobbinsville, NJ 08691 tel\u00e9fono: +01 (609) 223 2070fax: +01 (609) 223 2074correo: <a href=\"javascript:secureDecryptAndNavigate('bEcOOIGj1xxlRJWqSjXgtLiZF2KZ0X1jKWyydN6X84CFinveVpaAqTeqxsg\/8jGAN3fZBQ2iOvIPiSgzZQF6I\/qh6nIR9x0=', '746dcd64e4d44146621ffe8607bc6a9cd99322281d7da166e1e71f03fcb20d2c')\">info@linseis.com<\/a> Director GerenteDipl. F\u00eds. Claus Linseis, M.Sc. Florian Linseis, Dr.-Ing. Vincent Linseis Registros Tribunal de registro:HRB Hof ABT. [&hellip;]<\/p>\n","protected":false},"author":5,"featured_media":0,"parent":0,"menu_order":0,"comment_status":"closed","ping_status":"closed","template":"","meta":{"_acf_changed":false,"inline_featured_image":false,"footnotes":""},"class_list":["post-42053","page","type-page","status-publish","hentry"],"acf":[],"_links":{"self":[{"href":"https:\/\/www.linseis.com\/es\/wp-json\/wp\/v2\/pages\/42053","targetHints":{"allow":["GET"]}}],"collection":[{"href":"https:\/\/www.linseis.com\/es\/wp-json\/wp\/v2\/pages"}],"about":[{"href":"https:\/\/www.linseis.com\/es\/wp-json\/wp\/v2\/types\/page"}],"author":[{"embeddable":true,"href":"https:\/\/www.linseis.com\/es\/wp-json\/wp\/v2\/users\/5"}],"replies":[{"embeddable":true,"href":"https:\/\/www.linseis.com\/es\/wp-json\/wp\/v2\/comments?post=42053"}],"version-history":[{"count":0,"href":"https:\/\/www.linseis.com\/es\/wp-json\/wp\/v2\/pages\/42053\/revisions"}],"wp:attachment":[{"href":"https:\/\/www.linseis.com\/es\/wp-json\/wp\/v2\/media?parent=42053"}],"curies":[{"name":"wp","href":"https:\/\/api.w.org\/{rel}","templated":true}]}}