{"id":113713,"date":"2025-08-04T11:47:37","date_gmt":"2025-08-04T09:47:37","guid":{"rendered":"https:\/\/www.linseis.com\/gracias-por-tus-comentarios\/"},"modified":"2025-12-16T13:34:22","modified_gmt":"2025-12-16T12:34:22","slug":"gracias-por-tus-comentarios","status":"publish","type":"page","link":"https:\/\/www.linseis.com\/es\/gracias-por-tus-comentarios\/","title":{"rendered":"Gracias por tus comentarios."},"content":{"rendered":"\t\t<div data-elementor-type=\"wp-page\" data-elementor-id=\"113713\" class=\"elementor elementor-113713 elementor-92474\" data-elementor-post-type=\"page\">\n\t\t\t\t<div class=\"elementor-element elementor-element-ea15552 e-flex e-con-boxed e-con e-parent\" data-id=\"ea15552\" data-element_type=\"container\" data-e-type=\"container\">\n\t\t\t\t\t<div class=\"e-con-inner\">\n\t\t<div class=\"elementor-element elementor-element-4035e9c e-con-full e-flex e-con e-child\" data-id=\"4035e9c\" data-element_type=\"container\" data-e-type=\"container\">\n\t\t\t\t<div class=\"elementor-element elementor-element-eb7636a elementor-widget elementor-widget-text-editor\" data-id=\"eb7636a\" data-element_type=\"widget\" data-e-type=\"widget\" data-widget_type=\"text-editor.default\">\n\t\t\t\t<div class=\"elementor-widget-container\">\n\t\t\t\t\t\t\t\t\t<p>Gracias por tomarte la molestia de rellenar nuestro formulario de opini\u00f3n.<br data-start=\"459\" data-end=\"462\">Tu opini\u00f3n es muy valiosa para nosotros, porque s\u00f3lo as\u00ed podremos mejorar nuestros servicios y satisfacer tus expectativas en el futuro.<\/p>\t\t\t\t\t\t\t\t<\/div>\n\t\t\t\t<\/div>\n\t\t\t\t<\/div>\n\t\t\t\t\t<\/div>\n\t\t\t\t<\/div>\n\t\t\t\t<\/div>\n\t\t","protected":false},"excerpt":{"rendered":"<p>Gracias por tomarte la molestia de rellenar nuestro formulario de opini\u00f3n.Tu opini\u00f3n es muy valiosa para nosotros, porque s\u00f3lo as\u00ed podremos mejorar nuestros servicios y satisfacer tus expectativas en el futuro.<\/p>\n","protected":false},"author":3,"featured_media":0,"parent":0,"menu_order":0,"comment_status":"closed","ping_status":"closed","template":"","meta":{"_acf_changed":false,"inline_featured_image":false,"footnotes":""},"class_list":["post-113713","page","type-page","status-publish","hentry"],"acf":[],"_links":{"self":[{"href":"https:\/\/www.linseis.com\/es\/wp-json\/wp\/v2\/pages\/113713","targetHints":{"allow":["GET"]}}],"collection":[{"href":"https:\/\/www.linseis.com\/es\/wp-json\/wp\/v2\/pages"}],"about":[{"href":"https:\/\/www.linseis.com\/es\/wp-json\/wp\/v2\/types\/page"}],"author":[{"embeddable":true,"href":"https:\/\/www.linseis.com\/es\/wp-json\/wp\/v2\/users\/3"}],"replies":[{"embeddable":true,"href":"https:\/\/www.linseis.com\/es\/wp-json\/wp\/v2\/comments?post=113713"}],"version-history":[{"count":0,"href":"https:\/\/www.linseis.com\/es\/wp-json\/wp\/v2\/pages\/113713\/revisions"}],"wp:attachment":[{"href":"https:\/\/www.linseis.com\/es\/wp-json\/wp\/v2\/media?parent=113713"}],"curies":[{"name":"wp","href":"https:\/\/api.w.org\/{rel}","templated":true}]}}