{"id":26342,"date":"2024-07-25T19:26:28","date_gmt":"2024-07-25T17:26:28","guid":{"rendered":"https:\/\/www.linseis.com\/methods-of-thermal-analysis\/3-omega-method\/"},"modified":"2024-12-11T14:07:01","modified_gmt":"2024-12-11T13:07:01","slug":"3-omega-method","status":"publish","type":"page","link":"https:\/\/www.linseis.com\/en\/methods\/3-omega-method\/","title":{"rendered":"3 Omega method"},"content":{"rendered":"\t\t<div data-elementor-type=\"wp-post\" data-elementor-id=\"26342\" class=\"elementor elementor-26342 elementor-21533\" data-elementor-post-type=\"page\">\n\t\t\t\t<div class=\"elementor-element elementor-element-a3549cf e-flex e-con-boxed e-con e-parent\" data-id=\"a3549cf\" data-element_type=\"container\" data-e-type=\"container\" data-settings=\"{&quot;background_background&quot;:&quot;classic&quot;}\">\n\t\t\t\t\t<div class=\"e-con-inner\">\n\t\t\t\t<div class=\"elementor-element elementor-element-ac41c94 elementor-widget elementor-widget-image\" data-id=\"ac41c94\" data-element_type=\"widget\" data-e-type=\"widget\" data-widget_type=\"image.default\">\n\t\t\t\t<div class=\"elementor-widget-container\">\n\t\t\t\t\t\t\t\t\t\t\t\t\t\t\t<img decoding=\"async\" src=\"https:\/\/www.linseis.com\/wp-content\/uploads\/\/linseis_scale-top-1.svg\" title=\"\" alt=\"\" loading=\"lazy\" \/>\t\t\t\t\t\t\t\t\t\t\t\t\t\t\t<\/div>\n\t\t\t\t<\/div>\n\t\t<div class=\"elementor-element elementor-element-a7b7feb e-con-full e-flex e-con e-child\" data-id=\"a7b7feb\" data-element_type=\"container\" data-e-type=\"container\">\n\t\t<div class=\"elementor-element elementor-element-6100945 e-con-full e-flex e-con e-child\" data-id=\"6100945\" data-element_type=\"container\" data-e-type=\"container\">\n\t\t\t\t<div class=\"elementor-element elementor-element-cc1182c elementor-invisible elementor-widget elementor-widget-heading\" data-id=\"cc1182c\" data-element_type=\"widget\" data-e-type=\"widget\" data-settings=\"{&quot;_animation&quot;:&quot;fadeInUp&quot;,&quot;_animation_delay&quot;:250}\" data-widget_type=\"heading.default\">\n\t\t\t\t<div class=\"elementor-widget-container\">\n\t\t\t\t\t<h1 class=\"elementor-heading-title elementor-size-default\"><b>3\u03c9 Omega method<\/b><\/h1>\t\t\t\t<\/div>\n\t\t\t\t<\/div>\n\t\t\t\t<\/div>\n\t\t<div class=\"elementor-element elementor-element-6d91a43 e-con-full e-flex e-con e-child\" data-id=\"6d91a43\" data-element_type=\"container\" data-e-type=\"container\">\n\t\t\t\t<div class=\"elementor-element elementor-element-9413374 elementor-widget elementor-widget-n-carousel\" data-id=\"9413374\" data-element_type=\"widget\" data-e-type=\"widget\" data-settings=\"{&quot;carousel_items&quot;:[{&quot;slide_title&quot;:&quot;Produkt 1&quot;,&quot;_id&quot;:&quot;d6fbcdb&quot;}],&quot;slides_to_show&quot;:&quot;1&quot;,&quot;slides_to_scroll&quot;:&quot;2&quot;,&quot;autoplay_speed&quot;:2000,&quot;slides_to_show_tablet&quot;:&quot;1&quot;,&quot;slides_to_show_mobile&quot;:&quot;1&quot;,&quot;autoplay&quot;:&quot;yes&quot;,&quot;pause_on_hover&quot;:&quot;yes&quot;,&quot;pause_on_interaction&quot;:&quot;yes&quot;,&quot;infinite&quot;:&quot;yes&quot;,&quot;speed&quot;:500,&quot;offset_sides&quot;:&quot;none&quot;,&quot;image_spacing_custom&quot;:{&quot;unit&quot;:&quot;px&quot;,&quot;size&quot;:10,&quot;sizes&quot;:[]},&quot;image_spacing_custom_tablet&quot;:{&quot;unit&quot;:&quot;px&quot;,&quot;size&quot;:&quot;&quot;,&quot;sizes&quot;:[]},&quot;image_spacing_custom_mobile&quot;:{&quot;unit&quot;:&quot;px&quot;,&quot;size&quot;:&quot;&quot;,&quot;sizes&quot;:[]}}\" data-widget_type=\"nested-carousel.default\">\n\t\t\t\t<div class=\"elementor-widget-container\">\n\t\t\t\t\t\t\t<div class=\"e-n-carousel swiper\" role=\"region\" aria-roledescription=\"carousel\" aria-label=\"Carousel\" dir=\"ltr\">\n\t\t\t<div class=\"swiper-wrapper\" aria-live=\"off\">\n\t\t\t\t\t\t\t\t\t\t<div class=\"swiper-slide\" data-slide=\"1\" role=\"group\" aria-roledescription=\"slide\" aria-label=\"1 of 1\">\n\t\t\t\t\t\t\t<div class=\"elementor-element elementor-element-44441f5 e-flex e-con-boxed e-con e-child\" data-id=\"44441f5\" data-element_type=\"container\" data-e-type=\"container\">\n\t\t\t\t\t<div class=\"e-con-inner\">\n\t\t\t\t<div class=\"elementor-element elementor-element-3fdf52d elementor-widget__width-initial elementor-invisible elementor-widget elementor-widget-image\" data-id=\"3fdf52d\" data-element_type=\"widget\" data-e-type=\"widget\" data-settings=\"{&quot;_animation&quot;:&quot;fadeInUp&quot;}\" data-widget_type=\"image.default\">\n\t\t\t\t<div class=\"elementor-widget-container\">\n\t\t\t\t\t\t\t\t\t\t\t\t\t\t\t<img fetchpriority=\"high\" decoding=\"async\" width=\"800\" height=\"800\" src=\"https:\/\/www.linseis.com\/wp-content\/uploads\/2024\/07\/Linseis-Icons_Linien-weiss_Zeichenflaeche-1-Kopie-87-1024x1024.png\" class=\"attachment-large size-large wp-image-23731\" alt=\"\" srcset=\"https:\/\/www.linseis.com\/wp-content\/uploads\/2024\/07\/Linseis-Icons_Linien-weiss_Zeichenflaeche-1-Kopie-87-1024x1024.png 1024w, https:\/\/www.linseis.com\/wp-content\/uploads\/2024\/07\/Linseis-Icons_Linien-weiss_Zeichenflaeche-1-Kopie-87-300x300.png 300w, https:\/\/www.linseis.com\/wp-content\/uploads\/2024\/07\/Linseis-Icons_Linien-weiss_Zeichenflaeche-1-Kopie-87-150x150.png 150w, https:\/\/www.linseis.com\/wp-content\/uploads\/2024\/07\/Linseis-Icons_Linien-weiss_Zeichenflaeche-1-Kopie-87-768x768.png 768w, https:\/\/www.linseis.com\/wp-content\/uploads\/2024\/07\/Linseis-Icons_Linien-weiss_Zeichenflaeche-1-Kopie-87-1536x1536.png 1536w, https:\/\/www.linseis.com\/wp-content\/uploads\/2024\/07\/Linseis-Icons_Linien-weiss_Zeichenflaeche-1-Kopie-87-2048x2048.png 2048w\" sizes=\"(max-width: 800px) 100vw, 800px\" \/>\t\t\t\t\t\t\t\t\t\t\t\t\t\t\t<\/div>\n\t\t\t\t<\/div>\n\t\t\t\t\t<\/div>\n\t\t\t\t<\/div>\n\t\t\t\t\t\t\t\t<\/div>\n\t\t\t\t\t\t\t\t<\/div>\n\t\t<\/div>\n\t\t\t\t\t\t<\/div>\n\t\t\t\t<\/div>\n\t\t\t\t<\/div>\n\t\t\t\t<\/div>\n\t\t\t\t<div class=\"elementor-element elementor-element-b4a6800 elementor-widget elementor-widget-image\" data-id=\"b4a6800\" data-element_type=\"widget\" data-e-type=\"widget\" data-widget_type=\"image.default\">\n\t\t\t\t<div class=\"elementor-widget-container\">\n\t\t\t\t\t\t\t\t\t\t\t\t\t\t\t<img decoding=\"async\" src=\"https:\/\/www.linseis.com\/wp-content\/uploads\/\/linseis_scale-bottom-1.svg\" title=\"\" alt=\"\" loading=\"lazy\" \/>\t\t\t\t\t\t\t\t\t\t\t\t\t\t\t<\/div>\n\t\t\t\t<\/div>\n\t\t\t\t\t<\/div>\n\t\t\t\t<\/div>\n\t\t<div class=\"elementor-element elementor-element-7c8d6cc e-flex e-con-boxed e-con e-parent\" data-id=\"7c8d6cc\" data-element_type=\"container\" data-e-type=\"container\" data-settings=\"{&quot;background_background&quot;:&quot;classic&quot;}\">\n\t\t\t\t\t<div class=\"e-con-inner\">\n\t\t\t\t\t<\/div>\n\t\t\t\t<\/div>\n\t\t<div class=\"elementor-element elementor-element-d7b7522 e-flex e-con-boxed e-con e-parent\" data-id=\"d7b7522\" data-element_type=\"container\" data-e-type=\"container\" data-settings=\"{&quot;background_background&quot;:&quot;classic&quot;}\">\n\t\t\t\t\t<div class=\"e-con-inner\">\n\t\t<div class=\"elementor-element elementor-element-449b6fd e-con-full e-flex e-con e-child\" data-id=\"449b6fd\" data-element_type=\"container\" data-e-type=\"container\">\n\t\t\t\t<div class=\"elementor-element elementor-element-031217d elementor-invisible elementor-widget elementor-widget-wp-widget-bcn_widget\" data-id=\"031217d\" data-element_type=\"widget\" data-e-type=\"widget\" data-settings=\"{&quot;_animation&quot;:&quot;fadeInUp&quot;}\" data-widget_type=\"wp-widget-bcn_widget.default\">\n\t\t\t\t<div class=\"elementor-widget-container\">\n\t\t\t\t\t<div class=\"breadcrumbs\" vocab=\"https:\/\/schema.org\/\" typeof=\"BreadcrumbList\"><span property=\"itemListElement\" typeof=\"ListItem\"><a property=\"item\" typeof=\"WebPage\" title=\"Go to Linseis.\" href=\"https:\/\/www.linseis.com\/en\/\" class=\"home\" aria-current=\"page\"><span property=\"name\">Linseis<\/span><\/a><meta property=\"position\" content=\"1\"><\/span><\/div>\t\t\t\t<\/div>\n\t\t\t\t<\/div>\n\t\t\t\t<\/div>\n\t\t\t\t\t<\/div>\n\t\t\t\t<\/div>\n\t\t<div class=\"elementor-element elementor-element-ed98f58 e-flex e-con-boxed e-con e-parent\" data-id=\"ed98f58\" data-element_type=\"container\" data-e-type=\"container\" data-settings=\"{&quot;background_background&quot;:&quot;classic&quot;}\">\n\t\t\t\t\t<div class=\"e-con-inner\">\n\t\t<div class=\"elementor-element elementor-element-bbc47b3 e-con-full e-flex e-con e-child\" data-id=\"bbc47b3\" data-element_type=\"container\" data-e-type=\"container\">\n\t\t\t\t<div class=\"elementor-element elementor-element-71a1ec4 elementor-invisible elementor-widget elementor-widget-text-editor\" data-id=\"71a1ec4\" data-element_type=\"widget\" data-e-type=\"widget\" data-settings=\"{&quot;_animation&quot;:&quot;fadeInUp&quot;,&quot;_animation_delay&quot;:500}\" data-widget_type=\"text-editor.default\">\n\t\t\t\t<div class=\"elementor-widget-container\">\n\t\t\t\t\t\t\t\t\t<h2>3\u03c9 measurement technique &#8211; an approach to measuring thermal conductivity<\/h2>\t\t\t\t\t\t\t\t<\/div>\n\t\t\t\t<\/div>\n\t\t\t\t<div class=\"elementor-element elementor-element-32d9053 elementor-widget elementor-widget-text-editor\" data-id=\"32d9053\" data-element_type=\"widget\" data-e-type=\"widget\" data-widget_type=\"text-editor.default\">\n\t\t\t\t<div class=\"elementor-widget-container\">\n\t\t\t\t\t\t\t\t\t<p>A widely implemented approach for measuring the thermal conductivity is the 3\u03c9 method. Although initially developed for measuring the thermal conductivity of bulk materials, the method was later extended to the <strong>thermal characterization of thin films<\/strong> down to few nm thick.<\/p><p>Moreover, the 3\u03c9 technique was then adapted for measurement of the in-plane and cross-plane thermal conductivity of anisotropic films and freestanding membranes. This technique is currently one of the most popular methods for<a href=\"https:\/\/www.linseis.com\/en\/products\/electrical-property\/thin-film-thin-film-analysis\/\"><strong> thin-film thermal conductivity characterization<\/strong><\/a>.<\/p><p>\u00a0<\/p><p style=\"text-align: left;\"><img decoding=\"async\" class=\"wp-image-21558 size-full\" src=\"https:\/\/www.linseis.com\/wp-content\/uploads\/2024\/07\/Experimental-setup-incl.-metal-line-for-heatingsensing-for-the-3-Omega-technique-1024x392-1.png\" alt=\"Experimenteller Aufbau (inkl. linienf\u00f6rmigen Metallstreifen f\u00fcr Heizung\/Temperaturmessung) f\u00fcr die 3-Omega-Technik\" width=\"1024\" height=\"392\" srcset=\"https:\/\/www.linseis.com\/wp-content\/uploads\/2024\/07\/Experimental-setup-incl.-metal-line-for-heatingsensing-for-the-3-Omega-technique-1024x392-1.png 1024w, https:\/\/www.linseis.com\/wp-content\/uploads\/2024\/07\/Experimental-setup-incl.-metal-line-for-heatingsensing-for-the-3-Omega-technique-1024x392-1-300x115.png 300w, https:\/\/www.linseis.com\/wp-content\/uploads\/2024\/07\/Experimental-setup-incl.-metal-line-for-heatingsensing-for-the-3-Omega-technique-1024x392-1-768x294.png 768w\" sizes=\"(max-width: 1024px) 100vw, 1024px\" \/> Experimental setup (incl. metal line for heating\/sensing) for the 3 Omega technique<\/p>\t\t\t\t\t\t\t\t<\/div>\n\t\t\t\t<\/div>\n\t\t\t\t<\/div>\n\t\t\t\t\t<\/div>\n\t\t\t\t<\/div>\n\t\t<div class=\"elementor-element elementor-element-8801439 e-flex e-con-boxed e-con e-parent\" data-id=\"8801439\" data-element_type=\"container\" data-e-type=\"container\" data-settings=\"{&quot;background_background&quot;:&quot;classic&quot;}\">\n\t\t\t\t\t<div class=\"e-con-inner\">\n\t\t<div class=\"elementor-element elementor-element-4fda86f e-con-full e-flex e-con e-child\" data-id=\"4fda86f\" data-element_type=\"container\" data-e-type=\"container\">\n\t\t\t\t<div class=\"elementor-element elementor-element-fe6d621 elementor-widget elementor-widget-text-editor\" data-id=\"fe6d621\" data-element_type=\"widget\" data-e-type=\"widget\" data-widget_type=\"text-editor.default\">\n\t\t\t\t<div class=\"elementor-widget-container\">\n\t\t\t\t\t\t\t\t\t<p>In the 3\u03c9 method a thin metallic strip, which is in thermal contact with the sample, acts as both a heater and a temperature sensor. For the measurement an AC current,<br \/><img decoding=\"async\" class=\"alignnone size-full wp-image-21568\" src=\"https:\/\/www.linseis.com\/wp-content\/uploads\/2024\/07\/ac-current-300x74-1.png\" alt=\"ac current\" width=\"300\" height=\"74\" \/><\/p><p>with angular modulation frequency \u00a0and amplitude \u00a0passing through the strip, generates a heating source with power<\/p><p><img loading=\"lazy\" decoding=\"async\" class=\"alignnone size-full wp-image-21576\" src=\"https:\/\/www.linseis.com\/wp-content\/uploads\/2024\/07\/heating-source-power-300x67-1.png\" alt=\"heating source\" width=\"300\" height=\"67\" \/><\/p><p>where R<sub>h<\/sub>\u00a0is the resistance of the strip under the experimental conditions, and causes a rise in temperature in the form of<\/p><p><img loading=\"lazy\" decoding=\"async\" class=\"alignnone size-full wp-image-21583\" src=\"https:\/\/www.linseis.com\/wp-content\/uploads\/2024\/07\/temperature-Rh-300x71-1.png\" alt=\"temperature RH\" width=\"300\" height=\"71\" \/><\/p><p>and consequentially an oscillation in the resistance of the stripe<\/p><p><img loading=\"lazy\" decoding=\"async\" class=\"alignnone size-full wp-image-21590\" src=\"https:\/\/www.linseis.com\/wp-content\/uploads\/2024\/07\/Rh-300x65-1.png\" alt=\"Rh\" width=\"300\" height=\"65\" \/><\/p><p>at the angular frequency 2\u03c9, \u00a0with \u00a0is the temperature coefficient of resistance of the metal strip.<\/p>\t\t\t\t\t\t\t\t<\/div>\n\t\t\t\t<\/div>\n\t\t\t\t<div class=\"elementor-element elementor-element-34d74a1 elementor-widget elementor-widget-text-editor\" data-id=\"34d74a1\" data-element_type=\"widget\" data-e-type=\"widget\" data-widget_type=\"text-editor.default\">\n\t\t\t\t<div class=\"elementor-widget-container\">\n\t\t\t\t\t\t\t\t\t<p>With regard to the frequency, the phase shift depends on both, the geometry of the heater and the underlying materials.<\/p>\n<p>By measuring the voltage drop across the heater, according to Ohm\u2019s law, one gets an amplitude modulated signal which has a small component at the third harmonic 3\u03c9, which can be extracted with a lock-in amplifier.<\/p>\n<p>For the calculation of the sample\u2019s<strong> thermal conductivity<\/strong> as well as <strong>specific heat capacity<\/strong>, the corresponding heat diffusion equation needs to be solved, which depends on the experimental setup.<\/p>\n\t\t\t\t\t\t\t\t<\/div>\n\t\t\t\t<\/div>\n\t\t<div class=\"elementor-element elementor-element-a0a9aac e-con-full e-flex e-con e-child\" data-id=\"a0a9aac\" data-element_type=\"container\" data-e-type=\"container\">\n\t\t\t\t<div class=\"elementor-element elementor-element-53ea4ef elementor-widget elementor-widget-text-editor\" data-id=\"53ea4ef\" data-element_type=\"widget\" data-e-type=\"widget\" data-widget_type=\"text-editor.default\">\n\t\t\t\t<div class=\"elementor-widget-container\">\n\t\t\t\t\t\t\t\t\t<h2>Differential 3 Omega approach with two measurements<\/h2>\n\t\t\t\t\t\t\t\t<\/div>\n\t\t\t\t<\/div>\n\t\t\t\t<div class=\"elementor-element elementor-element-d38f832 elementor-widget elementor-widget-text-editor\" data-id=\"d38f832\" data-element_type=\"widget\" data-e-type=\"widget\" data-widget_type=\"text-editor.default\">\n\t\t\t\t<div class=\"elementor-widget-container\">\n\t\t\t\t\t\t\t\t\t<p>A typical cross-plane thermal conductivity approach with a thin film on a bulk substrate is the differential approach with two measurements:<\/p>\n<p>The first one on the blank substrate only, and the second one includes the layer of interest.<\/p>\n<p>The layer acts as a thermal resistor connected in series between the heater and the substrate and ensures an increase in the temperature oscillations, in comparison to the measurement without the thin film.<\/p>\n<p>From this increase, the thermal conductivity of the can be determined using Fourier\u2019s law:<\/p>\n<p><img loading=\"lazy\" decoding=\"async\" class=\"alignnone size-full wp-image-21603\" src=\"https:\/\/www.linseis.com\/wp-content\/uploads\/2024\/07\/thermal-conductivity-fouriers-law.png\" alt=\"Fouriers Law Formel\" width=\"283\" height=\"97\" \/><\/p>\n<p>with w and l are the with and length of the heater.<\/p>\n\t\t\t\t\t\t\t\t<\/div>\n\t\t\t\t<\/div>\n\t\t\t\t<div class=\"elementor-element elementor-element-580942e elementor-widget elementor-widget-image\" data-id=\"580942e\" data-element_type=\"widget\" data-e-type=\"widget\" data-widget_type=\"image.default\">\n\t\t\t\t<div class=\"elementor-widget-container\">\n\t\t\t\t\t\t\t\t\t\t\t\t<figure class=\"wp-caption\">\n\t\t\t\t\t\t\t\t\t\t<img loading=\"lazy\" decoding=\"async\" width=\"800\" height=\"932\" src=\"https:\/\/www.linseis.com\/wp-content\/uploads\/2024\/07\/DX7MTLA.png\" class=\"attachment-large size-large wp-image-21615\" alt=\"Differentieller 3-Omega-Ansatz f\u00fcr die Messung der W\u00e4rmeleitf\u00e4higkeit von D\u00fcnnschichten \u00fcber die gesamte Ebene\" srcset=\"https:\/\/www.linseis.com\/wp-content\/uploads\/2024\/07\/DX7MTLA.png 879w, https:\/\/www.linseis.com\/wp-content\/uploads\/2024\/07\/DX7MTLA-258x300.png 258w, https:\/\/www.linseis.com\/wp-content\/uploads\/2024\/07\/DX7MTLA-768x895.png 768w\" sizes=\"(max-width: 800px) 100vw, 800px\" \/>\t\t\t\t\t\t\t\t\t\t\t<figcaption class=\"widget-image-caption wp-caption-text\">Differential 3 Omega approach for cross plane thin film thermal conductivity measurements<\/figcaption>\n\t\t\t\t\t\t\t\t\t\t<\/figure>\n\t\t\t\t\t\t\t\t\t<\/div>\n\t\t\t\t<\/div>\n\t\t\t\t<\/div>\n\t\t<div class=\"elementor-element elementor-element-cdefdb7 e-con-full e-flex e-con e-child\" data-id=\"cdefdb7\" data-element_type=\"container\" data-e-type=\"container\">\n\t\t\t\t<div class=\"elementor-element elementor-element-dca24fd elementor-widget elementor-widget-text-editor\" data-id=\"dca24fd\" data-element_type=\"widget\" data-e-type=\"widget\" data-widget_type=\"text-editor.default\">\n\t\t\t\t<div class=\"elementor-widget-container\">\n\t\t\t\t\t\t\t\t\t<h2>Thermal conductivity in the plane using 3w measurement technology<\/h2>\n\t\t\t\t\t\t\t\t<\/div>\n\t\t\t\t<\/div>\n\t\t\t\t<div class=\"elementor-element elementor-element-d37c58e elementor-widget elementor-widget-text-editor\" data-id=\"d37c58e\" data-element_type=\"widget\" data-e-type=\"widget\" data-widget_type=\"text-editor.default\">\n\t\t\t\t<div class=\"elementor-widget-container\">\n\t\t\t\t\t\t\t\t\t<p>Another experimental setup to determine the in-plane thermal conductivity as well as specific heat capacity, is a heater aligned to the middle of a membrane or suspended substrate, respectively. In this case, the thermal behavior of the suspended part can be evaluated using the following correlation:<\/p>\n<p><img loading=\"lazy\" decoding=\"async\" class=\"alignnone size-full wp-image-21623\" src=\"https:\/\/www.linseis.com\/wp-content\/uploads\/2024\/07\/correlation-thermal-behaviour-three-omega.png\" alt=\"correlation-thermal-behaviour-three-omega\" width=\"595\" height=\"209\" srcset=\"https:\/\/www.linseis.com\/wp-content\/uploads\/2024\/07\/correlation-thermal-behaviour-three-omega.png 595w, https:\/\/www.linseis.com\/wp-content\/uploads\/2024\/07\/correlation-thermal-behaviour-three-omega-300x105.png 300w\" sizes=\"(max-width: 595px) 100vw, 595px\" \/><\/p>\n\t\t\t\t\t\t\t\t<\/div>\n\t\t\t\t<\/div>\n\t\t\t\t<div class=\"elementor-element elementor-element-69f7499 elementor-invisible elementor-widget elementor-widget-text-editor\" data-id=\"69f7499\" data-element_type=\"widget\" data-e-type=\"widget\" data-settings=\"{&quot;_animation&quot;:&quot;fadeInUp&quot;,&quot;_animation_delay&quot;:500}\" data-widget_type=\"text-editor.default\">\n\t\t\t\t<div class=\"elementor-widget-container\">\n\t\t\t\t\t\t\t\t\t<p>With G=2\u03bbdlb^(-1), is the thermal time constant, b the width and l the length of the membrane and D is the thermal diffusivity.<\/p>\n<p><img loading=\"lazy\" decoding=\"async\" class=\"size-full wp-image-21638\" src=\"https:\/\/www.linseis.com\/wp-content\/uploads\/2024\/07\/IV30I48.png\" alt=\"Integrierter Mess-Chip f\u00fcr W\u00e4rmeleitf\u00e4higkeitsmessungen in der Ebene an d\u00fcnnen Schichten nach der 3-Omega-Methode\" width=\"1272\" height=\"545\" srcset=\"https:\/\/www.linseis.com\/wp-content\/uploads\/2024\/07\/IV30I48.png 1272w, https:\/\/www.linseis.com\/wp-content\/uploads\/2024\/07\/IV30I48-300x129.png 300w, https:\/\/www.linseis.com\/wp-content\/uploads\/2024\/07\/IV30I48-1024x439.png 1024w, https:\/\/www.linseis.com\/wp-content\/uploads\/2024\/07\/IV30I48-768x329.png 768w\" sizes=\"(max-width: 1272px) 100vw, 1272px\" \/> Integrated measurement Chip for in-plane thermal conductivity measurements on thin films using the 3 Omega method<\/p>\n\t\t\t\t\t\t\t\t<\/div>\n\t\t\t\t<\/div>\n\t\t\t\t<\/div>\n\t\t<div class=\"elementor-element elementor-element-5a584c2 e-con-full e-flex e-con e-child\" data-id=\"5a584c2\" data-element_type=\"container\" data-e-type=\"container\">\n\t\t\t\t<div class=\"elementor-element elementor-element-2111823 elementor-widget elementor-widget-text-editor\" data-id=\"2111823\" data-element_type=\"widget\" data-e-type=\"widget\" data-widget_type=\"text-editor.default\">\n\t\t\t\t<div class=\"elementor-widget-container\">\n\t\t\t\t\t\t\t\t\t<h2>Which properties will be determined?<\/h2>\n\t\t\t\t\t\t\t\t<\/div>\n\t\t\t\t<\/div>\n\t\t\t\t<div class=\"elementor-element elementor-element-ef9903f elementor-widget elementor-widget-text-editor\" data-id=\"ef9903f\" data-element_type=\"widget\" data-e-type=\"widget\" data-widget_type=\"text-editor.default\">\n\t\t\t\t<div class=\"elementor-widget-container\">\n\t\t\t\t\t\t\t\t\t<p>The 3\u03c9 measurement technique is an electrothermal measurement technique for determining the <a href=\"https:\/\/www.linseis.com\/en\/products\/thermal-conductivity\/\"><strong>thermal conductivity<\/strong><\/a>, <a href=\"https:\/\/www.linseis.com\/en\/properties\/thermal-diffusivity\/\"><strong>thermal diffusivity<\/strong><\/a> and<a href=\"https:\/\/www.linseis.com\/en\/properties\/specific-heat-capacity\/\"><strong> specific heat capacity<\/strong><\/a> of bulk material (i.e. solid or liquid) and thin layers using an alternating current driven metal strip as heater.<\/p><p>The metal heater applied to the sample is heated periodically. The temperature oscillations thus produced are then measured. The thermal conductivity and thermal diffusivity of the sample can be determined from their frequency dependence.<\/p>\t\t\t\t\t\t\t\t<\/div>\n\t\t\t\t<\/div>\n\t\t\t\t<\/div>\n\t\t\t\t<\/div>\n\t\t\t\t\t<\/div>\n\t\t\t\t<\/div>\n\t\t\t\t<\/div>\n\t\t","protected":false},"excerpt":{"rendered":"<p>3\u03c9 Omega method 3\u03c9 measurement technique &#8211; an approach to measuring thermal conductivity A widely implemented approach for measuring the thermal conductivity is the 3\u03c9 method. Although initially developed for measuring the thermal conductivity of bulk materials, the method was later extended to the thermal characterization of thin films down to few nm thick. Moreover, [&hellip;]<\/p>\n","protected":false},"author":5,"featured_media":0,"parent":26322,"menu_order":0,"comment_status":"closed","ping_status":"closed","template":"","meta":{"_acf_changed":false,"inline_featured_image":false,"footnotes":""},"class_list":["post-26342","page","type-page","status-publish","hentry"],"acf":[],"_links":{"self":[{"href":"https:\/\/www.linseis.com\/en\/wp-json\/wp\/v2\/pages\/26342","targetHints":{"allow":["GET"]}}],"collection":[{"href":"https:\/\/www.linseis.com\/en\/wp-json\/wp\/v2\/pages"}],"about":[{"href":"https:\/\/www.linseis.com\/en\/wp-json\/wp\/v2\/types\/page"}],"author":[{"embeddable":true,"href":"https:\/\/www.linseis.com\/en\/wp-json\/wp\/v2\/users\/5"}],"replies":[{"embeddable":true,"href":"https:\/\/www.linseis.com\/en\/wp-json\/wp\/v2\/comments?post=26342"}],"version-history":[{"count":0,"href":"https:\/\/www.linseis.com\/en\/wp-json\/wp\/v2\/pages\/26342\/revisions"}],"up":[{"embeddable":true,"href":"https:\/\/www.linseis.com\/en\/wp-json\/wp\/v2\/pages\/26322"}],"wp:attachment":[{"href":"https:\/\/www.linseis.com\/en\/wp-json\/wp\/v2\/media?parent=26342"}],"curies":[{"name":"wp","href":"https:\/\/api.w.org\/{rel}","templated":true}]}}