{"id":104996,"date":"2024-07-23T20:00:17","date_gmt":"2024-07-23T18:00:17","guid":{"rendered":"https:\/\/www.linseis.com\/%d8%a7%d9%84%d9%85%d8%aa%d8%ba%d9%8a%d8%b1%d8%a7%d8%aa-%d8%a7%d9%84%d9%85%d9%82%d8%a7%d8%b3%d8%a9\/%d8%a7%d9%84%d8%aa%d9%88%d8%b5%d9%8a%d9%84-%d8%a7%d9%84%d9%83%d9%87%d8%b1%d8%a8%d8%a7%d8%a6%d9%8a\/"},"modified":"2026-01-26T14:53:20","modified_gmt":"2026-01-26T13:53:20","slug":"%d8%a7%d9%84%d8%aa%d9%88%d8%b5%d9%8a%d9%84-%d8%a7%d9%84%d9%83%d9%87%d8%b1%d8%a8%d8%a7%d8%a6%d9%8a","status":"publish","type":"page","link":"https:\/\/www.linseis.com\/ar\/%d8%a7%d9%84%d9%85%d8%aa%d8%ba%d9%8a%d8%b1%d8%a7%d8%aa-%d8%a7%d9%84%d9%85%d9%82%d8%a7%d8%b3%d8%a9\/%d8%a7%d9%84%d8%aa%d9%88%d8%b5%d9%8a%d9%84-%d8%a7%d9%84%d9%83%d9%87%d8%b1%d8%a8%d8%a7%d8%a6%d9%8a\/","title":{"rendered":"\u0627\u0644\u062a\u0648\u0635\u064a\u0644 \u0627\u0644\u0643\u0647\u0631\u0628\u0627\u0626\u064a"},"content":{"rendered":"\t\t<div data-elementor-type=\"wp-post\" data-elementor-id=\"104996\" class=\"elementor elementor-104996 elementor-18759\" data-elementor-post-type=\"page\">\n\t\t\t\t<div class=\"elementor-element elementor-element-a3549cf e-flex e-con-boxed e-con e-parent\" data-id=\"a3549cf\" data-element_type=\"container\" data-e-type=\"container\" data-settings=\"{&quot;background_background&quot;:&quot;classic&quot;}\">\n\t\t\t\t\t<div class=\"e-con-inner\">\n\t\t\t\t<div class=\"elementor-element elementor-element-ac41c94 elementor-widget elementor-widget-image\" data-id=\"ac41c94\" data-element_type=\"widget\" data-e-type=\"widget\" data-widget_type=\"image.default\">\n\t\t\t\t<div class=\"elementor-widget-container\">\n\t\t\t\t\t\t\t\t\t\t\t\t\t\t\t<img decoding=\"async\" src=\"https:\/\/www.linseis.com\/wp-content\/uploads\/\/linseis_scale-top-1.svg\" title=\"\" alt=\"\" loading=\"lazy\" \/>\t\t\t\t\t\t\t\t\t\t\t\t\t\t\t<\/div>\n\t\t\t\t<\/div>\n\t\t<div class=\"elementor-element elementor-element-a7b7feb e-con-full e-flex e-con e-child\" data-id=\"a7b7feb\" data-element_type=\"container\" data-e-type=\"container\">\n\t\t<div class=\"elementor-element elementor-element-6100945 e-con-full e-flex e-con e-child\" data-id=\"6100945\" data-element_type=\"container\" data-e-type=\"container\">\n\t\t\t\t<div class=\"elementor-element elementor-element-cc1182c elementor-invisible elementor-widget elementor-widget-heading\" data-id=\"cc1182c\" data-element_type=\"widget\" data-e-type=\"widget\" data-settings=\"{&quot;_animation&quot;:&quot;fadeInUp&quot;,&quot;_animation_delay&quot;:250}\" data-widget_type=\"heading.default\">\n\t\t\t\t<div class=\"elementor-widget-container\">\n\t\t\t\t\t<h1 class=\"elementor-heading-title elementor-size-default\"><b>\n\u0627\u0644\u062a\u0648\u0635\u064a\u0644 \u0627\u0644\u0643\u0647\u0631\u0628\u0627\u0626\u064a\n<\/b><\/h1>\t\t\t\t<\/div>\n\t\t\t\t<\/div>\n\t\t\t\t<\/div>\n\t\t<div class=\"elementor-element elementor-element-6d91a43 e-con-full e-flex e-con e-child\" data-id=\"6d91a43\" data-element_type=\"container\" data-e-type=\"container\">\n\t\t\t\t<div class=\"elementor-element elementor-element-9413374 elementor-widget elementor-widget-n-carousel\" data-id=\"9413374\" data-element_type=\"widget\" data-e-type=\"widget\" data-settings=\"{&quot;carousel_items&quot;:[{&quot;slide_title&quot;:&quot;Produkt 1&quot;,&quot;_id&quot;:&quot;d6fbcdb&quot;}],&quot;slides_to_show&quot;:&quot;1&quot;,&quot;slides_to_scroll&quot;:&quot;2&quot;,&quot;autoplay_speed&quot;:2000,&quot;slides_to_show_tablet&quot;:&quot;1&quot;,&quot;slides_to_show_mobile&quot;:&quot;1&quot;,&quot;autoplay&quot;:&quot;yes&quot;,&quot;pause_on_hover&quot;:&quot;yes&quot;,&quot;pause_on_interaction&quot;:&quot;yes&quot;,&quot;infinite&quot;:&quot;yes&quot;,&quot;speed&quot;:500,&quot;offset_sides&quot;:&quot;none&quot;,&quot;image_spacing_custom&quot;:{&quot;unit&quot;:&quot;px&quot;,&quot;size&quot;:10,&quot;sizes&quot;:[]},&quot;image_spacing_custom_tablet&quot;:{&quot;unit&quot;:&quot;px&quot;,&quot;size&quot;:&quot;&quot;,&quot;sizes&quot;:[]},&quot;image_spacing_custom_mobile&quot;:{&quot;unit&quot;:&quot;px&quot;,&quot;size&quot;:&quot;&quot;,&quot;sizes&quot;:[]}}\" data-widget_type=\"nested-carousel.default\">\n\t\t\t\t<div class=\"elementor-widget-container\">\n\t\t\t\t\t\t\t<div class=\"e-n-carousel swiper\" role=\"region\" aria-roledescription=\"carousel\" aria-label=\"Karussell\" dir=\"rtl\">\n\t\t\t<div class=\"swiper-wrapper\" aria-live=\"off\">\n\t\t\t\t\t\t\t\t\t\t<div class=\"swiper-slide\" data-slide=\"1\" role=\"group\" aria-roledescription=\"slide\" aria-label=\"1 of 1\">\n\t\t\t\t\t\t\t<div class=\"elementor-element elementor-element-44441f5 e-flex e-con-boxed e-con e-child\" data-id=\"44441f5\" data-element_type=\"container\" data-e-type=\"container\">\n\t\t\t\t\t<div class=\"e-con-inner\">\n\t\t<div class=\"elementor-element elementor-element-7f9e1eb e-con-full e-flex e-con e-child\" data-id=\"7f9e1eb\" data-element_type=\"container\" data-e-type=\"container\">\n\t\t\t\t<div class=\"elementor-element elementor-element-bd49001 elementor-widget__width-initial elementor-invisible elementor-widget elementor-widget-image\" data-id=\"bd49001\" data-element_type=\"widget\" data-e-type=\"widget\" data-settings=\"{&quot;_animation&quot;:&quot;fadeInUp&quot;}\" data-widget_type=\"image.default\">\n\t\t\t\t<div class=\"elementor-widget-container\">\n\t\t\t\t\t\t\t\t\t\t\t\t\t\t\t<img fetchpriority=\"high\" decoding=\"async\" width=\"800\" height=\"800\" src=\"https:\/\/www.linseis.com\/wp-content\/uploads\/2024\/07\/Linseis-Icons_Linien-weiss_Zeichenflaeche-1-Kopie-89-1024x1024.png\" class=\"attachment-large size-large wp-image-36453\" alt=\"\" srcset=\"https:\/\/www.linseis.com\/wp-content\/uploads\/2024\/07\/Linseis-Icons_Linien-weiss_Zeichenflaeche-1-Kopie-89-1024x1024.png 1024w, https:\/\/www.linseis.com\/wp-content\/uploads\/2024\/07\/Linseis-Icons_Linien-weiss_Zeichenflaeche-1-Kopie-89-300x300.png 300w, https:\/\/www.linseis.com\/wp-content\/uploads\/2024\/07\/Linseis-Icons_Linien-weiss_Zeichenflaeche-1-Kopie-89-150x150.png 150w, https:\/\/www.linseis.com\/wp-content\/uploads\/2024\/07\/Linseis-Icons_Linien-weiss_Zeichenflaeche-1-Kopie-89-768x768.png 768w, https:\/\/www.linseis.com\/wp-content\/uploads\/2024\/07\/Linseis-Icons_Linien-weiss_Zeichenflaeche-1-Kopie-89-1536x1536.png 1536w, https:\/\/www.linseis.com\/wp-content\/uploads\/2024\/07\/Linseis-Icons_Linien-weiss_Zeichenflaeche-1-Kopie-89-2048x2048.png 2048w\" sizes=\"(max-width: 800px) 100vw, 800px\" \/>\t\t\t\t\t\t\t\t\t\t\t\t\t\t\t<\/div>\n\t\t\t\t<\/div>\n\t\t\t\t<\/div>\n\t\t\t\t\t<\/div>\n\t\t\t\t<\/div>\n\t\t\t\t\t\t\t\t<\/div>\n\t\t\t\t\t\t\t\t<\/div>\n\t\t<\/div>\n\t\t\t\t\t\t<\/div>\n\t\t\t\t<\/div>\n\t\t\t\t<\/div>\n\t\t\t\t<\/div>\n\t\t\t\t<div class=\"elementor-element elementor-element-b4a6800 elementor-widget elementor-widget-image\" data-id=\"b4a6800\" data-element_type=\"widget\" data-e-type=\"widget\" data-widget_type=\"image.default\">\n\t\t\t\t<div class=\"elementor-widget-container\">\n\t\t\t\t\t\t\t\t\t\t\t\t\t\t\t<img decoding=\"async\" src=\"https:\/\/www.linseis.com\/wp-content\/uploads\/\/linseis_scale-bottom-1.svg\" title=\"\" alt=\"\" loading=\"lazy\" \/>\t\t\t\t\t\t\t\t\t\t\t\t\t\t\t<\/div>\n\t\t\t\t<\/div>\n\t\t\t\t\t<\/div>\n\t\t\t\t<\/div>\n\t\t<div class=\"elementor-element elementor-element-7c8d6cc e-flex e-con-boxed e-con e-parent\" data-id=\"7c8d6cc\" data-element_type=\"container\" data-e-type=\"container\" data-settings=\"{&quot;background_background&quot;:&quot;classic&quot;}\">\n\t\t\t\t\t<div class=\"e-con-inner\">\n\t\t\t\t\t<\/div>\n\t\t\t\t<\/div>\n\t\t<div class=\"elementor-element elementor-element-d7b7522 e-flex e-con-boxed e-con e-parent\" data-id=\"d7b7522\" data-element_type=\"container\" data-e-type=\"container\" data-settings=\"{&quot;background_background&quot;:&quot;classic&quot;}\">\n\t\t\t\t\t<div class=\"e-con-inner\">\n\t\t<div class=\"elementor-element elementor-element-449b6fd e-con-full e-flex e-con e-child\" data-id=\"449b6fd\" data-element_type=\"container\" data-e-type=\"container\">\n\t\t\t\t<div class=\"elementor-element elementor-element-031217d elementor-invisible elementor-widget elementor-widget-wp-widget-bcn_widget\" data-id=\"031217d\" data-element_type=\"widget\" data-e-type=\"widget\" data-settings=\"{&quot;_animation&quot;:&quot;fadeInUp&quot;}\" data-widget_type=\"wp-widget-bcn_widget.default\">\n\t\t\t\t<div class=\"elementor-widget-container\">\n\t\t\t\t\t<div class=\"breadcrumbs\" vocab=\"https:\/\/schema.org\/\" typeof=\"BreadcrumbList\"><span property=\"itemListElement\" typeof=\"ListItem\"><a property=\"item\" typeof=\"WebPage\" title=\"Go to Linseis.\" href=\"https:\/\/www.linseis.com\/ar\/\" class=\"home\" aria-current=\"page\"><span property=\"name\">Linseis<\/span><\/a><meta property=\"position\" content=\"1\"><\/span><\/div>\t\t\t\t<\/div>\n\t\t\t\t<\/div>\n\t\t\t\t<\/div>\n\t\t\t\t\t<\/div>\n\t\t\t\t<\/div>\n\t\t<div class=\"elementor-element elementor-element-ed98f58 e-flex e-con-boxed e-con e-parent\" data-id=\"ed98f58\" data-element_type=\"container\" data-e-type=\"container\" data-settings=\"{&quot;background_background&quot;:&quot;classic&quot;}\">\n\t\t\t\t\t<div class=\"e-con-inner\">\n\t\t<div class=\"elementor-element elementor-element-bbc47b3 e-con-full e-flex e-con e-child\" data-id=\"bbc47b3\" data-element_type=\"container\" data-e-type=\"container\">\n\t\t\t\t<div class=\"elementor-element elementor-element-71a1ec4 elementor-invisible elementor-widget elementor-widget-text-editor\" data-id=\"71a1ec4\" data-element_type=\"widget\" data-e-type=\"widget\" data-settings=\"{&quot;_animation&quot;:&quot;fadeInUp&quot;,&quot;_animation_delay&quot;:500}\" data-widget_type=\"text-editor.default\">\n\t\t\t\t<div class=\"elementor-widget-container\">\n\t\t\t\t\t\t\t\t\t<h2>\u0627\u0644\u0645\u0648\u0635\u0644\u064a\u0629 \u0627\u0644\u0643\u0647\u0631\u0628\u0627\u0626\u064a\u0629 &#8211; \u0645\u0642\u064a\u0627\u0633 \u062d\u0631\u0627\u0631\u064a \u0641\u064a\u0632\u064a\u0627\u0626\u064a<\/h2><p>\u0627\u0644\u062a\u0648\u0635\u064a\u0644\u064a\u0629 \u0627\u0644\u0643\u0647\u0631\u0628\u064a\u0629 \u0647\u064a \u0643\u0645\u064a\u0629 \u0641\u064a\u0632\u064a\u0627\u0626\u064a\u0629 \u062a\u0635\u0641 \u0645\u062f\u0649 \u062a\u0648\u0635\u064a\u0644 \u0627\u0644\u0645\u0627\u062f\u0629 \u0644\u0644\u062a\u064a\u0627\u0631 \u0627\u0644\u0643\u0647\u0631\u0628\u064a. \u0648\u0647\u064a \u062a\u062d\u062f\u062f \u0645\u0627 \u0625\u0630\u0627 \u0643\u0627\u0646 \u064a\u0645\u0643\u0646 \u0627\u0633\u062a\u062e\u062f\u0627\u0645 \u0645\u0627\u062f\u0629 \u0645\u0627 \u0643\u0645\u0627\u062f\u0629 <a href=\"https:\/\/www.linseis.com\/applikationen\/baustoffe\/\">\n  <strong>\u0643\u0639\u0627\u0632\u0644 <\/strong>\n<\/a>\u0623\u0648 \u0643\u0639\u0627\u0632\u0644 <strong>\n  <a href=\"https:\/\/www.linseis.com\/applikationen\/halbleiter-elektro\/\">\u0645\u0648\u0635\u0644 \u0643\u0647\u0631\u0628\u0627\u0626\u064a<\/a>\n<\/strong> \u0645\u0646\u0627\u0633\u0628\u0629. \u0648\u064a\u0633\u062a\u062e\u062f\u0645 \u0623\u064a\u0636\u0627\u064b \u0644\u062a\u062d\u062f\u064a\u062f \u0627\u0644\u0645\u0648\u0627\u062f.  <\/p>\t\t\t\t\t\t\t\t<\/div>\n\t\t\t\t<\/div>\n\t\t\t\t<div class=\"elementor-element elementor-element-32d9053 elementor-widget elementor-widget-text-editor\" data-id=\"32d9053\" data-element_type=\"widget\" data-e-type=\"widget\" data-widget_type=\"text-editor.default\">\n\t\t\t\t<div class=\"elementor-widget-container\">\n\t\t\t\t\t\t\t\t\t<p>\u064a\u062a\u0643\u0648\u0646 \u0627\u0644\u062a\u064a\u0627\u0631 \u0627\u0644\u0643\u0647\u0631\u0628\u064a \u0645\u0646 \u062d\u0627\u0645\u0644\u0627\u062a \u0634\u062d\u0646\u0629 \u0645\u062a\u062d\u0631\u0643\u0629. \u0648\u0647\u0648 \u0646\u0627\u062a\u062c \u0639\u0646 \u0641\u0631\u0642 \u0627\u0644\u062c\u0647\u062f \u0628\u064a\u0646 \u0642\u0637\u0628\u064a\u0646. <\/p><p>\u062a\u0639\u062a\u0645\u062f \u0642\u0648\u0629 \u0627\u0644\u062a\u064a\u0627\u0631 \u0627\u0644\u0643\u0647\u0631\u0628\u0627\u0626\u064a \u0627\u0644\u0630\u064a \u064a\u062a\u062f\u0641\u0642 \u0639\u0646\u062f \u062c\u0647\u062f \u0645\u0639\u064a\u0646 \u0639\u0644\u0649 \u0627\u0644\u0645\u0627\u062f\u0629 \u0627\u0644\u0645\u0648\u062c\u0648\u062f\u0629 \u0628\u064a\u0646 \u0627\u0644\u0642\u0637\u0628\u064a\u0646. \u0648\u064a\u064f\u0639\u0631\u0641 \u062d\u0627\u0635\u0644 \u0642\u0633\u0645\u0629 \u0627\u0644\u062a\u064a\u0627\u0631 (I) \u0648\u0627\u0644\u062c\u0647\u062f (U) \u0628\u0627\u0633\u0645 \u0627\u0644\u062a\u0648\u0635\u064a\u0644 \u0627\u0644\u0643\u0647\u0631\u0628\u0627\u0626\u064a (G). <\/p><p><strong>\u0632=\u0623\u0646\u0627\/\u0648<\/strong><\/p><p>\u062a\u0639\u062a\u0645\u062f \u0627\u0644\u0645\u0648\u0635\u0644\u064a\u0629 \u0627\u0644\u0643\u0647\u0631\u0628\u0627\u0626\u064a\u0629 \u0639\u0644\u0649 \u0643\u0644 \u0645\u0646 \u062e\u0635\u0627\u0626\u0635 \u0627\u0644\u0645\u0627\u062f\u0629 \u0648\u0623\u0628\u0639\u0627\u062f \u0627\u0644\u0645\u0627\u062f\u0629.<\/p><p>\u0648\u0643\u0644\u0645\u0627 \u0643\u0627\u0646\u062a \u0645\u0633\u0627\u062d\u0629 \u0627\u0644\u0645\u0642\u0637\u0639 \u0627\u0644\u0639\u0631\u0636\u064a \u0623\u0643\u0628\u0631 \u0648\u0627\u0644\u0645\u0633\u0627\u0641\u0629 \u0628\u064a\u0646 \u0627\u0644\u0642\u0637\u0628\u064a\u0646 \u0623\u0642\u0635\u0631\u060c \u0632\u0627\u062f \u062a\u062f\u0641\u0642 \u0627\u0644\u062a\u064a\u0627\u0631.<\/p><p>\u0644\u0644\u062d\u0635\u0648\u0644 \u0639\u0644\u0649 \u0628\u064a\u0627\u0646\u0627\u062a \u0635\u062d\u064a\u062d\u0629 \u0628\u0634\u0643\u0644 \u0639\u0627\u0645 \u0639\u0646 \u0627\u0644\u0645\u0627\u062f\u0629\u060c \u064a\u062c\u0628 \u0627\u0633\u062a\u0628\u0639\u0627\u062f \u0627\u0644\u0627\u0639\u062a\u0645\u0627\u062f \u0639\u0644\u0649 \u0627\u0644\u0623\u0628\u0639\u0627\u062f.<\/p><p>\u0648\u064a\u062a\u0645 \u0630\u0644\u0643 \u0645\u0646 \u062e\u0644\u0627\u0644 \u0631\u0628\u0637 \u0627\u0644\u062a\u0648\u0635\u064a\u0644\u064a\u0629 \u0627\u0644\u0643\u0647\u0631\u0628\u064a\u0629 (G) \u0628\u0645\u0633\u0627\u062d\u0629 \u0627\u0644\u0645\u0642\u0637\u0639 \u0627\u0644\u0639\u0631\u0636\u064a (A) \u0648\u0627\u0644\u0645\u0633\u0627\u0641\u0629 (l). \u0648\u064a\u0646\u062a\u062c \u0639\u0646 \u0630\u0644\u0643 \u0627\u0644\u062a\u0648\u0635\u064a\u0644\u064a\u0629 \u0627\u0644\u0643\u0647\u0631\u0628\u064a\u0629 (\u0633\u064a\u062c\u0645\u0627) \u0644\u0644\u0645\u0627\u062f\u0629. <\/p><p><strong>\u0633\u064a\u062c\u0645\u0627=\u062c\u064a\u0645*\u0623<\/strong><\/p><p>\u0648\u062d\u062f\u0629 \u0642\u064a\u0627\u0633 \u0627\u0644\u062a\u0648\u0635\u064a\u0644\u064a\u0629 \u0627\u0644\u0643\u0647\u0631\u0628\u0627\u0626\u064a\u0629 \u0647\u064a <strong>\u0633\u064a\u0645\u0646\u0632 \u0644\u0643\u0644 \u0645\u062a\u0631 [S\/m]<\/strong>.<\/p><p>\u064a\u0634\u064a\u0631 \u0645\u0635\u0637\u0644\u062d &#8220;\u0627\u0644\u0645\u0642\u0627\u0648\u0645\u0629 \u0627\u0644\u0643\u0647\u0631\u0628\u064a\u0629&#8221; \u0625\u0644\u0649 \u0645\u0642\u0644\u0648\u0628 \u0627\u0644\u062a\u0648\u0635\u064a\u0644\u064a\u0629 \u0627\u0644\u0643\u0647\u0631\u0628\u064a\u0629. \u0627\u0644\u0645\u0642\u0627\u0648\u0645\u0629 \u0627\u0644\u0643\u0647\u0631\u0628\u0627\u0626\u064a\u0629 \u0627\u0644\u0646\u0648\u0639\u064a\u0629 \u0647\u064a \u0645\u0642\u0644\u0648\u0628 \u0627\u0644\u062a\u0648\u0635\u064a\u0644\u064a\u0629. <\/p><p>\u062a\u064f\u0642\u0627\u0633 \u0627\u0644\u062a\u0648\u0635\u064a\u0644\u064a\u0629 \u0628\u0634\u0643\u0644 \u063a\u064a\u0631 \u0645\u0628\u0627\u0634\u0631 \u0639\u0646 \u0637\u0631\u064a\u0642 \u0642\u064a\u0627\u0633 \u0627\u0644\u062a\u064a\u0627\u0631 \u0627\u0644\u0645\u062a\u0648\u0644\u062f \u0639\u0646\u062f \u062c\u0647\u062f \u0645\u0639\u064a\u0646 \u0641\u064a \u0638\u0631\u0648\u0641 \u0645\u062d\u062f\u062f\u0629.<\/p><p>\u062a\u0648\u0641\u0631 \u0623\u062c\u0647\u0632\u0629 \u0627\u0644\u0642\u064a\u0627\u0633 \u0627\u0644\u0642\u064a\u0645\u0629 \u0645\u0628\u0627\u0634\u0631\u0629 \u0639\u0646 \u0637\u0631\u064a\u0642 \u062a\u062d\u0648\u064a\u0644 \u0627\u0644\u062a\u064a\u0627\u0631 \u0627\u0644\u0645\u062d\u062f\u062f \u0628\u0645\u0633\u0627\u0639\u062f\u0629 \u062b\u0648\u0627\u0628\u062a \u0627\u0644\u062c\u0647\u0627\u0632.<\/p><p>\u064a\u062c\u0628 \u0623\u0646 \u064a\u0624\u062e\u0630 \u0641\u064a \u0627\u0644\u0627\u0639\u062a\u0628\u0627\u0631 \u0623\u0646 \u0627\u0644\u0645\u0648\u0635\u0644\u064a\u0629 \u0627\u0644\u0643\u0647\u0631\u0628\u0627\u0626\u064a\u0629 \u062a\u0639\u062a\u0645\u062f \u0639\u0644\u0649 \u062f\u0631\u062c\u0629 \u0627\u0644\u062d\u0631\u0627\u0631\u0629. \u064a\u062a\u0645 \u062a\u062d\u0644\u064a\u0644 \u0627\u0644\u0639\u0644\u0627\u0642\u0629 \u0628\u064a\u0646 \u0627\u0644\u0643\u0645\u064a\u0627\u062a \u0627\u0644\u0643\u0647\u0631\u0628\u0627\u0626\u064a\u0629 \u0648\u062f\u0631\u062c\u0629 \u0627\u0644\u062d\u0631\u0627\u0631\u0629 \u0628\u0645\u0632\u064a\u062f \u0645\u0646 \u0627\u0644\u062a\u0641\u0635\u064a\u0644 \u0641\u064a \u0627\u0644\u0643\u0647\u0631\u0628\u0627\u0621 \u0627\u0644\u062d\u0631\u0627\u0631\u064a\u0629. <\/p>\t\t\t\t\t\t\t\t<\/div>\n\t\t\t\t<\/div>\n\t\t\t\t<\/div>\n\t\t\t\t\t<\/div>\n\t\t\t\t<\/div>\n\t\t<div class=\"elementor-element elementor-element-3473d73 e-flex e-con-boxed elementor-invisible e-con e-parent\" data-id=\"3473d73\" data-element_type=\"container\" data-e-type=\"container\" data-settings=\"{&quot;animation&quot;:&quot;fadeInUp&quot;}\">\n\t\t\t\t\t<div class=\"e-con-inner\">\n\t\t\t\t<div class=\"elementor-element elementor-element-11f930b elementor-widget elementor-widget-image\" data-id=\"11f930b\" data-element_type=\"widget\" data-e-type=\"widget\" data-widget_type=\"image.default\">\n\t\t\t\t<div class=\"elementor-widget-container\">\n\t\t\t\t\t\t\t\t\t\t\t\t\t\t\t<img decoding=\"async\" width=\"800\" height=\"382\" src=\"https:\/\/www.linseis.com\/wp-content\/uploads\/2024\/07\/Elektrische-Leitfaehigkeit-Titelbild-1024x489.png\" class=\"attachment-large size-large wp-image-34685\" alt=\"\" srcset=\"https:\/\/www.linseis.com\/wp-content\/uploads\/2024\/07\/Elektrische-Leitfaehigkeit-Titelbild-1024x489.png 1024w, https:\/\/www.linseis.com\/wp-content\/uploads\/2024\/07\/Elektrische-Leitfaehigkeit-Titelbild-300x143.png 300w, https:\/\/www.linseis.com\/wp-content\/uploads\/2024\/07\/Elektrische-Leitfaehigkeit-Titelbild-768x366.png 768w, https:\/\/www.linseis.com\/wp-content\/uploads\/2024\/07\/Elektrische-Leitfaehigkeit-Titelbild-1536x733.png 1536w, https:\/\/www.linseis.com\/wp-content\/uploads\/2024\/07\/Elektrische-Leitfaehigkeit-Titelbild.png 1920w\" sizes=\"(max-width: 800px) 100vw, 800px\" \/>\t\t\t\t\t\t\t\t\t\t\t\t\t\t\t<\/div>\n\t\t\t\t<\/div>\n\t\t\t\t\t<\/div>\n\t\t\t\t<\/div>\n\t\t<div class=\"elementor-element elementor-element-50adb82 e-flex e-con-boxed e-con e-parent\" data-id=\"50adb82\" data-element_type=\"container\" data-e-type=\"container\" data-settings=\"{&quot;background_background&quot;:&quot;classic&quot;}\">\n\t\t\t\t\t<div class=\"e-con-inner\">\n\t\t<div class=\"elementor-element elementor-element-cad4e8f e-con-full e-flex e-con e-child\" data-id=\"cad4e8f\" data-element_type=\"container\" data-e-type=\"container\">\n\t\t\t\t<div class=\"elementor-element elementor-element-b17a273 elementor-widget elementor-widget-shortcode\" data-id=\"b17a273\" data-element_type=\"widget\" data-e-type=\"widget\" data-widget_type=\"shortcode.default\">\n\t\t\t\t<div class=\"elementor-widget-container\">\n\t\t\t\t\t\t\t<div class=\"elementor-shortcode\"><script type=\"application\/ld+json\">{\n  \"@context\": \"https:\/\/schema.org\",\n  \"@type\": \"FAQPage\",\n  \"mainEntity\": {\n    \"@type\": \"Question\",\n    \"name\": \"Wie funktioniert elektrische Leitf\u00e4higkeit?\",\n    \"acceptedAnswer\": {\n      \"@type\": \"Answer\",\n      \"text\": \"Der elektrische Strom besteht aus bewegten Ladungstr\u00e4gern. Er wird durch einen Spannungsunterschied zwischen zwei Polen verursacht. Vom Material zwischen den Polen h\u00e4ngt die St\u00e4rke des elektrischen Stroms ab, der bei einer gegebenen Spannung flie\u00dft. Der Quotient aus Stromst\u00e4rke (I) und Spannung (U) wird als elektrischer Leitwert (G) bezeichnet.\"\n    }\n  }\n}\n<\/script><\/div>\n\t\t\t\t\t\t<\/div>\n\t\t\t\t<\/div>\n\t\t\t\t<\/div>\n\t\t\t\t\t<\/div>\n\t\t\t\t<\/div>\n\t\t\t\t<\/div>\n\t\t","protected":false},"excerpt":{"rendered":"<p>\u0627\u0644\u062a\u0648\u0635\u064a\u0644 \u0627\u0644\u0643\u0647\u0631\u0628\u0627\u0626\u064a \u0627\u0644\u0645\u0648\u0635\u0644\u064a\u0629 \u0627\u0644\u0643\u0647\u0631\u0628\u0627\u0626\u064a\u0629 &#8211; \u0645\u0642\u064a\u0627\u0633 \u062d\u0631\u0627\u0631\u064a \u0641\u064a\u0632\u064a\u0627\u0626\u064a \u0627\u0644\u062a\u0648\u0635\u064a\u0644\u064a\u0629 \u0627\u0644\u0643\u0647\u0631\u0628\u064a\u0629 \u0647\u064a \u0643\u0645\u064a\u0629 \u0641\u064a\u0632\u064a\u0627\u0626\u064a\u0629 \u062a\u0635\u0641 \u0645\u062f\u0649 \u062a\u0648\u0635\u064a\u0644 \u0627\u0644\u0645\u0627\u062f\u0629 \u0644\u0644\u062a\u064a\u0627\u0631 \u0627\u0644\u0643\u0647\u0631\u0628\u064a. \u0648\u0647\u064a \u062a\u062d\u062f\u062f \u0645\u0627 \u0625\u0630\u0627 \u0643\u0627\u0646 \u064a\u0645\u0643\u0646 \u0627\u0633\u062a\u062e\u062f\u0627\u0645 \u0645\u0627\u062f\u0629 \u0645\u0627 \u0643\u0645\u0627\u062f\u0629 \u0643\u0639\u0627\u0632\u0644 \u0623\u0648 \u0643\u0639\u0627\u0632\u0644 \u0645\u0648\u0635\u0644 \u0643\u0647\u0631\u0628\u0627\u0626\u064a \u0645\u0646\u0627\u0633\u0628\u0629. \u0648\u064a\u0633\u062a\u062e\u062f\u0645 \u0623\u064a\u0636\u0627\u064b \u0644\u062a\u062d\u062f\u064a\u062f \u0627\u0644\u0645\u0648\u0627\u062f. \u064a\u062a\u0643\u0648\u0646 \u0627\u0644\u062a\u064a\u0627\u0631 \u0627\u0644\u0643\u0647\u0631\u0628\u064a \u0645\u0646 \u062d\u0627\u0645\u0644\u0627\u062a \u0634\u062d\u0646\u0629 \u0645\u062a\u062d\u0631\u0643\u0629. \u0648\u0647\u0648 \u0646\u0627\u062a\u062c \u0639\u0646 \u0641\u0631\u0642 \u0627\u0644\u062c\u0647\u062f \u0628\u064a\u0646 \u0642\u0637\u0628\u064a\u0646. \u062a\u0639\u062a\u0645\u062f \u0642\u0648\u0629 [&hellip;]<\/p>\n","protected":false},"author":5,"featured_media":0,"parent":104990,"menu_order":0,"comment_status":"closed","ping_status":"closed","template":"","meta":{"_acf_changed":false,"inline_featured_image":false,"footnotes":""},"class_list":["post-104996","page","type-page","status-publish","hentry"],"acf":[],"_links":{"self":[{"href":"https:\/\/www.linseis.com\/ar\/wp-json\/wp\/v2\/pages\/104996","targetHints":{"allow":["GET"]}}],"collection":[{"href":"https:\/\/www.linseis.com\/ar\/wp-json\/wp\/v2\/pages"}],"about":[{"href":"https:\/\/www.linseis.com\/ar\/wp-json\/wp\/v2\/types\/page"}],"author":[{"embeddable":true,"href":"https:\/\/www.linseis.com\/ar\/wp-json\/wp\/v2\/users\/5"}],"replies":[{"embeddable":true,"href":"https:\/\/www.linseis.com\/ar\/wp-json\/wp\/v2\/comments?post=104996"}],"version-history":[{"count":0,"href":"https:\/\/www.linseis.com\/ar\/wp-json\/wp\/v2\/pages\/104996\/revisions"}],"up":[{"embeddable":true,"href":"https:\/\/www.linseis.com\/ar\/wp-json\/wp\/v2\/pages\/104990"}],"wp:attachment":[{"href":"https:\/\/www.linseis.com\/ar\/wp-json\/wp\/v2\/media?parent=104996"}],"curies":[{"name":"wp","href":"https:\/\/api.w.org\/{rel}","templated":true}]}}